{"id":6620,"date":"2017-07-14T15:43:54","date_gmt":"2017-07-14T15:43:54","guid":{"rendered":"http:\/\/emailchef.com\/?page_id=6620"},"modified":"2019-10-14T09:36:01","modified_gmt":"2019-10-14T09:36:01","slug":"emailchef-app-facebook","status":"publish","type":"page","link":"https:\/\/emailchef.com\/de\/emailchef-app-facebook\/","title":{"rendered":"Emailchef-App f\u00fcr Facebook"},"content":{"rendered":"<p><img fetchpriority=\"high\" decoding=\"async\" class=\"noBorders alignnone wp-image-6161\" src=\"http:\/\/emailchef.com\/wp-content\/uploads\/2017\/06\/facebook-logo-reduced.svg\" alt=\"\" width=\"450\" height=\"402\" \/><\/p>\n<div id=\"\" class=\"g1-lead  \" >\n<p>Die Emailchef-Anwendung f\u00fcr Facebook l\u00e4sst Sie Ihre FB-Seiten durch Anmeldungsformulare erg\u00e4nzen.<\/p>\n<\/div>\n<p>Die App erm\u00f6glicht:<\/p>\n\n<ul id=\"\" class=\"g1-list g1-list--icon g1-list--simple \">\n<li><i class=\"fa fa-arrow-right g1-list__icon\" style=\"color: #f47200\"><\/i>leichte Erstellung von Anmeldungsformulare innerhalb Ihrer Facebook-Seiten<\/li>\n<li><i class=\"fa fa-arrow-right g1-list__icon\" style=\"color: #f47200\"><\/i>Auswahl der angezeigten Felder, Einstellung von Vorschlagwerten und benutzerdefinierten Feldern<\/li>\n<li><i class=\"fa fa-arrow-right g1-list__icon\" style=\"color: #f47200\"><\/i>Verbindung mit einer Emailchef-Liste Ihrer Wahl<\/li>\n<li><i class=\"fa fa-arrow-right g1-list__icon\" style=\"color: #f47200\"><\/i>Anpassung einiger Ansichtseinstellungen, wie z.B. Hintergrundsbild, Farben, usw.<\/li>\n<\/ul>\n\n<p><a id=\"\" class=\"g1-button g1-button--medium g1-button--solid g1-button--standard facebook-app-button\" href=\"https:\/\/www.facebook.com\/dialog\/pagetab?app_id=554373874749644&next=https:\/\/www.emailchef.com\/fbtab.php\" title=\"Zur Facebook App\" ><i class=\"fas fa-facebook\"><\/i> Zur Facebook App<\/a><br \/>\n<a href=\"\/utils\/download\/plugins\/facebook\/docs\/Emailchef-app-for-Facebook-user-guide.pdf\">Bedienungsanleitung herunterladen (EN)<\/a><\/p>\n","protected":false},"excerpt":{"rendered":"<p>Die App erm\u00f6glicht: Bedienungsanleitung herunterladen (EN)<\/p>\n","protected":false},"author":2,"featured_media":0,"parent":0,"menu_order":0,"comment_status":"closed","ping_status":"closed","template":"g1_template_page_sidebar_right.php","meta":{"_acf_changed":false,"inline_featured_image":false,"footnotes":""},"g1_relation_tag":[],"class_list":["post-6620","page","type-page","status-publish","hentry"],"acf":[],"yoast_head":"<!-- This site is optimized with the Yoast SEO plugin v24.8.1 - https:\/\/yoast.com\/wordpress\/plugins\/seo\/ -->\n<title>Emailchef-App f\u00fcr Facebook - Emailchef<\/title>\n<meta name=\"robots\" content=\"index, follow, max-snippet:-1, max-image-preview:large, max-video-preview:-1\" \/>\n<link rel=\"canonical\" href=\"https:\/\/emailchef.com\/de\/emailchef-app-facebook\/\" \/>\n<meta name=\"twitter:label1\" content=\"Gesch\u00e4tzte Lesezeit\" \/>\n\t<meta name=\"twitter:data1\" content=\"1\u00a0Minute\" \/>\n<!-- \/ Yoast SEO plugin. -->","yoast_head_json":{"title":"Emailchef-App f\u00fcr Facebook - Emailchef","robots":{"index":"index","follow":"follow","max-snippet":"max-snippet:-1","max-image-preview":"max-image-preview:large","max-video-preview":"max-video-preview:-1"},"canonical":"https:\/\/emailchef.com\/de\/emailchef-app-facebook\/","twitter_misc":{"Gesch\u00e4tzte Lesezeit":"1\u00a0Minute"},"schema":{"@context":"https:\/\/schema.org","@graph":[{"@type":"WebPage","@id":"https:\/\/emailchef.com\/de\/emailchef-app-facebook\/","url":"https:\/\/emailchef.com\/de\/emailchef-app-facebook\/","name":"Emailchef-App f\u00fcr Facebook - Emailchef","isPartOf":{"@id":"https:\/\/emailchef.com\/de\/#website"},"primaryImageOfPage":{"@id":"https:\/\/emailchef.com\/de\/emailchef-app-facebook\/#primaryimage"},"image":{"@id":"https:\/\/emailchef.com\/de\/emailchef-app-facebook\/#primaryimage"},"thumbnailUrl":"http:\/\/emailchef.com\/wp-content\/uploads\/2017\/06\/facebook-logo-reduced.svg","datePublished":"2017-07-14T15:43:54+00:00","dateModified":"2019-10-14T09:36:01+00:00","breadcrumb":{"@id":"https:\/\/emailchef.com\/de\/emailchef-app-facebook\/#breadcrumb"},"inLanguage":"de","potentialAction":[{"@type":"ReadAction","target":["https:\/\/emailchef.com\/de\/emailchef-app-facebook\/"]}]},{"@type":"ImageObject","inLanguage":"de","@id":"https:\/\/emailchef.com\/de\/emailchef-app-facebook\/#primaryimage","url":"http:\/\/emailchef.com\/wp-content\/uploads\/2017\/06\/facebook-logo-reduced.svg","contentUrl":"http:\/\/emailchef.com\/wp-content\/uploads\/2017\/06\/facebook-logo-reduced.svg"},{"@type":"BreadcrumbList","@id":"https:\/\/emailchef.com\/de\/emailchef-app-facebook\/#breadcrumb","itemListElement":[{"@type":"ListItem","position":1,"name":"Home","item":"https:\/\/emailchef.com\/de\/emailchef-e-mail-marketing-service\/"},{"@type":"ListItem","position":2,"name":"Emailchef-App f\u00fcr Facebook"}]},{"@type":"WebSite","@id":"https:\/\/emailchef.com\/de\/#website","url":"https:\/\/emailchef.com\/de\/","name":"Emailchef","description":"K\u00f6stliche Rezepte f\u00fcr E-Mail-Marketing","publisher":{"@id":"https:\/\/emailchef.com\/de\/#organization"},"potentialAction":[{"@type":"SearchAction","target":{"@type":"EntryPoint","urlTemplate":"https:\/\/emailchef.com\/de\/?s={search_term_string}"},"query-input":{"@type":"PropertyValueSpecification","valueRequired":true,"valueName":"search_term_string"}}],"inLanguage":"de"},{"@type":"Organization","@id":"https:\/\/emailchef.com\/de\/#organization","name":"Delivery Tech Corp.","url":"https:\/\/emailchef.com\/de\/","logo":{"@type":"ImageObject","inLanguage":"de","@id":"https:\/\/emailchef.com\/de\/#\/schema\/logo\/image\/","url":"https:\/\/emailchef.com\/wp-content\/uploads\/2022\/04\/logo-sama.png","contentUrl":"https:\/\/emailchef.com\/wp-content\/uploads\/2022\/04\/logo-sama.png","width":237,"height":80,"caption":"Delivery Tech Corp."},"image":{"@id":"https:\/\/emailchef.com\/de\/#\/schema\/logo\/image\/"}}]}},"_links":{"self":[{"href":"https:\/\/emailchef.com\/de\/wp-json\/wp\/v2\/pages\/6620"}],"collection":[{"href":"https:\/\/emailchef.com\/de\/wp-json\/wp\/v2\/pages"}],"about":[{"href":"https:\/\/emailchef.com\/de\/wp-json\/wp\/v2\/types\/page"}],"author":[{"embeddable":true,"href":"https:\/\/emailchef.com\/de\/wp-json\/wp\/v2\/users\/2"}],"replies":[{"embeddable":true,"href":"https:\/\/emailchef.com\/de\/wp-json\/wp\/v2\/comments?post=6620"}],"version-history":[{"count":7,"href":"https:\/\/emailchef.com\/de\/wp-json\/wp\/v2\/pages\/6620\/revisions"}],"predecessor-version":[{"id":13520,"href":"https:\/\/emailchef.com\/de\/wp-json\/wp\/v2\/pages\/6620\/revisions\/13520"}],"wp:attachment":[{"href":"https:\/\/emailchef.com\/de\/wp-json\/wp\/v2\/media?parent=6620"}],"wp:term":[{"taxonomy":"g1_relation_tag","embeddable":true,"href":"https:\/\/emailchef.com\/de\/wp-json\/wp\/v2\/g1_relation_tag?post=6620"}],"curies":[{"name":"wp","href":"https:\/\/api.w.org\/{rel}","templated":true}]}}