{"id":6610,"date":"2016-07-11T09:53:48","date_gmt":"2016-07-11T09:53:48","guid":{"rendered":"http:\/\/emailchef.com\/?page_id=6610"},"modified":"2025-01-27T14:10:02","modified_gmt":"2025-01-27T14:10:02","slug":"email-marketing-wordpress-emailchef","status":"publish","type":"page","link":"https:\/\/emailchef.com\/de\/email-marketing-wordpress-emailchef\/","title":{"rendered":"E-Mail-Marketing mit WordPress und Emailchef"},"content":{"rendered":"\t\t<div data-elementor-type=\"wp-page\" data-elementor-id=\"6610\" class=\"elementor elementor-6610 elementor-4828\" data-elementor-post-type=\"page\">\n\t\t\t\t\t\t<section class=\"elementor-section elementor-top-section elementor-element elementor-element-64686713 elementor-section-boxed elementor-section-height-default elementor-section-height-default\" data-id=\"64686713\" data-element_type=\"section\">\n\t\t\t\t\t\t<div class=\"elementor-container elementor-column-gap-default\">\n\t\t\t\t\t<div class=\"elementor-column elementor-col-100 elementor-top-column elementor-element elementor-element-19823ad1\" data-id=\"19823ad1\" data-element_type=\"column\">\n\t\t\t<div class=\"elementor-widget-wrap elementor-element-populated\">\n\t\t\t\t\t\t<div class=\"elementor-element elementor-element-648c993a elementor-widget elementor-widget-text-editor\" data-id=\"648c993a\" data-element_type=\"widget\" data-widget_type=\"text-editor.default\">\n\t\t\t\t<div class=\"elementor-widget-container\">\n\t\t\t\t\t\t\t\t\t<p><img decoding=\"async\" class=\"alignnone noBorders wp-image-4831 size-full\" title=\" Email marketing with WordPress \" src=\"https:\/\/emailchef.com\/wp-content\/uploads\/2016\/07\/WordPress_logo-1.png\" alt=\"WordPress\" width=\"300\" height=\"68\" \/><\/p><p><div id=\"\" class=\"g1-lead  \" ><p>Sammeln Sie Kontakte durch Anmeldungsformulare und lassen Sie sie automatisch mit Ihren Listen synchronisieren.<\/p><\/div><\/p><p>Dieses Plug-in f\u00fcgt die von Contact Form 7 gesammelten Daten zu bestimmten Emailchef-Listen hinzu, einschlie\u00dflich benutzerdefinierte Felder. Contact Form 7 ist ein kostenloses, flexibles und benutzerfreundliches Plug-in, das m\u00f6glich macht, mehrere Kontaktformulare zu verwalten und sie kurz und schmerzlos anzupassen.<\/p><p>Keine Programmierung erf\u00f6rderlich!<\/p><p>Alle vorgelegte Informationen werden automatisch mit der von Ihnen bestimmten Emailchef-Liste synchronisiert.<\/p><p>Man kann mehrere Kontaktformulare benutzen und sie mit verschiedenen Listen verkn\u00fcpfen. Sie k\u00f6nnen beispieweise Formulare je nach Kundensorte erstellen (Privatkunden, Gesch\u00e4ftskunden, Wiederverk\u00e4ufer, etc.), und die empfangenen Daten in unterschiedlichen Listen speichern, damit Sie ma\u00dfgeschneiderte Newsletter absenden k\u00f6nnen.<\/p><p>Das Plug-in l\u00e4sst sich in wenigen Sekunden konfigurieren. Befolgen Sie einfach diese Anweisungen:<\/p><p><ol id=\"\" class=\"g1-list g1-list--icon g1-list--simple \"><li><i class=\"fa fa-arrow-right g1-list__icon\" style=\"color: #f47200\"><\/i>Aktivieren Sie das Plug-in in dem entsprechenden WordPress-Menu<\/li><li><i class=\"fa fa-arrow-right g1-list__icon\" style=\"color: #f47200\"><\/i>Klicken Sie auf Emailchef &gt; Settings in der WordPress-Sidebar<\/li><li><i class=\"fa fa-arrow-right g1-list__icon\" style=\"color: #f47200\"><\/i>Geben Sie Ihre Emailchef-Zugangsdaten ein<\/li><li><i class=\"fa fa-arrow-right g1-list__icon\" style=\"color: #f47200\"><\/i>Die Felder des Formulars mit denen der Liste koppeln<\/li><\/ol><\/p><p>Voraussetzungen:<\/p><p><ul id=\"\" class=\"g1-list g1-list--icon g1-list--simple \"><li><i class=\"fa fa-arrow-right g1-list__icon\" style=\"color: #f47200\"><\/i>Selbst gehostet WordPress Installation (Mindestversion 5.0)<\/li><li><i class=\"fa fa-arrow-right g1-list__icon\" style=\"color: #f47200\"><\/i>WPForms, Contact Form 7, Elementor, Fast Secure Contact Form (FSCF), Jetpack;<\/li><li><i class=\"fa fa-arrow-right g1-list__icon\" style=\"color: #f47200\"><\/i>Aktives Emailchef Konto<\/li><\/ul><\/p><p style=\"text-align: center;\"><a id=\"\" class=\"g1-button g1-button--big g1-button--solid g1-button--standard \" href=\"https:\/\/de.wordpress.org\/plugins\/emailchef\/\" title=\"Zum WordPress Plug-in\" ><i class=\"fas fa-download\"><\/i> Zum WordPress Plug-in<\/a><br \/>Mehr \u00fcber\u00a0<a href=\"https:\/\/de.wordpress.org\/\" target=\"_blank\" rel=\"noopener\">WordPress<\/a><\/p><h2>Bildschirmfotos<\/h2><p><div id='gallery-1' class='gallery galleryid-6610 gallery-columns-3 gallery-size-full'><figure class='gallery-item'>\n\t\t\t<div class='gallery-icon landscape'>\n\t\t\t\t<a href='https:\/\/emailchef.com\/wp-content\/uploads\/2025\/01\/image_2025_01_22T08_52_26_450Z.png'><img fetchpriority=\"high\" decoding=\"async\" width=\"1065\" height=\"472\" src=\"https:\/\/emailchef.com\/wp-content\/uploads\/2025\/01\/image_2025_01_22T08_52_26_450Z.png\" class=\"attachment-full size-full\" alt=\"\" srcset=\"https:\/\/emailchef.com\/wp-content\/uploads\/2025\/01\/image_2025_01_22T08_52_26_450Z.png 1065w, https:\/\/emailchef.com\/wp-content\/uploads\/2025\/01\/image_2025_01_22T08_52_26_450Z-300x133.png 300w, https:\/\/emailchef.com\/wp-content\/uploads\/2025\/01\/image_2025_01_22T08_52_26_450Z-1024x454.png 1024w, https:\/\/emailchef.com\/wp-content\/uploads\/2025\/01\/image_2025_01_22T08_52_26_450Z-768x340.png 768w\" sizes=\"(max-width: 1065px) 100vw, 1065px\" \/><\/a>\n\t\t\t<\/div><\/figure><figure class='gallery-item'>\n\t\t\t<div class='gallery-icon landscape'>\n\t\t\t\t<a href='https:\/\/emailchef.com\/wp-content\/uploads\/2025\/01\/image_2025_01_22T08_52_26_455Z.png'><img decoding=\"async\" width=\"1310\" height=\"756\" src=\"https:\/\/emailchef.com\/wp-content\/uploads\/2025\/01\/image_2025_01_22T08_52_26_455Z.png\" class=\"attachment-full size-full\" alt=\"\" srcset=\"https:\/\/emailchef.com\/wp-content\/uploads\/2025\/01\/image_2025_01_22T08_52_26_455Z.png 1310w, https:\/\/emailchef.com\/wp-content\/uploads\/2025\/01\/image_2025_01_22T08_52_26_455Z-300x173.png 300w, https:\/\/emailchef.com\/wp-content\/uploads\/2025\/01\/image_2025_01_22T08_52_26_455Z-1024x591.png 1024w, https:\/\/emailchef.com\/wp-content\/uploads\/2025\/01\/image_2025_01_22T08_52_26_455Z-768x443.png 768w\" sizes=\"(max-width: 1310px) 100vw, 1310px\" \/><\/a>\n\t\t\t<\/div><\/figure>\n\t\t<\/div>\n<\/p>\t\t\t\t\t\t\t\t<\/div>\n\t\t\t\t<\/div>\n\t\t\t\t\t<\/div>\n\t\t<\/div>\n\t\t\t\t\t<\/div>\n\t\t<\/section>\n\t\t\t\t<\/div>\n\t\t","protected":false},"excerpt":{"rendered":"<p>Dieses Plug-in f\u00fcgt die von Contact Form 7 gesammelten Daten zu bestimmten Emailchef-Listen hinzu, einschlie\u00dflich benutzerdefinierte Felder. Contact Form 7 ist ein kostenloses, flexibles und benutzerfreundliches Plug-in, das m\u00f6glich macht, mehrere Kontaktformulare zu verwalten und sie kurz und schmerzlos anzupassen. Keine Programmierung erf\u00f6rderlich! Alle vorgelegte Informationen werden automatisch mit der von Ihnen bestimmten Emailchef-Liste synchronisiert. [&hellip;]<\/p>\n","protected":false},"author":2,"featured_media":0,"parent":0,"menu_order":14,"comment_status":"closed","ping_status":"closed","template":"","meta":{"_acf_changed":false,"inline_featured_image":false,"footnotes":""},"g1_relation_tag":[],"class_list":["post-6610","page","type-page","status-publish","hentry"],"acf":[],"yoast_head":"<!-- This site is optimized with the Yoast SEO plugin v24.8.1 - https:\/\/yoast.com\/wordpress\/plugins\/seo\/ -->\n<title>E-Mail-Marketing mit WordPress und Emailchef - Emailchef<\/title>\n<meta name=\"robots\" content=\"index, follow, max-snippet:-1, max-image-preview:large, max-video-preview:-1\" \/>\n<link rel=\"canonical\" href=\"https:\/\/emailchef.com\/de\/email-marketing-wordpress-emailchef\/\" \/>\n<meta name=\"twitter:label1\" content=\"Gesch\u00e4tzte Lesezeit\" \/>\n\t<meta name=\"twitter:data1\" content=\"2\u00a0Minuten\" \/>\n<!-- \/ Yoast SEO plugin. -->","yoast_head_json":{"title":"E-Mail-Marketing mit WordPress und Emailchef - Emailchef","robots":{"index":"index","follow":"follow","max-snippet":"max-snippet:-1","max-image-preview":"max-image-preview:large","max-video-preview":"max-video-preview:-1"},"canonical":"https:\/\/emailchef.com\/de\/email-marketing-wordpress-emailchef\/","twitter_misc":{"Gesch\u00e4tzte Lesezeit":"2\u00a0Minuten"},"schema":{"@context":"https:\/\/schema.org","@graph":[{"@type":"WebPage","@id":"https:\/\/emailchef.com\/de\/email-marketing-wordpress-emailchef\/","url":"https:\/\/emailchef.com\/de\/email-marketing-wordpress-emailchef\/","name":"E-Mail-Marketing mit WordPress und Emailchef - Emailchef","isPartOf":{"@id":"https:\/\/emailchef.com\/de\/#website"},"primaryImageOfPage":{"@id":"https:\/\/emailchef.com\/de\/email-marketing-wordpress-emailchef\/#primaryimage"},"image":{"@id":"https:\/\/emailchef.com\/de\/email-marketing-wordpress-emailchef\/#primaryimage"},"thumbnailUrl":"https:\/\/emailchef.com\/wp-content\/uploads\/2016\/07\/WordPress_logo-1.png","datePublished":"2016-07-11T09:53:48+00:00","dateModified":"2025-01-27T14:10:02+00:00","breadcrumb":{"@id":"https:\/\/emailchef.com\/de\/email-marketing-wordpress-emailchef\/#breadcrumb"},"inLanguage":"de","potentialAction":[{"@type":"ReadAction","target":["https:\/\/emailchef.com\/de\/email-marketing-wordpress-emailchef\/"]}]},{"@type":"ImageObject","inLanguage":"de","@id":"https:\/\/emailchef.com\/de\/email-marketing-wordpress-emailchef\/#primaryimage","url":"https:\/\/emailchef.com\/wp-content\/uploads\/2016\/07\/WordPress_logo-1.png","contentUrl":"https:\/\/emailchef.com\/wp-content\/uploads\/2016\/07\/WordPress_logo-1.png"},{"@type":"BreadcrumbList","@id":"https:\/\/emailchef.com\/de\/email-marketing-wordpress-emailchef\/#breadcrumb","itemListElement":[{"@type":"ListItem","position":1,"name":"Home","item":"https:\/\/emailchef.com\/de\/emailchef-e-mail-marketing-service\/"},{"@type":"ListItem","position":2,"name":"E-Mail-Marketing mit WordPress und Emailchef"}]},{"@type":"WebSite","@id":"https:\/\/emailchef.com\/de\/#website","url":"https:\/\/emailchef.com\/de\/","name":"Emailchef","description":"K\u00f6stliche Rezepte f\u00fcr E-Mail-Marketing","publisher":{"@id":"https:\/\/emailchef.com\/de\/#organization"},"potentialAction":[{"@type":"SearchAction","target":{"@type":"EntryPoint","urlTemplate":"https:\/\/emailchef.com\/de\/?s={search_term_string}"},"query-input":{"@type":"PropertyValueSpecification","valueRequired":true,"valueName":"search_term_string"}}],"inLanguage":"de"},{"@type":"Organization","@id":"https:\/\/emailchef.com\/de\/#organization","name":"Delivery Tech Corp.","url":"https:\/\/emailchef.com\/de\/","logo":{"@type":"ImageObject","inLanguage":"de","@id":"https:\/\/emailchef.com\/de\/#\/schema\/logo\/image\/","url":"https:\/\/emailchef.com\/wp-content\/uploads\/2022\/04\/logo-sama.png","contentUrl":"https:\/\/emailchef.com\/wp-content\/uploads\/2022\/04\/logo-sama.png","width":237,"height":80,"caption":"Delivery Tech Corp."},"image":{"@id":"https:\/\/emailchef.com\/de\/#\/schema\/logo\/image\/"}}]}},"_links":{"self":[{"href":"https:\/\/emailchef.com\/de\/wp-json\/wp\/v2\/pages\/6610"}],"collection":[{"href":"https:\/\/emailchef.com\/de\/wp-json\/wp\/v2\/pages"}],"about":[{"href":"https:\/\/emailchef.com\/de\/wp-json\/wp\/v2\/types\/page"}],"author":[{"embeddable":true,"href":"https:\/\/emailchef.com\/de\/wp-json\/wp\/v2\/users\/2"}],"replies":[{"embeddable":true,"href":"https:\/\/emailchef.com\/de\/wp-json\/wp\/v2\/comments?post=6610"}],"version-history":[{"count":12,"href":"https:\/\/emailchef.com\/de\/wp-json\/wp\/v2\/pages\/6610\/revisions"}],"predecessor-version":[{"id":78885,"href":"https:\/\/emailchef.com\/de\/wp-json\/wp\/v2\/pages\/6610\/revisions\/78885"}],"wp:attachment":[{"href":"https:\/\/emailchef.com\/de\/wp-json\/wp\/v2\/media?parent=6610"}],"wp:term":[{"taxonomy":"g1_relation_tag","embeddable":true,"href":"https:\/\/emailchef.com\/de\/wp-json\/wp\/v2\/g1_relation_tag?post=6610"}],"curies":[{"name":"wp","href":"https:\/\/api.w.org\/{rel}","templated":true}]}}