{"id":3666,"date":"2015-10-01T15:33:24","date_gmt":"2015-10-01T15:33:24","guid":{"rendered":"http:\/\/emailchef.com\/de\/?page_id=3666"},"modified":"2018-05-10T15:49:00","modified_gmt":"2018-05-10T15:49:00","slug":"anti-spam-policy","status":"publish","type":"page","link":"https:\/\/emailchef.com\/de\/anti-spam-policy\/","title":{"rendered":"Anti-Spam Policy"},"content":{"rendered":"<p>Wir bei Emailchef\u00a0sind uns unserer Verantwortung als guter Internetb\u00fcrger bewusst und tun alles in unserer Macht stehende um sicher zu stellen dass die Privatsph\u00e4re anderer Internetb\u00fcrger gewahrt wird. Wir sind strikt gegen den Versand von ungewollter Email (Spam).<\/p>\n<p>Emailchef erlaubt seinen Kunden nicht unsere Dienste zum Senden von Spam zu benutzen. Wir verweigern Gesch\u00e4fte mit bekannten Spammern. Wenn ein Emailchef Kunde unsere Dienste nutzt um Spam zu verschicken, wird der Service Vertrag des Kunden aufgehoben ohne R\u00fcckerstattung.<\/p>\n<p>Wenn ein Empf\u00e4nger unser B\u00fcro anruft und darum bittet manuell aus der Liste eines Kunden entfernt zu werden, werden wir diesen Empf\u00e4nger manuell aus dem Kunden Konto entfernen.<\/p>\n<p>Es gibt drei Arten, auf die ein Kunde die Anti-Spam Richtlinien verletzen kann:<\/p>\n<ol>\n<li>By sending spam. Indem er Spam versendet.<\/li>\n<li>Indem er nicht in geeigneter Art und Weise auf eine Anfrage der Emailchef Mitarbeiter antwortet, wenn diese sich nach der Bezugsquelle der Addresse oder Liste erkundigen.<\/li>\n<li>Indem er an einen Empf\u00e4nger sendet der sich zuvor aus dem Konto hat austragen lassen.<\/li>\n<\/ol>\n<p>Emailchef entscheidet nach eigenem Ermessen ob ein Kunde spammt. Emailchef nutzt mehrere Faktoren um zu entscheiden ob ein Kunde spammt, darunter \u2013 aber nicht beschr\u00e4nkt darauf \u2013 sind: Beschwerden die an Missbrauchsmelde Addressen gesendet werden, SpamCop Reports, Beschwerden die an einen von Emailchefs Upstream Anbietern gesendet werden, und Auswertung der Email Statistiken und Empf\u00e4ngeraddressen des Kunden. Durch Emailchef getroffene Entscheidungen im Bezug auf die Nutzung des Dienstes durch Kunden sind endg\u00fcltig.<\/p>\n<h3 class=\"western\">Weitere Informationen \u00fcber Spam<\/h3>\n<p><strong>Definition von Spam<\/strong><\/p>\n<p>Spam sind unverlangte Massen Emails. Jede Promotion, Information oder Aufforderung die einer Person gesendet wird ohne deren vorherige ausdr\u00fcckliche Zustimmung und ohne ein vorher existierende Beziehung zwischen Absender und Empf\u00e4nger ist Spam.<br \/>\nBeispiele von Spam<\/p>\n<ol>\n<li>Jede Email, die einem Empf\u00e4nger gesendet wird, der zuvor angemeldet f\u00fcr einen Newsletter, eine Produktinformation oder eine andere Art von Massen Email war und sp\u00e4ter entschieden hat sich abzumelden indem er dem Absender mitteilte dass er keine weiteren Emails bekommen m\u00f6chte, ist Spam.<\/li>\n<li>Jede Email Nachricht die einem Empf\u00e4nger ohne vorherige Verbindung mit der Organisation oder ohne vorheriges Einverst\u00e4ndnis gesendet wird, ist Spam.<\/li>\n<li>Jede Massen Email Kampagne die an Empf\u00e4nger gesendet wird ohne diesem eine M\u00f6glichkeit sich abzumelden oder darum zu bitten dass zuk\u00fcnftige Mails nicht an ihn gerichtet werden, ist Spam.<\/li>\n<li>Jede Email Nachricht die keine g\u00fcltige Absender Addresse hat ist Spam.<\/li>\n<li>Jede Email Nachricht die falsche oder irref\u00fchrende Informationen in Header, Betreffzeile oder Nachrichtentext hat ist Spam.<\/li>\n<li>Jede Email die besagt dass man 1000$ jede Woche von zuhause aus verdienen kann ist Spam.<\/li>\n<li>Jede Email Nachricht die Erwachsenenwebseiten bewirbt ist Spam, ausser der Empf\u00e4nger hat ausdr\u00fccklich um Zusendung der Informationen dieser Webseite gebeten.<\/li>\n<li>Jede Nachricht die \u201eADV:\u201c, \u201eADV ADLT:\u201c oder \u201eADV ADULT\u201c im Betreff enth\u00e4lt ist Spam.<\/li>\n<li>Jede Nachricht die an auf Webseiten, Newsgruppen oder anderen Internetseiten gefundene Email Addressen gesendet wird ist Spam.<\/li>\n<li>Jede Nachricht die an Email Addressen gesendet wurden die via \u201eemail appending\u201c, auch bekannt als e-pending, erhalten wurden ist Spam. E-pending bezeichnet das verbinden einer Datenbank mit Kunden Informationen der aber Email Addressen fehlen mit einer weiteren verbunden wird die Email Addressen enth\u00e4lt mit dem Versuch, Email Addressen zu finden die auf die Informationen der anf\u00e4nglichen Datenbank passen.<\/li>\n<\/ol>\n<p><strong>What is not Spam<\/strong><\/p>\n<ol>\n<li>Eine Email ist KEIN Spam wenn der Empf\u00e4nger in irgendeiner Form darum gebeten hat Emails vom Absender oder dessen Organisation zu erhalten.<\/li>\n<li>Immer wenn eine Organisation Massen Emails an einen Ihrer Kunden sendet, ist es KEIN Spam wenn die Organisation eine M\u00f6glichkeit bietet, aus zuk\u00fcnftigen Mailings ausgenommen zu werden und wenn der Kunde nicht zuvor bereits darum gebeten hat ausgenommen zu werden.<\/li>\n<li>Eine Email Nachricht ist KEIN Spam wenn sie an Empf\u00e4nger gesendet wird die zugestimmt haben, Informationen oder Promotionen von einer Partner Organisation (solange es eine klare M\u00f6glichkeit gibt, diese wieder abzubestellen) zu erhalten.<\/li>\n<\/ol>\n<p>Jeder Kunde der Spam versendet verletzt diese Anti Spam Richtlinien.<\/p>\n<h3 class=\"western\">Der Beschwerdeweg<\/h3>\n<p><strong>Wie wir Beschwerden bearbeiten<\/strong><\/p>\n<p>Obwohl ein Kunde keine Spamnachrichten versendet, ist es immernoch m\u00f6glich dass derartige Beschwerden von Emailchef durch die Empf\u00e4nger des Kunden erhalten werden. Es ist Emailchefs Vorgehen, auf jede Beschwerde individuell zu antworten, so dass der Beschwerdef\u00fchrer weiss dass seine\/ihre Addresse nicht durch Harvesting erhalten, verkauft, vermietet, oder auf andere unangebrachte Art auf die Kundenlisten gelangt ist. Die Emailchef Beschwerde Mitarbeiter leiten die folgenden Schritte ein wenn eine Beschwerde erhalten wird:<\/p>\n<ol>\n<li>Kontaktieren des Email Managers f\u00fcr das Kundenkonto mit der Emailchef Missbrauchsmeldung. Diese Meldung wird vom Kunden erfordern dass dieser die Quelle der Addresse generell best\u00e4tigt und dass alle verf\u00fcgbaren Informationen zu dieser Addresse bereitgestellt werden. Kunden sollten innerhalb von 2 Werktagen auf Missbrauchsmeldungen vom Emailchef antworten. Erfolgt die Antwort nicht rechtzeitig, so ist dies eine Verletzung dieser Richtlinien. Werden nicht alle angeforderten Informationen bereitgestellt, so ist dies eine Verletzung dieser Richtlinien. Der Kunde kann nicht ohne vorherige Genehmigung der Emailchef Mitarbeiter direkt auf die Beschwerde antworten.<\/li>\n<li>Das Emailchef Missbrauchsteam sichtet die Kundenantwort und die gesamte Beschwerde und entscheidet ob der Kunde sich an diese Richtlinien gehalten hat.<\/li>\n<li>Emailchef antwortet dem Beschwerdef\u00fchrer. Solang der Kunde sich an diese Richtlinien gehalten hat, wird Emailchef dem Beschwerdef\u00fchrer antworten dass er sich daf\u00fcr entschieden hat Emailings zu erhalten und ihm versichern dass seine Addresse von allen zuk\u00fcnftigen Mailings ausgenommen wurde. Wir senden weiterhin eine Kopie der Antwort an den Kunden.<\/li>\n<li>Sollte der Kunde die Richtlinien verletzt haben, so wird er eine Spam Feststellungs Nachricht mit spezifischen Informationen zur Verletzung erhalten.<\/li>\n<\/ol>\n<p><strong><br \/>\nWarum antworten wir einzeln auf jede Beschwerde?<\/strong><\/p>\n<p>Wir m\u00fcssen sicher stellen dass wir jedem Kunden auf die bestm\u00f6gliche Art helfen. Vern\u00fcnftige Antworten auf Spam Beschwerden sind entscheidend um unseren Ruf mit Email Providern auf der ganzen Welt zu erhalten. Wenn Emailchef genutzt wird um Spam zu versenden oder wir nicht auf Spam Beschwerden antworten dass Sie sich in der Tat f\u00fcr Kunden Emailings angemeldet haben, riskieren wir unsere Beziehungen zu ISPs auf der ganzen Welt und dass diese unsere Server blockieren.<\/p>\n<p>Wir sind hier um unseren Kunden zu helfen, die Effizienz ihrer Emailings zu maximieren, ihnen die besten Email Praktiken aufzuzeigen und ihnen dabei zu helfen, Spam Beschwerden abzuwenden.<\/p>\n<h3 class=\"western\">Erforderliche Elemente jeder Massen Email<\/h3>\n<p>Wenn Emailchef genutzt wird um Massen Email Kampagnen zu \u00fcbertragen, im Gegensatz zu Einzelempf\u00e4nger Sendungen, muss die Email folgendes enthalten:<\/p>\n<ol>\n<li>Informationen wie der Empf\u00e4nger der Liste beigetreten ist<\/li>\n<li>Ein Abmeldungsmechanismus, wie beispielsiwese ein Abmeldelink (f\u00fcr HTML Nachrichten) oder Anweisungen f\u00fcr eine R\u00fcckantwort mit \u201eabmeldung\u201c in der Betreffzeile (f\u00fcr Textnachrichten)<\/li>\n<li>Die Post Addresse des Absenders<\/li>\n<\/ol>\n<p>Um Fragen bez\u00fcglich dieser Anti Spam Richtlinien zu stellen oder Spam Aktivit\u00e4ten eines unserer Kunden zu melden, kontaktieren Sie uns bitte unter:<\/p>\n","protected":false},"excerpt":{"rendered":"<p>Wir bei Emailchef\u00a0sind uns unserer Verantwortung als guter Internetb\u00fcrger bewusst und tun alles in unserer Macht stehende um sicher zu stellen dass die Privatsph\u00e4re anderer Internetb\u00fcrger gewahrt wird. Wir sind strikt gegen den Versand von ungewollter Email (Spam). Emailchef erlaubt seinen Kunden nicht unsere Dienste zum Senden von Spam zu benutzen. Wir verweigern Gesch\u00e4fte mit [&hellip;]<\/p>\n","protected":false},"author":4,"featured_media":0,"parent":0,"menu_order":28,"comment_status":"closed","ping_status":"closed","template":"","meta":{"_acf_changed":false,"inline_featured_image":false,"footnotes":""},"g1_relation_tag":[],"class_list":["post-3666","page","type-page","status-publish","hentry"],"acf":[],"yoast_head":"<!-- This site is optimized with the Yoast SEO plugin v24.8.1 - https:\/\/yoast.com\/wordpress\/plugins\/seo\/ -->\n<title>Anti-Spam Policy - Emailchef<\/title>\n<meta name=\"robots\" content=\"index, follow, max-snippet:-1, max-image-preview:large, max-video-preview:-1\" \/>\n<link rel=\"canonical\" href=\"https:\/\/emailchef.com\/de\/anti-spam-policy\/\" \/>\n<meta name=\"twitter:label1\" content=\"Gesch\u00e4tzte Lesezeit\" \/>\n\t<meta name=\"twitter:data1\" content=\"6\u00a0Minuten\" \/>\n<!-- \/ Yoast SEO plugin. -->","yoast_head_json":{"title":"Anti-Spam Policy - Emailchef","robots":{"index":"index","follow":"follow","max-snippet":"max-snippet:-1","max-image-preview":"max-image-preview:large","max-video-preview":"max-video-preview:-1"},"canonical":"https:\/\/emailchef.com\/de\/anti-spam-policy\/","twitter_misc":{"Gesch\u00e4tzte Lesezeit":"6\u00a0Minuten"},"schema":{"@context":"https:\/\/schema.org","@graph":[{"@type":"WebPage","@id":"https:\/\/emailchef.com\/de\/anti-spam-policy\/","url":"https:\/\/emailchef.com\/de\/anti-spam-policy\/","name":"Anti-Spam Policy - Emailchef","isPartOf":{"@id":"https:\/\/emailchef.com\/de\/#website"},"datePublished":"2015-10-01T15:33:24+00:00","dateModified":"2018-05-10T15:49:00+00:00","breadcrumb":{"@id":"https:\/\/emailchef.com\/de\/anti-spam-policy\/#breadcrumb"},"inLanguage":"de","potentialAction":[{"@type":"ReadAction","target":["https:\/\/emailchef.com\/de\/anti-spam-policy\/"]}]},{"@type":"BreadcrumbList","@id":"https:\/\/emailchef.com\/de\/anti-spam-policy\/#breadcrumb","itemListElement":[{"@type":"ListItem","position":1,"name":"Home","item":"https:\/\/emailchef.com\/de\/emailchef-e-mail-marketing-service\/"},{"@type":"ListItem","position":2,"name":"Anti-Spam Policy"}]},{"@type":"WebSite","@id":"https:\/\/emailchef.com\/de\/#website","url":"https:\/\/emailchef.com\/de\/","name":"Emailchef","description":"K\u00f6stliche Rezepte f\u00fcr E-Mail-Marketing","publisher":{"@id":"https:\/\/emailchef.com\/de\/#organization"},"potentialAction":[{"@type":"SearchAction","target":{"@type":"EntryPoint","urlTemplate":"https:\/\/emailchef.com\/de\/?s={search_term_string}"},"query-input":{"@type":"PropertyValueSpecification","valueRequired":true,"valueName":"search_term_string"}}],"inLanguage":"de"},{"@type":"Organization","@id":"https:\/\/emailchef.com\/de\/#organization","name":"Delivery Tech Corp.","url":"https:\/\/emailchef.com\/de\/","logo":{"@type":"ImageObject","inLanguage":"de","@id":"https:\/\/emailchef.com\/de\/#\/schema\/logo\/image\/","url":"https:\/\/emailchef.com\/wp-content\/uploads\/2022\/04\/logo-sama.png","contentUrl":"https:\/\/emailchef.com\/wp-content\/uploads\/2022\/04\/logo-sama.png","width":237,"height":80,"caption":"Delivery Tech Corp."},"image":{"@id":"https:\/\/emailchef.com\/de\/#\/schema\/logo\/image\/"}}]}},"_links":{"self":[{"href":"https:\/\/emailchef.com\/de\/wp-json\/wp\/v2\/pages\/3666"}],"collection":[{"href":"https:\/\/emailchef.com\/de\/wp-json\/wp\/v2\/pages"}],"about":[{"href":"https:\/\/emailchef.com\/de\/wp-json\/wp\/v2\/types\/page"}],"author":[{"embeddable":true,"href":"https:\/\/emailchef.com\/de\/wp-json\/wp\/v2\/users\/4"}],"replies":[{"embeddable":true,"href":"https:\/\/emailchef.com\/de\/wp-json\/wp\/v2\/comments?post=3666"}],"version-history":[{"count":1,"href":"https:\/\/emailchef.com\/de\/wp-json\/wp\/v2\/pages\/3666\/revisions"}],"predecessor-version":[{"id":3686,"href":"https:\/\/emailchef.com\/de\/wp-json\/wp\/v2\/pages\/3666\/revisions\/3686"}],"wp:attachment":[{"href":"https:\/\/emailchef.com\/de\/wp-json\/wp\/v2\/media?parent=3666"}],"wp:term":[{"taxonomy":"g1_relation_tag","embeddable":true,"href":"https:\/\/emailchef.com\/de\/wp-json\/wp\/v2\/g1_relation_tag?post=3666"}],"curies":[{"name":"wp","href":"https:\/\/api.w.org\/{rel}","templated":true}]}}