{"id":3552,"date":"2014-09-22T08:21:26","date_gmt":"2014-09-22T08:21:26","guid":{"rendered":"http:\/\/emailchef.com\/de\/?page_id=3552"},"modified":"2016-01-12T15:15:31","modified_gmt":"2016-01-12T15:15:31","slug":"welche-art-von-adressen-koennen-sie-ihrer-liste-hinzufuegen","status":"publish","type":"page","link":"https:\/\/emailchef.com\/de\/wissensdatenbank\/welche-art-von-adressen-koennen-sie-ihrer-liste-hinzufuegen\/","title":{"rendered":"Welche Art von Adressen k\u00f6nnen Sie Ihrer Liste hinzuf\u00fcgen?"},"content":{"rendered":"<p>Wie wir zuvor ausgef\u00fchrt haben, alle Adressen, die \u00fcber <strong>Opt-in-Methoden<\/strong> gesammelt und Sie somit die Erlaubnis der Empf\u00e4nger haben, ihnen Ihre Nachrichten zu senden. Einige Beispiele: <\/p>\n<ul>\n<li>Kontakte, die \u00fcber ein Anmeldeformular auf Ihrer Webseite gesammelt wurden;<\/li>\n<li>Kontakte, die \u00fcber ein Opt-in-Formular auf einer Messe gesammelt wurden;<\/li>\n<li>Kontakte, die mit Hilfe einer Karte gesammelt wurden, die Ihren Newsletter-Service in Ihrem Shop erl\u00e4utern.<\/li>\n<\/ul>\n<p>In allen F\u00e4llen ist es entscheidend, dass der Nutzer seine\/ihre Absicht zum Empfang Ihrer <strong>E-Mails aktiv ausgedr\u00fcckt<\/strong> hat. Gemietete und gekaufte Listen sind in keinem Fall erlaubt.<\/p>\n","protected":false},"excerpt":{"rendered":"<p>Wie wir zuvor ausgef\u00fchrt haben, alle Adressen, die \u00fcber Opt-in-Methoden gesammelt und Sie somit die Erlaubnis der Empf\u00e4nger haben, ihnen Ihre Nachrichten zu senden. Einige Beispiele: Kontakte, die \u00fcber ein Anmeldeformular auf Ihrer Webseite gesammelt wurden; Kontakte, die \u00fcber ein Opt-in-Formular auf einer Messe gesammelt wurden; Kontakte, die mit Hilfe einer Karte gesammelt wurden, die [&hellip;]<\/p>\n","protected":false},"author":1,"featured_media":0,"parent":3479,"menu_order":0,"comment_status":"closed","ping_status":"closed","template":"","meta":{"_acf_changed":false,"inline_featured_image":false,"footnotes":""},"g1_relation_tag":[],"class_list":["post-3552","page","type-page","status-publish","hentry"],"acf":[],"yoast_head":"<!-- This site is optimized with the Yoast SEO plugin v24.8.1 - https:\/\/yoast.com\/wordpress\/plugins\/seo\/ -->\n<title>Welche Art von Adressen k\u00f6nnen Sie Ihrer Liste hinzuf\u00fcgen? - Emailchef<\/title>\n<meta name=\"description\" content=\"Wie wir zuvor ausgef\u00fchrt haben, alle Adressen, die \u00fcber Opt-in-Methoden gesammelt und Sie somit die Erlaubnis der Empf\u00e4nger haben, ihnen Ihre Nachrichten zu senden\" \/>\n<meta name=\"robots\" content=\"index, follow, max-snippet:-1, max-image-preview:large, max-video-preview:-1\" \/>\n<link rel=\"canonical\" href=\"https:\/\/emailchef.com\/de\/wissensdatenbank\/welche-art-von-adressen-koennen-sie-ihrer-liste-hinzufuegen\/\" \/>\n<!-- \/ Yoast SEO plugin. -->","yoast_head_json":{"title":"Welche Art von Adressen k\u00f6nnen Sie Ihrer Liste hinzuf\u00fcgen? - Emailchef","description":"Wie wir zuvor ausgef\u00fchrt haben, alle Adressen, die \u00fcber Opt-in-Methoden gesammelt und Sie somit die Erlaubnis der Empf\u00e4nger haben, ihnen Ihre Nachrichten zu senden","robots":{"index":"index","follow":"follow","max-snippet":"max-snippet:-1","max-image-preview":"max-image-preview:large","max-video-preview":"max-video-preview:-1"},"canonical":"https:\/\/emailchef.com\/de\/wissensdatenbank\/welche-art-von-adressen-koennen-sie-ihrer-liste-hinzufuegen\/","schema":{"@context":"https:\/\/schema.org","@graph":[{"@type":"WebPage","@id":"https:\/\/emailchef.com\/de\/wissensdatenbank\/welche-art-von-adressen-koennen-sie-ihrer-liste-hinzufuegen\/","url":"https:\/\/emailchef.com\/de\/wissensdatenbank\/welche-art-von-adressen-koennen-sie-ihrer-liste-hinzufuegen\/","name":"Welche Art von Adressen k\u00f6nnen Sie Ihrer Liste hinzuf\u00fcgen? - Emailchef","isPartOf":{"@id":"https:\/\/emailchef.com\/de\/#website"},"datePublished":"2014-09-22T08:21:26+00:00","dateModified":"2016-01-12T15:15:31+00:00","description":"Wie wir zuvor ausgef\u00fchrt haben, alle Adressen, die \u00fcber Opt-in-Methoden gesammelt und Sie somit die Erlaubnis der Empf\u00e4nger haben, ihnen Ihre Nachrichten zu senden","breadcrumb":{"@id":"https:\/\/emailchef.com\/de\/wissensdatenbank\/welche-art-von-adressen-koennen-sie-ihrer-liste-hinzufuegen\/#breadcrumb"},"inLanguage":"de","potentialAction":[{"@type":"ReadAction","target":["https:\/\/emailchef.com\/de\/wissensdatenbank\/welche-art-von-adressen-koennen-sie-ihrer-liste-hinzufuegen\/"]}]},{"@type":"BreadcrumbList","@id":"https:\/\/emailchef.com\/de\/wissensdatenbank\/welche-art-von-adressen-koennen-sie-ihrer-liste-hinzufuegen\/#breadcrumb","itemListElement":[{"@type":"ListItem","position":1,"name":"Home","item":"https:\/\/emailchef.com\/de\/emailchef-e-mail-marketing-service\/"},{"@type":"ListItem","position":2,"name":"Wissensdatenbank","item":"https:\/\/emailchef.com\/de\/wissensdatenbank\/"},{"@type":"ListItem","position":3,"name":"Welche Art von Adressen k\u00f6nnen Sie Ihrer Liste hinzuf\u00fcgen?"}]},{"@type":"WebSite","@id":"https:\/\/emailchef.com\/de\/#website","url":"https:\/\/emailchef.com\/de\/","name":"Emailchef","description":"K\u00f6stliche Rezepte f\u00fcr E-Mail-Marketing","publisher":{"@id":"https:\/\/emailchef.com\/de\/#organization"},"potentialAction":[{"@type":"SearchAction","target":{"@type":"EntryPoint","urlTemplate":"https:\/\/emailchef.com\/de\/?s={search_term_string}"},"query-input":{"@type":"PropertyValueSpecification","valueRequired":true,"valueName":"search_term_string"}}],"inLanguage":"de"},{"@type":"Organization","@id":"https:\/\/emailchef.com\/de\/#organization","name":"Delivery Tech Corp.","url":"https:\/\/emailchef.com\/de\/","logo":{"@type":"ImageObject","inLanguage":"de","@id":"https:\/\/emailchef.com\/de\/#\/schema\/logo\/image\/","url":"https:\/\/emailchef.com\/wp-content\/uploads\/2022\/04\/logo-sama.png","contentUrl":"https:\/\/emailchef.com\/wp-content\/uploads\/2022\/04\/logo-sama.png","width":237,"height":80,"caption":"Delivery Tech Corp."},"image":{"@id":"https:\/\/emailchef.com\/de\/#\/schema\/logo\/image\/"}}]}},"_links":{"self":[{"href":"https:\/\/emailchef.com\/de\/wp-json\/wp\/v2\/pages\/3552"}],"collection":[{"href":"https:\/\/emailchef.com\/de\/wp-json\/wp\/v2\/pages"}],"about":[{"href":"https:\/\/emailchef.com\/de\/wp-json\/wp\/v2\/types\/page"}],"author":[{"embeddable":true,"href":"https:\/\/emailchef.com\/de\/wp-json\/wp\/v2\/users\/1"}],"replies":[{"embeddable":true,"href":"https:\/\/emailchef.com\/de\/wp-json\/wp\/v2\/comments?post=3552"}],"version-history":[{"count":1,"href":"https:\/\/emailchef.com\/de\/wp-json\/wp\/v2\/pages\/3552\/revisions"}],"predecessor-version":[{"id":3553,"href":"https:\/\/emailchef.com\/de\/wp-json\/wp\/v2\/pages\/3552\/revisions\/3553"}],"up":[{"embeddable":true,"href":"https:\/\/emailchef.com\/de\/wp-json\/wp\/v2\/pages\/3479"}],"wp:attachment":[{"href":"https:\/\/emailchef.com\/de\/wp-json\/wp\/v2\/media?parent=3552"}],"wp:term":[{"taxonomy":"g1_relation_tag","embeddable":true,"href":"https:\/\/emailchef.com\/de\/wp-json\/wp\/v2\/g1_relation_tag?post=3552"}],"curies":[{"name":"wp","href":"https:\/\/api.w.org\/{rel}","templated":true}]}}