{"id":3543,"date":"2014-09-22T08:35:22","date_gmt":"2014-09-22T08:35:22","guid":{"rendered":"http:\/\/emailchef.com\/de\/?page_id=3543"},"modified":"2016-01-12T15:07:05","modified_gmt":"2016-01-12T15:07:05","slug":"ihre-kampagne-versenden","status":"publish","type":"page","link":"https:\/\/emailchef.com\/de\/wissensdatenbank\/ihre-kampagne-versenden\/","title":{"rendered":"Ihre Kampagne versenden"},"content":{"rendered":"<p>Nun ist es an der Zeit Ihre Nachricht zu verbreiten!<\/p>\n<p>Die letzte Seite erm\u00f6glicht Ihnen entweder das <strong>sofortige Senden der Kampagne<\/strong> oder das <strong>Einplanen zu vorgegebener Zeit und Datum<\/strong>.<\/p>\n<p>Sie k\u00f6nnen auch eine Best\u00e4tigung an eine von Ihnen vorgegebene Adresse senden, wenn die Nachricht gesendet wurde. Wichtig: Wenn Sie &#8220;<strong>Sende Kampagne jetzt<\/strong>&#8221; klicken, wird die E-Mail ohne weitere Nachfrage versendet.<\/p>\n","protected":false},"excerpt":{"rendered":"<p>Nun ist es an der Zeit Ihre Nachricht zu verbreiten! Die letzte Seite erm\u00f6glicht Ihnen entweder das sofortige Senden der Kampagne oder das Einplanen zu vorgegebener Zeit und Datum. Sie k\u00f6nnen auch eine Best\u00e4tigung an eine von Ihnen vorgegebene Adresse senden, wenn die Nachricht gesendet wurde. Wichtig: Wenn Sie &#8220;Sende Kampagne jetzt&#8221; klicken, wird die [&hellip;]<\/p>\n","protected":false},"author":1,"featured_media":0,"parent":3479,"menu_order":0,"comment_status":"closed","ping_status":"closed","template":"","meta":{"_acf_changed":false,"inline_featured_image":false,"footnotes":""},"g1_relation_tag":[],"class_list":["post-3543","page","type-page","status-publish","hentry"],"acf":[],"yoast_head":"<!-- This site is optimized with the Yoast SEO plugin v24.8.1 - https:\/\/yoast.com\/wordpress\/plugins\/seo\/ -->\n<title>Ihre Kampagne versenden - Emailchef<\/title>\n<meta name=\"description\" content=\"Nun ist es an der Zeit Ihre Nachricht zu verbreiten!\" \/>\n<meta name=\"robots\" content=\"index, follow, max-snippet:-1, max-image-preview:large, max-video-preview:-1\" \/>\n<link rel=\"canonical\" href=\"https:\/\/emailchef.com\/de\/wissensdatenbank\/ihre-kampagne-versenden\/\" \/>\n<!-- \/ Yoast SEO plugin. -->","yoast_head_json":{"title":"Ihre Kampagne versenden - Emailchef","description":"Nun ist es an der Zeit Ihre Nachricht zu verbreiten!","robots":{"index":"index","follow":"follow","max-snippet":"max-snippet:-1","max-image-preview":"max-image-preview:large","max-video-preview":"max-video-preview:-1"},"canonical":"https:\/\/emailchef.com\/de\/wissensdatenbank\/ihre-kampagne-versenden\/","schema":{"@context":"https:\/\/schema.org","@graph":[{"@type":"WebPage","@id":"https:\/\/emailchef.com\/de\/wissensdatenbank\/ihre-kampagne-versenden\/","url":"https:\/\/emailchef.com\/de\/wissensdatenbank\/ihre-kampagne-versenden\/","name":"Ihre Kampagne versenden - Emailchef","isPartOf":{"@id":"https:\/\/emailchef.com\/de\/#website"},"datePublished":"2014-09-22T08:35:22+00:00","dateModified":"2016-01-12T15:07:05+00:00","description":"Nun ist es an der Zeit Ihre Nachricht zu verbreiten!","breadcrumb":{"@id":"https:\/\/emailchef.com\/de\/wissensdatenbank\/ihre-kampagne-versenden\/#breadcrumb"},"inLanguage":"de","potentialAction":[{"@type":"ReadAction","target":["https:\/\/emailchef.com\/de\/wissensdatenbank\/ihre-kampagne-versenden\/"]}]},{"@type":"BreadcrumbList","@id":"https:\/\/emailchef.com\/de\/wissensdatenbank\/ihre-kampagne-versenden\/#breadcrumb","itemListElement":[{"@type":"ListItem","position":1,"name":"Home","item":"https:\/\/emailchef.com\/de\/"},{"@type":"ListItem","position":2,"name":"Wissensdatenbank","item":"https:\/\/emailchef.com\/de\/wissensdatenbank\/"},{"@type":"ListItem","position":3,"name":"Ihre Kampagne versenden"}]},{"@type":"WebSite","@id":"https:\/\/emailchef.com\/de\/#website","url":"https:\/\/emailchef.com\/de\/","name":"Emailchef","description":"K\u00f6stliche Rezepte f\u00fcr E-Mail-Marketing","publisher":{"@id":"https:\/\/emailchef.com\/de\/#organization"},"potentialAction":[{"@type":"SearchAction","target":{"@type":"EntryPoint","urlTemplate":"https:\/\/emailchef.com\/de\/?s={search_term_string}"},"query-input":{"@type":"PropertyValueSpecification","valueRequired":true,"valueName":"search_term_string"}}],"inLanguage":"de"},{"@type":"Organization","@id":"https:\/\/emailchef.com\/de\/#organization","name":"Delivery Tech Corp.","url":"https:\/\/emailchef.com\/de\/","logo":{"@type":"ImageObject","inLanguage":"de","@id":"https:\/\/emailchef.com\/de\/#\/schema\/logo\/image\/","url":"https:\/\/emailchef.com\/wp-content\/uploads\/2022\/04\/logo-sama.png","contentUrl":"https:\/\/emailchef.com\/wp-content\/uploads\/2022\/04\/logo-sama.png","width":237,"height":80,"caption":"Delivery Tech Corp."},"image":{"@id":"https:\/\/emailchef.com\/de\/#\/schema\/logo\/image\/"}}]}},"_links":{"self":[{"href":"https:\/\/emailchef.com\/de\/wp-json\/wp\/v2\/pages\/3543"}],"collection":[{"href":"https:\/\/emailchef.com\/de\/wp-json\/wp\/v2\/pages"}],"about":[{"href":"https:\/\/emailchef.com\/de\/wp-json\/wp\/v2\/types\/page"}],"author":[{"embeddable":true,"href":"https:\/\/emailchef.com\/de\/wp-json\/wp\/v2\/users\/1"}],"replies":[{"embeddable":true,"href":"https:\/\/emailchef.com\/de\/wp-json\/wp\/v2\/comments?post=3543"}],"version-history":[{"count":1,"href":"https:\/\/emailchef.com\/de\/wp-json\/wp\/v2\/pages\/3543\/revisions"}],"predecessor-version":[{"id":3544,"href":"https:\/\/emailchef.com\/de\/wp-json\/wp\/v2\/pages\/3543\/revisions\/3544"}],"up":[{"embeddable":true,"href":"https:\/\/emailchef.com\/de\/wp-json\/wp\/v2\/pages\/3479"}],"wp:attachment":[{"href":"https:\/\/emailchef.com\/de\/wp-json\/wp\/v2\/media?parent=3543"}],"wp:term":[{"taxonomy":"g1_relation_tag","embeddable":true,"href":"https:\/\/emailchef.com\/de\/wp-json\/wp\/v2\/g1_relation_tag?post=3543"}],"curies":[{"name":"wp","href":"https:\/\/api.w.org\/{rel}","templated":true}]}}