{"id":3537,"date":"2014-09-22T08:33:04","date_gmt":"2014-09-22T08:33:04","guid":{"rendered":"http:\/\/emailchef.com\/de\/?page_id=3537"},"modified":"2016-01-12T14:38:31","modified_gmt":"2016-01-12T14:38:31","slug":"die-empfaenger-auswaehlen","status":"publish","type":"page","link":"https:\/\/emailchef.com\/de\/wissensdatenbank\/die-empfaenger-auswaehlen\/","title":{"rendered":"Die Empf\u00e4nger ausw\u00e4hlen"},"content":{"rendered":"<p>Emailchef zeigt Ihnen <strong>alle Ihre Listen<\/strong> mit allen bezogenen <strong>Segmenten<\/strong> an, damit Sie einfach diejenige ausw\u00e4hlen k\u00f6nnen, an welche Sie Ihren Newsletter versenden m\u00f6chten..<\/p>\n<p><a href=\"https:\/\/emailchef.com\/wp-content\/uploads\/2014\/09\/emailchef-screenshot-017.jpg\"><img fetchpriority=\"high\" decoding=\"async\" class=\"alignnone wp-image-2566 size-full\" src=\"https:\/\/emailchef.com\/wp-content\/uploads\/2014\/09\/emailchef-screenshot-017.jpg\" alt=\"Kontakte ausw\u00e4hlen\" width=\"890\" height=\"203\" \/><\/a><\/p>\n<p>Beachten Sie, dass Sie direkt nach der Auswahl einer Liste die genaue <strong>Anzahl der Empf\u00e4nger<\/strong> auf der rechten Seite erhalten und Sie diese alle in einem Pop-up-Fenster anzeigen k\u00f6nnen, indem Sie auf &#8220;Empf\u00e4nger ansehen&#8221; klicken.<\/p>\n","protected":false},"excerpt":{"rendered":"<p>Emailchef zeigt Ihnen alle Ihre Listen mit allen bezogenen Segmenten an, damit Sie einfach diejenige ausw\u00e4hlen k\u00f6nnen, an welche Sie Ihren Newsletter versenden m\u00f6chten.. Beachten Sie, dass Sie direkt nach der Auswahl einer Liste die genaue Anzahl der Empf\u00e4nger auf der rechten Seite erhalten und Sie diese alle in einem Pop-up-Fenster anzeigen k\u00f6nnen, indem Sie [&hellip;]<\/p>\n","protected":false},"author":1,"featured_media":0,"parent":3479,"menu_order":0,"comment_status":"closed","ping_status":"closed","template":"","meta":{"_acf_changed":false,"inline_featured_image":false,"footnotes":""},"g1_relation_tag":[],"class_list":["post-3537","page","type-page","status-publish","hentry"],"acf":[],"yoast_head":"<!-- This site is optimized with the Yoast SEO plugin v24.8.1 - https:\/\/yoast.com\/wordpress\/plugins\/seo\/ -->\n<title>Die Empf\u00e4nger ausw\u00e4hlen - Emailchef<\/title>\n<meta name=\"description\" content=\"Emailchef zeigt Ihnen alle Ihre Listen mit allen bezogenen Segmenten an, damit Sie einfach diejenige ausw\u00e4hlen k\u00f6nnen\" \/>\n<meta name=\"robots\" content=\"index, follow, max-snippet:-1, max-image-preview:large, max-video-preview:-1\" \/>\n<link rel=\"canonical\" href=\"https:\/\/emailchef.com\/de\/wissensdatenbank\/die-empfaenger-auswaehlen\/\" \/>\n<!-- \/ Yoast SEO plugin. -->","yoast_head_json":{"title":"Die Empf\u00e4nger ausw\u00e4hlen - Emailchef","description":"Emailchef zeigt Ihnen alle Ihre Listen mit allen bezogenen Segmenten an, damit Sie einfach diejenige ausw\u00e4hlen k\u00f6nnen","robots":{"index":"index","follow":"follow","max-snippet":"max-snippet:-1","max-image-preview":"max-image-preview:large","max-video-preview":"max-video-preview:-1"},"canonical":"https:\/\/emailchef.com\/de\/wissensdatenbank\/die-empfaenger-auswaehlen\/","schema":{"@context":"https:\/\/schema.org","@graph":[{"@type":"WebPage","@id":"https:\/\/emailchef.com\/de\/wissensdatenbank\/die-empfaenger-auswaehlen\/","url":"https:\/\/emailchef.com\/de\/wissensdatenbank\/die-empfaenger-auswaehlen\/","name":"Die Empf\u00e4nger ausw\u00e4hlen - Emailchef","isPartOf":{"@id":"https:\/\/emailchef.com\/de\/#website"},"primaryImageOfPage":{"@id":"https:\/\/emailchef.com\/de\/wissensdatenbank\/die-empfaenger-auswaehlen\/#primaryimage"},"image":{"@id":"https:\/\/emailchef.com\/de\/wissensdatenbank\/die-empfaenger-auswaehlen\/#primaryimage"},"thumbnailUrl":"https:\/\/emailchef.com\/wp-content\/uploads\/2014\/09\/emailchef-screenshot-017.jpg","datePublished":"2014-09-22T08:33:04+00:00","dateModified":"2016-01-12T14:38:31+00:00","description":"Emailchef zeigt Ihnen alle Ihre Listen mit allen bezogenen Segmenten an, damit Sie einfach diejenige ausw\u00e4hlen k\u00f6nnen","breadcrumb":{"@id":"https:\/\/emailchef.com\/de\/wissensdatenbank\/die-empfaenger-auswaehlen\/#breadcrumb"},"inLanguage":"de","potentialAction":[{"@type":"ReadAction","target":["https:\/\/emailchef.com\/de\/wissensdatenbank\/die-empfaenger-auswaehlen\/"]}]},{"@type":"ImageObject","inLanguage":"de","@id":"https:\/\/emailchef.com\/de\/wissensdatenbank\/die-empfaenger-auswaehlen\/#primaryimage","url":"https:\/\/emailchef.com\/wp-content\/uploads\/2014\/09\/emailchef-screenshot-017.jpg","contentUrl":"https:\/\/emailchef.com\/wp-content\/uploads\/2014\/09\/emailchef-screenshot-017.jpg"},{"@type":"BreadcrumbList","@id":"https:\/\/emailchef.com\/de\/wissensdatenbank\/die-empfaenger-auswaehlen\/#breadcrumb","itemListElement":[{"@type":"ListItem","position":1,"name":"Home","item":"https:\/\/emailchef.com\/de\/emailchef-e-mail-marketing-service\/"},{"@type":"ListItem","position":2,"name":"Wissensdatenbank","item":"https:\/\/emailchef.com\/de\/wissensdatenbank\/"},{"@type":"ListItem","position":3,"name":"Die Empf\u00e4nger ausw\u00e4hlen"}]},{"@type":"WebSite","@id":"https:\/\/emailchef.com\/de\/#website","url":"https:\/\/emailchef.com\/de\/","name":"Emailchef","description":"K\u00f6stliche Rezepte f\u00fcr E-Mail-Marketing","publisher":{"@id":"https:\/\/emailchef.com\/de\/#organization"},"potentialAction":[{"@type":"SearchAction","target":{"@type":"EntryPoint","urlTemplate":"https:\/\/emailchef.com\/de\/?s={search_term_string}"},"query-input":{"@type":"PropertyValueSpecification","valueRequired":true,"valueName":"search_term_string"}}],"inLanguage":"de"},{"@type":"Organization","@id":"https:\/\/emailchef.com\/de\/#organization","name":"Delivery Tech Corp.","url":"https:\/\/emailchef.com\/de\/","logo":{"@type":"ImageObject","inLanguage":"de","@id":"https:\/\/emailchef.com\/de\/#\/schema\/logo\/image\/","url":"https:\/\/emailchef.com\/wp-content\/uploads\/2022\/04\/logo-sama.png","contentUrl":"https:\/\/emailchef.com\/wp-content\/uploads\/2022\/04\/logo-sama.png","width":237,"height":80,"caption":"Delivery Tech Corp."},"image":{"@id":"https:\/\/emailchef.com\/de\/#\/schema\/logo\/image\/"}}]}},"_links":{"self":[{"href":"https:\/\/emailchef.com\/de\/wp-json\/wp\/v2\/pages\/3537"}],"collection":[{"href":"https:\/\/emailchef.com\/de\/wp-json\/wp\/v2\/pages"}],"about":[{"href":"https:\/\/emailchef.com\/de\/wp-json\/wp\/v2\/types\/page"}],"author":[{"embeddable":true,"href":"https:\/\/emailchef.com\/de\/wp-json\/wp\/v2\/users\/1"}],"replies":[{"embeddable":true,"href":"https:\/\/emailchef.com\/de\/wp-json\/wp\/v2\/comments?post=3537"}],"version-history":[{"count":1,"href":"https:\/\/emailchef.com\/de\/wp-json\/wp\/v2\/pages\/3537\/revisions"}],"predecessor-version":[{"id":3538,"href":"https:\/\/emailchef.com\/de\/wp-json\/wp\/v2\/pages\/3537\/revisions\/3538"}],"up":[{"embeddable":true,"href":"https:\/\/emailchef.com\/de\/wp-json\/wp\/v2\/pages\/3479"}],"wp:attachment":[{"href":"https:\/\/emailchef.com\/de\/wp-json\/wp\/v2\/media?parent=3537"}],"wp:term":[{"taxonomy":"g1_relation_tag","embeddable":true,"href":"https:\/\/emailchef.com\/de\/wp-json\/wp\/v2\/g1_relation_tag?post=3537"}],"curies":[{"name":"wp","href":"https:\/\/api.w.org\/{rel}","templated":true}]}}