{"id":3534,"date":"2014-09-22T08:31:10","date_gmt":"2014-09-22T08:31:10","guid":{"rendered":"http:\/\/emailchef.com\/de\/?page_id=3534"},"modified":"2016-01-12T14:35:23","modified_gmt":"2016-01-12T14:35:23","slug":"vorschau-und-einen-entwurf-abspeichern","status":"publish","type":"page","link":"https:\/\/emailchef.com\/de\/wissensdatenbank\/vorschau-und-einen-entwurf-abspeichern\/","title":{"rendered":"Vorschau und einen Entwurf abspeichern"},"content":{"rendered":"<p>Sobald Sie mit dem Hinzuf\u00fcgen Ihrer Inhalte und Bilder sowie dem Anpassen des Newsletters fertig sind, k\u00f6nnen Sie durch Klick auf den <strong>entsprechenden<\/strong> Button eine Vorschau erhalten. Sie k\u00f6nnen auch einen Entwurf speichern und sp\u00e4ter ver\u00e4ndern. Der Entwurf wird auf der Seite &#8220;Kampagnen&#8221; Verwaltung gespeichert.<\/p>\n","protected":false},"excerpt":{"rendered":"<p>Sobald Sie mit dem Hinzuf\u00fcgen Ihrer Inhalte und Bilder sowie dem Anpassen des Newsletters fertig sind, k\u00f6nnen Sie durch Klick auf den entsprechenden Button eine Vorschau erhalten. Sie k\u00f6nnen auch einen Entwurf speichern und sp\u00e4ter ver\u00e4ndern. Der Entwurf wird auf der Seite &#8220;Kampagnen&#8221; Verwaltung gespeichert.<\/p>\n","protected":false},"author":1,"featured_media":0,"parent":3479,"menu_order":0,"comment_status":"closed","ping_status":"closed","template":"","meta":{"_acf_changed":false,"inline_featured_image":false,"footnotes":""},"g1_relation_tag":[],"class_list":["post-3534","page","type-page","status-publish","hentry"],"acf":[],"yoast_head":"<!-- This site is optimized with the Yoast SEO plugin v24.8.1 - https:\/\/yoast.com\/wordpress\/plugins\/seo\/ -->\n<title>Vorschau und einen Entwurf abspeichern - Emailchef<\/title>\n<meta name=\"description\" content=\"Sobald Sie mit dem Hinzuf\u00fcgen Ihrer Inhalte und Bilder sowie dem Anpassen des Newsletters fertig sind\" \/>\n<meta name=\"robots\" content=\"index, follow, max-snippet:-1, max-image-preview:large, max-video-preview:-1\" \/>\n<link rel=\"canonical\" href=\"https:\/\/emailchef.com\/de\/wissensdatenbank\/vorschau-und-einen-entwurf-abspeichern\/\" \/>\n<!-- \/ Yoast SEO plugin. -->","yoast_head_json":{"title":"Vorschau und einen Entwurf abspeichern - Emailchef","description":"Sobald Sie mit dem Hinzuf\u00fcgen Ihrer Inhalte und Bilder sowie dem Anpassen des Newsletters fertig sind","robots":{"index":"index","follow":"follow","max-snippet":"max-snippet:-1","max-image-preview":"max-image-preview:large","max-video-preview":"max-video-preview:-1"},"canonical":"https:\/\/emailchef.com\/de\/wissensdatenbank\/vorschau-und-einen-entwurf-abspeichern\/","schema":{"@context":"https:\/\/schema.org","@graph":[{"@type":"WebPage","@id":"https:\/\/emailchef.com\/de\/wissensdatenbank\/vorschau-und-einen-entwurf-abspeichern\/","url":"https:\/\/emailchef.com\/de\/wissensdatenbank\/vorschau-und-einen-entwurf-abspeichern\/","name":"Vorschau und einen Entwurf abspeichern - Emailchef","isPartOf":{"@id":"https:\/\/emailchef.com\/de\/#website"},"datePublished":"2014-09-22T08:31:10+00:00","dateModified":"2016-01-12T14:35:23+00:00","description":"Sobald Sie mit dem Hinzuf\u00fcgen Ihrer Inhalte und Bilder sowie dem Anpassen des Newsletters fertig sind","breadcrumb":{"@id":"https:\/\/emailchef.com\/de\/wissensdatenbank\/vorschau-und-einen-entwurf-abspeichern\/#breadcrumb"},"inLanguage":"de","potentialAction":[{"@type":"ReadAction","target":["https:\/\/emailchef.com\/de\/wissensdatenbank\/vorschau-und-einen-entwurf-abspeichern\/"]}]},{"@type":"BreadcrumbList","@id":"https:\/\/emailchef.com\/de\/wissensdatenbank\/vorschau-und-einen-entwurf-abspeichern\/#breadcrumb","itemListElement":[{"@type":"ListItem","position":1,"name":"Home","item":"https:\/\/emailchef.com\/de\/emailchef-e-mail-marketing-service\/"},{"@type":"ListItem","position":2,"name":"Wissensdatenbank","item":"https:\/\/emailchef.com\/de\/wissensdatenbank\/"},{"@type":"ListItem","position":3,"name":"Vorschau und einen Entwurf abspeichern"}]},{"@type":"WebSite","@id":"https:\/\/emailchef.com\/de\/#website","url":"https:\/\/emailchef.com\/de\/","name":"Emailchef","description":"K\u00f6stliche Rezepte f\u00fcr E-Mail-Marketing","publisher":{"@id":"https:\/\/emailchef.com\/de\/#organization"},"potentialAction":[{"@type":"SearchAction","target":{"@type":"EntryPoint","urlTemplate":"https:\/\/emailchef.com\/de\/?s={search_term_string}"},"query-input":{"@type":"PropertyValueSpecification","valueRequired":true,"valueName":"search_term_string"}}],"inLanguage":"de"},{"@type":"Organization","@id":"https:\/\/emailchef.com\/de\/#organization","name":"Delivery Tech Corp.","url":"https:\/\/emailchef.com\/de\/","logo":{"@type":"ImageObject","inLanguage":"de","@id":"https:\/\/emailchef.com\/de\/#\/schema\/logo\/image\/","url":"https:\/\/emailchef.com\/wp-content\/uploads\/2022\/04\/logo-sama.png","contentUrl":"https:\/\/emailchef.com\/wp-content\/uploads\/2022\/04\/logo-sama.png","width":237,"height":80,"caption":"Delivery Tech Corp."},"image":{"@id":"https:\/\/emailchef.com\/de\/#\/schema\/logo\/image\/"}}]}},"_links":{"self":[{"href":"https:\/\/emailchef.com\/de\/wp-json\/wp\/v2\/pages\/3534"}],"collection":[{"href":"https:\/\/emailchef.com\/de\/wp-json\/wp\/v2\/pages"}],"about":[{"href":"https:\/\/emailchef.com\/de\/wp-json\/wp\/v2\/types\/page"}],"author":[{"embeddable":true,"href":"https:\/\/emailchef.com\/de\/wp-json\/wp\/v2\/users\/1"}],"replies":[{"embeddable":true,"href":"https:\/\/emailchef.com\/de\/wp-json\/wp\/v2\/comments?post=3534"}],"version-history":[{"count":1,"href":"https:\/\/emailchef.com\/de\/wp-json\/wp\/v2\/pages\/3534\/revisions"}],"predecessor-version":[{"id":3535,"href":"https:\/\/emailchef.com\/de\/wp-json\/wp\/v2\/pages\/3534\/revisions\/3535"}],"up":[{"embeddable":true,"href":"https:\/\/emailchef.com\/de\/wp-json\/wp\/v2\/pages\/3479"}],"wp:attachment":[{"href":"https:\/\/emailchef.com\/de\/wp-json\/wp\/v2\/media?parent=3534"}],"wp:term":[{"taxonomy":"g1_relation_tag","embeddable":true,"href":"https:\/\/emailchef.com\/de\/wp-json\/wp\/v2\/g1_relation_tag?post=3534"}],"curies":[{"name":"wp","href":"https:\/\/api.w.org\/{rel}","templated":true}]}}