{"id":3531,"date":"2014-09-22T08:38:02","date_gmt":"2014-09-22T08:38:02","guid":{"rendered":"http:\/\/emailchef.com\/de\/?page_id=3531"},"modified":"2016-01-12T14:33:11","modified_gmt":"2016-01-12T14:33:11","slug":"ueberblick-und-bedeutung-der-berichte","status":"publish","type":"page","link":"https:\/\/emailchef.com\/de\/wissensdatenbank\/ueberblick-und-bedeutung-der-berichte\/","title":{"rendered":"\u00dcberblick und Bedeutung der Berichte"},"content":{"rendered":"<p>Das Ziel jeder <strong>E-Mail-Marketing Kampagne<\/strong> sind Ergebnisse. Egal ob das gew\u00fcnschte Ergebnis die Vergr\u00f6\u00dferung Ihrer Abonnentendatenbank, die Generierung weiterer Leads f\u00fcr Ihr Gesch\u00e4ft oder der Verkauf von mehr Produkten ist, es gibt nur einen Weg, um zu wissen, ob Sie Ihre Ziele erreichen. Wenn Sie Ihre Ergebnisse nicht mit <strong>qualitativer Analyse<\/strong> nachverfolgen, k\u00f6nnen Sie nie wissen, ob Ihre Kampagnen effektiv sind.<\/p>\n<p>Ganz egal, welcher Art Ihr Business ist, es gibt eine Anzahl von Messzahlen, die Sie kennen m\u00fcssen. Diese genau zu beobachten wird Ihnen helfen zu bestimmen, wie Sie sich schlagen, aber sie k\u00f6nnen Ihnen auch erm\u00f6glichen Ihre Leistung zu verbessern und jede <strong>zuk\u00fcnftige Kampagne effektiver machen<\/strong>.<\/p>\n<p>Sobald Sie wissen, was Sie richtig gemacht haben, wird es einfacher sein, die Dinge sogar noch zu verbessern. Und genauso wichtig ist das Wissen, welche Teile Ihrer Kampagne nicht funktionieren, was die Anpassung Ihrer Nachrichten und das Vermeiden kostspieliger Fehler vereinfacht. Tracking-Faktoren wie Click-Through-Raten, Converion-Raten, \u00d6ffnungsraten, Bounce-Raten und der gesamte ROI sind der beste Weg, um die <strong>Effektivit\u00e4t Ihrer aktuellen Kampagne<\/strong> zu messen und auf diesem Erfolg f\u00fcr nachfolgende Aussendungen aufzubauen.<\/p>\n","protected":false},"excerpt":{"rendered":"<p>Das Ziel jeder E-Mail-Marketing Kampagne sind Ergebnisse. Egal ob das gew\u00fcnschte Ergebnis die Vergr\u00f6\u00dferung Ihrer Abonnentendatenbank, die Generierung weiterer Leads f\u00fcr Ihr Gesch\u00e4ft oder der Verkauf von mehr Produkten ist, es gibt nur einen Weg, um zu wissen, ob Sie Ihre Ziele erreichen. Wenn Sie Ihre Ergebnisse nicht mit qualitativer Analyse nachverfolgen, k\u00f6nnen Sie nie [&hellip;]<\/p>\n","protected":false},"author":1,"featured_media":0,"parent":3479,"menu_order":0,"comment_status":"closed","ping_status":"closed","template":"","meta":{"_acf_changed":false,"inline_featured_image":false,"footnotes":""},"g1_relation_tag":[],"class_list":["post-3531","page","type-page","status-publish","hentry"],"acf":[],"yoast_head":"<!-- This site is optimized with the Yoast SEO plugin v24.8.1 - https:\/\/yoast.com\/wordpress\/plugins\/seo\/ -->\n<title>\u00dcberblick und Bedeutung der Berichte - Emailchef<\/title>\n<meta name=\"description\" content=\"Das Ziel jeder E-Mail-Marketing Kampagne sind Ergebnisse. Egal ob das gew\u00fcnschte Ergebnis die Vergr\u00f6\u00dferung Ihrer Abonnentendatenbank\" \/>\n<meta name=\"robots\" content=\"index, follow, max-snippet:-1, max-image-preview:large, max-video-preview:-1\" \/>\n<link rel=\"canonical\" href=\"https:\/\/emailchef.com\/de\/wissensdatenbank\/ueberblick-und-bedeutung-der-berichte\/\" \/>\n<meta name=\"twitter:label1\" content=\"Gesch\u00e4tzte Lesezeit\" \/>\n\t<meta name=\"twitter:data1\" content=\"1\u00a0Minute\" \/>\n<!-- \/ Yoast SEO plugin. -->","yoast_head_json":{"title":"\u00dcberblick und Bedeutung der Berichte - Emailchef","description":"Das Ziel jeder E-Mail-Marketing Kampagne sind Ergebnisse. Egal ob das gew\u00fcnschte Ergebnis die Vergr\u00f6\u00dferung Ihrer Abonnentendatenbank","robots":{"index":"index","follow":"follow","max-snippet":"max-snippet:-1","max-image-preview":"max-image-preview:large","max-video-preview":"max-video-preview:-1"},"canonical":"https:\/\/emailchef.com\/de\/wissensdatenbank\/ueberblick-und-bedeutung-der-berichte\/","twitter_misc":{"Gesch\u00e4tzte Lesezeit":"1\u00a0Minute"},"schema":{"@context":"https:\/\/schema.org","@graph":[{"@type":"WebPage","@id":"https:\/\/emailchef.com\/de\/wissensdatenbank\/ueberblick-und-bedeutung-der-berichte\/","url":"https:\/\/emailchef.com\/de\/wissensdatenbank\/ueberblick-und-bedeutung-der-berichte\/","name":"\u00dcberblick und Bedeutung der Berichte - Emailchef","isPartOf":{"@id":"https:\/\/emailchef.com\/de\/#website"},"datePublished":"2014-09-22T08:38:02+00:00","dateModified":"2016-01-12T14:33:11+00:00","description":"Das Ziel jeder E-Mail-Marketing Kampagne sind Ergebnisse. Egal ob das gew\u00fcnschte Ergebnis die Vergr\u00f6\u00dferung Ihrer Abonnentendatenbank","breadcrumb":{"@id":"https:\/\/emailchef.com\/de\/wissensdatenbank\/ueberblick-und-bedeutung-der-berichte\/#breadcrumb"},"inLanguage":"de","potentialAction":[{"@type":"ReadAction","target":["https:\/\/emailchef.com\/de\/wissensdatenbank\/ueberblick-und-bedeutung-der-berichte\/"]}]},{"@type":"BreadcrumbList","@id":"https:\/\/emailchef.com\/de\/wissensdatenbank\/ueberblick-und-bedeutung-der-berichte\/#breadcrumb","itemListElement":[{"@type":"ListItem","position":1,"name":"Home","item":"https:\/\/emailchef.com\/de\/emailchef-e-mail-marketing-service\/"},{"@type":"ListItem","position":2,"name":"Wissensdatenbank","item":"https:\/\/emailchef.com\/de\/wissensdatenbank\/"},{"@type":"ListItem","position":3,"name":"\u00dcberblick und Bedeutung der Berichte"}]},{"@type":"WebSite","@id":"https:\/\/emailchef.com\/de\/#website","url":"https:\/\/emailchef.com\/de\/","name":"Emailchef","description":"K\u00f6stliche Rezepte f\u00fcr E-Mail-Marketing","publisher":{"@id":"https:\/\/emailchef.com\/de\/#organization"},"potentialAction":[{"@type":"SearchAction","target":{"@type":"EntryPoint","urlTemplate":"https:\/\/emailchef.com\/de\/?s={search_term_string}"},"query-input":{"@type":"PropertyValueSpecification","valueRequired":true,"valueName":"search_term_string"}}],"inLanguage":"de"},{"@type":"Organization","@id":"https:\/\/emailchef.com\/de\/#organization","name":"Delivery Tech Corp.","url":"https:\/\/emailchef.com\/de\/","logo":{"@type":"ImageObject","inLanguage":"de","@id":"https:\/\/emailchef.com\/de\/#\/schema\/logo\/image\/","url":"https:\/\/emailchef.com\/wp-content\/uploads\/2022\/04\/logo-sama.png","contentUrl":"https:\/\/emailchef.com\/wp-content\/uploads\/2022\/04\/logo-sama.png","width":237,"height":80,"caption":"Delivery Tech Corp."},"image":{"@id":"https:\/\/emailchef.com\/de\/#\/schema\/logo\/image\/"}}]}},"_links":{"self":[{"href":"https:\/\/emailchef.com\/de\/wp-json\/wp\/v2\/pages\/3531"}],"collection":[{"href":"https:\/\/emailchef.com\/de\/wp-json\/wp\/v2\/pages"}],"about":[{"href":"https:\/\/emailchef.com\/de\/wp-json\/wp\/v2\/types\/page"}],"author":[{"embeddable":true,"href":"https:\/\/emailchef.com\/de\/wp-json\/wp\/v2\/users\/1"}],"replies":[{"embeddable":true,"href":"https:\/\/emailchef.com\/de\/wp-json\/wp\/v2\/comments?post=3531"}],"version-history":[{"count":1,"href":"https:\/\/emailchef.com\/de\/wp-json\/wp\/v2\/pages\/3531\/revisions"}],"predecessor-version":[{"id":3532,"href":"https:\/\/emailchef.com\/de\/wp-json\/wp\/v2\/pages\/3531\/revisions\/3532"}],"up":[{"embeddable":true,"href":"https:\/\/emailchef.com\/de\/wp-json\/wp\/v2\/pages\/3479"}],"wp:attachment":[{"href":"https:\/\/emailchef.com\/de\/wp-json\/wp\/v2\/media?parent=3531"}],"wp:term":[{"taxonomy":"g1_relation_tag","embeddable":true,"href":"https:\/\/emailchef.com\/de\/wp-json\/wp\/v2\/g1_relation_tag?post=3531"}],"curies":[{"name":"wp","href":"https:\/\/api.w.org\/{rel}","templated":true}]}}