{"id":3528,"date":"2014-09-22T08:39:23","date_gmt":"2014-09-22T08:39:23","guid":{"rendered":"http:\/\/emailchef.com\/de\/?page_id=3528"},"modified":"2016-01-12T14:30:24","modified_gmt":"2016-01-12T14:30:24","slug":"messzahlen-details","status":"publish","type":"page","link":"https:\/\/emailchef.com\/de\/wissensdatenbank\/messzahlen-details\/","title":{"rendered":"Messzahlen Details"},"content":{"rendered":"<p>In jeder Berichts\u00fcbersicht werden wir Ihnen zeigen, wie Ihre Kampagne bei den wichtigsten Messzahlen abgeschnitten hat. Diese w\u00e4ren:<\/p>\n<ul>\n<li><strong>Empf\u00e4nger gesamt<\/strong>: Die Anzahl der Kontakte auf der Liste, an welche die Kampagne versendet wurde.<br \/>\n    Gesendet gesamt: Die Anzahl der von Emailchef erfolgreich ausgesendeten E-Mails.<\/li>\n<li><strong>Einzigartige \u00d6ffnungen<\/strong>: Wie viele Leute haben Ihre E-Mail bei der Zustellung ge\u00f6ffnet? Mehrfache \u00d6ffnungen werden nicht mitgez\u00e4hlt.<\/li>\n<li><strong>Einzigartig nicht ge\u00f6ffnet<\/strong>: Wie viele Leute haben Ihre E-Mail bei Zustellung nicht ge\u00f6ffnet?<\/li>\n<li><strong>Einzigartig geklickt<\/strong>: Wie viele Male wurde jeder Link in der E-Mail geklickt? Mehrfache Klicks auf den gleichen Link werden nicht ber\u00fccksichtigt.<\/li>\n<li><strong>Abmeldungen<\/strong>: Wie viele Leute m\u00f6chten Ihre E-Mails nicht l\u00e4nger empfangen?<\/li>\n<li><strong>Beschwerden<\/strong>: Sie erhalten jedes Mal einen Beschwerdehinweis, wenn einer Ihrer Abonnenten Ihre E-Mail als Spam markiert.<\/li>\n<li><strong>Zeitweise verz\u00f6gert<\/strong>: Die Gesamtzahl der E-Mail die vor\u00fcbergehend nicht an die beabsichtigten Empf\u00e4nger zugestellt werden konnten (z.B. aufgrund einer Abwesenheitsantwort oder einem vorl\u00e4ufigen Serverproblem). Das System wird den Newsletter f\u00fcr ein paar weitere Tage versenden, dann, wenn er tats\u00e4chlich nicht zugestellt werden kann, wird die entsprechende Anzahl zur &#8220;Bounce&#8221; Summe hinzugez\u00e4hlt. Somit ist dies eine &#8220;fortlaufende&#8221; Messzahl.<\/li>\n<li><strong>Bounces<\/strong>: Die Gesamtzahl der Nachrichten, die nicht an die beabsichtigten Empf\u00e4nger zugestellt werden konnten. Das System unterscheidet zwischen Soft Bounces (entsprechend den Adressen, die aus der Datenbank Zeitweise verz\u00f6gert stammen und nun dauerhaft ge&#8221;bounce&#8221;t wurden) und Hard Bounces (hervorgerufen durch dauerhafte Fehler, wie etwa einer falsch geschriebenen oder nicht existierenden E-Mail). Bitte beachten Sie, dass Emailchef weiterhin f\u00fcr ein paar Tage die Kampagne an diese Adressen versenden wird, dann, wenn sie tats\u00e4chlich nicht zugestellt werden kann, wird die entsprechende Anzahl zur &#8220;Bounce&#8221; Summe hinzugez\u00e4hlt. Somit ist dies eine &#8220;fortlaufende&#8221; Messzahl.<\/li>\n<\/ul>\n<p>Hier ist ein Beispiel der angezeigten Grafik:<\/p>\n<p><a href=\"http:\/\/emailchef.com\/wp-content\/uploads\/2014\/09\/emailchef-screenshot-016.jpg\"><img fetchpriority=\"high\" decoding=\"async\" class=\"alignnone wp-image-2564 size-full\" src=\"http:\/\/emailchef.com\/wp-content\/uploads\/2014\/09\/emailchef-screenshot-016.jpg\" alt=\"\" width=\"1191\" height=\"1172\" \/><\/a><\/p>\n<p><a href=\"http:\/\/emailchef.com\/wp-content\/uploads\/2014\/09\/campaign-summary-sample.png\"><img decoding=\"async\" class=\"alignnone wp-image-2307\" src=\"http:\/\/emailchef.com\/wp-content\/uploads\/2014\/09\/campaign-summary-sample.png\" alt=\"campaign summary sample\" width=\"633\" height=\"229\" \/><\/a><\/p>\n","protected":false},"excerpt":{"rendered":"<p>In jeder Berichts\u00fcbersicht werden wir Ihnen zeigen, wie Ihre Kampagne bei den wichtigsten Messzahlen abgeschnitten hat. Diese w\u00e4ren: Empf\u00e4nger gesamt: Die Anzahl der Kontakte auf der Liste, an welche die Kampagne versendet wurde. Gesendet gesamt: Die Anzahl der von Emailchef erfolgreich ausgesendeten E-Mails. Einzigartige \u00d6ffnungen: Wie viele Leute haben Ihre E-Mail bei der Zustellung ge\u00f6ffnet? [&hellip;]<\/p>\n","protected":false},"author":1,"featured_media":0,"parent":3479,"menu_order":0,"comment_status":"closed","ping_status":"closed","template":"","meta":{"_acf_changed":false,"inline_featured_image":false,"footnotes":""},"g1_relation_tag":[],"class_list":["post-3528","page","type-page","status-publish","hentry"],"acf":[],"yoast_head":"<!-- This site is optimized with the Yoast SEO plugin v24.8.1 - https:\/\/yoast.com\/wordpress\/plugins\/seo\/ -->\n<title>Messzahlen Details - Emailchef<\/title>\n<meta name=\"description\" content=\"In jeder Berichts\u00fcbersicht werden wir Ihnen zeigen, wie Ihre Kampagne bei den wichtigsten Messzahlen abgeschnitten hat\" \/>\n<meta name=\"robots\" content=\"index, follow, max-snippet:-1, max-image-preview:large, max-video-preview:-1\" \/>\n<link rel=\"canonical\" href=\"https:\/\/emailchef.com\/de\/wissensdatenbank\/messzahlen-details\/\" \/>\n<meta name=\"twitter:label1\" content=\"Gesch\u00e4tzte Lesezeit\" \/>\n\t<meta name=\"twitter:data1\" content=\"1\u00a0Minute\" \/>\n<!-- \/ Yoast SEO plugin. -->","yoast_head_json":{"title":"Messzahlen Details - Emailchef","description":"In jeder Berichts\u00fcbersicht werden wir Ihnen zeigen, wie Ihre Kampagne bei den wichtigsten Messzahlen abgeschnitten hat","robots":{"index":"index","follow":"follow","max-snippet":"max-snippet:-1","max-image-preview":"max-image-preview:large","max-video-preview":"max-video-preview:-1"},"canonical":"https:\/\/emailchef.com\/de\/wissensdatenbank\/messzahlen-details\/","twitter_misc":{"Gesch\u00e4tzte Lesezeit":"1\u00a0Minute"},"schema":{"@context":"https:\/\/schema.org","@graph":[{"@type":"WebPage","@id":"https:\/\/emailchef.com\/de\/wissensdatenbank\/messzahlen-details\/","url":"https:\/\/emailchef.com\/de\/wissensdatenbank\/messzahlen-details\/","name":"Messzahlen Details - Emailchef","isPartOf":{"@id":"https:\/\/emailchef.com\/de\/#website"},"primaryImageOfPage":{"@id":"https:\/\/emailchef.com\/de\/wissensdatenbank\/messzahlen-details\/#primaryimage"},"image":{"@id":"https:\/\/emailchef.com\/de\/wissensdatenbank\/messzahlen-details\/#primaryimage"},"thumbnailUrl":"http:\/\/emailchef.com\/wp-content\/uploads\/2014\/09\/emailchef-screenshot-016.jpg","datePublished":"2014-09-22T08:39:23+00:00","dateModified":"2016-01-12T14:30:24+00:00","description":"In jeder Berichts\u00fcbersicht werden wir Ihnen zeigen, wie Ihre Kampagne bei den wichtigsten Messzahlen abgeschnitten hat","breadcrumb":{"@id":"https:\/\/emailchef.com\/de\/wissensdatenbank\/messzahlen-details\/#breadcrumb"},"inLanguage":"de","potentialAction":[{"@type":"ReadAction","target":["https:\/\/emailchef.com\/de\/wissensdatenbank\/messzahlen-details\/"]}]},{"@type":"ImageObject","inLanguage":"de","@id":"https:\/\/emailchef.com\/de\/wissensdatenbank\/messzahlen-details\/#primaryimage","url":"http:\/\/emailchef.com\/wp-content\/uploads\/2014\/09\/emailchef-screenshot-016.jpg","contentUrl":"http:\/\/emailchef.com\/wp-content\/uploads\/2014\/09\/emailchef-screenshot-016.jpg"},{"@type":"BreadcrumbList","@id":"https:\/\/emailchef.com\/de\/wissensdatenbank\/messzahlen-details\/#breadcrumb","itemListElement":[{"@type":"ListItem","position":1,"name":"Home","item":"https:\/\/emailchef.com\/de\/emailchef-e-mail-marketing-service\/"},{"@type":"ListItem","position":2,"name":"Wissensdatenbank","item":"https:\/\/emailchef.com\/de\/wissensdatenbank\/"},{"@type":"ListItem","position":3,"name":"Messzahlen Details"}]},{"@type":"WebSite","@id":"https:\/\/emailchef.com\/de\/#website","url":"https:\/\/emailchef.com\/de\/","name":"Emailchef","description":"K\u00f6stliche Rezepte f\u00fcr E-Mail-Marketing","publisher":{"@id":"https:\/\/emailchef.com\/de\/#organization"},"potentialAction":[{"@type":"SearchAction","target":{"@type":"EntryPoint","urlTemplate":"https:\/\/emailchef.com\/de\/?s={search_term_string}"},"query-input":{"@type":"PropertyValueSpecification","valueRequired":true,"valueName":"search_term_string"}}],"inLanguage":"de"},{"@type":"Organization","@id":"https:\/\/emailchef.com\/de\/#organization","name":"Delivery Tech Corp.","url":"https:\/\/emailchef.com\/de\/","logo":{"@type":"ImageObject","inLanguage":"de","@id":"https:\/\/emailchef.com\/de\/#\/schema\/logo\/image\/","url":"https:\/\/emailchef.com\/wp-content\/uploads\/2022\/04\/logo-sama.png","contentUrl":"https:\/\/emailchef.com\/wp-content\/uploads\/2022\/04\/logo-sama.png","width":237,"height":80,"caption":"Delivery Tech Corp."},"image":{"@id":"https:\/\/emailchef.com\/de\/#\/schema\/logo\/image\/"}}]}},"_links":{"self":[{"href":"https:\/\/emailchef.com\/de\/wp-json\/wp\/v2\/pages\/3528"}],"collection":[{"href":"https:\/\/emailchef.com\/de\/wp-json\/wp\/v2\/pages"}],"about":[{"href":"https:\/\/emailchef.com\/de\/wp-json\/wp\/v2\/types\/page"}],"author":[{"embeddable":true,"href":"https:\/\/emailchef.com\/de\/wp-json\/wp\/v2\/users\/1"}],"replies":[{"embeddable":true,"href":"https:\/\/emailchef.com\/de\/wp-json\/wp\/v2\/comments?post=3528"}],"version-history":[{"count":1,"href":"https:\/\/emailchef.com\/de\/wp-json\/wp\/v2\/pages\/3528\/revisions"}],"predecessor-version":[{"id":3529,"href":"https:\/\/emailchef.com\/de\/wp-json\/wp\/v2\/pages\/3528\/revisions\/3529"}],"up":[{"embeddable":true,"href":"https:\/\/emailchef.com\/de\/wp-json\/wp\/v2\/pages\/3479"}],"wp:attachment":[{"href":"https:\/\/emailchef.com\/de\/wp-json\/wp\/v2\/media?parent=3528"}],"wp:term":[{"taxonomy":"g1_relation_tag","embeddable":true,"href":"https:\/\/emailchef.com\/de\/wp-json\/wp\/v2\/g1_relation_tag?post=3528"}],"curies":[{"name":"wp","href":"https:\/\/api.w.org\/{rel}","templated":true}]}}