{"id":3525,"date":"2014-09-22T08:22:27","date_gmt":"2014-09-22T08:22:27","guid":{"rendered":"http:\/\/emailchef.com\/de\/?page_id=3525"},"modified":"2016-01-12T14:26:10","modified_gmt":"2016-01-12T14:26:10","slug":"management-existierender-listen","status":"publish","type":"page","link":"https:\/\/emailchef.com\/de\/wissensdatenbank\/management-existierender-listen\/","title":{"rendered":"Management existierender Listen"},"content":{"rendered":"<p>Sobald Sie eine oder mehrere Listen erstellt haben, wird die Hauptseite des Kontakt-Management sie anzeigen. Wenn Sie nun auf einen beliebigen Listennamen klicken, k\u00f6nnen Sie diese nach Belieben verwalten:<\/p>\n<p><a href=\"http:\/\/emailchef.com\/wp-content\/uploads\/2014\/09\/emailchef-screenshot-0151.jpg\"><img fetchpriority=\"high\" decoding=\"async\" class=\"alignnone wp-image-2562 size-full\" src=\"http:\/\/emailchef.com\/wp-content\/uploads\/2014\/09\/emailchef-screenshot-0151.jpg\" alt=\"Management von Listen\" width=\"1182\" height=\"477\" \/><\/a><\/p>\n<p>Wie Sie sehen k\u00f6nnen, wird die Liste selbst Adresse f\u00fcr Adresse angezeigt; mit <strong>Hilfe der Tabs<\/strong> k\u00f6nnen Sie alle aktiven Kontakte anzeigen oder diejenigen, die sich abgemeldet haben, einen Bounce verursacht haben oder einen Spam-Bericht verfasst haben. Wenn Sie nach einer bestimmten Adresse suchen, k\u00f6nnen Sie die <strong>Suchbox<\/strong> auf der rechten Seite verwenden.<\/p>\n<p>Zu jeder Zeit k\u00f6nnen Sie <strong>neue Kontakte importieren<\/strong> oder einen <strong>einzelnen Kontakt hinzuf\u00fcgen<\/strong> (die ersten beiden blauen Buttons auf der rechten Seite). Die anderen Optionen werden in den folgenden Abs\u00e4tzen detailliert beschrieben.<\/p>\n","protected":false},"excerpt":{"rendered":"<p>Sobald Sie eine oder mehrere Listen erstellt haben, wird die Hauptseite des Kontakt-Management sie anzeigen. Wenn Sie nun auf einen beliebigen Listennamen klicken, k\u00f6nnen Sie diese nach Belieben verwalten: Wie Sie sehen k\u00f6nnen, wird die Liste selbst Adresse f\u00fcr Adresse angezeigt; mit Hilfe der Tabs k\u00f6nnen Sie alle aktiven Kontakte anzeigen oder diejenigen, die sich [&hellip;]<\/p>\n","protected":false},"author":1,"featured_media":0,"parent":3479,"menu_order":0,"comment_status":"closed","ping_status":"closed","template":"","meta":{"_acf_changed":false,"inline_featured_image":false,"footnotes":""},"g1_relation_tag":[],"class_list":["post-3525","page","type-page","status-publish","hentry"],"acf":[],"yoast_head":"<!-- This site is optimized with the Yoast SEO plugin v24.8.1 - https:\/\/yoast.com\/wordpress\/plugins\/seo\/ -->\n<title>Management existierender Listen - Emailchef<\/title>\n<meta name=\"description\" content=\"Sobald Sie eine oder mehrere Listen erstellt haben, wird die Hauptseite des Kontakt-Management sie anzeigen\" \/>\n<meta name=\"robots\" content=\"index, follow, max-snippet:-1, max-image-preview:large, max-video-preview:-1\" \/>\n<link rel=\"canonical\" href=\"https:\/\/emailchef.com\/de\/wissensdatenbank\/management-existierender-listen\/\" \/>\n<meta name=\"twitter:label1\" content=\"Gesch\u00e4tzte Lesezeit\" \/>\n\t<meta name=\"twitter:data1\" content=\"1\u00a0Minute\" \/>\n<!-- \/ Yoast SEO plugin. -->","yoast_head_json":{"title":"Management existierender Listen - Emailchef","description":"Sobald Sie eine oder mehrere Listen erstellt haben, wird die Hauptseite des Kontakt-Management sie anzeigen","robots":{"index":"index","follow":"follow","max-snippet":"max-snippet:-1","max-image-preview":"max-image-preview:large","max-video-preview":"max-video-preview:-1"},"canonical":"https:\/\/emailchef.com\/de\/wissensdatenbank\/management-existierender-listen\/","twitter_misc":{"Gesch\u00e4tzte Lesezeit":"1\u00a0Minute"},"schema":{"@context":"https:\/\/schema.org","@graph":[{"@type":"WebPage","@id":"https:\/\/emailchef.com\/de\/wissensdatenbank\/management-existierender-listen\/","url":"https:\/\/emailchef.com\/de\/wissensdatenbank\/management-existierender-listen\/","name":"Management existierender Listen - Emailchef","isPartOf":{"@id":"https:\/\/emailchef.com\/de\/#website"},"primaryImageOfPage":{"@id":"https:\/\/emailchef.com\/de\/wissensdatenbank\/management-existierender-listen\/#primaryimage"},"image":{"@id":"https:\/\/emailchef.com\/de\/wissensdatenbank\/management-existierender-listen\/#primaryimage"},"thumbnailUrl":"http:\/\/emailchef.com\/wp-content\/uploads\/2014\/09\/emailchef-screenshot-0151.jpg","datePublished":"2014-09-22T08:22:27+00:00","dateModified":"2016-01-12T14:26:10+00:00","description":"Sobald Sie eine oder mehrere Listen erstellt haben, wird die Hauptseite des Kontakt-Management sie anzeigen","breadcrumb":{"@id":"https:\/\/emailchef.com\/de\/wissensdatenbank\/management-existierender-listen\/#breadcrumb"},"inLanguage":"de","potentialAction":[{"@type":"ReadAction","target":["https:\/\/emailchef.com\/de\/wissensdatenbank\/management-existierender-listen\/"]}]},{"@type":"ImageObject","inLanguage":"de","@id":"https:\/\/emailchef.com\/de\/wissensdatenbank\/management-existierender-listen\/#primaryimage","url":"http:\/\/emailchef.com\/wp-content\/uploads\/2014\/09\/emailchef-screenshot-0151.jpg","contentUrl":"http:\/\/emailchef.com\/wp-content\/uploads\/2014\/09\/emailchef-screenshot-0151.jpg"},{"@type":"BreadcrumbList","@id":"https:\/\/emailchef.com\/de\/wissensdatenbank\/management-existierender-listen\/#breadcrumb","itemListElement":[{"@type":"ListItem","position":1,"name":"Home","item":"https:\/\/emailchef.com\/de\/emailchef-e-mail-marketing-service\/"},{"@type":"ListItem","position":2,"name":"Wissensdatenbank","item":"https:\/\/emailchef.com\/de\/wissensdatenbank\/"},{"@type":"ListItem","position":3,"name":"Management existierender Listen"}]},{"@type":"WebSite","@id":"https:\/\/emailchef.com\/de\/#website","url":"https:\/\/emailchef.com\/de\/","name":"Emailchef","description":"K\u00f6stliche Rezepte f\u00fcr E-Mail-Marketing","publisher":{"@id":"https:\/\/emailchef.com\/de\/#organization"},"potentialAction":[{"@type":"SearchAction","target":{"@type":"EntryPoint","urlTemplate":"https:\/\/emailchef.com\/de\/?s={search_term_string}"},"query-input":{"@type":"PropertyValueSpecification","valueRequired":true,"valueName":"search_term_string"}}],"inLanguage":"de"},{"@type":"Organization","@id":"https:\/\/emailchef.com\/de\/#organization","name":"Delivery Tech Corp.","url":"https:\/\/emailchef.com\/de\/","logo":{"@type":"ImageObject","inLanguage":"de","@id":"https:\/\/emailchef.com\/de\/#\/schema\/logo\/image\/","url":"https:\/\/emailchef.com\/wp-content\/uploads\/2022\/04\/logo-sama.png","contentUrl":"https:\/\/emailchef.com\/wp-content\/uploads\/2022\/04\/logo-sama.png","width":237,"height":80,"caption":"Delivery Tech Corp."},"image":{"@id":"https:\/\/emailchef.com\/de\/#\/schema\/logo\/image\/"}}]}},"_links":{"self":[{"href":"https:\/\/emailchef.com\/de\/wp-json\/wp\/v2\/pages\/3525"}],"collection":[{"href":"https:\/\/emailchef.com\/de\/wp-json\/wp\/v2\/pages"}],"about":[{"href":"https:\/\/emailchef.com\/de\/wp-json\/wp\/v2\/types\/page"}],"author":[{"embeddable":true,"href":"https:\/\/emailchef.com\/de\/wp-json\/wp\/v2\/users\/1"}],"replies":[{"embeddable":true,"href":"https:\/\/emailchef.com\/de\/wp-json\/wp\/v2\/comments?post=3525"}],"version-history":[{"count":1,"href":"https:\/\/emailchef.com\/de\/wp-json\/wp\/v2\/pages\/3525\/revisions"}],"predecessor-version":[{"id":3526,"href":"https:\/\/emailchef.com\/de\/wp-json\/wp\/v2\/pages\/3525\/revisions\/3526"}],"up":[{"embeddable":true,"href":"https:\/\/emailchef.com\/de\/wp-json\/wp\/v2\/pages\/3479"}],"wp:attachment":[{"href":"https:\/\/emailchef.com\/de\/wp-json\/wp\/v2\/media?parent=3525"}],"wp:term":[{"taxonomy":"g1_relation_tag","embeddable":true,"href":"https:\/\/emailchef.com\/de\/wp-json\/wp\/v2\/g1_relation_tag?post=3525"}],"curies":[{"name":"wp","href":"https:\/\/api.w.org\/{rel}","templated":true}]}}