{"id":3512,"date":"2014-09-22T08:20:49","date_gmt":"2014-09-22T08:20:49","guid":{"rendered":"http:\/\/emailchef.com\/de\/?page_id=3512"},"modified":"2016-01-12T13:55:50","modified_gmt":"2016-01-12T13:55:50","slug":"wie-eine-neue-liste-erstellen","status":"publish","type":"page","link":"https:\/\/emailchef.com\/de\/wissensdatenbank\/wie-eine-neue-liste-erstellen\/","title":{"rendered":"Wie eine neue Liste erstellen?"},"content":{"rendered":"<p>Um eine <strong>neue Liste<\/strong> mit Emailchef zu erstellen, klicken sie auf den &#8220;Kontakte hinzuf\u00fcgen&#8221; Block auf der Homepage oder auf den zweiten Button in dem obigen Men\u00fc, &#8220;Kontakte&#8221;. Sie werden zur Seite Listen-Management umgeleitet; klicken Sie auf &#8220;Erstelle eine neue Liste&#8221;.<\/p>\n<p><a href=\"https:\/\/emailchef.com\/wp-content\/uploads\/2014\/09\/emailchef-screenshot-012.jpg\"><img fetchpriority=\"high\" decoding=\"async\" class=\"alignnone wp-image-2555 size-full\" src=\"https:\/\/emailchef.com\/wp-content\/uploads\/2014\/09\/emailchef-screenshot-012.jpg\" alt=\"Erstelle eine neue Liste\" width=\"1192\" height=\"847\" \/><\/a><\/p>\n<p>Hier k\u00f6nnen Sie Ihrer Liste einen Namen und eine Beschreibung geben. Wir empfehlen, einen <strong>m\u00f6glichst aussagekr\u00e4ftigen Namen<\/strong> zu verwenden, der Ihnen hilft, die gew\u00fcnschte Liste schneller zu finden.<\/p>\n<p>Dann m\u00fcssen Sie die beiden Boxen darunter ankreuzen, um zu best\u00e4tigen, dass Ihre Liste unseren <strong>Antispam- und Datenschutz-Richtlinien entspricht<\/strong>. Was bedeutet, dass Sie nur Kontakte hinzuf\u00fcgen werden, die Ihnen ihre ausdr\u00fcckliche Genehmigung zum Erhalt Ihrer E-Mails gegeben haben \u2013 die beispielsweise \u00fcber ein Web-Anmeldeformular erfasst wurden. Wir erlauben absolut <strong>keine gemieteten oder gekauften Mailing-Listen<\/strong>.<\/p>\n","protected":false},"excerpt":{"rendered":"<p>Um eine neue Liste mit Emailchef zu erstellen, klicken sie auf den &#8220;Kontakte hinzuf\u00fcgen&#8221; Block auf der Homepage oder auf den zweiten Button in dem obigen Men\u00fc, &#8220;Kontakte&#8221;. Sie werden zur Seite Listen-Management umgeleitet; klicken Sie auf &#8220;Erstelle eine neue Liste&#8221;. Hier k\u00f6nnen Sie Ihrer Liste einen Namen und eine Beschreibung geben. Wir empfehlen, einen [&hellip;]<\/p>\n","protected":false},"author":1,"featured_media":0,"parent":3479,"menu_order":0,"comment_status":"closed","ping_status":"closed","template":"","meta":{"_acf_changed":false,"inline_featured_image":false,"footnotes":""},"g1_relation_tag":[],"class_list":["post-3512","page","type-page","status-publish","hentry"],"acf":[],"yoast_head":"<!-- This site is optimized with the Yoast SEO plugin v24.8.1 - https:\/\/yoast.com\/wordpress\/plugins\/seo\/ -->\n<title>Wie eine neue Liste erstellen? - Emailchef<\/title>\n<meta name=\"description\" content=\"Um eine neue Liste mit Emailchef zu erstellen, klicken sie auf den &quot;Kontakte hinzuf\u00fcgen&quot; Block auf der Homepage oder auf den zweiten Button in dem obigen Men\u00fc,\u00a0\" \/>\n<meta name=\"robots\" content=\"index, follow, max-snippet:-1, max-image-preview:large, max-video-preview:-1\" \/>\n<link rel=\"canonical\" href=\"https:\/\/emailchef.com\/de\/wissensdatenbank\/wie-eine-neue-liste-erstellen\/\" \/>\n<meta name=\"twitter:label1\" content=\"Gesch\u00e4tzte Lesezeit\" \/>\n\t<meta name=\"twitter:data1\" content=\"1\u00a0Minute\" \/>\n<!-- \/ Yoast SEO plugin. -->","yoast_head_json":{"title":"Wie eine neue Liste erstellen? - Emailchef","description":"Um eine neue Liste mit Emailchef zu erstellen, klicken sie auf den \"Kontakte hinzuf\u00fcgen\" Block auf der Homepage oder auf den zweiten Button in dem obigen Men\u00fc,\u00a0","robots":{"index":"index","follow":"follow","max-snippet":"max-snippet:-1","max-image-preview":"max-image-preview:large","max-video-preview":"max-video-preview:-1"},"canonical":"https:\/\/emailchef.com\/de\/wissensdatenbank\/wie-eine-neue-liste-erstellen\/","twitter_misc":{"Gesch\u00e4tzte Lesezeit":"1\u00a0Minute"},"schema":{"@context":"https:\/\/schema.org","@graph":[{"@type":"WebPage","@id":"https:\/\/emailchef.com\/de\/wissensdatenbank\/wie-eine-neue-liste-erstellen\/","url":"https:\/\/emailchef.com\/de\/wissensdatenbank\/wie-eine-neue-liste-erstellen\/","name":"Wie eine neue Liste erstellen? - Emailchef","isPartOf":{"@id":"https:\/\/emailchef.com\/de\/#website"},"primaryImageOfPage":{"@id":"https:\/\/emailchef.com\/de\/wissensdatenbank\/wie-eine-neue-liste-erstellen\/#primaryimage"},"image":{"@id":"https:\/\/emailchef.com\/de\/wissensdatenbank\/wie-eine-neue-liste-erstellen\/#primaryimage"},"thumbnailUrl":"https:\/\/emailchef.com\/wp-content\/uploads\/2014\/09\/emailchef-screenshot-012.jpg","datePublished":"2014-09-22T08:20:49+00:00","dateModified":"2016-01-12T13:55:50+00:00","description":"Um eine neue Liste mit Emailchef zu erstellen, klicken sie auf den \"Kontakte hinzuf\u00fcgen\" Block auf der Homepage oder auf den zweiten Button in dem obigen Men\u00fc,\u00a0","breadcrumb":{"@id":"https:\/\/emailchef.com\/de\/wissensdatenbank\/wie-eine-neue-liste-erstellen\/#breadcrumb"},"inLanguage":"de","potentialAction":[{"@type":"ReadAction","target":["https:\/\/emailchef.com\/de\/wissensdatenbank\/wie-eine-neue-liste-erstellen\/"]}]},{"@type":"ImageObject","inLanguage":"de","@id":"https:\/\/emailchef.com\/de\/wissensdatenbank\/wie-eine-neue-liste-erstellen\/#primaryimage","url":"https:\/\/emailchef.com\/wp-content\/uploads\/2014\/09\/emailchef-screenshot-012.jpg","contentUrl":"https:\/\/emailchef.com\/wp-content\/uploads\/2014\/09\/emailchef-screenshot-012.jpg"},{"@type":"BreadcrumbList","@id":"https:\/\/emailchef.com\/de\/wissensdatenbank\/wie-eine-neue-liste-erstellen\/#breadcrumb","itemListElement":[{"@type":"ListItem","position":1,"name":"Home","item":"https:\/\/emailchef.com\/de\/emailchef-e-mail-marketing-service\/"},{"@type":"ListItem","position":2,"name":"Wissensdatenbank","item":"https:\/\/emailchef.com\/de\/wissensdatenbank\/"},{"@type":"ListItem","position":3,"name":"Wie eine neue Liste erstellen?"}]},{"@type":"WebSite","@id":"https:\/\/emailchef.com\/de\/#website","url":"https:\/\/emailchef.com\/de\/","name":"Emailchef","description":"K\u00f6stliche Rezepte f\u00fcr E-Mail-Marketing","publisher":{"@id":"https:\/\/emailchef.com\/de\/#organization"},"potentialAction":[{"@type":"SearchAction","target":{"@type":"EntryPoint","urlTemplate":"https:\/\/emailchef.com\/de\/?s={search_term_string}"},"query-input":{"@type":"PropertyValueSpecification","valueRequired":true,"valueName":"search_term_string"}}],"inLanguage":"de"},{"@type":"Organization","@id":"https:\/\/emailchef.com\/de\/#organization","name":"Delivery Tech Corp.","url":"https:\/\/emailchef.com\/de\/","logo":{"@type":"ImageObject","inLanguage":"de","@id":"https:\/\/emailchef.com\/de\/#\/schema\/logo\/image\/","url":"https:\/\/emailchef.com\/wp-content\/uploads\/2022\/04\/logo-sama.png","contentUrl":"https:\/\/emailchef.com\/wp-content\/uploads\/2022\/04\/logo-sama.png","width":237,"height":80,"caption":"Delivery Tech Corp."},"image":{"@id":"https:\/\/emailchef.com\/de\/#\/schema\/logo\/image\/"}}]}},"_links":{"self":[{"href":"https:\/\/emailchef.com\/de\/wp-json\/wp\/v2\/pages\/3512"}],"collection":[{"href":"https:\/\/emailchef.com\/de\/wp-json\/wp\/v2\/pages"}],"about":[{"href":"https:\/\/emailchef.com\/de\/wp-json\/wp\/v2\/types\/page"}],"author":[{"embeddable":true,"href":"https:\/\/emailchef.com\/de\/wp-json\/wp\/v2\/users\/1"}],"replies":[{"embeddable":true,"href":"https:\/\/emailchef.com\/de\/wp-json\/wp\/v2\/comments?post=3512"}],"version-history":[{"count":1,"href":"https:\/\/emailchef.com\/de\/wp-json\/wp\/v2\/pages\/3512\/revisions"}],"predecessor-version":[{"id":3513,"href":"https:\/\/emailchef.com\/de\/wp-json\/wp\/v2\/pages\/3512\/revisions\/3513"}],"up":[{"embeddable":true,"href":"https:\/\/emailchef.com\/de\/wp-json\/wp\/v2\/pages\/3479"}],"wp:attachment":[{"href":"https:\/\/emailchef.com\/de\/wp-json\/wp\/v2\/media?parent=3512"}],"wp:term":[{"taxonomy":"g1_relation_tag","embeddable":true,"href":"https:\/\/emailchef.com\/de\/wp-json\/wp\/v2\/g1_relation_tag?post=3512"}],"curies":[{"name":"wp","href":"https:\/\/api.w.org\/{rel}","templated":true}]}}