{"id":3509,"date":"2014-09-22T08:21:55","date_gmt":"2014-09-22T08:21:55","guid":{"rendered":"http:\/\/emailchef.com\/de\/?page_id=3509"},"modified":"2021-08-10T11:30:15","modified_gmt":"2021-08-10T11:30:15","slug":"wie-kontakte-hinzufuegen","status":"publish","type":"page","link":"https:\/\/emailchef.com\/de\/wissensdatenbank\/wie-kontakte-hinzufuegen\/","title":{"rendered":"Wie Kontakte hinzuf\u00fcgen"},"content":{"rendered":"<p>Auf der Seite Listen-Management klicken Sie auf &#8220;Starte Kontaktimport&#8221; und Sie kommen zu dieser Seite:<\/p>\n<p><a href=\"https:\/\/emailchef.com\/wp-content\/uploads\/2014\/09\/emailchef-screenshot-011.jpg\"><img fetchpriority=\"high\" decoding=\"async\" class=\"alignnone wp-image-2553 size-full\" src=\"https:\/\/emailchef.com\/wp-content\/uploads\/2014\/09\/emailchef-screenshot-011.jpg\" alt=\"Kontakte importieren\" width=\"1185\" height=\"515\"><\/a><\/p>\n<p>So wie durch die Tabs markiert, gibt es drei Methoden, um Kontakte Ihrer Liste hinzuzuf\u00fcgen \u2013 wir wollen sie uns einzeln ansehen.<\/p>\n<p>1. Zuallererst k\u00f6nnen Sie <strong>Kontakte aus einer Datei<\/strong> oder von einer externen URL hochladen. Sie k\u00f6nnen XLS, XLSX, ODS und CSV-Dateien (oder kommaseparierte Werte in TXT-Dateien) hochladen. Bitte beachten Sie, dass Sie die Tabellenblattstruktur nutzen k\u00f6nnen, um mehrere beschreibende Felder hinzuzuf\u00fcgen, z.B. die E-Mails (Spalte 1), die Namen (Spalte 2), die Nachnamen (Spalte 3).<br \/>\nSobald Sie dies getan haben, klicken Sie auf den gr\u00fcnen &#8220;Import&#8221; Button unten rechts und Emailchef wird sich um den Vorgang k\u00fcmmern. Sobald der Upload abgeschlossen ist, werden Sie auf eine neue Seite umgeleitet.<\/p>\n<p><a href=\"https:\/\/emailchef.com\/wp-content\/uploads\/2014\/09\/mailchef-review-import-contacts.png\"><img decoding=\"async\" class=\"alignnone wp-image-1768\" title=\"mailchef review import contacts\" src=\"https:\/\/emailchef.com\/wp-content\/uploads\/2014\/09\/mailchef-review-import-contacts.png\" alt=\"Emailchef Kontaktimport \u00fcberpr\u00fcfen\" width=\"636\" height=\"386\"><\/a><\/p>\n<p>Hier k\u00f6nnen Sie die Zuordnung zwischen den Spalten Ihrer Datei und den Listenfeldern \u00fcberpr\u00fcfen. In dem obigen Beispiel haben wir eine Liste aus nur drei Kontakten hochgeladen, wobei das erste Feld die Adresse, das zweite der Name und das dritte der Nachname ist. Bitte beachten Sie, dass Emailchef automatisch <strong>doppelte Adressen ignoriert<\/strong> und diese nicht importiert.<\/p>\n<p>Sie k\u00f6nnen auch spontan ein <strong>neues Feld<\/strong> auf dieser besonderen Seite anlegen \u2013 klicken sie auf das Drop-down-Men\u00fc und w\u00e4hlen &#8220;Ein neues angepasstes Feld definieren&#8221; und stellen Sie dessen Details in dem Pop-up-Fenster ein:<\/p>\n<p><a href=\"https:\/\/emailchef.com\/wp-content\/uploads\/2014\/09\/mailchef-new-custom-fields.png\"><img decoding=\"async\" class=\"alignnone wp-image-1769\" src=\"https:\/\/emailchef.com\/wp-content\/uploads\/2014\/09\/mailchef-new-custom-fields.png\" alt=\"Emailchef neue angepasste Felder\" width=\"636\" height=\"427\"><\/a><\/p>\n<p>Im obigen Beispiel haben wir die Felder &#8220;Name&#8221; und &#8220;Nachname&#8221; definiert. Die betreffenden Platzhalter werden automatisch generiert.<\/p>\n<p>2. Sie k\u00f6nnen <strong>Ihre Kontakte auch manuell hinzuf\u00fcgen<\/strong>, im alten Stil, einen nach dem anderen. Hier ist das einzige erforderliche Feld &#8220;email&#8221;, aber Sie k\u00f6nnen bis zu 4 weitere, beschreibende Felder hinzuf\u00fcgen:<\/p>\n<p>3. Schlie\u00dflich k\u00f6nnen Sie die Kontakte per <strong>Copy-and-Paste<\/strong> aus der Zwischenablage einf\u00fcgen. Jede Adresse sollte sich auf einer einzelnen Zeile befinden.<br \/>\nSie k\u00f6nnen auch andere, per Komma abgeteilte Details wie in dem in der Box gezeigten Beispiel einf\u00fcgen; dies wird uns helfen, im n\u00e4chsten Schritt die Werte den Listenfeldern zuzuordnen.<\/p>\n","protected":false},"excerpt":{"rendered":"<p>Auf der Seite Listen-Management klicken Sie auf &#8220;Starte Kontaktimport&#8221; und Sie kommen zu dieser Seite: So wie durch die Tabs markiert, gibt es drei Methoden, um Kontakte Ihrer Liste hinzuzuf\u00fcgen \u2013 wir wollen sie uns einzeln ansehen. 1. Zuallererst k\u00f6nnen Sie Kontakte aus einer Datei oder von einer externen URL hochladen. Sie k\u00f6nnen XLS, XLSX, [&hellip;]<\/p>\n","protected":false},"author":1,"featured_media":0,"parent":3479,"menu_order":0,"comment_status":"closed","ping_status":"closed","template":"","meta":{"_acf_changed":false,"inline_featured_image":false,"footnotes":""},"g1_relation_tag":[],"class_list":["post-3509","page","type-page","status-publish","hentry"],"acf":[],"yoast_head":"<!-- This site is optimized with the Yoast SEO plugin v24.8.1 - https:\/\/yoast.com\/wordpress\/plugins\/seo\/ -->\n<title>Wie Kontakte hinzuf\u00fcgen - Emailchef<\/title>\n<meta name=\"description\" content=\"Auf der Seite Listen-Management klicken Sie auf &quot;Starte Kontaktimport&quot; und Sie kommen zu dieser Seite\" \/>\n<meta name=\"robots\" content=\"index, follow, max-snippet:-1, max-image-preview:large, max-video-preview:-1\" \/>\n<link rel=\"canonical\" href=\"https:\/\/emailchef.com\/de\/wissensdatenbank\/wie-kontakte-hinzufuegen\/\" \/>\n<meta name=\"twitter:label1\" content=\"Gesch\u00e4tzte Lesezeit\" \/>\n\t<meta name=\"twitter:data1\" content=\"2\u00a0Minuten\" \/>\n<!-- \/ Yoast SEO plugin. -->","yoast_head_json":{"title":"Wie Kontakte hinzuf\u00fcgen - Emailchef","description":"Auf der Seite Listen-Management klicken Sie auf \"Starte Kontaktimport\" und Sie kommen zu dieser Seite","robots":{"index":"index","follow":"follow","max-snippet":"max-snippet:-1","max-image-preview":"max-image-preview:large","max-video-preview":"max-video-preview:-1"},"canonical":"https:\/\/emailchef.com\/de\/wissensdatenbank\/wie-kontakte-hinzufuegen\/","twitter_misc":{"Gesch\u00e4tzte Lesezeit":"2\u00a0Minuten"},"schema":{"@context":"https:\/\/schema.org","@graph":[{"@type":"WebPage","@id":"https:\/\/emailchef.com\/de\/wissensdatenbank\/wie-kontakte-hinzufuegen\/","url":"https:\/\/emailchef.com\/de\/wissensdatenbank\/wie-kontakte-hinzufuegen\/","name":"Wie Kontakte hinzuf\u00fcgen - Emailchef","isPartOf":{"@id":"https:\/\/emailchef.com\/de\/#website"},"primaryImageOfPage":{"@id":"https:\/\/emailchef.com\/de\/wissensdatenbank\/wie-kontakte-hinzufuegen\/#primaryimage"},"image":{"@id":"https:\/\/emailchef.com\/de\/wissensdatenbank\/wie-kontakte-hinzufuegen\/#primaryimage"},"thumbnailUrl":"https:\/\/emailchef.com\/wp-content\/uploads\/2014\/09\/emailchef-screenshot-011.jpg","datePublished":"2014-09-22T08:21:55+00:00","dateModified":"2021-08-10T11:30:15+00:00","description":"Auf der Seite Listen-Management klicken Sie auf \"Starte Kontaktimport\" und Sie kommen zu dieser Seite","breadcrumb":{"@id":"https:\/\/emailchef.com\/de\/wissensdatenbank\/wie-kontakte-hinzufuegen\/#breadcrumb"},"inLanguage":"de","potentialAction":[{"@type":"ReadAction","target":["https:\/\/emailchef.com\/de\/wissensdatenbank\/wie-kontakte-hinzufuegen\/"]}]},{"@type":"ImageObject","inLanguage":"de","@id":"https:\/\/emailchef.com\/de\/wissensdatenbank\/wie-kontakte-hinzufuegen\/#primaryimage","url":"https:\/\/emailchef.com\/wp-content\/uploads\/2014\/09\/emailchef-screenshot-011.jpg","contentUrl":"https:\/\/emailchef.com\/wp-content\/uploads\/2014\/09\/emailchef-screenshot-011.jpg"},{"@type":"BreadcrumbList","@id":"https:\/\/emailchef.com\/de\/wissensdatenbank\/wie-kontakte-hinzufuegen\/#breadcrumb","itemListElement":[{"@type":"ListItem","position":1,"name":"Home","item":"https:\/\/emailchef.com\/de\/"},{"@type":"ListItem","position":2,"name":"Wissensdatenbank","item":"https:\/\/emailchef.com\/de\/wissensdatenbank\/"},{"@type":"ListItem","position":3,"name":"Wie Kontakte hinzuf\u00fcgen"}]},{"@type":"WebSite","@id":"https:\/\/emailchef.com\/de\/#website","url":"https:\/\/emailchef.com\/de\/","name":"Emailchef","description":"K\u00f6stliche Rezepte f\u00fcr E-Mail-Marketing","publisher":{"@id":"https:\/\/emailchef.com\/de\/#organization"},"potentialAction":[{"@type":"SearchAction","target":{"@type":"EntryPoint","urlTemplate":"https:\/\/emailchef.com\/de\/?s={search_term_string}"},"query-input":{"@type":"PropertyValueSpecification","valueRequired":true,"valueName":"search_term_string"}}],"inLanguage":"de"},{"@type":"Organization","@id":"https:\/\/emailchef.com\/de\/#organization","name":"Delivery Tech Corp.","url":"https:\/\/emailchef.com\/de\/","logo":{"@type":"ImageObject","inLanguage":"de","@id":"https:\/\/emailchef.com\/de\/#\/schema\/logo\/image\/","url":"https:\/\/emailchef.com\/wp-content\/uploads\/2022\/04\/logo-sama.png","contentUrl":"https:\/\/emailchef.com\/wp-content\/uploads\/2022\/04\/logo-sama.png","width":237,"height":80,"caption":"Delivery Tech Corp."},"image":{"@id":"https:\/\/emailchef.com\/de\/#\/schema\/logo\/image\/"}}]}},"_links":{"self":[{"href":"https:\/\/emailchef.com\/de\/wp-json\/wp\/v2\/pages\/3509"}],"collection":[{"href":"https:\/\/emailchef.com\/de\/wp-json\/wp\/v2\/pages"}],"about":[{"href":"https:\/\/emailchef.com\/de\/wp-json\/wp\/v2\/types\/page"}],"author":[{"embeddable":true,"href":"https:\/\/emailchef.com\/de\/wp-json\/wp\/v2\/users\/1"}],"replies":[{"embeddable":true,"href":"https:\/\/emailchef.com\/de\/wp-json\/wp\/v2\/comments?post=3509"}],"version-history":[{"count":2,"href":"https:\/\/emailchef.com\/de\/wp-json\/wp\/v2\/pages\/3509\/revisions"}],"predecessor-version":[{"id":47396,"href":"https:\/\/emailchef.com\/de\/wp-json\/wp\/v2\/pages\/3509\/revisions\/47396"}],"up":[{"embeddable":true,"href":"https:\/\/emailchef.com\/de\/wp-json\/wp\/v2\/pages\/3479"}],"wp:attachment":[{"href":"https:\/\/emailchef.com\/de\/wp-json\/wp\/v2\/media?parent=3509"}],"wp:term":[{"taxonomy":"g1_relation_tag","embeddable":true,"href":"https:\/\/emailchef.com\/de\/wp-json\/wp\/v2\/g1_relation_tag?post=3509"}],"curies":[{"name":"wp","href":"https:\/\/api.w.org\/{rel}","templated":true}]}}