{"id":3506,"date":"2014-09-22T08:38:49","date_gmt":"2014-09-22T08:38:49","guid":{"rendered":"http:\/\/emailchef.com\/de\/?page_id=3506"},"modified":"2016-01-12T13:47:24","modified_gmt":"2016-01-12T13:47:24","slug":"wie-daten-angezeigt-werden","status":"publish","type":"page","link":"https:\/\/emailchef.com\/de\/wissensdatenbank\/wie-daten-angezeigt-werden\/","title":{"rendered":"Wie Daten angezeigt werden"},"content":{"rendered":"<p>Emailchef vereinfacht die \u00dcberwachung Ihrer E-Mail-Kampagnen mit <strong>robusten Berichtswerkzeugen und Echtzeitberichten<\/strong>. Bei Emailchef k\u00f6nnen Sie \u00d6ffnungen, Klickraten, Bounces und andere wertvolle Kennzahlen zu genau der Zeit sehen, in der sie entstehen. Sie k\u00f6nnen auch auf praktische Grafiken zugreifen und Berichte in vielen verschiedenen Formaten herunterladen.<\/p>\n<p><a href=\"http:\/\/emailchef.com\/wp-content\/uploads\/2014\/09\/emailchef-screenshot-010.jpg\"><img fetchpriority=\"high\" decoding=\"async\" class=\"alignnone wp-image-2551 size-full\" src=\"http:\/\/emailchef.com\/wp-content\/uploads\/2014\/09\/emailchef-screenshot-010.jpg\" alt=\"Berichte\" width=\"1185\" height=\"648\" \/><\/a><\/p>\n<p>Um Ihre Emailchef E-Mail-Kampagnenbericht zu sehen, klicken Sie &#8220;Berichte&#8221; im Men\u00fc oberhalb der Seite (der dritte Link).<br \/>\nSie werden eine Liste aller Ihrer E-Mail-Kampagnen zusammen mit einigen, in <strong>Echtzeit aktualisierten Messzahlen<\/strong> sehen.<\/p>\n<p>Um die <strong>Daten einer beliebigen Kampagne anzuzeigen<\/strong>, klicken Sie auf den Kampagnennamen. Sie werden dann Zugriff auf die Seite Kampagne \u00dcbersicht erhalten, wo Sie detaillierte Berichte und interaktive Grafiken aufrufen k\u00f6nnen.<\/p>\n","protected":false},"excerpt":{"rendered":"<p>Emailchef vereinfacht die \u00dcberwachung Ihrer E-Mail-Kampagnen mit robusten Berichtswerkzeugen und Echtzeitberichten. Bei Emailchef k\u00f6nnen Sie \u00d6ffnungen, Klickraten, Bounces und andere wertvolle Kennzahlen zu genau der Zeit sehen, in der sie entstehen. Sie k\u00f6nnen auch auf praktische Grafiken zugreifen und Berichte in vielen verschiedenen Formaten herunterladen. Um Ihre Emailchef E-Mail-Kampagnenbericht zu sehen, klicken Sie &#8220;Berichte&#8221; im [&hellip;]<\/p>\n","protected":false},"author":1,"featured_media":0,"parent":3479,"menu_order":0,"comment_status":"closed","ping_status":"closed","template":"","meta":{"_acf_changed":false,"inline_featured_image":false,"footnotes":""},"g1_relation_tag":[],"class_list":["post-3506","page","type-page","status-publish","hentry"],"acf":[],"yoast_head":"<!-- This site is optimized with the Yoast SEO plugin v24.8.1 - https:\/\/yoast.com\/wordpress\/plugins\/seo\/ -->\n<title>Wie Daten angezeigt werden - Emailchef<\/title>\n<meta name=\"description\" content=\"MailChef vereinfacht die \u00dcberwachung Ihrer E-Mail-Kampagnen mit robusten Berichtswerkzeugen und Echtzeitberichten\" \/>\n<meta name=\"robots\" content=\"index, follow, max-snippet:-1, max-image-preview:large, max-video-preview:-1\" \/>\n<link rel=\"canonical\" href=\"https:\/\/emailchef.com\/de\/wissensdatenbank\/wie-daten-angezeigt-werden\/\" \/>\n<meta name=\"twitter:label1\" content=\"Gesch\u00e4tzte Lesezeit\" \/>\n\t<meta name=\"twitter:data1\" content=\"1\u00a0Minute\" \/>\n<!-- \/ Yoast SEO plugin. -->","yoast_head_json":{"title":"Wie Daten angezeigt werden - Emailchef","description":"MailChef vereinfacht die \u00dcberwachung Ihrer E-Mail-Kampagnen mit robusten Berichtswerkzeugen und Echtzeitberichten","robots":{"index":"index","follow":"follow","max-snippet":"max-snippet:-1","max-image-preview":"max-image-preview:large","max-video-preview":"max-video-preview:-1"},"canonical":"https:\/\/emailchef.com\/de\/wissensdatenbank\/wie-daten-angezeigt-werden\/","twitter_misc":{"Gesch\u00e4tzte Lesezeit":"1\u00a0Minute"},"schema":{"@context":"https:\/\/schema.org","@graph":[{"@type":"WebPage","@id":"https:\/\/emailchef.com\/de\/wissensdatenbank\/wie-daten-angezeigt-werden\/","url":"https:\/\/emailchef.com\/de\/wissensdatenbank\/wie-daten-angezeigt-werden\/","name":"Wie Daten angezeigt werden - Emailchef","isPartOf":{"@id":"https:\/\/emailchef.com\/de\/#website"},"primaryImageOfPage":{"@id":"https:\/\/emailchef.com\/de\/wissensdatenbank\/wie-daten-angezeigt-werden\/#primaryimage"},"image":{"@id":"https:\/\/emailchef.com\/de\/wissensdatenbank\/wie-daten-angezeigt-werden\/#primaryimage"},"thumbnailUrl":"http:\/\/emailchef.com\/wp-content\/uploads\/2014\/09\/emailchef-screenshot-010.jpg","datePublished":"2014-09-22T08:38:49+00:00","dateModified":"2016-01-12T13:47:24+00:00","description":"MailChef vereinfacht die \u00dcberwachung Ihrer E-Mail-Kampagnen mit robusten Berichtswerkzeugen und Echtzeitberichten","breadcrumb":{"@id":"https:\/\/emailchef.com\/de\/wissensdatenbank\/wie-daten-angezeigt-werden\/#breadcrumb"},"inLanguage":"de","potentialAction":[{"@type":"ReadAction","target":["https:\/\/emailchef.com\/de\/wissensdatenbank\/wie-daten-angezeigt-werden\/"]}]},{"@type":"ImageObject","inLanguage":"de","@id":"https:\/\/emailchef.com\/de\/wissensdatenbank\/wie-daten-angezeigt-werden\/#primaryimage","url":"http:\/\/emailchef.com\/wp-content\/uploads\/2014\/09\/emailchef-screenshot-010.jpg","contentUrl":"http:\/\/emailchef.com\/wp-content\/uploads\/2014\/09\/emailchef-screenshot-010.jpg"},{"@type":"BreadcrumbList","@id":"https:\/\/emailchef.com\/de\/wissensdatenbank\/wie-daten-angezeigt-werden\/#breadcrumb","itemListElement":[{"@type":"ListItem","position":1,"name":"Home","item":"https:\/\/emailchef.com\/de\/emailchef-e-mail-marketing-service\/"},{"@type":"ListItem","position":2,"name":"Wissensdatenbank","item":"https:\/\/emailchef.com\/de\/wissensdatenbank\/"},{"@type":"ListItem","position":3,"name":"Wie Daten angezeigt werden"}]},{"@type":"WebSite","@id":"https:\/\/emailchef.com\/de\/#website","url":"https:\/\/emailchef.com\/de\/","name":"Emailchef","description":"K\u00f6stliche Rezepte f\u00fcr E-Mail-Marketing","publisher":{"@id":"https:\/\/emailchef.com\/de\/#organization"},"potentialAction":[{"@type":"SearchAction","target":{"@type":"EntryPoint","urlTemplate":"https:\/\/emailchef.com\/de\/?s={search_term_string}"},"query-input":{"@type":"PropertyValueSpecification","valueRequired":true,"valueName":"search_term_string"}}],"inLanguage":"de"},{"@type":"Organization","@id":"https:\/\/emailchef.com\/de\/#organization","name":"Delivery Tech Corp.","url":"https:\/\/emailchef.com\/de\/","logo":{"@type":"ImageObject","inLanguage":"de","@id":"https:\/\/emailchef.com\/de\/#\/schema\/logo\/image\/","url":"https:\/\/emailchef.com\/wp-content\/uploads\/2022\/04\/logo-sama.png","contentUrl":"https:\/\/emailchef.com\/wp-content\/uploads\/2022\/04\/logo-sama.png","width":237,"height":80,"caption":"Delivery Tech Corp."},"image":{"@id":"https:\/\/emailchef.com\/de\/#\/schema\/logo\/image\/"}}]}},"_links":{"self":[{"href":"https:\/\/emailchef.com\/de\/wp-json\/wp\/v2\/pages\/3506"}],"collection":[{"href":"https:\/\/emailchef.com\/de\/wp-json\/wp\/v2\/pages"}],"about":[{"href":"https:\/\/emailchef.com\/de\/wp-json\/wp\/v2\/types\/page"}],"author":[{"embeddable":true,"href":"https:\/\/emailchef.com\/de\/wp-json\/wp\/v2\/users\/1"}],"replies":[{"embeddable":true,"href":"https:\/\/emailchef.com\/de\/wp-json\/wp\/v2\/comments?post=3506"}],"version-history":[{"count":1,"href":"https:\/\/emailchef.com\/de\/wp-json\/wp\/v2\/pages\/3506\/revisions"}],"predecessor-version":[{"id":3507,"href":"https:\/\/emailchef.com\/de\/wp-json\/wp\/v2\/pages\/3506\/revisions\/3507"}],"up":[{"embeddable":true,"href":"https:\/\/emailchef.com\/de\/wp-json\/wp\/v2\/pages\/3479"}],"wp:attachment":[{"href":"https:\/\/emailchef.com\/de\/wp-json\/wp\/v2\/media?parent=3506"}],"wp:term":[{"taxonomy":"g1_relation_tag","embeddable":true,"href":"https:\/\/emailchef.com\/de\/wp-json\/wp\/v2\/g1_relation_tag?post=3506"}],"curies":[{"name":"wp","href":"https:\/\/api.w.org\/{rel}","templated":true}]}}