{"id":3503,"date":"2014-09-22T08:26:53","date_gmt":"2014-09-22T08:26:53","guid":{"rendered":"http:\/\/emailchef.com\/de\/?page_id=3503"},"modified":"2021-08-10T11:27:46","modified_gmt":"2021-08-10T11:27:46","slug":"allgemeines-formular-management","status":"publish","type":"page","link":"https:\/\/emailchef.com\/de\/wissensdatenbank\/allgemeines-formular-management\/","title":{"rendered":"Allgemeines Formular-Management"},"content":{"rendered":"<h3><em>General form management<\/em><\/h3>\n<p>Auf jeder Listen-Management Seite werden Sie einen &#8220;Anmeldeformulare&#8221; Button finden, der Sie zum Formular Creation Manager bringt:<\/p>\n<p><a href=\"https:\/\/emailchef.com\/wp-content\/uploads\/2014\/09\/emailchef-screenshot-009.jpg\"><img fetchpriority=\"high\" decoding=\"async\" class=\"alignnone wp-image-2549 size-full\" src=\"https:\/\/emailchef.com\/wp-content\/uploads\/2014\/09\/emailchef-screenshot-009.jpg\" alt=\"Anmeldeformulare\" width=\"884\" height=\"264\"><\/a><\/p>\n<p>Ein <strong>Abonnement- oder Anmeldeformular<\/strong> ist definitiv der beste Weg, um neue Kunden zu gewinnen und Ihre erlaubnisbasierte Liste zu vergr\u00f6\u00dfern. Dieses an einer relevanten Stelle Ihrer Webseite integriert, wird es die Aufmerksamkeit der Besucher auf das schnelle und sichere Abonnement Ihres Newsletters lenken.<\/p>\n<p>Wir haben der Erstellungsprozess vereinfacht, um ihn <strong>so einfach wie m\u00f6glich<\/strong> zu machen. In ein paar Schritten k\u00f6nnen Sie sowohl einen direkten, auf Ihrem Server gehosteten Link als auch den HTML-Code zu direkten Installation des Formulars auf Ihrer Webseite erhalten.<\/p>\n<p>Je nach Ihrer Datenschutz-Richtlinie k\u00f6nnen Sie sowohl <strong>Opt-in- als auch doppelte Opt-in-Formulare<\/strong> erstellen. Der erste Typ gestattet eine direkte Registrierung ohne irgendeine weitere Best\u00e4tigung \u2013 der Nutzer gibt seine Daten und E-Mail-Adresse ein, klickt auf &#8220;Abonnieren&#8221;, erh\u00e4lt eine Willkommensnachricht und das war\u00b4s. Dies sind nur bei der h\u00f6chst m\u00f6glichen Datenschutz-Richtlinie, dem <strong>Executive Chef<\/strong>, verf\u00fcgbar. Der doppelte Opt-in-Vorgang andererseits beinhaltet, dass der Nutzer vor dem tats\u00e4chlichen Abschluss des Abonnements auf einen Link in einer Best\u00e4tigungs-E-Mail klickt und somit seine Identit\u00e4t und E-Mail-Adresse best\u00e4tigt.<\/p>\n<p>Um mit der Erstellung eines neuen Formulars zu beginnen, geben Sie dessen <strong>allgemeine Daten<\/strong> (Name, Beschreibung und Standardsprache) ein.<\/p>\n<p>Dann k\u00f6nnen Sie eine <strong>Vorlage w\u00e4hlen<\/strong> (wir bieten eine riesige Auswahl an vorgefertigten Layouts) und diese <strong>frei anpassen<\/strong>. Der Formular-Editor basiert auf einem Drag-and-drop-System, um das Hinzuf\u00fcgen, Entfernen oder Umschalten jedes Elements extrem einfach zu machen.<\/p>\n<p>In dem folgenden Beispiel, ziehen wir eine &#8220;Header&#8221; Box in das Layout und bearbeiten es dann, indem wir Text, Schriftstil und -gr\u00f6\u00dfe ver\u00e4ndern.<\/p>\n<p><img decoding=\"async\" class=\"alignnone wp-image-1793\" src=\"https:\/\/emailchef.com\/wp-content\/uploads\/2014\/09\/subscription-form-header-edit.png\" alt=\"Anmeldeformulare\" width=\"636\" height=\"378\"><\/p>\n<p>Das Gleiche kann mit allen anderen, auf der rechten Seite bereitgestellten Elementen durchgef\u00fchrt werden.<\/p>\n<p>\u00dcber das Icon mit den drei Linien k\u00f6nnen Sie auch die <strong>Feldreihenfolge \u00e4ndern<\/strong> \u2013 klicken Sie auf eines und ziehen dies mit gedr\u00fcckter Maustaste an den gew\u00fcnschten Platz.<\/p>\n<p>Beachten Sie, dass wenn Sie ein <strong>angepasstes Feld<\/strong> erstellt haben, dieses bei den Standardelementen mit zur Verf\u00fcgung steht. Wenn Sie beispielsweise ein numerisches Feld f\u00fcr das Alter des Nutzers erstellt haben, k\u00f6nnen Sie es zum Abonnementformular hinzuf\u00fcgen, um dies w\u00e4hrend des Abonnementvorgangs abzufragen. Alle Daten werden automatisch synchronisiert.<\/p>\n<p>Emailchef erm\u00f6glicht Ihren auch, eine <strong>\u00fcbersetzte Version<\/strong> Ihres Formular zu erstellen, z.B. f\u00fcr mehrsprachige Webseiten. Klicken Sie einfach auf &#8220;\u00dcbersetzung hinzuf\u00fcgen&#8221; und eine Kopie Ihres Formulars wird erstellt, dessen Text Sie direkt \u00fcbersetzen k\u00f6nnen.<\/p>\n<p>Sobald Sie die Bearbeitung abgeschlossen haben, klicken Sie auf &#8220;Einstellung Pr\u00e4ferenzen&#8221;. Der erste Schritt hier ist die Erstellung der <strong>Best\u00e4tigungs-E-Mail<\/strong>. Diese Transaktionsnachricht wird an den Nutzer versendet, um sein Abonnement zu best\u00e4tigen, direkt nachdem er sich im Webformular eingetragen hat. Sie k\u00f6nnen auch Ihr Markenlogo als Bilddatei hochladen. Emailchef wird sich darum k\u00fcmmern, um dieses in die E-Mail einzupassen.<\/p>\n<p>Nun ist es Zeit zu entschieden, ob Sie ein Formular mit <strong>Opt-in oder mit doppelten Opt-in<\/strong> erstellen (die Unterschiede finden Sie oben).<\/p>\n<h4><i>1. Einfaches Opt-in<\/i><\/h4>\n<p>In dem Fall m\u00fcssen Sie nur eine <strong>Willkommensnachricht<\/strong> schreiben, die auf Ihrer Webseite erscheinen wird, direkt nachdem der Nutzer sich eingetragen hat. Zum Beispiel.<\/p>\n<p>Sie k\u00f6nnen sich auch dazu entschlie\u00dfen, eine <strong>Dankes-E-Mail<\/strong> zu senden, um zu best\u00e4tigen, dass alles geklappt hat. Sie k\u00f6nnten den Text der Willkommensnachricht kopieren oder etwas anderes hinzuf\u00fcgen. Der vorgegebene Text ist ein einfaches &#8220;Danke f\u00fcr Ihre Anmeldung zu unserem Newsletter!&#8221; Sie k\u00f6nnen ebenso Ihr <strong>Logo hochladen<\/strong>, Emailchef wird es automatisch bearbeiten, damit es in die E-Mail passt.<\/p>\n<h4><i>2. Doppeltes Opt-in<\/i><\/h4>\n<p>Wenn Sie den doppelten Opt-in-Vorgang einsetzen wollen, m\u00fcssen Sie zuerst eine <strong>E-Mail zur Best\u00e4tigung des Abonnements<\/strong> festlegen. Diese wird an den Nutzer versendet, direkt nachdem er sich im Formular eingetragen hat. Darin befindet sich eine Link (dargestellt durch den Tag [confirm_link]), den der Nutzer anklicken muss, um seine Registrierung zu best\u00e4tigen (und somit die G\u00fcltigkeit seiner Adresse). Emailchef bietet in der Box einen Standardtext, um Sie anzuleiten. Sie k\u00f6nnen auch Ihr Logo hochladen, das System wird dieses automatisch bearbeiten, damit es in die E-Mail passt.<\/p>\n<p>Der n\u00e4chste Schritt ist die Erstellung eines <strong>Hinweises<\/strong>, der auf der Webseite erscheint und zeigt, dass die E-Mail zur Best\u00e4tigung des Abonnements korrekt versendet wurde. Schlie\u00dflich eine <strong>Willkommensnachricht<\/strong>, die auf der Webseite erscheint, sobald der Nutzer auf den in der Best\u00e4tigungs-E-Mail bereitgestellten Link klickt und somit den doppelten Opt-in-Vorgang abschlie\u00dft.<\/p>\n<p>Um Ihren Abonnenten eine korrekt formatierte <strong>Willkommens-E-Mail<\/strong> zu senden, nutzt Emailchef ein internes <strong>Tag-System<\/strong>. M\u00f6chten Sie sich diese Tags anschauen? Sie werden sehen, dass diese leicht verst\u00e4ndlich und \u2013 wenn Sie es letztlich ben\u00f6tigen \u2013 einfach zu \u00e4ndern sind.<\/p>\n<p>{{h1#Anmeldung Best\u00e4tigung}} f\u00fcr den Titel (in Textk\u00f6rper der E-Mail)<br \/>\n{{button#[[confirm_link]]#Ja, tragen Sie mich in die Liste ein}} f\u00fcr den Best\u00e4tigungs-Button<br \/>\n{{a#[[unsubscribe_link]]#Hier klicken zum Abmelden}} zum Hinzuf\u00fcgen eines Abmeldelinks<\/p>\n<p>Bitte beachten Sie, dass Sie die W\u00f6rter in Kursiv nach dem # anpassen k\u00f6nnen.<\/p>\n<p>Dar\u00fcber hinaus erstellt Emailchef ein paar Platzhalter, einige davon sind fest voreingestellt ([[email]], [[first_name]], [[last_name]]), andere werden aus den von Ihnen angelegten, angepassten Feldern erzeugt (z.B. Geburtsdatum, Land etc.).<\/p>\n<p>Sie k\u00f6nnen sich auch dazu entschlie\u00dfen, eine <strong>Dankes-E-Mail<\/strong> zu senden, um zu best\u00e4tigen, dass alles geklappt hat. Sie k\u00f6nnen den Text der Willkommensnachricht kopieren oder etwas anderes hinzuf\u00fcgen. Der vorgegebene Text ist ein einfaches &#8220;Danke f\u00fcr Ihre Anmeldung zu unserem Newsletter!&#8221; Sie k\u00f6nnen ebenso Ihr <strong>Logo hochladen<\/strong>, Emailchef wird es automatisch bearbeiten, damit es in die E-Mail passt.<\/p>\n<p>Abschlie\u00dfend klicken Sie auf &#8220;Code erhalten&#8221;. Emailchef erm\u00f6glicht Ihnen sowohl das Kopieren des HTML-Links und das Einf\u00fcgen desselben an die von Ihnen bevorzugte Stelle Ihrer Webseite oder das Verlinken des Formulars als eine statische Adresse.<\/p>\n<p>&nbsp;<\/p>\n","protected":false},"excerpt":{"rendered":"<p>General form management Auf jeder Listen-Management Seite werden Sie einen &#8220;Anmeldeformulare&#8221; Button finden, der Sie zum Formular Creation Manager bringt: Ein Abonnement- oder Anmeldeformular ist definitiv der beste Weg, um neue Kunden zu gewinnen und Ihre erlaubnisbasierte Liste zu vergr\u00f6\u00dfern. Dieses an einer relevanten Stelle Ihrer Webseite integriert, wird es die Aufmerksamkeit der Besucher auf [&hellip;]<\/p>\n","protected":false},"author":1,"featured_media":0,"parent":3479,"menu_order":0,"comment_status":"closed","ping_status":"closed","template":"","meta":{"_acf_changed":false,"inline_featured_image":false,"footnotes":""},"g1_relation_tag":[],"class_list":["post-3503","page","type-page","status-publish","hentry"],"acf":[],"yoast_head":"<!-- This site is optimized with the Yoast SEO plugin v24.8.1 - https:\/\/yoast.com\/wordpress\/plugins\/seo\/ -->\n<title>Allgemeines Formular-Management - Emailchef<\/title>\n<meta name=\"description\" content=\"Auf jeder Listen-Management Seite werden Sie einen &quot;Anmeldeformulare&quot; Button finden, der Sie zum Formular Creation Manager bringt\" \/>\n<meta name=\"robots\" content=\"index, follow, max-snippet:-1, max-image-preview:large, max-video-preview:-1\" \/>\n<link rel=\"canonical\" href=\"https:\/\/emailchef.com\/de\/wissensdatenbank\/allgemeines-formular-management\/\" \/>\n<meta name=\"twitter:label1\" content=\"Gesch\u00e4tzte Lesezeit\" \/>\n\t<meta name=\"twitter:data1\" content=\"5\u00a0Minuten\" \/>\n<!-- \/ Yoast SEO plugin. -->","yoast_head_json":{"title":"Allgemeines Formular-Management - Emailchef","description":"Auf jeder Listen-Management Seite werden Sie einen \"Anmeldeformulare\" Button finden, der Sie zum Formular Creation Manager bringt","robots":{"index":"index","follow":"follow","max-snippet":"max-snippet:-1","max-image-preview":"max-image-preview:large","max-video-preview":"max-video-preview:-1"},"canonical":"https:\/\/emailchef.com\/de\/wissensdatenbank\/allgemeines-formular-management\/","twitter_misc":{"Gesch\u00e4tzte Lesezeit":"5\u00a0Minuten"},"schema":{"@context":"https:\/\/schema.org","@graph":[{"@type":"WebPage","@id":"https:\/\/emailchef.com\/de\/wissensdatenbank\/allgemeines-formular-management\/","url":"https:\/\/emailchef.com\/de\/wissensdatenbank\/allgemeines-formular-management\/","name":"Allgemeines Formular-Management - Emailchef","isPartOf":{"@id":"https:\/\/emailchef.com\/de\/#website"},"primaryImageOfPage":{"@id":"https:\/\/emailchef.com\/de\/wissensdatenbank\/allgemeines-formular-management\/#primaryimage"},"image":{"@id":"https:\/\/emailchef.com\/de\/wissensdatenbank\/allgemeines-formular-management\/#primaryimage"},"thumbnailUrl":"https:\/\/emailchef.com\/wp-content\/uploads\/2014\/09\/emailchef-screenshot-009.jpg","datePublished":"2014-09-22T08:26:53+00:00","dateModified":"2021-08-10T11:27:46+00:00","description":"Auf jeder Listen-Management Seite werden Sie einen \"Anmeldeformulare\" Button finden, der Sie zum Formular Creation Manager bringt","breadcrumb":{"@id":"https:\/\/emailchef.com\/de\/wissensdatenbank\/allgemeines-formular-management\/#breadcrumb"},"inLanguage":"de","potentialAction":[{"@type":"ReadAction","target":["https:\/\/emailchef.com\/de\/wissensdatenbank\/allgemeines-formular-management\/"]}]},{"@type":"ImageObject","inLanguage":"de","@id":"https:\/\/emailchef.com\/de\/wissensdatenbank\/allgemeines-formular-management\/#primaryimage","url":"https:\/\/emailchef.com\/wp-content\/uploads\/2014\/09\/emailchef-screenshot-009.jpg","contentUrl":"https:\/\/emailchef.com\/wp-content\/uploads\/2014\/09\/emailchef-screenshot-009.jpg"},{"@type":"BreadcrumbList","@id":"https:\/\/emailchef.com\/de\/wissensdatenbank\/allgemeines-formular-management\/#breadcrumb","itemListElement":[{"@type":"ListItem","position":1,"name":"Home","item":"https:\/\/emailchef.com\/de\/emailchef-e-mail-marketing-service\/"},{"@type":"ListItem","position":2,"name":"Wissensdatenbank","item":"https:\/\/emailchef.com\/de\/wissensdatenbank\/"},{"@type":"ListItem","position":3,"name":"Allgemeines Formular-Management"}]},{"@type":"WebSite","@id":"https:\/\/emailchef.com\/de\/#website","url":"https:\/\/emailchef.com\/de\/","name":"Emailchef","description":"K\u00f6stliche Rezepte f\u00fcr E-Mail-Marketing","publisher":{"@id":"https:\/\/emailchef.com\/de\/#organization"},"potentialAction":[{"@type":"SearchAction","target":{"@type":"EntryPoint","urlTemplate":"https:\/\/emailchef.com\/de\/?s={search_term_string}"},"query-input":{"@type":"PropertyValueSpecification","valueRequired":true,"valueName":"search_term_string"}}],"inLanguage":"de"},{"@type":"Organization","@id":"https:\/\/emailchef.com\/de\/#organization","name":"Delivery Tech Corp.","url":"https:\/\/emailchef.com\/de\/","logo":{"@type":"ImageObject","inLanguage":"de","@id":"https:\/\/emailchef.com\/de\/#\/schema\/logo\/image\/","url":"https:\/\/emailchef.com\/wp-content\/uploads\/2022\/04\/logo-sama.png","contentUrl":"https:\/\/emailchef.com\/wp-content\/uploads\/2022\/04\/logo-sama.png","width":237,"height":80,"caption":"Delivery Tech Corp."},"image":{"@id":"https:\/\/emailchef.com\/de\/#\/schema\/logo\/image\/"}}]}},"_links":{"self":[{"href":"https:\/\/emailchef.com\/de\/wp-json\/wp\/v2\/pages\/3503"}],"collection":[{"href":"https:\/\/emailchef.com\/de\/wp-json\/wp\/v2\/pages"}],"about":[{"href":"https:\/\/emailchef.com\/de\/wp-json\/wp\/v2\/types\/page"}],"author":[{"embeddable":true,"href":"https:\/\/emailchef.com\/de\/wp-json\/wp\/v2\/users\/1"}],"replies":[{"embeddable":true,"href":"https:\/\/emailchef.com\/de\/wp-json\/wp\/v2\/comments?post=3503"}],"version-history":[{"count":2,"href":"https:\/\/emailchef.com\/de\/wp-json\/wp\/v2\/pages\/3503\/revisions"}],"predecessor-version":[{"id":47358,"href":"https:\/\/emailchef.com\/de\/wp-json\/wp\/v2\/pages\/3503\/revisions\/47358"}],"up":[{"embeddable":true,"href":"https:\/\/emailchef.com\/de\/wp-json\/wp\/v2\/pages\/3479"}],"wp:attachment":[{"href":"https:\/\/emailchef.com\/de\/wp-json\/wp\/v2\/media?parent=3503"}],"wp:term":[{"taxonomy":"g1_relation_tag","embeddable":true,"href":"https:\/\/emailchef.com\/de\/wp-json\/wp\/v2\/g1_relation_tag?post=3503"}],"curies":[{"name":"wp","href":"https:\/\/api.w.org\/{rel}","templated":true}]}}