{"id":3500,"date":"2014-09-22T08:27:45","date_gmt":"2014-09-22T08:27:45","guid":{"rendered":"http:\/\/emailchef.com\/de\/?page_id=3500"},"modified":"2016-01-12T10:37:14","modified_gmt":"2016-01-12T10:37:14","slug":"globale-blacklist","status":"publish","type":"page","link":"https:\/\/emailchef.com\/de\/wissensdatenbank\/globale-blacklist\/","title":{"rendered":"Globale Blacklist"},"content":{"rendered":"<p>Auf der Seite Allgemeines Listen-Management (immer \u00fcber einen Klick auf den &#8220;Kontakt&#8221; Button oben zu erreichen) finden Sie auf der rechten Seite einen Button f\u00fcr die &#8220;Globale Blacklist&#8221;.<\/p>\n<p>Auf dieser Seite k\u00f6nnen Sie alle Adressen hinzuf\u00fcgen, die <strong>keine E-Mails mehr erhalten werden<\/strong>, ungeachtet dessen, welchen Abonnementstatus diese in allen Listen haben. Sie k\u00f6nnen individuelle Kontakte hinzuf\u00fcgen oder <strong>sogar ganze DNS-Dom\u00e4nen<\/strong>.<\/p>\n<p><a href=\"http:\/\/emailchef.com\/wp-content\/uploads\/2014\/09\/emailchef-screenshot-008.jpg\"><img fetchpriority=\"high\" decoding=\"async\" class=\"alignnone wp-image-2546 size-full\" src=\"http:\/\/emailchef.com\/wp-content\/uploads\/2014\/09\/emailchef-screenshot-008.jpg\" alt=\"Globale Blacklist\" width=\"1182\" height=\"295\" \/><\/a><\/p>\n","protected":false},"excerpt":{"rendered":"<p>Auf der Seite Allgemeines Listen-Management (immer \u00fcber einen Klick auf den &#8220;Kontakt&#8221; Button oben zu erreichen) finden Sie auf der rechten Seite einen Button f\u00fcr die &#8220;Globale Blacklist&#8221;. Auf dieser Seite k\u00f6nnen Sie alle Adressen hinzuf\u00fcgen, die keine E-Mails mehr erhalten werden, ungeachtet dessen, welchen Abonnementstatus diese in allen Listen haben. Sie k\u00f6nnen individuelle Kontakte [&hellip;]<\/p>\n","protected":false},"author":1,"featured_media":0,"parent":3479,"menu_order":0,"comment_status":"closed","ping_status":"closed","template":"","meta":{"_acf_changed":false,"inline_featured_image":false,"footnotes":""},"g1_relation_tag":[],"class_list":["post-3500","page","type-page","status-publish","hentry"],"acf":[],"yoast_head":"<!-- This site is optimized with the Yoast SEO plugin v24.8.1 - https:\/\/yoast.com\/wordpress\/plugins\/seo\/ -->\n<title>Globale Blacklist - Emailchef<\/title>\n<meta name=\"description\" content=\"Auf der Seite Allgemeines Listen-Management finden Sie auf der rechten Seite einen Butto\" \/>\n<meta name=\"robots\" content=\"index, follow, max-snippet:-1, max-image-preview:large, max-video-preview:-1\" \/>\n<link rel=\"canonical\" href=\"https:\/\/emailchef.com\/de\/wissensdatenbank\/globale-blacklist\/\" \/>\n<!-- \/ Yoast SEO plugin. -->","yoast_head_json":{"title":"Globale Blacklist - Emailchef","description":"Auf der Seite Allgemeines Listen-Management finden Sie auf der rechten Seite einen Butto","robots":{"index":"index","follow":"follow","max-snippet":"max-snippet:-1","max-image-preview":"max-image-preview:large","max-video-preview":"max-video-preview:-1"},"canonical":"https:\/\/emailchef.com\/de\/wissensdatenbank\/globale-blacklist\/","schema":{"@context":"https:\/\/schema.org","@graph":[{"@type":"WebPage","@id":"https:\/\/emailchef.com\/de\/wissensdatenbank\/globale-blacklist\/","url":"https:\/\/emailchef.com\/de\/wissensdatenbank\/globale-blacklist\/","name":"Globale Blacklist - Emailchef","isPartOf":{"@id":"https:\/\/emailchef.com\/de\/#website"},"primaryImageOfPage":{"@id":"https:\/\/emailchef.com\/de\/wissensdatenbank\/globale-blacklist\/#primaryimage"},"image":{"@id":"https:\/\/emailchef.com\/de\/wissensdatenbank\/globale-blacklist\/#primaryimage"},"thumbnailUrl":"http:\/\/emailchef.com\/wp-content\/uploads\/2014\/09\/emailchef-screenshot-008.jpg","datePublished":"2014-09-22T08:27:45+00:00","dateModified":"2016-01-12T10:37:14+00:00","description":"Auf der Seite Allgemeines Listen-Management finden Sie auf der rechten Seite einen Butto","breadcrumb":{"@id":"https:\/\/emailchef.com\/de\/wissensdatenbank\/globale-blacklist\/#breadcrumb"},"inLanguage":"de","potentialAction":[{"@type":"ReadAction","target":["https:\/\/emailchef.com\/de\/wissensdatenbank\/globale-blacklist\/"]}]},{"@type":"ImageObject","inLanguage":"de","@id":"https:\/\/emailchef.com\/de\/wissensdatenbank\/globale-blacklist\/#primaryimage","url":"http:\/\/emailchef.com\/wp-content\/uploads\/2014\/09\/emailchef-screenshot-008.jpg","contentUrl":"http:\/\/emailchef.com\/wp-content\/uploads\/2014\/09\/emailchef-screenshot-008.jpg"},{"@type":"BreadcrumbList","@id":"https:\/\/emailchef.com\/de\/wissensdatenbank\/globale-blacklist\/#breadcrumb","itemListElement":[{"@type":"ListItem","position":1,"name":"Home","item":"https:\/\/emailchef.com\/de\/emailchef-e-mail-marketing-service\/"},{"@type":"ListItem","position":2,"name":"Wissensdatenbank","item":"https:\/\/emailchef.com\/de\/wissensdatenbank\/"},{"@type":"ListItem","position":3,"name":"Globale Blacklist"}]},{"@type":"WebSite","@id":"https:\/\/emailchef.com\/de\/#website","url":"https:\/\/emailchef.com\/de\/","name":"Emailchef","description":"K\u00f6stliche Rezepte f\u00fcr E-Mail-Marketing","publisher":{"@id":"https:\/\/emailchef.com\/de\/#organization"},"potentialAction":[{"@type":"SearchAction","target":{"@type":"EntryPoint","urlTemplate":"https:\/\/emailchef.com\/de\/?s={search_term_string}"},"query-input":{"@type":"PropertyValueSpecification","valueRequired":true,"valueName":"search_term_string"}}],"inLanguage":"de"},{"@type":"Organization","@id":"https:\/\/emailchef.com\/de\/#organization","name":"Delivery Tech Corp.","url":"https:\/\/emailchef.com\/de\/","logo":{"@type":"ImageObject","inLanguage":"de","@id":"https:\/\/emailchef.com\/de\/#\/schema\/logo\/image\/","url":"https:\/\/emailchef.com\/wp-content\/uploads\/2022\/04\/logo-sama.png","contentUrl":"https:\/\/emailchef.com\/wp-content\/uploads\/2022\/04\/logo-sama.png","width":237,"height":80,"caption":"Delivery Tech Corp."},"image":{"@id":"https:\/\/emailchef.com\/de\/#\/schema\/logo\/image\/"}}]}},"_links":{"self":[{"href":"https:\/\/emailchef.com\/de\/wp-json\/wp\/v2\/pages\/3500"}],"collection":[{"href":"https:\/\/emailchef.com\/de\/wp-json\/wp\/v2\/pages"}],"about":[{"href":"https:\/\/emailchef.com\/de\/wp-json\/wp\/v2\/types\/page"}],"author":[{"embeddable":true,"href":"https:\/\/emailchef.com\/de\/wp-json\/wp\/v2\/users\/1"}],"replies":[{"embeddable":true,"href":"https:\/\/emailchef.com\/de\/wp-json\/wp\/v2\/comments?post=3500"}],"version-history":[{"count":1,"href":"https:\/\/emailchef.com\/de\/wp-json\/wp\/v2\/pages\/3500\/revisions"}],"predecessor-version":[{"id":3501,"href":"https:\/\/emailchef.com\/de\/wp-json\/wp\/v2\/pages\/3500\/revisions\/3501"}],"up":[{"embeddable":true,"href":"https:\/\/emailchef.com\/de\/wp-json\/wp\/v2\/pages\/3479"}],"wp:attachment":[{"href":"https:\/\/emailchef.com\/de\/wp-json\/wp\/v2\/media?parent=3500"}],"wp:term":[{"taxonomy":"g1_relation_tag","embeddable":true,"href":"https:\/\/emailchef.com\/de\/wp-json\/wp\/v2\/g1_relation_tag?post=3500"}],"curies":[{"name":"wp","href":"https:\/\/api.w.org\/{rel}","templated":true}]}}