{"id":3479,"date":"2014-09-22T08:04:21","date_gmt":"2014-09-22T08:04:21","guid":{"rendered":"http:\/\/emailchef.com\/de\/?page_id=3479"},"modified":"2016-02-15T09:55:01","modified_gmt":"2016-02-15T09:55:01","slug":"wissensdatenbank","status":"publish","type":"page","link":"https:\/\/emailchef.com\/de\/wissensdatenbank\/","title":{"rendered":"Wissensdatenbank"},"content":{"rendered":"<p>Auf dieser Seite finden Sie eine <strong>komplette Einf\u00fchrung f\u00fcr Emailchef<\/strong>, angefangen vom Aufbau einer Kontaktliste, bis hin zum Erstellen, Senden und Analysieren Ihrer E-Mail-Kampagne.<\/p>\n<p>Sie k\u00f6nnen durch die Themen surfen, indem Sie auf das Men\u00fc links klicken. Wenn Sie eine kurze Zusammenfassung der Funktionen von Emailchef m\u00f6chten, schauen Sie sich unsere Anleitung zur <strong>Erstellung einer Kampagne in 5 Minuten<\/strong> an.<\/p>\n","protected":false},"excerpt":{"rendered":"<p>Auf dieser Seite finden Sie eine komplette Einf\u00fchrung f\u00fcr Emailchef, angefangen vom Aufbau einer Kontaktliste, bis hin zum Erstellen, Senden und Analysieren Ihrer E-Mail-Kampagne. Sie k\u00f6nnen durch die Themen surfen, indem Sie auf das Men\u00fc links klicken. Wenn Sie eine kurze Zusammenfassung der Funktionen von Emailchef m\u00f6chten, schauen Sie sich unsere Anleitung zur Erstellung einer [&hellip;]<\/p>\n","protected":false},"author":1,"featured_media":0,"parent":0,"menu_order":171,"comment_status":"closed","ping_status":"closed","template":"","meta":{"_acf_changed":false,"inline_featured_image":false,"footnotes":""},"g1_relation_tag":[],"class_list":["post-3479","page","type-page","status-publish","hentry"],"acf":[],"yoast_head":"<!-- This site is optimized with the Yoast SEO plugin v24.8.1 - https:\/\/yoast.com\/wordpress\/plugins\/seo\/ -->\n<title>Wissensdatenbank - Emailchef<\/title>\n<meta name=\"description\" content=\"Sie sind hier: Home Wissensdatenbank Auf dieser Seite finden Sie eine komplette Einf\u00fchrung f\u00fcr Emailchef, angefangen vom Aufbau einer Kontaktliste\" \/>\n<meta name=\"robots\" content=\"index, follow, max-snippet:-1, max-image-preview:large, max-video-preview:-1\" \/>\n<link rel=\"canonical\" href=\"https:\/\/emailchef.com\/de\/wissensdatenbank\/\" \/>\n<!-- \/ Yoast SEO plugin. -->","yoast_head_json":{"title":"Wissensdatenbank - Emailchef","description":"Sie sind hier: Home Wissensdatenbank Auf dieser Seite finden Sie eine komplette Einf\u00fchrung f\u00fcr Emailchef, angefangen vom Aufbau einer Kontaktliste","robots":{"index":"index","follow":"follow","max-snippet":"max-snippet:-1","max-image-preview":"max-image-preview:large","max-video-preview":"max-video-preview:-1"},"canonical":"https:\/\/emailchef.com\/de\/wissensdatenbank\/","schema":{"@context":"https:\/\/schema.org","@graph":[{"@type":"WebPage","@id":"https:\/\/emailchef.com\/de\/wissensdatenbank\/","url":"https:\/\/emailchef.com\/de\/wissensdatenbank\/","name":"Wissensdatenbank - Emailchef","isPartOf":{"@id":"https:\/\/emailchef.com\/de\/#website"},"datePublished":"2014-09-22T08:04:21+00:00","dateModified":"2016-02-15T09:55:01+00:00","description":"Sie sind hier: Home Wissensdatenbank Auf dieser Seite finden Sie eine komplette Einf\u00fchrung f\u00fcr Emailchef, angefangen vom Aufbau einer Kontaktliste","breadcrumb":{"@id":"https:\/\/emailchef.com\/de\/wissensdatenbank\/#breadcrumb"},"inLanguage":"de","potentialAction":[{"@type":"ReadAction","target":["https:\/\/emailchef.com\/de\/wissensdatenbank\/"]}]},{"@type":"BreadcrumbList","@id":"https:\/\/emailchef.com\/de\/wissensdatenbank\/#breadcrumb","itemListElement":[{"@type":"ListItem","position":1,"name":"Home","item":"https:\/\/emailchef.com\/de\/emailchef-e-mail-marketing-service\/"},{"@type":"ListItem","position":2,"name":"Wissensdatenbank"}]},{"@type":"WebSite","@id":"https:\/\/emailchef.com\/de\/#website","url":"https:\/\/emailchef.com\/de\/","name":"Emailchef","description":"K\u00f6stliche Rezepte f\u00fcr E-Mail-Marketing","publisher":{"@id":"https:\/\/emailchef.com\/de\/#organization"},"potentialAction":[{"@type":"SearchAction","target":{"@type":"EntryPoint","urlTemplate":"https:\/\/emailchef.com\/de\/?s={search_term_string}"},"query-input":{"@type":"PropertyValueSpecification","valueRequired":true,"valueName":"search_term_string"}}],"inLanguage":"de"},{"@type":"Organization","@id":"https:\/\/emailchef.com\/de\/#organization","name":"Delivery Tech Corp.","url":"https:\/\/emailchef.com\/de\/","logo":{"@type":"ImageObject","inLanguage":"de","@id":"https:\/\/emailchef.com\/de\/#\/schema\/logo\/image\/","url":"https:\/\/emailchef.com\/wp-content\/uploads\/2022\/04\/logo-sama.png","contentUrl":"https:\/\/emailchef.com\/wp-content\/uploads\/2022\/04\/logo-sama.png","width":237,"height":80,"caption":"Delivery Tech Corp."},"image":{"@id":"https:\/\/emailchef.com\/de\/#\/schema\/logo\/image\/"}}]}},"_links":{"self":[{"href":"https:\/\/emailchef.com\/de\/wp-json\/wp\/v2\/pages\/3479"}],"collection":[{"href":"https:\/\/emailchef.com\/de\/wp-json\/wp\/v2\/pages"}],"about":[{"href":"https:\/\/emailchef.com\/de\/wp-json\/wp\/v2\/types\/page"}],"author":[{"embeddable":true,"href":"https:\/\/emailchef.com\/de\/wp-json\/wp\/v2\/users\/1"}],"replies":[{"embeddable":true,"href":"https:\/\/emailchef.com\/de\/wp-json\/wp\/v2\/comments?post=3479"}],"version-history":[{"count":1,"href":"https:\/\/emailchef.com\/de\/wp-json\/wp\/v2\/pages\/3479\/revisions"}],"predecessor-version":[{"id":3480,"href":"https:\/\/emailchef.com\/de\/wp-json\/wp\/v2\/pages\/3479\/revisions\/3480"}],"wp:attachment":[{"href":"https:\/\/emailchef.com\/de\/wp-json\/wp\/v2\/media?parent=3479"}],"wp:term":[{"taxonomy":"g1_relation_tag","embeddable":true,"href":"https:\/\/emailchef.com\/de\/wp-json\/wp\/v2\/g1_relation_tag?post=3479"}],"curies":[{"name":"wp","href":"https:\/\/api.w.org\/{rel}","templated":true}]}}