{"id":3475,"date":"2014-09-18T10:17:57","date_gmt":"2014-09-18T10:17:57","guid":{"rendered":"http:\/\/emailchef.com\/de\/?page_id=3475"},"modified":"2021-07-09T08:43:44","modified_gmt":"2021-07-09T08:43:44","slug":"was-ist-das-doppelte-opt-in","status":"publish","type":"page","link":"https:\/\/emailchef.com\/de\/was-ist-das-doppelte-opt-in\/","title":{"rendered":"Was ist das doppelte Opt-in?"},"content":{"rendered":"<p>Eine E-Mail wird durch <strong>ein doppeltes Opt-in-Verfahren<\/strong> erhoben, wenn der Abonnent nach dem Eintrag \u00fcber ein Web-Anmeldeformular eine Best\u00e4tigungs-E-Mail erh\u00e4lt, um seine Identit\u00e4t zu verifizieren (\u00fcblicherweise durch den Klick auf einen Link). Der Hauptvorteil von einem solchen System ist, <strong>dass es garantiert nur Adressen erfasst<\/strong>, die g\u00fcltig sind und genutzt werden, so dass das Problem nicht existierender E-Mails ein f\u00fcr allemal vermieden wird. Es verhindert auch, dass Leute zuf\u00e4llig oder absichtlich von Dritten eingetragen werden.<\/p>\n<p>Plus, eine E-Mail-Liste mit doppeltem Opt-in besitzt allgemein ein <strong>hohes Engagement<\/strong>, da es aus Nutzern besteht, die ein klares und ausdr\u00fcckliches Interesse an Ihren Newslettern erkl\u00e4rt haben. Nat\u00fcrlich ist es Ihre Pflicht, dieses <strong>Interesse durch die Bereitstellung<\/strong> von frischen und relevanten Inhalten auf regelm\u00e4\u00dfiger Basis entsprechend Ihrer Marketingstrategie am Leben zu erhalten.<\/p>\n<p>Wenn also jemand Massen-E-Mails an eine Liste mit <strong>doppeltem Opt-in versendet<\/strong>, sprechen wir \u00fcblicherweise von doppeltem Opt-in E-Mail-Marketing. Sogar wenn der gesamte Vorgang ein wenig komplizierter sein mag, als das klassische einfache Opt-in, so ist es definitiv sicherer und wird als beste Praxis angesehen. Es ist jedenfalls sehr wichtig, dies zu rationalisieren und sicherzustellen, dass <strong>alle Informationen korrekt aufgenommen werden<\/strong>.<\/p>\n<p>Darum bietet <a href=\"http:\/\/emailchef.com\/de\/lebenslang-kostenloser-service\/\" title=\"Kostenlose E-mail Marketing Service\"><strong>Emailchef<\/strong><\/a> ein <strong>spezielles Anmeldeprozess-Tool<\/strong>, beginnend mit einem Drag-and-drop-Editor, der Ihnen helfen wird, ein perfektes und effektives Anmeldeformular zu entwerfen. Dann k\u00f6nnen Sie ausw\u00e4hlen, ob Sie ein klassisches einfaches Opt-in-Verfahren oder das hier beschriebene doppelte Opt-in-Verfahren haben m\u00f6chten. In diesem Fall verfassen Sie eine Best\u00e4tigungs-E-Mail, welche direkt nach dem Abonnement an den Nutzer versendet wird. Sie k\u00f6nnen auch eine abschlie\u00dfende Willkommens-E-Mail bereitstellen, wenn Sie m\u00f6gen.<\/p>\n","protected":false},"excerpt":{"rendered":"<p>Eine E-Mail wird durch ein doppeltes Opt-in-Verfahren erhoben, wenn der Abonnent nach dem Eintrag \u00fcber ein Web-Anmeldeformular eine Best\u00e4tigungs-E-Mail erh\u00e4lt, um seine Identit\u00e4t zu verifizieren (\u00fcblicherweise durch den Klick auf einen Link). Der Hauptvorteil von einem solchen System ist, dass es garantiert nur Adressen erfasst&#8230;<\/p>\n","protected":false},"author":1,"featured_media":0,"parent":0,"menu_order":271,"comment_status":"closed","ping_status":"closed","template":"","meta":{"_acf_changed":false,"inline_featured_image":false,"footnotes":""},"g1_relation_tag":[77],"class_list":["post-3475","page","type-page","status-publish","hentry","g1_relation_tag-newsletter-anmeldeformular"],"acf":[],"yoast_head":"<!-- This site is optimized with the Yoast SEO plugin v24.8.1 - https:\/\/yoast.com\/wordpress\/plugins\/seo\/ -->\n<title>Was ist das doppelte Opt-in? - Emailchef<\/title>\n<meta name=\"description\" content=\"Eine E-Mail wird durch ein doppeltes Opt-in-Verfahren erhoben, wenn der Abonnent nach dem Eintrag \u00fcber ein Web-Anmeldeformular eine Best\u00e4tigungs-E-Mail erh\u00e4lt\" \/>\n<meta name=\"robots\" content=\"index, follow, max-snippet:-1, max-image-preview:large, max-video-preview:-1\" \/>\n<link rel=\"canonical\" href=\"https:\/\/emailchef.com\/de\/was-ist-das-doppelte-opt-in\/\" \/>\n<meta name=\"twitter:label1\" content=\"Gesch\u00e4tzte Lesezeit\" \/>\n\t<meta name=\"twitter:data1\" content=\"2\u00a0Minuten\" \/>\n<!-- \/ Yoast SEO plugin. -->","yoast_head_json":{"title":"Was ist das doppelte Opt-in? - Emailchef","description":"Eine E-Mail wird durch ein doppeltes Opt-in-Verfahren erhoben, wenn der Abonnent nach dem Eintrag \u00fcber ein Web-Anmeldeformular eine Best\u00e4tigungs-E-Mail erh\u00e4lt","robots":{"index":"index","follow":"follow","max-snippet":"max-snippet:-1","max-image-preview":"max-image-preview:large","max-video-preview":"max-video-preview:-1"},"canonical":"https:\/\/emailchef.com\/de\/was-ist-das-doppelte-opt-in\/","twitter_misc":{"Gesch\u00e4tzte Lesezeit":"2\u00a0Minuten"},"schema":{"@context":"https:\/\/schema.org","@graph":[{"@type":"WebPage","@id":"https:\/\/emailchef.com\/de\/was-ist-das-doppelte-opt-in\/","url":"https:\/\/emailchef.com\/de\/was-ist-das-doppelte-opt-in\/","name":"Was ist das doppelte Opt-in? - Emailchef","isPartOf":{"@id":"https:\/\/emailchef.com\/de\/#website"},"datePublished":"2014-09-18T10:17:57+00:00","dateModified":"2021-07-09T08:43:44+00:00","description":"Eine E-Mail wird durch ein doppeltes Opt-in-Verfahren erhoben, wenn der Abonnent nach dem Eintrag \u00fcber ein Web-Anmeldeformular eine Best\u00e4tigungs-E-Mail erh\u00e4lt","breadcrumb":{"@id":"https:\/\/emailchef.com\/de\/was-ist-das-doppelte-opt-in\/#breadcrumb"},"inLanguage":"de","potentialAction":[{"@type":"ReadAction","target":["https:\/\/emailchef.com\/de\/was-ist-das-doppelte-opt-in\/"]}]},{"@type":"BreadcrumbList","@id":"https:\/\/emailchef.com\/de\/was-ist-das-doppelte-opt-in\/#breadcrumb","itemListElement":[{"@type":"ListItem","position":1,"name":"Home","item":"https:\/\/emailchef.com\/de\/emailchef-e-mail-marketing-service\/"},{"@type":"ListItem","position":2,"name":"Was ist das doppelte Opt-in?"}]},{"@type":"WebSite","@id":"https:\/\/emailchef.com\/de\/#website","url":"https:\/\/emailchef.com\/de\/","name":"Emailchef","description":"K\u00f6stliche Rezepte f\u00fcr E-Mail-Marketing","publisher":{"@id":"https:\/\/emailchef.com\/de\/#organization"},"potentialAction":[{"@type":"SearchAction","target":{"@type":"EntryPoint","urlTemplate":"https:\/\/emailchef.com\/de\/?s={search_term_string}"},"query-input":{"@type":"PropertyValueSpecification","valueRequired":true,"valueName":"search_term_string"}}],"inLanguage":"de"},{"@type":"Organization","@id":"https:\/\/emailchef.com\/de\/#organization","name":"Delivery Tech Corp.","url":"https:\/\/emailchef.com\/de\/","logo":{"@type":"ImageObject","inLanguage":"de","@id":"https:\/\/emailchef.com\/de\/#\/schema\/logo\/image\/","url":"https:\/\/emailchef.com\/wp-content\/uploads\/2022\/04\/logo-sama.png","contentUrl":"https:\/\/emailchef.com\/wp-content\/uploads\/2022\/04\/logo-sama.png","width":237,"height":80,"caption":"Delivery Tech Corp."},"image":{"@id":"https:\/\/emailchef.com\/de\/#\/schema\/logo\/image\/"}}]}},"_links":{"self":[{"href":"https:\/\/emailchef.com\/de\/wp-json\/wp\/v2\/pages\/3475"}],"collection":[{"href":"https:\/\/emailchef.com\/de\/wp-json\/wp\/v2\/pages"}],"about":[{"href":"https:\/\/emailchef.com\/de\/wp-json\/wp\/v2\/types\/page"}],"author":[{"embeddable":true,"href":"https:\/\/emailchef.com\/de\/wp-json\/wp\/v2\/users\/1"}],"replies":[{"embeddable":true,"href":"https:\/\/emailchef.com\/de\/wp-json\/wp\/v2\/comments?post=3475"}],"version-history":[{"count":1,"href":"https:\/\/emailchef.com\/de\/wp-json\/wp\/v2\/pages\/3475\/revisions"}],"predecessor-version":[{"id":3476,"href":"https:\/\/emailchef.com\/de\/wp-json\/wp\/v2\/pages\/3475\/revisions\/3476"}],"wp:attachment":[{"href":"https:\/\/emailchef.com\/de\/wp-json\/wp\/v2\/media?parent=3475"}],"wp:term":[{"taxonomy":"g1_relation_tag","embeddable":true,"href":"https:\/\/emailchef.com\/de\/wp-json\/wp\/v2\/g1_relation_tag?post=3475"}],"curies":[{"name":"wp","href":"https:\/\/api.w.org\/{rel}","templated":true}]}}