{"id":3473,"date":"2014-10-01T08:42:04","date_gmt":"2014-10-01T08:42:04","guid":{"rendered":"http:\/\/emailchef.com\/de\/?page_id=3473"},"modified":"2021-07-09T08:36:55","modified_gmt":"2021-07-09T08:36:55","slug":"was-ist-direct-e-mail-marketing","status":"publish","type":"page","link":"https:\/\/emailchef.com\/de\/was-ist-direct-e-mail-marketing\/","title":{"rendered":"Was ist Direct E-Mail-Marketing?"},"content":{"rendered":"<p>Gute Frage, einfache Antwort. <strong>Direct E-Mail-Marketing<\/strong> (DEM) ist ein digitaler Marketing-Kanal, \u00fcber den Werbung und Nachrichten per E-Mail an Nutzer, Interessenten und Kunden versendet werden. Es kann sowohl ein rein kommerzielles Tool oder ein Mittel zur Bereitstellung von Updates und Neuigkeiten (mittels Newsletter) sein.<\/p>\n<p>In den letzten Jahren hat sich das Direct E-Mail-Marketing fortw\u00e4hrend gewandelt. Insbesondere hat sich durchgesetzt, dass die <strong>einzige Form von echtem und effektivem Marketing via E-Mail erlaubnisbasiert<\/strong> sein muss. Das hei\u00dft, dass alle Ihre Nachrichten nur an Adressen von Leuten verschickt werden sollen, die ihr ausdr\u00fcckliches Einverst\u00e4ndnis zu deren Empfang gegeben haben. (Der allgemein \u00fcblichste Weg zum Sammeln dieser Adressen ist die Verwendung eines Anmeldeformulars auf Ihrer Webseite, sei es <strong>mittels Opt-in oder doppeltem Opt-in<\/strong>. Emailchef stellt einen praktischen Editor bereit, um ein Formular in Sekunden zu erstellen.)<\/p>\n<p>Dieses Konzept ist tats\u00e4chlich die Linie, die <strong>E-Mail-Marketing von Spam unterscheidet<\/strong>, wobei Letzteres nur ein massenhaftes Hinausblasen von unerw\u00fcnschten Nachrichten ist, jedoch hat dies sich auch im Laufe der Zeit verfeinert.<\/p>\n<p>So geh\u00f6rt zum Beispiel zum fortgeschrittenen Direct E-Mail-Marketing jetzt die <strong>Listenunterteilung<\/strong> (um eine noch relevantere Nachricht an die betreffende Untergruppe von Leuten zu versenden) und das <strong>Remarketing<\/strong> (erneutes Vorschlagen eines Angebots an diejenigen, die interessiert schienen, aber nicht zugegriffen haben).<\/p>\n<p>Noch allgemeiner gesprochen, gibt es ein mehr als willkommene Akzeptanz der Vorstellung von Relevanz, wenn es um Newsletter und <strong>kommerzielle E-Mails<\/strong> geht \u2013 je mehr eine Nachricht auf die Interessen der Kunden ma\u00dfgeschneidert ist, umso besser.<\/p>\n<p>F\u00fcr ein gutes E-Mail-Marketing muss man sich nat\u00fcrlich eines professionellen Werkzeugs bedienen \u2013 das hei\u00dft, einen <a href=\"http:\/\/emailchef.com\/de\/lebenslang-kostenloser-service\/\" title=\"Kostenlose Newsletter Service\"><strong>Newsletter-Service<\/strong><\/a> wie Emailchef, der Ihnen helfen wird, Ihre Strategie zu definieren, eine Kampagne zusammenzustellen und im Handumdrehen E-Mails zu versenden und dar\u00fcber n\u00fctzliche Kennzahlen bereitstellt.<\/p>\n","protected":false},"excerpt":{"rendered":"<p>Gute Frage, einfache Antwort. Direct E-Mail-Marketing (DEM) ist ein digitaler Marketing-Kanal, \u00fcber den Werbung und Nachrichten per E-Mail an Nutzer, Interessenten und Kunden versendet werden. Es kann sowohl ein rein kommerzielles Tool oder ein Mittel zur Bereitstellung von Updates und Neuigkeiten (mittels Newsletter) sein.<\/p>\n","protected":false},"author":1,"featured_media":0,"parent":0,"menu_order":267,"comment_status":"closed","ping_status":"closed","template":"","meta":{"_acf_changed":false,"inline_featured_image":false,"footnotes":""},"g1_relation_tag":[69],"class_list":["post-3473","page","type-page","status-publish","hentry","g1_relation_tag-e-mail-marketing-praxistipps"],"acf":[],"yoast_head":"<!-- This site is optimized with the Yoast SEO plugin v24.8.1 - https:\/\/yoast.com\/wordpress\/plugins\/seo\/ -->\n<title>Was ist Direct E-Mail-Marketing? - Emailchef<\/title>\n<meta name=\"description\" content=\"Gute Frage, einfache Antwort. Direct E-Mail-Marketing (DEM) ist ein digitaler Marketing-Kanal, \u00fcber den Werbung und Nachrichten per E-Mail an Nutzer\" \/>\n<meta name=\"robots\" content=\"index, follow, max-snippet:-1, max-image-preview:large, max-video-preview:-1\" \/>\n<link rel=\"canonical\" href=\"https:\/\/emailchef.com\/de\/was-ist-direct-e-mail-marketing\/\" \/>\n<meta name=\"twitter:label1\" content=\"Gesch\u00e4tzte Lesezeit\" \/>\n\t<meta name=\"twitter:data1\" content=\"2\u00a0Minuten\" \/>\n<!-- \/ Yoast SEO plugin. -->","yoast_head_json":{"title":"Was ist Direct E-Mail-Marketing? - Emailchef","description":"Gute Frage, einfache Antwort. Direct E-Mail-Marketing (DEM) ist ein digitaler Marketing-Kanal, \u00fcber den Werbung und Nachrichten per E-Mail an Nutzer","robots":{"index":"index","follow":"follow","max-snippet":"max-snippet:-1","max-image-preview":"max-image-preview:large","max-video-preview":"max-video-preview:-1"},"canonical":"https:\/\/emailchef.com\/de\/was-ist-direct-e-mail-marketing\/","twitter_misc":{"Gesch\u00e4tzte Lesezeit":"2\u00a0Minuten"},"schema":{"@context":"https:\/\/schema.org","@graph":[{"@type":"WebPage","@id":"https:\/\/emailchef.com\/de\/was-ist-direct-e-mail-marketing\/","url":"https:\/\/emailchef.com\/de\/was-ist-direct-e-mail-marketing\/","name":"Was ist Direct E-Mail-Marketing? - Emailchef","isPartOf":{"@id":"https:\/\/emailchef.com\/de\/#website"},"datePublished":"2014-10-01T08:42:04+00:00","dateModified":"2021-07-09T08:36:55+00:00","description":"Gute Frage, einfache Antwort. Direct E-Mail-Marketing (DEM) ist ein digitaler Marketing-Kanal, \u00fcber den Werbung und Nachrichten per E-Mail an Nutzer","breadcrumb":{"@id":"https:\/\/emailchef.com\/de\/was-ist-direct-e-mail-marketing\/#breadcrumb"},"inLanguage":"de","potentialAction":[{"@type":"ReadAction","target":["https:\/\/emailchef.com\/de\/was-ist-direct-e-mail-marketing\/"]}]},{"@type":"BreadcrumbList","@id":"https:\/\/emailchef.com\/de\/was-ist-direct-e-mail-marketing\/#breadcrumb","itemListElement":[{"@type":"ListItem","position":1,"name":"Home","item":"https:\/\/emailchef.com\/de\/emailchef-e-mail-marketing-service\/"},{"@type":"ListItem","position":2,"name":"Was ist Direct E-Mail-Marketing?"}]},{"@type":"WebSite","@id":"https:\/\/emailchef.com\/de\/#website","url":"https:\/\/emailchef.com\/de\/","name":"Emailchef","description":"K\u00f6stliche Rezepte f\u00fcr E-Mail-Marketing","publisher":{"@id":"https:\/\/emailchef.com\/de\/#organization"},"potentialAction":[{"@type":"SearchAction","target":{"@type":"EntryPoint","urlTemplate":"https:\/\/emailchef.com\/de\/?s={search_term_string}"},"query-input":{"@type":"PropertyValueSpecification","valueRequired":true,"valueName":"search_term_string"}}],"inLanguage":"de"},{"@type":"Organization","@id":"https:\/\/emailchef.com\/de\/#organization","name":"Delivery Tech Corp.","url":"https:\/\/emailchef.com\/de\/","logo":{"@type":"ImageObject","inLanguage":"de","@id":"https:\/\/emailchef.com\/de\/#\/schema\/logo\/image\/","url":"https:\/\/emailchef.com\/wp-content\/uploads\/2022\/04\/logo-sama.png","contentUrl":"https:\/\/emailchef.com\/wp-content\/uploads\/2022\/04\/logo-sama.png","width":237,"height":80,"caption":"Delivery Tech Corp."},"image":{"@id":"https:\/\/emailchef.com\/de\/#\/schema\/logo\/image\/"}}]}},"_links":{"self":[{"href":"https:\/\/emailchef.com\/de\/wp-json\/wp\/v2\/pages\/3473"}],"collection":[{"href":"https:\/\/emailchef.com\/de\/wp-json\/wp\/v2\/pages"}],"about":[{"href":"https:\/\/emailchef.com\/de\/wp-json\/wp\/v2\/types\/page"}],"author":[{"embeddable":true,"href":"https:\/\/emailchef.com\/de\/wp-json\/wp\/v2\/users\/1"}],"replies":[{"embeddable":true,"href":"https:\/\/emailchef.com\/de\/wp-json\/wp\/v2\/comments?post=3473"}],"version-history":[{"count":1,"href":"https:\/\/emailchef.com\/de\/wp-json\/wp\/v2\/pages\/3473\/revisions"}],"predecessor-version":[{"id":3474,"href":"https:\/\/emailchef.com\/de\/wp-json\/wp\/v2\/pages\/3473\/revisions\/3474"}],"wp:attachment":[{"href":"https:\/\/emailchef.com\/de\/wp-json\/wp\/v2\/media?parent=3473"}],"wp:term":[{"taxonomy":"g1_relation_tag","embeddable":true,"href":"https:\/\/emailchef.com\/de\/wp-json\/wp\/v2\/g1_relation_tag?post=3473"}],"curies":[{"name":"wp","href":"https:\/\/api.w.org\/{rel}","templated":true}]}}