{"id":3471,"date":"2014-09-18T13:06:20","date_gmt":"2014-09-18T13:06:20","guid":{"rendered":"http:\/\/emailchef.com\/de\/?page_id=3471"},"modified":"2021-07-09T08:46:51","modified_gmt":"2021-07-09T08:46:51","slug":"was-ist-ein-cloud-e-mail-service","status":"publish","type":"page","link":"https:\/\/emailchef.com\/de\/was-ist-ein-cloud-e-mail-service\/","title":{"rendered":"Was ist ein Cloud-E-Mail-Service?"},"content":{"rendered":"<p>Mit <strong>Cloud-E-Mail-Service<\/strong> meinen wir eine E-Mail-Versandplattform, die auf einer Cloud basiert, d.h., alle ihre Dienste werden dem Nutzer <strong>direkt im Web<\/strong> angeboten. Anders als bei E-Mail-Marketing Software k\u00f6nnen Cloud-E-Mail-Services von <strong>jedem Ger\u00e4t aufgerufen werden, jederzeit und \u00fcberall<\/strong>; ihre Infrastruktur ist komplett im Internet vorhanden und muss nicht auf den Computer des Nutzers heruntergeladen werden.<\/p>\n<p>Im engeren Sinne spricht man von einem Cloud-E-Mail-Service nur, wenn man einen <strong>E-Mail-Zustell-Provider<\/strong> meint und nichts anderes. Aber da es komplett auf der Cloud basiert, kann Emailchef ebenfalls als ein solcher Service angesehen werden \u2013 sogar, wenn es viel mehr als ein einfaches Zustellsystem bereitstellt. Tatsache ist, dass Emailchef eine integrierte und professionelle <strong>E-Mail-Marketing Plattform<\/strong> ist, die Sie von der Erstellung bis hin zur Analyse einer Newsletter-Kampagne unterst\u00fctzt.<\/p>\n<p>Und hier sind einige <strong>wichtige Eigenschaften<\/strong>, die ein Cloud-E-Mail-Service haben sollte und auf die Sie achten sollten, wenn es um die Auswahl eines solchen geht:<\/p>\n<ul>\n<li>Sendegeschwindigkeit<\/li>\n<li>H\u00f6chste Zustellraten<\/li>\n<li>Gute IP-Reputation<\/li>\n<li>Eine sichere Methode der E-Mail-Authentifizierung<\/li>\n<li>M\u00f6glichkeit zum Senden \u00fcberall und jederzeit<\/li>\n<\/ul>\n<p>Indem es alle diese und viele weitere Anforderungen erf\u00fcllt, ist Emailchef die <strong>beste Cloud-E-Mail-L\u00f6sung<\/strong>, die Sie im Web finden k\u00f6nnen. Holen Sie sich sofort den <a title=\"Kostenlose E-mail Marketing service\" href=\"http:\/\/emailchef.com\/de\/lebenslang-kostenloser-service\/\"><strong>kostenlosen Tarif<\/strong><\/a> und senden bis zu unbegrenzt&nbsp;E-Mails \/ Monat an bis zu 500 Abonnenten.<\/p>\n","protected":false},"excerpt":{"rendered":"<p>Mit Cloud-E-Mail-Service meinen wir eine E-Mail-Versandplattform, die auf einer Cloud basiert, d.h., alle ihre Dienste werden dem Nutzer direkt im Web angeboten. Anders als bei E-Mail-Marketing Software k\u00f6nnen Cloud-E-Mail-Services von jedem Ger\u00e4t aufgerufen werden, jederzeit und \u00fcberall.<\/p>\n","protected":false},"author":1,"featured_media":0,"parent":0,"menu_order":259,"comment_status":"closed","ping_status":"closed","template":"","meta":{"_acf_changed":false,"inline_featured_image":false,"footnotes":""},"g1_relation_tag":[81],"class_list":["post-3471","page","type-page","status-publish","hentry","g1_relation_tag-cloud-e-mail-versand"],"acf":[],"yoast_head":"<!-- This site is optimized with the Yoast SEO plugin v24.8.1 - https:\/\/yoast.com\/wordpress\/plugins\/seo\/ -->\n<title>Was ist ein Cloud-E-Mail-Service? - Emailchef<\/title>\n<meta name=\"description\" content=\"Mit Cloud-E-Mail-Service meinen wir eine E-Mail-Versandplattform, die auf einer Cloud basiert, d.h., alle ihre Dienste werden dem Nutzer direkt im Web angeboten\" \/>\n<meta name=\"robots\" content=\"index, follow, max-snippet:-1, max-image-preview:large, max-video-preview:-1\" \/>\n<link rel=\"canonical\" href=\"https:\/\/emailchef.com\/de\/was-ist-ein-cloud-e-mail-service\/\" \/>\n<meta name=\"twitter:label1\" content=\"Gesch\u00e4tzte Lesezeit\" \/>\n\t<meta name=\"twitter:data1\" content=\"1\u00a0Minute\" \/>\n<!-- \/ Yoast SEO plugin. -->","yoast_head_json":{"title":"Was ist ein Cloud-E-Mail-Service? - Emailchef","description":"Mit Cloud-E-Mail-Service meinen wir eine E-Mail-Versandplattform, die auf einer Cloud basiert, d.h., alle ihre Dienste werden dem Nutzer direkt im Web angeboten","robots":{"index":"index","follow":"follow","max-snippet":"max-snippet:-1","max-image-preview":"max-image-preview:large","max-video-preview":"max-video-preview:-1"},"canonical":"https:\/\/emailchef.com\/de\/was-ist-ein-cloud-e-mail-service\/","twitter_misc":{"Gesch\u00e4tzte Lesezeit":"1\u00a0Minute"},"schema":{"@context":"https:\/\/schema.org","@graph":[{"@type":"WebPage","@id":"https:\/\/emailchef.com\/de\/was-ist-ein-cloud-e-mail-service\/","url":"https:\/\/emailchef.com\/de\/was-ist-ein-cloud-e-mail-service\/","name":"Was ist ein Cloud-E-Mail-Service? - Emailchef","isPartOf":{"@id":"https:\/\/emailchef.com\/de\/#website"},"datePublished":"2014-09-18T13:06:20+00:00","dateModified":"2021-07-09T08:46:51+00:00","description":"Mit Cloud-E-Mail-Service meinen wir eine E-Mail-Versandplattform, die auf einer Cloud basiert, d.h., alle ihre Dienste werden dem Nutzer direkt im Web angeboten","breadcrumb":{"@id":"https:\/\/emailchef.com\/de\/was-ist-ein-cloud-e-mail-service\/#breadcrumb"},"inLanguage":"de","potentialAction":[{"@type":"ReadAction","target":["https:\/\/emailchef.com\/de\/was-ist-ein-cloud-e-mail-service\/"]}]},{"@type":"BreadcrumbList","@id":"https:\/\/emailchef.com\/de\/was-ist-ein-cloud-e-mail-service\/#breadcrumb","itemListElement":[{"@type":"ListItem","position":1,"name":"Home","item":"https:\/\/emailchef.com\/de\/emailchef-e-mail-marketing-service\/"},{"@type":"ListItem","position":2,"name":"Was ist ein Cloud-E-Mail-Service?"}]},{"@type":"WebSite","@id":"https:\/\/emailchef.com\/de\/#website","url":"https:\/\/emailchef.com\/de\/","name":"Emailchef","description":"K\u00f6stliche Rezepte f\u00fcr E-Mail-Marketing","publisher":{"@id":"https:\/\/emailchef.com\/de\/#organization"},"potentialAction":[{"@type":"SearchAction","target":{"@type":"EntryPoint","urlTemplate":"https:\/\/emailchef.com\/de\/?s={search_term_string}"},"query-input":{"@type":"PropertyValueSpecification","valueRequired":true,"valueName":"search_term_string"}}],"inLanguage":"de"},{"@type":"Organization","@id":"https:\/\/emailchef.com\/de\/#organization","name":"Delivery Tech Corp.","url":"https:\/\/emailchef.com\/de\/","logo":{"@type":"ImageObject","inLanguage":"de","@id":"https:\/\/emailchef.com\/de\/#\/schema\/logo\/image\/","url":"https:\/\/emailchef.com\/wp-content\/uploads\/2022\/04\/logo-sama.png","contentUrl":"https:\/\/emailchef.com\/wp-content\/uploads\/2022\/04\/logo-sama.png","width":237,"height":80,"caption":"Delivery Tech Corp."},"image":{"@id":"https:\/\/emailchef.com\/de\/#\/schema\/logo\/image\/"}}]}},"_links":{"self":[{"href":"https:\/\/emailchef.com\/de\/wp-json\/wp\/v2\/pages\/3471"}],"collection":[{"href":"https:\/\/emailchef.com\/de\/wp-json\/wp\/v2\/pages"}],"about":[{"href":"https:\/\/emailchef.com\/de\/wp-json\/wp\/v2\/types\/page"}],"author":[{"embeddable":true,"href":"https:\/\/emailchef.com\/de\/wp-json\/wp\/v2\/users\/1"}],"replies":[{"embeddable":true,"href":"https:\/\/emailchef.com\/de\/wp-json\/wp\/v2\/comments?post=3471"}],"version-history":[{"count":4,"href":"https:\/\/emailchef.com\/de\/wp-json\/wp\/v2\/pages\/3471\/revisions"}],"predecessor-version":[{"id":45130,"href":"https:\/\/emailchef.com\/de\/wp-json\/wp\/v2\/pages\/3471\/revisions\/45130"}],"wp:attachment":[{"href":"https:\/\/emailchef.com\/de\/wp-json\/wp\/v2\/media?parent=3471"}],"wp:term":[{"taxonomy":"g1_relation_tag","embeddable":true,"href":"https:\/\/emailchef.com\/de\/wp-json\/wp\/v2\/g1_relation_tag?post=3471"}],"curies":[{"name":"wp","href":"https:\/\/api.w.org\/{rel}","templated":true}]}}