{"id":3469,"date":"2014-09-11T10:01:59","date_gmt":"2014-09-11T10:01:59","guid":{"rendered":"http:\/\/emailchef.com\/de\/?page_id=3469"},"modified":"2021-07-09T08:38:27","modified_gmt":"2021-07-09T08:38:27","slug":"der-beste-e-mail-marketing-service","status":"publish","type":"page","link":"https:\/\/emailchef.com\/de\/der-beste-e-mail-marketing-service\/","title":{"rendered":"Der beste E-Mail-Marketing Service"},"content":{"rendered":"<p>Die Auswahl eines <strong>guten E-Mail-Marketing Services<\/strong> ist essentiell, wenn Sie eine Newsletter-Kampagne starten. Und bei der riesigen Auswahl an verschiedenen E-Mail-Marketing Services sollte man sich etwas Zeit nehmen, um zu \u00fcberlegen, welche Funktionen wirklich wichtig f\u00fcr die eigene E-Mail-Strategie sind.<\/p>\n<p>(Wichtige, zu beachtende Faktoren k\u00f6nnen die Gr\u00f6\u00dfe Ihrer Liste sein, die Anzahl der Newsletter, die Sie pro Tag\/Woche versenden m\u00fcssen oder auch die Flexibilit\u00e4t in Bezug auf die Bearbeitung der Vorlage).<\/p>\n<p>Wie dem auch sei, es gibt einige grundlegende Anforderungen, die der <strong>beste E-Mail-Marketing Service<\/strong> f\u00fcr Ihre Bed\u00fcrfnisse immer erf\u00fcllen sollte:<\/p>\n\n<ul id=\"\" class=\"g1-list g1-list--icon g1-list--simple \">\n<li><i class=\"fa fa-arrow-right g1-list__icon\"><\/i><strong>Eine und effektive Zustellung der E-Mails sicherstellen<\/strong><br \/>\nDies ist klar ein Muss f\u00fcr jede professionelle E-Mail-Marketing Plattform, in jedem Fall. Letzten Endes ist das finale Ziel Ihrer Kampagne, alle Nachrichten an Ihre Kontakte zuzustellen. In diesem Sinne sollten Sie die Verl\u00e4sslichkeit des SMTP-Servers eines E-Mail-Marketing Services \u00fcberpr\u00fcfen. Emailchef nutzt die professionelle Einheit turboSMTP, um die h\u00f6chste Zustellbarkeit sicherzustellen.<\/li>\n<li><i class=\"fa fa-arrow-right g1-list__icon\"><\/i><strong>Einfache Verwaltung und Unterteilung Ihrer Kontaktliste.<\/strong><br \/>\nImport von E-Mail-Adressen, Hinzuf\u00fcgen von neuen angepassten Feldern und Erstellen von Segmenten (um ma\u00dfgeschneiderte Angebote zu versenden) sollten einfach und intuitiv sein, um jede Komplikation oder Fehler in Verbindung mit den Datenbanken zu vermeiden (das Schlimmste ist sicherlich das Versenden eines Angebots an die falsche Liste&#8230;).<\/li>\n<li><i class=\"fa fa-arrow-right g1-list__icon\"><\/i><strong>Einen praktischen Newsletter-Editor beinhalten.<\/strong><br \/>\nEs ist sehr wichtig, eine saubere Newsletter-Vorlage zu erstellen, die sowohl Ihre Markenidentit\u00e4t wiedergibt als auch alle besten Praktiken f\u00fcr E-Mail-Erstellung befolgt (zuerst und am wichtigsten, das HTML-Coding). Ein guter E-Mail-Marketing Service muss also flexible Bearbeitungswerkzeuge bereitstellen, damit Sie den besten Newsletter f\u00fcr Ihre Bed\u00fcrfnisse erstellen. Insbesondere bietet Ihnen Emailchef eine fortgeschrittene Template Creator Software, um wasserdichte Layouts in Sekunden zu erstellen.<\/li>\n<li><i class=\"fa fa-arrow-right g1-list__icon\"><\/i><strong>Fortgeschrittene statistische Tools bereitstellen<\/strong><br \/>\nEin guter E-Mail-Marketing Service-Provider darf Sie nach einem Mailing nicht allein lassen. Das hei\u00dft, er muss alle relevanten Informationen in Bezug auf Ihre E-Mail-Kampagnen anzeigen \u2013 \u00d6ffnungsraten, Click-Through-Raten, Anzahl der Abmeldungen etc. &#8211; am besten mit sauberen Grafiken. Dies wird extrem wichtig sein, um die Qualit\u00e4ten und Probleme Ihrer Marketingstrategie zu erkennen und diese entsprechend zu verbessern.\/li&gt;<\/li>\n<\/ul>\n\n<p>Als eine f\u00fchrende Plattform im E-Mail-Marketing Business bietet Emailchef alle diese Services und vieles mehr. Holen Sie sich jetzt unseren <a title=\"Lebenslang kostenlosen Tarif\" href=\"http:\/\/emailchef.com\/de\/lebenslang-kostenloser-service\/\"><strong>lebenslang kostenlosen Tarif<\/strong><\/a>, der Ihnen das Versenden von unbegrenzt E-Mails \/ Monat an bis zu 500 Abonnenten gestattet.<\/p>\n","protected":false},"excerpt":{"rendered":"<p>Die Auswahl eines guten E-Mail-Marketing Services ist essentiell, wenn Sie eine Newsletter-Kampagne starten. Und bei der riesigen Auswahl an verschiedenen E-Mail-Marketing Services sollte man sich etwas Zeit nehmen, um zu \u00fcberlegen, welche Funktionen wirklich wichtig f\u00fcr die eigene E-Mail-Strategie sind.<\/p>\n","protected":false},"author":1,"featured_media":0,"parent":0,"menu_order":246,"comment_status":"closed","ping_status":"closed","template":"","meta":{"_acf_changed":false,"inline_featured_image":false,"footnotes":""},"g1_relation_tag":[69],"class_list":["post-3469","page","type-page","status-publish","hentry","g1_relation_tag-e-mail-marketing-praxistipps"],"acf":[],"yoast_head":"<!-- This site is optimized with the Yoast SEO plugin v24.8.1 - https:\/\/yoast.com\/wordpress\/plugins\/seo\/ -->\n<title>Der beste E-Mail-Marketing Service - Emailchef<\/title>\n<meta name=\"description\" content=\"Die Auswahl eines guten E-Mail-Marketing Services ist essentiell, wenn Sie eine Newsletter-Kampagne starten.\u00a0\" \/>\n<meta name=\"robots\" content=\"index, follow, max-snippet:-1, max-image-preview:large, max-video-preview:-1\" \/>\n<link rel=\"canonical\" href=\"https:\/\/emailchef.com\/de\/der-beste-e-mail-marketing-service\/\" \/>\n<meta name=\"twitter:label1\" content=\"Gesch\u00e4tzte Lesezeit\" \/>\n\t<meta name=\"twitter:data1\" content=\"2\u00a0Minuten\" \/>\n<!-- \/ Yoast SEO plugin. -->","yoast_head_json":{"title":"Der beste E-Mail-Marketing Service - Emailchef","description":"Die Auswahl eines guten E-Mail-Marketing Services ist essentiell, wenn Sie eine Newsletter-Kampagne starten.\u00a0","robots":{"index":"index","follow":"follow","max-snippet":"max-snippet:-1","max-image-preview":"max-image-preview:large","max-video-preview":"max-video-preview:-1"},"canonical":"https:\/\/emailchef.com\/de\/der-beste-e-mail-marketing-service\/","twitter_misc":{"Gesch\u00e4tzte Lesezeit":"2\u00a0Minuten"},"schema":{"@context":"https:\/\/schema.org","@graph":[{"@type":"WebPage","@id":"https:\/\/emailchef.com\/de\/der-beste-e-mail-marketing-service\/","url":"https:\/\/emailchef.com\/de\/der-beste-e-mail-marketing-service\/","name":"Der beste E-Mail-Marketing Service - Emailchef","isPartOf":{"@id":"https:\/\/emailchef.com\/de\/#website"},"datePublished":"2014-09-11T10:01:59+00:00","dateModified":"2021-07-09T08:38:27+00:00","description":"Die Auswahl eines guten E-Mail-Marketing Services ist essentiell, wenn Sie eine Newsletter-Kampagne starten.\u00a0","breadcrumb":{"@id":"https:\/\/emailchef.com\/de\/der-beste-e-mail-marketing-service\/#breadcrumb"},"inLanguage":"de","potentialAction":[{"@type":"ReadAction","target":["https:\/\/emailchef.com\/de\/der-beste-e-mail-marketing-service\/"]}]},{"@type":"BreadcrumbList","@id":"https:\/\/emailchef.com\/de\/der-beste-e-mail-marketing-service\/#breadcrumb","itemListElement":[{"@type":"ListItem","position":1,"name":"Home","item":"https:\/\/emailchef.com\/de\/emailchef-e-mail-marketing-service\/"},{"@type":"ListItem","position":2,"name":"Der beste E-Mail-Marketing Service"}]},{"@type":"WebSite","@id":"https:\/\/emailchef.com\/de\/#website","url":"https:\/\/emailchef.com\/de\/","name":"Emailchef","description":"K\u00f6stliche Rezepte f\u00fcr E-Mail-Marketing","publisher":{"@id":"https:\/\/emailchef.com\/de\/#organization"},"potentialAction":[{"@type":"SearchAction","target":{"@type":"EntryPoint","urlTemplate":"https:\/\/emailchef.com\/de\/?s={search_term_string}"},"query-input":{"@type":"PropertyValueSpecification","valueRequired":true,"valueName":"search_term_string"}}],"inLanguage":"de"},{"@type":"Organization","@id":"https:\/\/emailchef.com\/de\/#organization","name":"Delivery Tech Corp.","url":"https:\/\/emailchef.com\/de\/","logo":{"@type":"ImageObject","inLanguage":"de","@id":"https:\/\/emailchef.com\/de\/#\/schema\/logo\/image\/","url":"https:\/\/emailchef.com\/wp-content\/uploads\/2022\/04\/logo-sama.png","contentUrl":"https:\/\/emailchef.com\/wp-content\/uploads\/2022\/04\/logo-sama.png","width":237,"height":80,"caption":"Delivery Tech Corp."},"image":{"@id":"https:\/\/emailchef.com\/de\/#\/schema\/logo\/image\/"}}]}},"_links":{"self":[{"href":"https:\/\/emailchef.com\/de\/wp-json\/wp\/v2\/pages\/3469"}],"collection":[{"href":"https:\/\/emailchef.com\/de\/wp-json\/wp\/v2\/pages"}],"about":[{"href":"https:\/\/emailchef.com\/de\/wp-json\/wp\/v2\/types\/page"}],"author":[{"embeddable":true,"href":"https:\/\/emailchef.com\/de\/wp-json\/wp\/v2\/users\/1"}],"replies":[{"embeddable":true,"href":"https:\/\/emailchef.com\/de\/wp-json\/wp\/v2\/comments?post=3469"}],"version-history":[{"count":3,"href":"https:\/\/emailchef.com\/de\/wp-json\/wp\/v2\/pages\/3469\/revisions"}],"predecessor-version":[{"id":4726,"href":"https:\/\/emailchef.com\/de\/wp-json\/wp\/v2\/pages\/3469\/revisions\/4726"}],"wp:attachment":[{"href":"https:\/\/emailchef.com\/de\/wp-json\/wp\/v2\/media?parent=3469"}],"wp:term":[{"taxonomy":"g1_relation_tag","embeddable":true,"href":"https:\/\/emailchef.com\/de\/wp-json\/wp\/v2\/g1_relation_tag?post=3469"}],"curies":[{"name":"wp","href":"https:\/\/api.w.org\/{rel}","templated":true}]}}