{"id":3463,"date":"2014-09-18T13:08:39","date_gmt":"2014-09-18T13:08:39","guid":{"rendered":"http:\/\/emailchef.com\/de\/?page_id=3463"},"modified":"2021-07-09T08:47:27","modified_gmt":"2021-07-09T08:47:27","slug":"cloud-basiertes-e-mail-marketing","status":"publish","type":"page","link":"https:\/\/emailchef.com\/de\/cloud-basiertes-e-mail-marketing\/","title":{"rendered":"Cloud-basiertes E-Mail-Marketing"},"content":{"rendered":"<p>Der Hauptunterschied zwischen dem Betrieb einer <strong>cloud-basierten E-Mail-Marketing Anwendung<\/strong> und dem Einsatz einer Desktop-E-Mail-Versandsoftware ist der, <strong>dass erstere im gesamten Web zug\u00e4nglich ist<\/strong>.<\/p>\n<p>In anderen Worten: Sie m\u00fcssen keinerlei Software herunterladen und Ihnen steht frei, den E-Mail-Marketing Service <strong>wann immer Sie wollen<\/strong> und auf jedem Ger\u00e4t zu nutzen. Es befindet sich alles &#8220;in der Cloud&#8221;, d.h. auf entfernten Servern und ist daher jederzeit zug\u00e4nglich.<\/p>\n<p>Zusammengefasst erm\u00f6glicht Ihnen ein <strong>Cloud-E-Mail-Client<\/strong>:<\/p>\n<ul>\n<li>mehr E-Mails in k\u00fcrzerer Zeit zu senden;<\/li>\n<li>flexiblere Versandoptionen;<\/li>\n<li>das Speichern und Abfragen all Ihrer Daten \u00fcber die Cloud-E-Mail-Archivierung;<\/li>\n<li>das Bearbeiten Ihrer Listen \u00fcberall und zu jeder Zeit;<\/li>\n<li>die Vorz\u00fcge fortgeschrittener Analyse-Tools;<\/li>\n<li>die Auswahl aus mehreren Service-Tarifen entsprechend Ihren Bed\u00fcrfnissen.<\/li>\n<\/ul>\n<p>Nat\u00fcrlich k\u00f6nnte man die Frage bez\u00fcglich der Sicherheit von <strong>Cloud-E-Mail aufwerfen<\/strong>. Schlie\u00dflich, so kann man argumentieren, laden Sie alle Ihre Listen auf einen Cloud-Server, der Schwachstellen haben k\u00f6nnte.<\/p>\n<p>Wir sind stolz darauf zu sagen, dass Emailchef Ihrem <strong>Datenschutz und der Sicherheit all Ihrer Daten einen enormen Wert beimisst<\/strong> \u2013 unsere vertrauensw\u00fcrdigen Server besitzen mehrere digitale Schutzschichten und aus keinem Grund werden Ihre Daten offengelegt oder genutzt. <strong>Alles ist und wird sich immer unter unserer direkten Kontrolle befinden<\/strong>.<\/p>\n<p>Cloud-basiertes E-Mail-Marketing ist eine gro\u00dfartige Chance, um Interesse zu erzeugen und Ihre Kunden zu binden, indem Sie direkt im Web arbeiten und Ihre Mailing-Listen und Newsletter einfacher verwalten. Holen Sie sich nun unseren <a href=\"http:\/\/emailchef.com\/de\/lebenslang-kostenloser-service\/\" title=\"Kostenlose service\"><strong>kostenlosen Service<\/strong><\/a> und beginnen, <strong>Ihre eigene Kampagne zuzubereiten<\/strong>!<\/p>\n","protected":false},"excerpt":{"rendered":"<p>Der Hauptunterschied zwischen dem Betrieb einer cloud-basierten E-Mail-Marketing Anwendung und dem Einsatz einer Desktop-E-Mail-Versandsoftware ist der, dass erstere im gesamten Web zug\u00e4nglich ist.<\/p>\n","protected":false},"author":1,"featured_media":0,"parent":0,"menu_order":96,"comment_status":"closed","ping_status":"closed","template":"","meta":{"_acf_changed":false,"inline_featured_image":false,"footnotes":""},"g1_relation_tag":[81],"class_list":["post-3463","page","type-page","status-publish","hentry","g1_relation_tag-cloud-e-mail-versand"],"acf":[],"yoast_head":"<!-- This site is optimized with the Yoast SEO plugin v24.8.1 - https:\/\/yoast.com\/wordpress\/plugins\/seo\/ -->\n<title>Cloud-basiertes E-Mail-Marketing - Emailchef<\/title>\n<meta name=\"description\" content=\"Der Hauptunterschied zwischen dem Betrieb einer cloud-basierten E-Mail-Marketing Anwendung und dem Einsatz einer Desktop-E-Mail-Versandsoftware ist der\" \/>\n<meta name=\"robots\" content=\"index, follow, max-snippet:-1, max-image-preview:large, max-video-preview:-1\" \/>\n<link rel=\"canonical\" href=\"https:\/\/emailchef.com\/de\/cloud-basiertes-e-mail-marketing\/\" \/>\n<meta name=\"twitter:label1\" content=\"Gesch\u00e4tzte Lesezeit\" \/>\n\t<meta name=\"twitter:data1\" content=\"1\u00a0Minute\" \/>\n<!-- \/ Yoast SEO plugin. -->","yoast_head_json":{"title":"Cloud-basiertes E-Mail-Marketing - Emailchef","description":"Der Hauptunterschied zwischen dem Betrieb einer cloud-basierten E-Mail-Marketing Anwendung und dem Einsatz einer Desktop-E-Mail-Versandsoftware ist der","robots":{"index":"index","follow":"follow","max-snippet":"max-snippet:-1","max-image-preview":"max-image-preview:large","max-video-preview":"max-video-preview:-1"},"canonical":"https:\/\/emailchef.com\/de\/cloud-basiertes-e-mail-marketing\/","twitter_misc":{"Gesch\u00e4tzte Lesezeit":"1\u00a0Minute"},"schema":{"@context":"https:\/\/schema.org","@graph":[{"@type":"WebPage","@id":"https:\/\/emailchef.com\/de\/cloud-basiertes-e-mail-marketing\/","url":"https:\/\/emailchef.com\/de\/cloud-basiertes-e-mail-marketing\/","name":"Cloud-basiertes E-Mail-Marketing - Emailchef","isPartOf":{"@id":"https:\/\/emailchef.com\/de\/#website"},"datePublished":"2014-09-18T13:08:39+00:00","dateModified":"2021-07-09T08:47:27+00:00","description":"Der Hauptunterschied zwischen dem Betrieb einer cloud-basierten E-Mail-Marketing Anwendung und dem Einsatz einer Desktop-E-Mail-Versandsoftware ist der","breadcrumb":{"@id":"https:\/\/emailchef.com\/de\/cloud-basiertes-e-mail-marketing\/#breadcrumb"},"inLanguage":"de","potentialAction":[{"@type":"ReadAction","target":["https:\/\/emailchef.com\/de\/cloud-basiertes-e-mail-marketing\/"]}]},{"@type":"BreadcrumbList","@id":"https:\/\/emailchef.com\/de\/cloud-basiertes-e-mail-marketing\/#breadcrumb","itemListElement":[{"@type":"ListItem","position":1,"name":"Home","item":"https:\/\/emailchef.com\/de\/emailchef-e-mail-marketing-service\/"},{"@type":"ListItem","position":2,"name":"Cloud-basiertes E-Mail-Marketing"}]},{"@type":"WebSite","@id":"https:\/\/emailchef.com\/de\/#website","url":"https:\/\/emailchef.com\/de\/","name":"Emailchef","description":"K\u00f6stliche Rezepte f\u00fcr E-Mail-Marketing","publisher":{"@id":"https:\/\/emailchef.com\/de\/#organization"},"potentialAction":[{"@type":"SearchAction","target":{"@type":"EntryPoint","urlTemplate":"https:\/\/emailchef.com\/de\/?s={search_term_string}"},"query-input":{"@type":"PropertyValueSpecification","valueRequired":true,"valueName":"search_term_string"}}],"inLanguage":"de"},{"@type":"Organization","@id":"https:\/\/emailchef.com\/de\/#organization","name":"Delivery Tech Corp.","url":"https:\/\/emailchef.com\/de\/","logo":{"@type":"ImageObject","inLanguage":"de","@id":"https:\/\/emailchef.com\/de\/#\/schema\/logo\/image\/","url":"https:\/\/emailchef.com\/wp-content\/uploads\/2022\/04\/logo-sama.png","contentUrl":"https:\/\/emailchef.com\/wp-content\/uploads\/2022\/04\/logo-sama.png","width":237,"height":80,"caption":"Delivery Tech Corp."},"image":{"@id":"https:\/\/emailchef.com\/de\/#\/schema\/logo\/image\/"}}]}},"_links":{"self":[{"href":"https:\/\/emailchef.com\/de\/wp-json\/wp\/v2\/pages\/3463"}],"collection":[{"href":"https:\/\/emailchef.com\/de\/wp-json\/wp\/v2\/pages"}],"about":[{"href":"https:\/\/emailchef.com\/de\/wp-json\/wp\/v2\/types\/page"}],"author":[{"embeddable":true,"href":"https:\/\/emailchef.com\/de\/wp-json\/wp\/v2\/users\/1"}],"replies":[{"embeddable":true,"href":"https:\/\/emailchef.com\/de\/wp-json\/wp\/v2\/comments?post=3463"}],"version-history":[{"count":1,"href":"https:\/\/emailchef.com\/de\/wp-json\/wp\/v2\/pages\/3463\/revisions"}],"predecessor-version":[{"id":3464,"href":"https:\/\/emailchef.com\/de\/wp-json\/wp\/v2\/pages\/3463\/revisions\/3464"}],"wp:attachment":[{"href":"https:\/\/emailchef.com\/de\/wp-json\/wp\/v2\/media?parent=3463"}],"wp:term":[{"taxonomy":"g1_relation_tag","embeddable":true,"href":"https:\/\/emailchef.com\/de\/wp-json\/wp\/v2\/g1_relation_tag?post=3463"}],"curies":[{"name":"wp","href":"https:\/\/api.w.org\/{rel}","templated":true}]}}