{"id":3459,"date":"2014-09-15T15:08:40","date_gmt":"2014-09-15T15:08:40","guid":{"rendered":"http:\/\/emailchef.com\/de\/?page_id=3459"},"modified":"2021-07-09T08:39:09","modified_gmt":"2021-07-09T08:39:09","slug":"massen-e-mail-service","status":"publish","type":"page","link":"https:\/\/emailchef.com\/de\/massen-e-mail-service\/","title":{"rendered":"Massen-E-Mail-Service"},"content":{"rendered":"<p>Ein <strong>Massen-E-Mail-Service<\/strong> ist eine Online-Plattform, die sich um die Verwaltung von <strong>erlaubnisbasierten Massen-Mailings<\/strong> (wie Newsletter, Werbe-E-Mails oder kommerzielle Angebote) k\u00fcmmert.<\/p>\n<p>Ein einfacher Massen-E-Mail-Service erlaubt das simple Versenden mehrfacher und unbegrenzter Nachrichten, fortgeschrittene Anwendungen jedoch bieten auch Tools f\u00fcr das <strong>Editieren von HTML-E-Mails<\/strong>, die Erzeugung und Verwaltung von Listen, die Gestaltung von Anmeldeformularen, Datenauswertung etc. In diesem Fall sprechen wir \u00fcblicherweise von einer E-Mail-Marketing Plattform anstatt eines einfachen Massen-E-Mail-Dienstleisters.<\/p>\n<p>Nat\u00fcrlich ist es sehr wichtig, dass eine solche Anwendung die <strong>h\u00f6chstm\u00f6gliche Zustellbarkeit<\/strong> sicherstellt \u2013 somit muss diese garantieren, dass alle Ihre E-Mails in den beabsichtigten Posteing\u00e4ngen landen, egal wie viele Adressen Sie auf Ihrer Liste haben.<\/p>\n<p>Nun ist Emailchef der <strong>beste Massen-E-Mail-Dienst am Markt<\/strong>, sowohl in puncto Flexibilit\u00e4t als auch in Bezug auf die Leistungsf\u00e4higkeit. Wir haben einen besonderen Aufwand in das Design der <strong>besten Benutzeroberfl\u00e4che<\/strong> gesteckt, die Sie finden k\u00f6nnen \u2013 alles ist am richtigen Platz, um Erstellung und Versand der E-Mails wie auch die Analyse der Kampagne zu einem Kinderspiel zu machen.<\/p>\n<p>Es ist ebenso m\u00f6glich Autoresponder zu verwalten, <strong>Webformulare mit Opt-in und doppeltem Opt-in<\/strong> zu gestalten, Ihre E-Mail-Kontaktliste nach Belieben zu organisieren (mit fortgeschrittenen Unterteilungsoptionen, um wirklich ma\u00dfgeschneiderte Kampagnen zu erstellen) und vieles mehr. Mit der Sicherheit, dass alle Ihre versendeten E-Mails bei allen Empf\u00e4ngern korrekt zugestellt werden.<\/p>\n<p>Oh, und hatten wir erw\u00e4hnt, dass unsere <strong><a title=\"Massen-E-Mail Plattform komplett kostenlos\" href=\"https:\/\/emailchef.com\/de\/lebenslang-kostenloser-service\/\">Massen-E-Mail Plattform komplett kostenlos<\/a><\/strong> ist, wenn Sie an weniger als 500 Abonnenten versenden?<\/p>\n","protected":false},"excerpt":{"rendered":"<p>Ein Massen-E-Mail-Service ist eine Online-Plattform, die sich um die Verwaltung von erlaubnisbasierten Massen-Mailings (wie Newsletter, Werbe-E-Mails oder kommerzielle Angebote) k\u00fcmmert.<\/p>\n","protected":false},"author":1,"featured_media":0,"parent":0,"menu_order":66,"comment_status":"closed","ping_status":"closed","template":"","meta":{"_acf_changed":false,"inline_featured_image":false,"footnotes":""},"g1_relation_tag":[70],"class_list":["post-3459","page","type-page","status-publish","hentry","g1_relation_tag-massen-e-mail-versand"],"acf":[],"yoast_head":"<!-- This site is optimized with the Yoast SEO plugin v24.8.1 - https:\/\/yoast.com\/wordpress\/plugins\/seo\/ -->\n<title>Massen-E-Mail-Service - Emailchef<\/title>\n<meta name=\"description\" content=\"Ein Massen-E-Mail-Service ist eine Online-Plattform, die sich um die Verwaltung von erlaubnisbasierten Massen-Mailings k\u00fcmmert\" \/>\n<meta name=\"robots\" content=\"index, follow, max-snippet:-1, max-image-preview:large, max-video-preview:-1\" \/>\n<link rel=\"canonical\" href=\"https:\/\/emailchef.com\/de\/massen-e-mail-service\/\" \/>\n<meta name=\"twitter:label1\" content=\"Gesch\u00e4tzte Lesezeit\" \/>\n\t<meta name=\"twitter:data1\" content=\"1\u00a0Minute\" \/>\n<!-- \/ Yoast SEO plugin. -->","yoast_head_json":{"title":"Massen-E-Mail-Service - Emailchef","description":"Ein Massen-E-Mail-Service ist eine Online-Plattform, die sich um die Verwaltung von erlaubnisbasierten Massen-Mailings k\u00fcmmert","robots":{"index":"index","follow":"follow","max-snippet":"max-snippet:-1","max-image-preview":"max-image-preview:large","max-video-preview":"max-video-preview:-1"},"canonical":"https:\/\/emailchef.com\/de\/massen-e-mail-service\/","twitter_misc":{"Gesch\u00e4tzte Lesezeit":"1\u00a0Minute"},"schema":{"@context":"https:\/\/schema.org","@graph":[{"@type":"WebPage","@id":"https:\/\/emailchef.com\/de\/massen-e-mail-service\/","url":"https:\/\/emailchef.com\/de\/massen-e-mail-service\/","name":"Massen-E-Mail-Service - Emailchef","isPartOf":{"@id":"https:\/\/emailchef.com\/de\/#website"},"datePublished":"2014-09-15T15:08:40+00:00","dateModified":"2021-07-09T08:39:09+00:00","description":"Ein Massen-E-Mail-Service ist eine Online-Plattform, die sich um die Verwaltung von erlaubnisbasierten Massen-Mailings k\u00fcmmert","breadcrumb":{"@id":"https:\/\/emailchef.com\/de\/massen-e-mail-service\/#breadcrumb"},"inLanguage":"de","potentialAction":[{"@type":"ReadAction","target":["https:\/\/emailchef.com\/de\/massen-e-mail-service\/"]}]},{"@type":"BreadcrumbList","@id":"https:\/\/emailchef.com\/de\/massen-e-mail-service\/#breadcrumb","itemListElement":[{"@type":"ListItem","position":1,"name":"Home","item":"https:\/\/emailchef.com\/de\/"},{"@type":"ListItem","position":2,"name":"Massen-E-Mail-Service"}]},{"@type":"WebSite","@id":"https:\/\/emailchef.com\/de\/#website","url":"https:\/\/emailchef.com\/de\/","name":"Emailchef","description":"K\u00f6stliche Rezepte f\u00fcr E-Mail-Marketing","publisher":{"@id":"https:\/\/emailchef.com\/de\/#organization"},"potentialAction":[{"@type":"SearchAction","target":{"@type":"EntryPoint","urlTemplate":"https:\/\/emailchef.com\/de\/?s={search_term_string}"},"query-input":{"@type":"PropertyValueSpecification","valueRequired":true,"valueName":"search_term_string"}}],"inLanguage":"de"},{"@type":"Organization","@id":"https:\/\/emailchef.com\/de\/#organization","name":"Delivery Tech Corp.","url":"https:\/\/emailchef.com\/de\/","logo":{"@type":"ImageObject","inLanguage":"de","@id":"https:\/\/emailchef.com\/de\/#\/schema\/logo\/image\/","url":"https:\/\/emailchef.com\/wp-content\/uploads\/2022\/04\/logo-sama.png","contentUrl":"https:\/\/emailchef.com\/wp-content\/uploads\/2022\/04\/logo-sama.png","width":237,"height":80,"caption":"Delivery Tech Corp."},"image":{"@id":"https:\/\/emailchef.com\/de\/#\/schema\/logo\/image\/"}}]}},"_links":{"self":[{"href":"https:\/\/emailchef.com\/de\/wp-json\/wp\/v2\/pages\/3459"}],"collection":[{"href":"https:\/\/emailchef.com\/de\/wp-json\/wp\/v2\/pages"}],"about":[{"href":"https:\/\/emailchef.com\/de\/wp-json\/wp\/v2\/types\/page"}],"author":[{"embeddable":true,"href":"https:\/\/emailchef.com\/de\/wp-json\/wp\/v2\/users\/1"}],"replies":[{"embeddable":true,"href":"https:\/\/emailchef.com\/de\/wp-json\/wp\/v2\/comments?post=3459"}],"version-history":[{"count":2,"href":"https:\/\/emailchef.com\/de\/wp-json\/wp\/v2\/pages\/3459\/revisions"}],"predecessor-version":[{"id":4664,"href":"https:\/\/emailchef.com\/de\/wp-json\/wp\/v2\/pages\/3459\/revisions\/4664"}],"wp:attachment":[{"href":"https:\/\/emailchef.com\/de\/wp-json\/wp\/v2\/media?parent=3459"}],"wp:term":[{"taxonomy":"g1_relation_tag","embeddable":true,"href":"https:\/\/emailchef.com\/de\/wp-json\/wp\/v2\/g1_relation_tag?post=3459"}],"curies":[{"name":"wp","href":"https:\/\/api.w.org\/{rel}","templated":true}]}}