{"id":3455,"date":"2014-09-18T07:18:14","date_gmt":"2014-09-18T07:18:14","guid":{"rendered":"http:\/\/emailchef.com\/de\/?page_id=3455"},"modified":"2021-07-09T08:40:04","modified_gmt":"2021-07-09T08:40:04","slug":"massen-e-mail-sender","status":"publish","type":"page","link":"https:\/\/emailchef.com\/de\/massen-e-mail-sender\/","title":{"rendered":"Massen-E-Mail-Sender"},"content":{"rendered":"<p>Ein <strong>Massen-E-Mail-Sender<\/strong> ist ein Service, der Ihnen das Versenden mehrerer oder Massen-E-Mails an eine unbegrenzte Anzahl von Empf\u00e4ngern erm\u00f6glicht \u2013 wobei der <strong>Newsletter<\/strong> das wohl typischste Beispiel ist. Nat\u00fcrlich muss jede\/r Empf\u00e4nger\/in seine\/ihre ausdr\u00fcckliche Erlaubnis gegeben haben \u2013 zum Beispiel \u00fcber ein Web-Formular \u2013 um ihm\/ihr eine Massen-E-Mail zu senden; andernfalls w\u00e4re dies Spam. Auch sollte es so sein, dass jede Massen-Nachricht Teil einer weiter gefassten <strong>E-Mail-Strategie<\/strong> ist, welche ihren Nutzern st\u00e4ndig neue Inhalte bietet und somit mit <strong>ihnen eine echte Beziehung aufbaut<\/strong>.<\/p>\n<p>Emailchef macht das Online-Versenden von Massen-E-Mails zu einem Kinderspiel \u2013 ein schneller und effektiver Prozess mit der Sicherheit, dass alle Ihre Nachrichten <strong>korrekt zugestellt<\/strong> werden. Wir bieten verschiedene monatliche Tarife an, um den unterschiedlichen Mailing-Bed\u00fcrfnissen aller gerecht zu werden, von kleinen Unternehmen bis zu den gro\u00dfen Firmen.<\/p>\n<p>Aber das ist nat\u00fcrlich noch nicht alles. Emailchef ist eine <strong>komplette E-Mail-Marketing Plattform<\/strong>, die au\u00dferdem Tools bereith\u00e4lt f\u00fcr:<\/p>\n\n<ul>\n<li><strong>Erstellung von HTML-E-Mails<\/strong>. Unser Online-Massen-E-Mail-Versand kommt mit einem einfach zu bedienenden Template Creator daher, um Ihr eigenes Layout zu kreieren. Um sicherzugehen, k\u00f6nnen Sie auch eine existierende Vorlage importieren und modifizieren oder eine eigens f\u00fcr Sie erstellte kaufen.<\/li>\n<li><strong>Fortgeschrittene Listenverwaltung<\/strong>. Sie werden in der Lage sein, Kontakte aus unterschiedlichen Quellen zu importieren, unbegrenzte Listen zu erstellen, Detailinformationen hinzuzuf\u00fcgen, jede Datenbank zum Versand ma\u00dfgeschneiderter Angebote zu unterteilen etc.<\/li>\n<li><strong>E-Mail-Tracking &amp; -Analyse<\/strong>. Keine Massen-E-Mail-Strategie kann ohne sorgf\u00e4ltige Datennachverfolgung und eine gr\u00fcndliche Analyse von Kenngr\u00f6\u00dfen wie \u00d6ffnungsrate, Klickrate, Abmelderate etc. verbessert werden. Emailchef b\u00fcndelt all diese Informationen in Echtzeit und macht es unglaublich einfach zu verstehen, wie sich Ihre Kampagnen entwickeln \u2013 und wie Sie diese verbessern.<\/li>\n<li><strong>Design von Anmeldeformularen<\/strong>. Um Ihre Liste zu vergr\u00f6\u00dfern, ist es zwingend erforderlich, ein effektives und attraktives Abonnementformular in Ihre Webseite einzuf\u00fcgen. Emailchef bietet einen flexiblen Drag-and-drop-Editor, so dass Sie Formulare mit Opt-in oder doppeltem Opt-in innerhalb von Minuten erstellen.<\/li>\n<li><strong>Verwaltung von Autorespondern<\/strong>. Emailchef ist nicht nur eine Direct E-Mail-Marketing Anwendung, sondern kann auch f\u00fcr das Einrichten und Einplanen von transaktions- und ereignisgesteuerten E-Mails genutzt werden (im Allgemeinen als Autoresponder bezeichnet).<\/li>\n<\/ul>\n<p>Sie k\u00f6nnen diese und weitere Funktionen von Emailchef kostenlos entdecken. Sichern Sie sich jetzt Ihren <strong><a href=\"http:\/\/emailchef.com\/de\/lebenslang-kostenloser-service\/\" title=\"Kostenlosen Tarif auf Lebenszeit\">kostenlosen Tarif auf Lebenszeit<\/a><\/strong>!<\/p>\n","protected":false},"excerpt":{"rendered":"<p>Ein Massen-E-Mail-Sender ist ein Service, der Ihnen das Versenden mehrerer oder Massen-E-Mails an eine unbegrenzte Anzahl von Empf\u00e4ngern erm\u00f6glicht \u2013 wobei der Newsletter das wohl typischste Beispiel ist. <\/p>\n","protected":false},"author":1,"featured_media":0,"parent":0,"menu_order":56,"comment_status":"closed","ping_status":"closed","template":"","meta":{"_acf_changed":false,"inline_featured_image":false,"footnotes":""},"g1_relation_tag":[70],"class_list":["post-3455","page","type-page","status-publish","hentry","g1_relation_tag-massen-e-mail-versand"],"acf":[],"yoast_head":"<!-- This site is optimized with the Yoast SEO plugin v24.8.1 - https:\/\/yoast.com\/wordpress\/plugins\/seo\/ -->\n<title>Massen-E-Mail-Sender - Emailchef<\/title>\n<meta name=\"description\" content=\"Ein Massen-E-Mail-Sender ist ein Service, der Ihnen das Versenden mehrerer oder Massen-E-Mails an eine unbegrenzte Anzahl von Empf\u00e4ngern erm\u00f6glicht\" \/>\n<meta name=\"robots\" content=\"index, follow, max-snippet:-1, max-image-preview:large, max-video-preview:-1\" \/>\n<link rel=\"canonical\" href=\"https:\/\/emailchef.com\/de\/massen-e-mail-sender\/\" \/>\n<meta name=\"twitter:label1\" content=\"Gesch\u00e4tzte Lesezeit\" \/>\n\t<meta name=\"twitter:data1\" content=\"2\u00a0Minuten\" \/>\n<!-- \/ Yoast SEO plugin. -->","yoast_head_json":{"title":"Massen-E-Mail-Sender - Emailchef","description":"Ein Massen-E-Mail-Sender ist ein Service, der Ihnen das Versenden mehrerer oder Massen-E-Mails an eine unbegrenzte Anzahl von Empf\u00e4ngern erm\u00f6glicht","robots":{"index":"index","follow":"follow","max-snippet":"max-snippet:-1","max-image-preview":"max-image-preview:large","max-video-preview":"max-video-preview:-1"},"canonical":"https:\/\/emailchef.com\/de\/massen-e-mail-sender\/","twitter_misc":{"Gesch\u00e4tzte Lesezeit":"2\u00a0Minuten"},"schema":{"@context":"https:\/\/schema.org","@graph":[{"@type":"WebPage","@id":"https:\/\/emailchef.com\/de\/massen-e-mail-sender\/","url":"https:\/\/emailchef.com\/de\/massen-e-mail-sender\/","name":"Massen-E-Mail-Sender - Emailchef","isPartOf":{"@id":"https:\/\/emailchef.com\/de\/#website"},"datePublished":"2014-09-18T07:18:14+00:00","dateModified":"2021-07-09T08:40:04+00:00","description":"Ein Massen-E-Mail-Sender ist ein Service, der Ihnen das Versenden mehrerer oder Massen-E-Mails an eine unbegrenzte Anzahl von Empf\u00e4ngern erm\u00f6glicht","breadcrumb":{"@id":"https:\/\/emailchef.com\/de\/massen-e-mail-sender\/#breadcrumb"},"inLanguage":"de","potentialAction":[{"@type":"ReadAction","target":["https:\/\/emailchef.com\/de\/massen-e-mail-sender\/"]}]},{"@type":"BreadcrumbList","@id":"https:\/\/emailchef.com\/de\/massen-e-mail-sender\/#breadcrumb","itemListElement":[{"@type":"ListItem","position":1,"name":"Home","item":"https:\/\/emailchef.com\/de\/emailchef-e-mail-marketing-service\/"},{"@type":"ListItem","position":2,"name":"Massen-E-Mail-Sender"}]},{"@type":"WebSite","@id":"https:\/\/emailchef.com\/de\/#website","url":"https:\/\/emailchef.com\/de\/","name":"Emailchef","description":"K\u00f6stliche Rezepte f\u00fcr E-Mail-Marketing","publisher":{"@id":"https:\/\/emailchef.com\/de\/#organization"},"potentialAction":[{"@type":"SearchAction","target":{"@type":"EntryPoint","urlTemplate":"https:\/\/emailchef.com\/de\/?s={search_term_string}"},"query-input":{"@type":"PropertyValueSpecification","valueRequired":true,"valueName":"search_term_string"}}],"inLanguage":"de"},{"@type":"Organization","@id":"https:\/\/emailchef.com\/de\/#organization","name":"Delivery Tech Corp.","url":"https:\/\/emailchef.com\/de\/","logo":{"@type":"ImageObject","inLanguage":"de","@id":"https:\/\/emailchef.com\/de\/#\/schema\/logo\/image\/","url":"https:\/\/emailchef.com\/wp-content\/uploads\/2022\/04\/logo-sama.png","contentUrl":"https:\/\/emailchef.com\/wp-content\/uploads\/2022\/04\/logo-sama.png","width":237,"height":80,"caption":"Delivery Tech Corp."},"image":{"@id":"https:\/\/emailchef.com\/de\/#\/schema\/logo\/image\/"}}]}},"_links":{"self":[{"href":"https:\/\/emailchef.com\/de\/wp-json\/wp\/v2\/pages\/3455"}],"collection":[{"href":"https:\/\/emailchef.com\/de\/wp-json\/wp\/v2\/pages"}],"about":[{"href":"https:\/\/emailchef.com\/de\/wp-json\/wp\/v2\/types\/page"}],"author":[{"embeddable":true,"href":"https:\/\/emailchef.com\/de\/wp-json\/wp\/v2\/users\/1"}],"replies":[{"embeddable":true,"href":"https:\/\/emailchef.com\/de\/wp-json\/wp\/v2\/comments?post=3455"}],"version-history":[{"count":3,"href":"https:\/\/emailchef.com\/de\/wp-json\/wp\/v2\/pages\/3455\/revisions"}],"predecessor-version":[{"id":45120,"href":"https:\/\/emailchef.com\/de\/wp-json\/wp\/v2\/pages\/3455\/revisions\/45120"}],"wp:attachment":[{"href":"https:\/\/emailchef.com\/de\/wp-json\/wp\/v2\/media?parent=3455"}],"wp:term":[{"taxonomy":"g1_relation_tag","embeddable":true,"href":"https:\/\/emailchef.com\/de\/wp-json\/wp\/v2\/g1_relation_tag?post=3455"}],"curies":[{"name":"wp","href":"https:\/\/api.w.org\/{rel}","templated":true}]}}