{"id":3453,"date":"2014-09-18T07:49:12","date_gmt":"2014-09-18T07:49:12","guid":{"rendered":"http:\/\/emailchef.com\/de\/?page_id=3453"},"modified":"2021-07-09T08:41:05","modified_gmt":"2021-07-09T08:41:05","slug":"10-newsletter-tipps","status":"publish","type":"page","link":"https:\/\/emailchef.com\/de\/10-newsletter-tipps\/","title":{"rendered":"10 Newsletter-Tipps"},"content":{"rendered":"<p>In diesem Bereich haben wir <strong>10 Newsletter-Tipps<\/strong> zusammengestellt \u2013 sowohl f\u00fcr Design als auch f\u00fcr den Inhalt \u2013 die Ihnen dabei helfen werden, <strong>das Beste aus Ihrer E-Mail-Kampagne zu machen<\/strong>.<\/p>\n<p>As everybody knows, email marketing is awesome: it&#8217;s quite easy, scalable and extremely affordable; and it can still deliver the best ROI among all other digital marketing tactics. But to truly make the most of it, <strong>your newsletter must be perfect<\/strong>. A good starting point is of course a <a title=\"email marketing for free\" href=\"http:\/\/emailchef.com\/lifetime-free-service\/\">professional service like Emailchef<\/a>, but when it comes to craft the email itself, there are some best practices to remember.<\/p>\n<p>Wie jedermann wei\u00df, ist E-Mail-Marketing gro\u00dfartig: es ist recht einfach, skalierbar und extrem preisg\u00fcnstig und es kann immer noch das beste Aufwand-Nutzen-Verh\u00e4ltnis unter allen andern digitalen Marketingstrategien liefern. Aber um wirklich das Beste herauszuholen, muss <strong>Ihr Newsletter perfekt<\/strong> sein. Ein guter Ausgangspunkt ist nat\u00fcrlich ein <a href=\"http:\/\/emailchef.com\/de\/lebenslang-kostenloser-service\/\" title=\"Konstelose E-mail Marketing\">professioneller Service wie Emailchef<\/a>, aber wenn es um die Erstellung der E-Mail selbst geht, gibt es einige beachtenswerte beste Praktiken.<\/p>\n<p>Hier sind also unsere Tipps:<\/p>\n<ol>\n<li><strong>Halten Sie es kurz und klar.<\/strong><br \/>\nNein, wirklich, tun Sie das. Wir alle haben diese ausf\u00fchrlichen Newsletter satt, die nie auf den Punkt kommen.<\/li>\n<li><strong>Erstellen Sie eine gro\u00dfartige Vorlage und stimmen diese auf Ihre Marke und Webseite ab.<\/strong><br \/>\nAlle Information \u00fcber die Gestaltung eines gutaussehenden E-Mail-Layouts finden Sie bei unseren Praxistipps.<\/li>\n<li><strong>Verwenden Sie fesselnde, leichtgewichtige Bilder.<\/strong><br \/>\nInsbesondere, wenn sie sehr n\u00fctzlich sind f\u00fcr das, was Sie erz\u00e4hlen \u2013 zum Beispiel das Bild Ihrer Produkte. Finden Sie die richtige Balance zwischen Bildqualit\u00e4t und Gr\u00f6\u00dfe und bedenken Sie, dass ein guter Newsletter 40-50 Kb nicht \u00fcberschreiten sollte, um eine perfekte Zustellung sicherzustellen.<\/li>\n<li><strong>Organisieren Sie die Sendeh\u00e4ufigkeit der E-Mails.<\/strong><br \/>\nNiemand m\u00f6chte Unmengen an Marketingnachrichten oder Newslettern erhalten. Sie m\u00f6gen denken, dass Ihr Inhalt immer frisch und interessant ist, aber glauben Sie uns: er ist es nicht, wenn Sie Ihre Empf\u00e4nger \u00fcberfluten. Die richtige Frequenz h\u00e4ngt nat\u00fcrlich von Ihrem Gesch\u00e4ftstyp und Ihrer Marketingstrategie ab, aber als Faustregel sollten Sie nie mehr als eine E-Mail alle drei Tage senden. Engagement h\u00e4ngt nicht von der Masse der Mailings ab, sondern von der Beziehung, die Sie mit Ihren Empf\u00e4ngern aufgebaut haben. Also&#8230;<\/li>\n<li><strong>Schaffen Sie eine echte Beziehung.<\/strong><br \/>\nExakt. Professionelles E-Mail-Marketing ist eine Frage von Vertrauen und Dialog, also lesen Sie immer die Antworten Ihrer Kontakte und seien darauf gefasst, sich deren Anfragen, Ratschl\u00e4ge und Kritik sorgf\u00e4ltig anzuh\u00f6ren. Ihre Listen als einen einfachen Stapel von Adressen und nicht als echte Menschen anzusehen, mit denen Sie sprechen, ist total verkehrt.<\/li>\n<li><strong>Betreffzeilen sind entscheidend.<\/strong><br \/>\nEin klassischer Tipp, aber immer gut sich daran zu erinnern (insbesondere, da er ziemlich untersch\u00e4tzt wird). Um den Anteil der ge\u00f6ffneten E-Mails zu erh\u00f6hen, beachten Sie unsere Tipps zum Verfassen einer perfekten Betreffzeile.<\/li>\n<li><strong>Vergessen Sie nicht einen Abmeldelink.<\/strong><br \/>\nAus zwei Gr\u00fcnden: er wird Ihrer Zustellbarkeit n\u00fctzen (siehe Punkt Nr. 10) und er ist fast \u00fcberall vom Gesetz her vorgeschrieben.<\/li>\n<li><strong>Erz\u00e4hlen Sie eine Geschichte.<\/strong><br \/>\nSie sollten sich M\u00fche geben, um eine faszinierende Geschichte Ihrer Marke zu entwickeln. Scheuen Sie sich nicht davor, Ihre Projekte, Ansichten und Gef\u00fchle zu teilen. Manchmal suchen die Leser nicht nach einer einfachen Liste von Bildern und Links \u2013 sie wollen mehr. Machen Sie sich bereit, ihnen dies zu geben.<\/li>\n<li><strong>Testen.<\/strong><br \/>\nLetztlich d\u00fcrfen Sie nicht vergessen, dass E-Mail-Marketing ein gro\u00dfartiges Tool ist, weil es Schritt f\u00fcr Schritt verbessert werden kann, Newsletter f\u00fcr Newsletter. F\u00fchren Sie A\/B-Tests durch, bei denen Sie kleine Details Ihrer E-Mails ver\u00e4ndern (die Betreffzeile, die Position eines Bildes oder den Handlungsaufruf etc.), um eine immer bessere Version zu erhalten.<\/li>\n<li><strong>Zustellbarkeit bedenken.<\/strong><br \/>\nWas wir aufgef\u00fchrt haben, ist essentiell, w\u00e4re aber nutzlos, wenn Ihre E-Mails nicht ihr Ziel erreichen. Darum sollten Sie immer die besten Praktiken anwenden, um Emailchef bei der Durchf\u00fchrung der Zustellung zu unterst\u00fctzen.<\/li>\n<\/ol>\n","protected":false},"excerpt":{"rendered":"<p>In diesem Bereich haben wir 10 Newsletter-Tipps zusammengestellt \u2013 sowohl f\u00fcr Design als auch f\u00fcr den Inhalt \u2013 die Ihnen dabei helfen werden, das Beste aus Ihrer E-Mail-Kampagne zu machen.<\/p>\n","protected":false},"author":1,"featured_media":0,"parent":0,"menu_order":43,"comment_status":"closed","ping_status":"closed","template":"","meta":{"_acf_changed":false,"inline_featured_image":false,"footnotes":""},"g1_relation_tag":[72],"class_list":["post-3453","page","type-page","status-publish","hentry","g1_relation_tag-newsletter-beste-praktiken"],"acf":[],"yoast_head":"<!-- This site is optimized with the Yoast SEO plugin v24.8.1 - https:\/\/yoast.com\/wordpress\/plugins\/seo\/ -->\n<title>10 Newsletter-Tipps - Emailchef<\/title>\n<meta name=\"description\" content=\"In diesem Bereich haben wir 10 Newsletter-Tipps zusammengestellt die Ihnen dabei helfen werden, das Beste aus Ihrer E-Mail-Kampagne zu machen\" \/>\n<meta name=\"robots\" content=\"index, follow, max-snippet:-1, max-image-preview:large, max-video-preview:-1\" \/>\n<link rel=\"canonical\" href=\"https:\/\/emailchef.com\/de\/10-newsletter-tipps\/\" \/>\n<meta name=\"twitter:label1\" content=\"Gesch\u00e4tzte Lesezeit\" \/>\n\t<meta name=\"twitter:data1\" content=\"3\u00a0Minuten\" \/>\n<!-- \/ Yoast SEO plugin. -->","yoast_head_json":{"title":"10 Newsletter-Tipps - Emailchef","description":"In diesem Bereich haben wir 10 Newsletter-Tipps zusammengestellt die Ihnen dabei helfen werden, das Beste aus Ihrer E-Mail-Kampagne zu machen","robots":{"index":"index","follow":"follow","max-snippet":"max-snippet:-1","max-image-preview":"max-image-preview:large","max-video-preview":"max-video-preview:-1"},"canonical":"https:\/\/emailchef.com\/de\/10-newsletter-tipps\/","twitter_misc":{"Gesch\u00e4tzte Lesezeit":"3\u00a0Minuten"},"schema":{"@context":"https:\/\/schema.org","@graph":[{"@type":"WebPage","@id":"https:\/\/emailchef.com\/de\/10-newsletter-tipps\/","url":"https:\/\/emailchef.com\/de\/10-newsletter-tipps\/","name":"10 Newsletter-Tipps - Emailchef","isPartOf":{"@id":"https:\/\/emailchef.com\/de\/#website"},"datePublished":"2014-09-18T07:49:12+00:00","dateModified":"2021-07-09T08:41:05+00:00","description":"In diesem Bereich haben wir 10 Newsletter-Tipps zusammengestellt die Ihnen dabei helfen werden, das Beste aus Ihrer E-Mail-Kampagne zu machen","breadcrumb":{"@id":"https:\/\/emailchef.com\/de\/10-newsletter-tipps\/#breadcrumb"},"inLanguage":"de","potentialAction":[{"@type":"ReadAction","target":["https:\/\/emailchef.com\/de\/10-newsletter-tipps\/"]}]},{"@type":"BreadcrumbList","@id":"https:\/\/emailchef.com\/de\/10-newsletter-tipps\/#breadcrumb","itemListElement":[{"@type":"ListItem","position":1,"name":"Home","item":"https:\/\/emailchef.com\/de\/emailchef-e-mail-marketing-service\/"},{"@type":"ListItem","position":2,"name":"10 Newsletter-Tipps"}]},{"@type":"WebSite","@id":"https:\/\/emailchef.com\/de\/#website","url":"https:\/\/emailchef.com\/de\/","name":"Emailchef","description":"K\u00f6stliche Rezepte f\u00fcr E-Mail-Marketing","publisher":{"@id":"https:\/\/emailchef.com\/de\/#organization"},"potentialAction":[{"@type":"SearchAction","target":{"@type":"EntryPoint","urlTemplate":"https:\/\/emailchef.com\/de\/?s={search_term_string}"},"query-input":{"@type":"PropertyValueSpecification","valueRequired":true,"valueName":"search_term_string"}}],"inLanguage":"de"},{"@type":"Organization","@id":"https:\/\/emailchef.com\/de\/#organization","name":"Delivery Tech Corp.","url":"https:\/\/emailchef.com\/de\/","logo":{"@type":"ImageObject","inLanguage":"de","@id":"https:\/\/emailchef.com\/de\/#\/schema\/logo\/image\/","url":"https:\/\/emailchef.com\/wp-content\/uploads\/2022\/04\/logo-sama.png","contentUrl":"https:\/\/emailchef.com\/wp-content\/uploads\/2022\/04\/logo-sama.png","width":237,"height":80,"caption":"Delivery Tech Corp."},"image":{"@id":"https:\/\/emailchef.com\/de\/#\/schema\/logo\/image\/"}}]}},"_links":{"self":[{"href":"https:\/\/emailchef.com\/de\/wp-json\/wp\/v2\/pages\/3453"}],"collection":[{"href":"https:\/\/emailchef.com\/de\/wp-json\/wp\/v2\/pages"}],"about":[{"href":"https:\/\/emailchef.com\/de\/wp-json\/wp\/v2\/types\/page"}],"author":[{"embeddable":true,"href":"https:\/\/emailchef.com\/de\/wp-json\/wp\/v2\/users\/1"}],"replies":[{"embeddable":true,"href":"https:\/\/emailchef.com\/de\/wp-json\/wp\/v2\/comments?post=3453"}],"version-history":[{"count":3,"href":"https:\/\/emailchef.com\/de\/wp-json\/wp\/v2\/pages\/3453\/revisions"}],"predecessor-version":[{"id":45122,"href":"https:\/\/emailchef.com\/de\/wp-json\/wp\/v2\/pages\/3453\/revisions\/45122"}],"wp:attachment":[{"href":"https:\/\/emailchef.com\/de\/wp-json\/wp\/v2\/media?parent=3453"}],"wp:term":[{"taxonomy":"g1_relation_tag","embeddable":true,"href":"https:\/\/emailchef.com\/de\/wp-json\/wp\/v2\/g1_relation_tag?post=3453"}],"curies":[{"name":"wp","href":"https:\/\/api.w.org\/{rel}","templated":true}]}}