{"id":3448,"date":"2014-09-18T10:48:41","date_gmt":"2014-09-18T10:48:41","guid":{"rendered":"http:\/\/emailchef.com\/de\/?page_id=3448"},"modified":"2021-07-09T08:44:57","modified_gmt":"2021-07-09T08:44:57","slug":"transaktions-e-mail-service","status":"publish","type":"page","link":"https:\/\/emailchef.com\/de\/transaktions-e-mail-service\/","title":{"rendered":"Transaktions-E-Mail Service"},"content":{"rendered":"<p>Ein <strong>Transaktions-E-Mail Service<\/strong> ist eine Web-Anwendung, die Ihnen das Versenden von <strong>Transaktions-E-Mails gestattet<\/strong> \u2013 z.B. individuelle Nachrichten, die durch eine bestimmte Aktion ausgel\u00f6st werden (sowohl vom Nutzer vorgenommen \u2013 z.b. ein Abonnement oder ein Klick \u2013 als auch vom Marketing vorgesehen \u2013 z.B. ein wiederkehrendes Ereignis, wie der Geburtstag des Nutzers).<\/p>\n<p>Gute Beispiele von Transaktions-E-Mails sind Best\u00e4tigungsnachrichten, Kaufquittungen, Dankes-E-Mails, Autoresponder, Fehlerhinweise etc. Das entscheidende Detail hier ist, dass diese <strong>E-Mails automatisiert<\/strong> sind \u2013 sie werden jedes Mal automatisch vom Service generiert, wenn das ausl\u00f6sende Ereignis eintritt. Und das ist auch der Grund, warum sie die h\u00f6chsten \u00d6ffnungsraten unter allen Arten der Direktnachrichten haben.<\/p>\n<p>Obwohl in erster Linie darauf ausgelegt, <strong><a href=\"http:\/\/emailchef.com\/de\/lebenslang-kostenloser-service\/\" title=\"Konstenlos Service\">klassische Marketing-Massen-E-Mails<\/a><\/strong> zu versenden, bietet Emailchef ebenfalls einen effektiven Transaktions-E-Mail-Service. Sein <strong><a href=\"http:\/\/emailchef.com\/de\/e-mail-autoresponder\/\" title=\"E-mail autoresponder\">Autoresponder-System<\/a><\/strong> garantiert in der Tat die M\u00f6glichkeit, automatisierte und Transaktions-E-Mails im Handumdrehen zu versenden, was die Verwaltung des gesamten Prozesses immens vereinfacht.<\/p>\n<p>Sie k\u00f6nnen diese bei einer Anzahl unterschiedlicher ausl\u00f6sender Ereignisse einstellen, wie etwa einem Jahrestag, einem Abonnement, dem letzten Klick in einer bestimmten E-Mail (um eine Remarketing-Kampagne vorzubereiten) etc. Emailchef wird sich um den Rest k\u00fcmmern und eine schnelle und effektive Zustellung der betreffenden Transaktions-E-Mail sicherstellen. Nat\u00fcrlich k\u00f6nnen alle automatisierten Nachrichten nachverfolgt werden, um deren Messzahlen zu <strong>analysieren<\/strong> und bei Bedarf anzupassen und deren <strong>Conversion-Rate<\/strong> zu verbessern.<\/p>\n","protected":false},"excerpt":{"rendered":"<p>Ein Transaktions-E-Mail Service ist eine Web-Anwendung, die Ihnen das Versenden von Transaktions-E-Mails gestattet \u2013 z.B. individuelle Nachrichten, die durch eine bestimmte Aktion ausgel\u00f6st werden (sowohl vom Nutzer vorgenommen \u2013 z.b. ein Abonnement oder ein Klick \u2013 als auch vom Marketing vorgesehen \u2013 z.B. ein wiederkehrendes Ereignis, wie der Geburtstag des Nutzers). Gute Beispiele von Transaktions-E-Mails [&hellip;]<\/p>\n","protected":false},"author":1,"featured_media":0,"parent":0,"menu_order":249,"comment_status":"closed","ping_status":"closed","template":"","meta":{"_acf_changed":false,"inline_featured_image":false,"footnotes":""},"g1_relation_tag":[78],"class_list":["post-3448","page","type-page","status-publish","hentry","g1_relation_tag-transaktions-e-mails"],"acf":[],"yoast_head":"<!-- This site is optimized with the Yoast SEO plugin v24.8.1 - https:\/\/yoast.com\/wordpress\/plugins\/seo\/ -->\n<title>Transaktions-E-Mail Service - Emailchef<\/title>\n<meta name=\"description\" content=\"Ein Transaktions-E-Mail Service ist eine Web-Anwendung, die Ihnen das Versenden von Transaktions-E-Mails gestattet\" \/>\n<meta name=\"robots\" content=\"index, follow, max-snippet:-1, max-image-preview:large, max-video-preview:-1\" \/>\n<link rel=\"canonical\" href=\"https:\/\/emailchef.com\/de\/transaktions-e-mail-service\/\" \/>\n<meta name=\"twitter:label1\" content=\"Gesch\u00e4tzte Lesezeit\" \/>\n\t<meta name=\"twitter:data1\" content=\"1\u00a0Minute\" \/>\n<!-- \/ Yoast SEO plugin. -->","yoast_head_json":{"title":"Transaktions-E-Mail Service - Emailchef","description":"Ein Transaktions-E-Mail Service ist eine Web-Anwendung, die Ihnen das Versenden von Transaktions-E-Mails gestattet","robots":{"index":"index","follow":"follow","max-snippet":"max-snippet:-1","max-image-preview":"max-image-preview:large","max-video-preview":"max-video-preview:-1"},"canonical":"https:\/\/emailchef.com\/de\/transaktions-e-mail-service\/","twitter_misc":{"Gesch\u00e4tzte Lesezeit":"1\u00a0Minute"},"schema":{"@context":"https:\/\/schema.org","@graph":[{"@type":"WebPage","@id":"https:\/\/emailchef.com\/de\/transaktions-e-mail-service\/","url":"https:\/\/emailchef.com\/de\/transaktions-e-mail-service\/","name":"Transaktions-E-Mail Service - Emailchef","isPartOf":{"@id":"https:\/\/emailchef.com\/de\/#website"},"datePublished":"2014-09-18T10:48:41+00:00","dateModified":"2021-07-09T08:44:57+00:00","description":"Ein Transaktions-E-Mail Service ist eine Web-Anwendung, die Ihnen das Versenden von Transaktions-E-Mails gestattet","breadcrumb":{"@id":"https:\/\/emailchef.com\/de\/transaktions-e-mail-service\/#breadcrumb"},"inLanguage":"de","potentialAction":[{"@type":"ReadAction","target":["https:\/\/emailchef.com\/de\/transaktions-e-mail-service\/"]}]},{"@type":"BreadcrumbList","@id":"https:\/\/emailchef.com\/de\/transaktions-e-mail-service\/#breadcrumb","itemListElement":[{"@type":"ListItem","position":1,"name":"Home","item":"https:\/\/emailchef.com\/de\/emailchef-e-mail-marketing-service\/"},{"@type":"ListItem","position":2,"name":"Transaktions-E-Mail Service"}]},{"@type":"WebSite","@id":"https:\/\/emailchef.com\/de\/#website","url":"https:\/\/emailchef.com\/de\/","name":"Emailchef","description":"K\u00f6stliche Rezepte f\u00fcr E-Mail-Marketing","publisher":{"@id":"https:\/\/emailchef.com\/de\/#organization"},"potentialAction":[{"@type":"SearchAction","target":{"@type":"EntryPoint","urlTemplate":"https:\/\/emailchef.com\/de\/?s={search_term_string}"},"query-input":{"@type":"PropertyValueSpecification","valueRequired":true,"valueName":"search_term_string"}}],"inLanguage":"de"},{"@type":"Organization","@id":"https:\/\/emailchef.com\/de\/#organization","name":"Delivery Tech Corp.","url":"https:\/\/emailchef.com\/de\/","logo":{"@type":"ImageObject","inLanguage":"de","@id":"https:\/\/emailchef.com\/de\/#\/schema\/logo\/image\/","url":"https:\/\/emailchef.com\/wp-content\/uploads\/2022\/04\/logo-sama.png","contentUrl":"https:\/\/emailchef.com\/wp-content\/uploads\/2022\/04\/logo-sama.png","width":237,"height":80,"caption":"Delivery Tech Corp."},"image":{"@id":"https:\/\/emailchef.com\/de\/#\/schema\/logo\/image\/"}}]}},"_links":{"self":[{"href":"https:\/\/emailchef.com\/de\/wp-json\/wp\/v2\/pages\/3448"}],"collection":[{"href":"https:\/\/emailchef.com\/de\/wp-json\/wp\/v2\/pages"}],"about":[{"href":"https:\/\/emailchef.com\/de\/wp-json\/wp\/v2\/types\/page"}],"author":[{"embeddable":true,"href":"https:\/\/emailchef.com\/de\/wp-json\/wp\/v2\/users\/1"}],"replies":[{"embeddable":true,"href":"https:\/\/emailchef.com\/de\/wp-json\/wp\/v2\/comments?post=3448"}],"version-history":[{"count":1,"href":"https:\/\/emailchef.com\/de\/wp-json\/wp\/v2\/pages\/3448\/revisions"}],"predecessor-version":[{"id":3449,"href":"https:\/\/emailchef.com\/de\/wp-json\/wp\/v2\/pages\/3448\/revisions\/3449"}],"wp:attachment":[{"href":"https:\/\/emailchef.com\/de\/wp-json\/wp\/v2\/media?parent=3448"}],"wp:term":[{"taxonomy":"g1_relation_tag","embeddable":true,"href":"https:\/\/emailchef.com\/de\/wp-json\/wp\/v2\/g1_relation_tag?post=3448"}],"curies":[{"name":"wp","href":"https:\/\/api.w.org\/{rel}","templated":true}]}}