{"id":3446,"date":"2014-09-18T12:20:33","date_gmt":"2014-09-18T12:20:33","guid":{"rendered":"http:\/\/emailchef.com\/de\/?page_id=3446"},"modified":"2021-07-09T08:45:46","modified_gmt":"2021-07-09T08:45:46","slug":"e-mail-autoresponder","status":"publish","type":"page","link":"https:\/\/emailchef.com\/de\/e-mail-autoresponder\/","title":{"rendered":"E-Mail Autoresponder"},"content":{"rendered":"<p>Ein <strong>E-Mail Autoresponder<\/strong> ist eine aufgrund eines &#8220;ausl\u00f6senden Ereignisses&#8221; automatisch versendete Nachricht \u2013 eine Willkommens-E-Mail nach einem Abonnement, eine Rechnung nach eine Kauf, eine Erinnerung nach einem bestimmten Zeitraum etc.<\/p>\n<p><strong>Automatisiertes E-Mail-Marketing<\/strong> ist eine wesentliche Ressource f\u00fcr alle modernen und professionellen E-Mail-Kampagnen, weil es sowohl Zeit spart als auch den Informationsfluss zu den Nutzern rationalisiert.<\/p>\n<p>Darum bietet <a href=\"http:\/\/emailchef.com\/de\/lebenslang-kostenloser-service\/\" title=\"Kostenlos E-mail marketing service\">Emailchef<\/a> einen E-Mail Autoresponder Service, um diese wichtige Art der wiederkehrenden Nachrichten (auch <a href=\"http:\/\/emailchef.com\/de\/transaktions-e-mail-service\/\" title=\"Transaktions-E-Mail service\">Transaktions-E-Mails<\/a> genannt) einfach zu verwalten.<\/p>\n<p>Sie m\u00fcssen nur definieren, ob es ein <strong>zeitbasierter oder aktionsbasierter Autoresponder<\/strong> sein soll, d.h., durch welches spezielle Ereignis er ausgel\u00f6st wird, z.B. durch ein Nachfassen, einen Jahrestag, eine Erinnerung nach einem Klick auf einen Newsletter.<\/p>\n<p>Und sobald Sie diese gespeichert haben, m\u00fcssen Sie sich um nichts mehr sorgen \u2013 Emailchef wird sich um den gesamten Versandprozess k\u00fcmmern.<\/p>\n<p>Eine bemerkenswerte Eigenschaft von Autorespondern ist, dass sie den <strong>h\u00f6chsten Anteil<\/strong> an ge\u00f6ffneten Mails von allen Marketing-E-Mails haben, da sie extrem zielgerichtet sind und durch ein Ereignis ausgel\u00f6st werden, welches dem Nutzer bekannt ist. Und genau weil sie so &#8220;m\u00e4chtig&#8221; sind, ist es nat\u00fcrlich entscheidend, diese perfekt zu erstellen, um sie zu einer echten Quelle von Conversions zu machen. Insbesondere sollten Sie folgende Punkte bedenken.<\/p>\n\n<ul>\n<li><strong>Schreiben Sie eine kristallklare Betreffzeile<\/strong>. In dem Fall ist es nicht n\u00f6tig, au\u00dferordentlich kreativ zu sein \u2013 viel wichtiger ist es, sehr klar zu sagen, um was es in der Transaktions-E-Mail geht.<\/li>\n<li><strong>Kommen Sie direkt zum Punkt<\/strong>. Da bei einem Autoresponder zumindest eine leichte Erwartung existiert, seien Sie so pr\u00e4gnant wie m\u00f6glich.<\/li>\n<li><strong>Verwenden Sie eine einfache Vorlage<\/strong>. Auch hier sollten Sie nicht \u00fcbertreiben, eine klare E-Mail-Vorlage ist alles, was Sie brauchen, um die Informationen auf dem schnellsten Weg zu vermitteln.<\/li>\n<li><strong>Denken Sie daran, den Link doppelt zu \u00fcberpr\u00fcfen<\/strong>. Wenn Ihr Autoresponder einen Handlungsaufruf beinhaltet, \u00fcberpr\u00fcfen Sie immer noch einmal, ob der eingebettete Link funktioniert.<\/li>\n<\/ul>\n","protected":false},"excerpt":{"rendered":"<p>Ein E-Mail Autoresponder ist eine aufgrund eines &#8220;ausl\u00f6senden Ereignisses&#8221; automatisch versendete Nachricht \u2013 eine Willkommens-E-Mail nach einem Abonnement, eine Rechnung nach eine Kauf, eine Erinnerung nach einem bestimmten Zeitraum etc.<\/p>\n","protected":false},"author":1,"featured_media":0,"parent":0,"menu_order":88,"comment_status":"closed","ping_status":"closed","template":"","meta":{"_acf_changed":false,"inline_featured_image":false,"footnotes":""},"g1_relation_tag":[78],"class_list":["post-3446","page","type-page","status-publish","hentry","g1_relation_tag-transaktions-e-mails"],"acf":[],"yoast_head":"<!-- This site is optimized with the Yoast SEO plugin v24.8.1 - https:\/\/yoast.com\/wordpress\/plugins\/seo\/ -->\n<title>E-Mail Autoresponder - Emailchef<\/title>\n<meta name=\"description\" content=\"Ein E-Mail Autoresponder ist eine aufgrund eines &quot;ausl\u00f6senden Ereignisses&quot; automatisch versendete Nachricht \u2013 eine Willkommens-E-Mail nach einem Abonnement\" \/>\n<meta name=\"robots\" content=\"index, follow, max-snippet:-1, max-image-preview:large, max-video-preview:-1\" \/>\n<link rel=\"canonical\" href=\"https:\/\/emailchef.com\/de\/e-mail-autoresponder\/\" \/>\n<meta name=\"twitter:label1\" content=\"Gesch\u00e4tzte Lesezeit\" \/>\n\t<meta name=\"twitter:data1\" content=\"2\u00a0Minuten\" \/>\n<!-- \/ Yoast SEO plugin. -->","yoast_head_json":{"title":"E-Mail Autoresponder - Emailchef","description":"Ein E-Mail Autoresponder ist eine aufgrund eines \"ausl\u00f6senden Ereignisses\" automatisch versendete Nachricht \u2013 eine Willkommens-E-Mail nach einem Abonnement","robots":{"index":"index","follow":"follow","max-snippet":"max-snippet:-1","max-image-preview":"max-image-preview:large","max-video-preview":"max-video-preview:-1"},"canonical":"https:\/\/emailchef.com\/de\/e-mail-autoresponder\/","twitter_misc":{"Gesch\u00e4tzte Lesezeit":"2\u00a0Minuten"},"schema":{"@context":"https:\/\/schema.org","@graph":[{"@type":"WebPage","@id":"https:\/\/emailchef.com\/de\/e-mail-autoresponder\/","url":"https:\/\/emailchef.com\/de\/e-mail-autoresponder\/","name":"E-Mail Autoresponder - Emailchef","isPartOf":{"@id":"https:\/\/emailchef.com\/de\/#website"},"datePublished":"2014-09-18T12:20:33+00:00","dateModified":"2021-07-09T08:45:46+00:00","description":"Ein E-Mail Autoresponder ist eine aufgrund eines \"ausl\u00f6senden Ereignisses\" automatisch versendete Nachricht \u2013 eine Willkommens-E-Mail nach einem Abonnement","breadcrumb":{"@id":"https:\/\/emailchef.com\/de\/e-mail-autoresponder\/#breadcrumb"},"inLanguage":"de","potentialAction":[{"@type":"ReadAction","target":["https:\/\/emailchef.com\/de\/e-mail-autoresponder\/"]}]},{"@type":"BreadcrumbList","@id":"https:\/\/emailchef.com\/de\/e-mail-autoresponder\/#breadcrumb","itemListElement":[{"@type":"ListItem","position":1,"name":"Home","item":"https:\/\/emailchef.com\/de\/emailchef-e-mail-marketing-service\/"},{"@type":"ListItem","position":2,"name":"E-Mail Autoresponder"}]},{"@type":"WebSite","@id":"https:\/\/emailchef.com\/de\/#website","url":"https:\/\/emailchef.com\/de\/","name":"Emailchef","description":"K\u00f6stliche Rezepte f\u00fcr E-Mail-Marketing","publisher":{"@id":"https:\/\/emailchef.com\/de\/#organization"},"potentialAction":[{"@type":"SearchAction","target":{"@type":"EntryPoint","urlTemplate":"https:\/\/emailchef.com\/de\/?s={search_term_string}"},"query-input":{"@type":"PropertyValueSpecification","valueRequired":true,"valueName":"search_term_string"}}],"inLanguage":"de"},{"@type":"Organization","@id":"https:\/\/emailchef.com\/de\/#organization","name":"Delivery Tech Corp.","url":"https:\/\/emailchef.com\/de\/","logo":{"@type":"ImageObject","inLanguage":"de","@id":"https:\/\/emailchef.com\/de\/#\/schema\/logo\/image\/","url":"https:\/\/emailchef.com\/wp-content\/uploads\/2022\/04\/logo-sama.png","contentUrl":"https:\/\/emailchef.com\/wp-content\/uploads\/2022\/04\/logo-sama.png","width":237,"height":80,"caption":"Delivery Tech Corp."},"image":{"@id":"https:\/\/emailchef.com\/de\/#\/schema\/logo\/image\/"}}]}},"_links":{"self":[{"href":"https:\/\/emailchef.com\/de\/wp-json\/wp\/v2\/pages\/3446"}],"collection":[{"href":"https:\/\/emailchef.com\/de\/wp-json\/wp\/v2\/pages"}],"about":[{"href":"https:\/\/emailchef.com\/de\/wp-json\/wp\/v2\/types\/page"}],"author":[{"embeddable":true,"href":"https:\/\/emailchef.com\/de\/wp-json\/wp\/v2\/users\/1"}],"replies":[{"embeddable":true,"href":"https:\/\/emailchef.com\/de\/wp-json\/wp\/v2\/comments?post=3446"}],"version-history":[{"count":3,"href":"https:\/\/emailchef.com\/de\/wp-json\/wp\/v2\/pages\/3446\/revisions"}],"predecessor-version":[{"id":3452,"href":"https:\/\/emailchef.com\/de\/wp-json\/wp\/v2\/pages\/3446\/revisions\/3452"}],"wp:attachment":[{"href":"https:\/\/emailchef.com\/de\/wp-json\/wp\/v2\/media?parent=3446"}],"wp:term":[{"taxonomy":"g1_relation_tag","embeddable":true,"href":"https:\/\/emailchef.com\/de\/wp-json\/wp\/v2\/g1_relation_tag?post=3446"}],"curies":[{"name":"wp","href":"https:\/\/api.w.org\/{rel}","templated":true}]}}