{"id":3442,"date":"2014-09-18T08:48:56","date_gmt":"2014-09-18T08:48:56","guid":{"rendered":"http:\/\/emailchef.com\/de\/?page_id=3442"},"modified":"2021-07-09T08:42:27","modified_gmt":"2021-07-09T08:42:27","slug":"management-von-e-mail-kampagnen","status":"publish","type":"page","link":"https:\/\/emailchef.com\/de\/management-von-e-mail-kampagnen\/","title":{"rendered":"Management von E-Mail Kampagnen"},"content":{"rendered":"<p>Ohne Zweifel kann das <strong>Management von E-Mail-Kampagnen<\/strong> eine Herausforderung sein. Um eine gesamte E-Mail-Marketing Strategie zu verwalten, m\u00fcssen Sie mit Sicherheit eine Palette von unterschiedlichen Aufgaben \u00fcberwachen und steuern: das Sammeln neuer Adressen<strong>, um Ihre Zielgruppe zu vergr\u00f6\u00dfern, Hochladen und Bereinigen aller E-Mail-Listen, nat\u00fcr<\/strong>lich eine lesbare und attraktive <strong>HTML-Newsletter-Vorlage<\/strong> herstellen, einen Sendeplan ausarbeiten und einstellen entsprechend der Anzahl der Angebote oder Nachrichten, die Sie verbreiten, Inhalte verfassen wie ein professioneller Werbetexter sowie die <strong>gr\u00fcndliche Analyse nach dem Versand<\/strong>, um Ihre Kampagne zu verbessern und bessere und messbare Ergebnisse zu erhalten<\/p>\n<p>Gl\u00fccklicherweise vereinfacht Emailchef diesen Prozess und hilft Ihnen durch all dieses Schritte. E-Mail-Marketing war noch nie so einfach \u2013 unser E-Mail-Kampagnen Management-Service ist alles, was Sie f\u00fcr den Start einer erfolgreichen Newsletter-Strategie ben\u00f6tigen.<\/p>\n<p>Tats\u00e4chlich bedeutet das Verwalten einer effektiven E-Mail-Kampagne das Verstehen seiner <strong>kreislaufartigen Natur<\/strong> und seinen inneren Beziehungen \u2013 ohne eine professionelle Plattform kann dies kompliziert sein und R\u00fcckwirkungen auf den <strong>ureigenen Erfolg Ihres Marketing-Mix<\/strong> haben. Darum bietet Emailchef Ihnen einen kompletten Satz an E-Mail-Marketing Tools:<\/p>\n<ul>\n<li>Listenerstellung und -wachstum<\/li>\n<li>Newsletter-Design<\/li>\n<li>E-Mail-Versand und -Zustellung<\/li>\n<li>Datenanalyse<\/li>\n<li>Tests und Listenunterteilung<\/li>\n<\/ul>\n<p>Aber es gibt noch mehr.<\/p>\n<p>Sich auf Emailchef zu verlassen bedeutet, dass Sie sich nie um Ihre <strong>E-Mail-Zustellungsrate<\/strong> sorgen m\u00fcssen. Das hei\u00dft, dass alle Nachrichten schnell versandt und tats\u00e4chlich in alle vorgesehenen Posteing\u00e4nge landen \u2013 vorbei an den Einschr\u00e4nkungen der ISPs und den Antispam-Filtern. (Nat\u00fcrlich vorausgesetzt, dass Sie nur ordentliche Newsletter an Leute versenden, die sich f\u00fcr den Empfang Ihrer Mitteilungen entschieden haben).<\/p>\n<p><a href=\"http:\/\/emailchef.com\/de\/lebenslang-kostenloser-service\/\" title=\"Jetzt kostenlos ausprobieren!\">Jetzt kostenlos ausprobieren!<\/a><\/p>\n","protected":false},"excerpt":{"rendered":"<p>Ohne Zweifel kann das Management von E-Mail-Kampagnen eine Herausforderung sein. Um eine gesamte E-Mail-Marketing Strategie zu verwalten, m\u00fcssen Sie mit Sicherheit eine Palette von unterschiedlichen Aufgaben \u00fcberwachen und steuern: das Sammeln neuer Adressen, um Ihre Zielgruppe zu vergr\u00f6\u00dfern, Hochladen und Bereinigen aller E-Mail-Listen<\/p>\n","protected":false},"author":1,"featured_media":0,"parent":0,"menu_order":90,"comment_status":"closed","ping_status":"closed","template":"","meta":{"_acf_changed":false,"inline_featured_image":false,"footnotes":""},"g1_relation_tag":[75],"class_list":["post-3442","page","type-page","status-publish","hentry","g1_relation_tag-e-mail-kampagnen-tipps"],"acf":[],"yoast_head":"<!-- This site is optimized with the Yoast SEO plugin v24.8.1 - https:\/\/yoast.com\/wordpress\/plugins\/seo\/ -->\n<title>Management von E-Mail Kampagnen - Emailchef<\/title>\n<meta name=\"description\" content=\"Ohne Zweifel kann das Management von E-Mail-Kampagnen eine Herausforderung sein.\" \/>\n<meta name=\"robots\" content=\"index, follow, max-snippet:-1, max-image-preview:large, max-video-preview:-1\" \/>\n<link rel=\"canonical\" href=\"https:\/\/emailchef.com\/de\/management-von-e-mail-kampagnen\/\" \/>\n<meta name=\"twitter:label1\" content=\"Gesch\u00e4tzte Lesezeit\" \/>\n\t<meta name=\"twitter:data1\" content=\"2\u00a0Minuten\" \/>\n<!-- \/ Yoast SEO plugin. -->","yoast_head_json":{"title":"Management von E-Mail Kampagnen - Emailchef","description":"Ohne Zweifel kann das Management von E-Mail-Kampagnen eine Herausforderung sein.","robots":{"index":"index","follow":"follow","max-snippet":"max-snippet:-1","max-image-preview":"max-image-preview:large","max-video-preview":"max-video-preview:-1"},"canonical":"https:\/\/emailchef.com\/de\/management-von-e-mail-kampagnen\/","twitter_misc":{"Gesch\u00e4tzte Lesezeit":"2\u00a0Minuten"},"schema":{"@context":"https:\/\/schema.org","@graph":[{"@type":"WebPage","@id":"https:\/\/emailchef.com\/de\/management-von-e-mail-kampagnen\/","url":"https:\/\/emailchef.com\/de\/management-von-e-mail-kampagnen\/","name":"Management von E-Mail Kampagnen - Emailchef","isPartOf":{"@id":"https:\/\/emailchef.com\/de\/#website"},"datePublished":"2014-09-18T08:48:56+00:00","dateModified":"2021-07-09T08:42:27+00:00","description":"Ohne Zweifel kann das Management von E-Mail-Kampagnen eine Herausforderung sein.","breadcrumb":{"@id":"https:\/\/emailchef.com\/de\/management-von-e-mail-kampagnen\/#breadcrumb"},"inLanguage":"de","potentialAction":[{"@type":"ReadAction","target":["https:\/\/emailchef.com\/de\/management-von-e-mail-kampagnen\/"]}]},{"@type":"BreadcrumbList","@id":"https:\/\/emailchef.com\/de\/management-von-e-mail-kampagnen\/#breadcrumb","itemListElement":[{"@type":"ListItem","position":1,"name":"Home","item":"https:\/\/emailchef.com\/de\/emailchef-e-mail-marketing-service\/"},{"@type":"ListItem","position":2,"name":"Management von E-Mail Kampagnen"}]},{"@type":"WebSite","@id":"https:\/\/emailchef.com\/de\/#website","url":"https:\/\/emailchef.com\/de\/","name":"Emailchef","description":"K\u00f6stliche Rezepte f\u00fcr E-Mail-Marketing","publisher":{"@id":"https:\/\/emailchef.com\/de\/#organization"},"potentialAction":[{"@type":"SearchAction","target":{"@type":"EntryPoint","urlTemplate":"https:\/\/emailchef.com\/de\/?s={search_term_string}"},"query-input":{"@type":"PropertyValueSpecification","valueRequired":true,"valueName":"search_term_string"}}],"inLanguage":"de"},{"@type":"Organization","@id":"https:\/\/emailchef.com\/de\/#organization","name":"Delivery Tech Corp.","url":"https:\/\/emailchef.com\/de\/","logo":{"@type":"ImageObject","inLanguage":"de","@id":"https:\/\/emailchef.com\/de\/#\/schema\/logo\/image\/","url":"https:\/\/emailchef.com\/wp-content\/uploads\/2022\/04\/logo-sama.png","contentUrl":"https:\/\/emailchef.com\/wp-content\/uploads\/2022\/04\/logo-sama.png","width":237,"height":80,"caption":"Delivery Tech Corp."},"image":{"@id":"https:\/\/emailchef.com\/de\/#\/schema\/logo\/image\/"}}]}},"_links":{"self":[{"href":"https:\/\/emailchef.com\/de\/wp-json\/wp\/v2\/pages\/3442"}],"collection":[{"href":"https:\/\/emailchef.com\/de\/wp-json\/wp\/v2\/pages"}],"about":[{"href":"https:\/\/emailchef.com\/de\/wp-json\/wp\/v2\/types\/page"}],"author":[{"embeddable":true,"href":"https:\/\/emailchef.com\/de\/wp-json\/wp\/v2\/users\/1"}],"replies":[{"embeddable":true,"href":"https:\/\/emailchef.com\/de\/wp-json\/wp\/v2\/comments?post=3442"}],"version-history":[{"count":3,"href":"https:\/\/emailchef.com\/de\/wp-json\/wp\/v2\/pages\/3442\/revisions"}],"predecessor-version":[{"id":3445,"href":"https:\/\/emailchef.com\/de\/wp-json\/wp\/v2\/pages\/3442\/revisions\/3445"}],"wp:attachment":[{"href":"https:\/\/emailchef.com\/de\/wp-json\/wp\/v2\/media?parent=3442"}],"wp:term":[{"taxonomy":"g1_relation_tag","embeddable":true,"href":"https:\/\/emailchef.com\/de\/wp-json\/wp\/v2\/g1_relation_tag?post=3442"}],"curies":[{"name":"wp","href":"https:\/\/api.w.org\/{rel}","templated":true}]}}