{"id":3439,"date":"2014-09-18T07:44:38","date_gmt":"2014-09-18T07:44:38","guid":{"rendered":"http:\/\/emailchef.com\/de\/?page_id=3439"},"modified":"2021-07-09T08:41:26","modified_gmt":"2021-07-09T08:41:26","slug":"was-ist-ein-newsletter-service","status":"publish","type":"page","link":"https:\/\/emailchef.com\/de\/was-ist-ein-newsletter-service\/","title":{"rendered":"Was ist ein Newsletter-Service?"},"content":{"rendered":"<p>Allgemein gesprochen ist ein <strong>Newsletter-Service<\/strong> eine Online-Plattform, die Ihnen das <strong>Erstellen, Versenden und Analysieren von Massen-E-Mails<\/strong> erm\u00f6glicht, darum sind Newsletter-Services auch als E-Mail-Marketing Services oder Massen-E-Mail-Services bekannt.<\/p>\n<p>Insbesondere sollte eine solche Plattform bieten:<\/p>\n\n<ul>\n<li>Einen <strong>guten E-Mail-Newsletter-Editor<\/strong>, der Ihnen das Erstellen und den einfachen Import von HTML-Vorlagen und auch Nur-Text-Nachrichten erm\u00f6glicht, am besten mit einem Spam-Scanner, um die F\u00e4higkeit Ihrer E-Mail zu messen, die beabsichtigen Posteing\u00e4nge zu erreichen und Antispam-Schilde zu vermeiden.<\/li>\n<li>Ein effektives <strong>System f\u00fcr Kontakt-Management<\/strong>, um die E-Mails aller Ihrer Kunden zu sammeln (mittels Web-Formulare), zu gruppieren und zu unterteilen.<\/li>\n<li>Einen leistungsstarken, integrierten <strong>Ausgangs-Mailserver<\/strong>, um sicherzustellen, dass jede versendete E-Mail auch zugestellt wird.<\/li>\n<li>Die M\u00f6glichkeit eines <strong>kostenlosen E-Mail-Newsletter-Services<\/strong> f\u00fcr kleinere Mailings (oder zum Ausprobieren der Plattform vor dem Kauf).<\/li>\n<li>Eine <strong>Analyse-Plattform<\/strong>, auf der Sie alle relevanten Kennzahlen zu Ihren Kampagnen  visualisieren und exportieren k\u00f6nnen \u2013 Anzahl und Anteil der Abmeldungen, Click-Through-Rate, \u00d6ffnungsrate, Spam-Beschwerden etc. Alles, was Sie brauchen, um Ihre Strategie fortw\u00e4hrend zu verbessern.<\/li>\n<\/ul>\n<p>Mit diesem Angebot \u2013 und noch viel mehr \u2013 ist Emailchef der beste Newsletter-Service \u00fcberhaupt: holen Sie sich Ihren <a title=\"Lebenslang kostenlosen Tarif\" href=\"http:\/\/emailchef.com\/de\/lebenslang-kostenloser-service\/\"><strong>lebenslang kostenlosen Tarif<\/strong><\/a>!<\/p>\n","protected":false},"excerpt":{"rendered":"<p>Allgemein gesprochen ist ein Newsletter-Service eine Online-Plattform, die Ihnen das Erstellen, Versenden und Analysieren von Massen-E-Mails erm\u00f6glicht, darum sind Newsletter-Services auch als E-Mail-Marketing Services oder Massen-E-Mail-Services bekannt.<\/p>\n","protected":false},"author":1,"featured_media":0,"parent":0,"menu_order":263,"comment_status":"closed","ping_status":"closed","template":"","meta":{"_acf_changed":false,"inline_featured_image":false,"footnotes":""},"g1_relation_tag":[72],"class_list":["post-3439","page","type-page","status-publish","hentry","g1_relation_tag-newsletter-beste-praktiken"],"acf":[],"yoast_head":"<!-- This site is optimized with the Yoast SEO plugin v24.8.1 - https:\/\/yoast.com\/wordpress\/plugins\/seo\/ -->\n<title>Was ist ein Newsletter-Service? - Emailchef<\/title>\n<meta name=\"description\" content=\"Allgemein gesprochen ist ein Newsletter-Service eine Online-Plattform, die Ihnen das Erstellen, Versenden und Analysieren von Massen-E-Mails erm\u00f6glicht.\" \/>\n<meta name=\"robots\" content=\"index, follow, max-snippet:-1, max-image-preview:large, max-video-preview:-1\" \/>\n<link rel=\"canonical\" href=\"https:\/\/emailchef.com\/de\/was-ist-ein-newsletter-service\/\" \/>\n<meta name=\"twitter:label1\" content=\"Gesch\u00e4tzte Lesezeit\" \/>\n\t<meta name=\"twitter:data1\" content=\"1\u00a0Minute\" \/>\n<!-- \/ Yoast SEO plugin. -->","yoast_head_json":{"title":"Was ist ein Newsletter-Service? - Emailchef","description":"Allgemein gesprochen ist ein Newsletter-Service eine Online-Plattform, die Ihnen das Erstellen, Versenden und Analysieren von Massen-E-Mails erm\u00f6glicht.","robots":{"index":"index","follow":"follow","max-snippet":"max-snippet:-1","max-image-preview":"max-image-preview:large","max-video-preview":"max-video-preview:-1"},"canonical":"https:\/\/emailchef.com\/de\/was-ist-ein-newsletter-service\/","twitter_misc":{"Gesch\u00e4tzte Lesezeit":"1\u00a0Minute"},"schema":{"@context":"https:\/\/schema.org","@graph":[{"@type":"WebPage","@id":"https:\/\/emailchef.com\/de\/was-ist-ein-newsletter-service\/","url":"https:\/\/emailchef.com\/de\/was-ist-ein-newsletter-service\/","name":"Was ist ein Newsletter-Service? - Emailchef","isPartOf":{"@id":"https:\/\/emailchef.com\/de\/#website"},"datePublished":"2014-09-18T07:44:38+00:00","dateModified":"2021-07-09T08:41:26+00:00","description":"Allgemein gesprochen ist ein Newsletter-Service eine Online-Plattform, die Ihnen das Erstellen, Versenden und Analysieren von Massen-E-Mails erm\u00f6glicht.","breadcrumb":{"@id":"https:\/\/emailchef.com\/de\/was-ist-ein-newsletter-service\/#breadcrumb"},"inLanguage":"de","potentialAction":[{"@type":"ReadAction","target":["https:\/\/emailchef.com\/de\/was-ist-ein-newsletter-service\/"]}]},{"@type":"BreadcrumbList","@id":"https:\/\/emailchef.com\/de\/was-ist-ein-newsletter-service\/#breadcrumb","itemListElement":[{"@type":"ListItem","position":1,"name":"Home","item":"https:\/\/emailchef.com\/de\/emailchef-e-mail-marketing-service\/"},{"@type":"ListItem","position":2,"name":"Was ist ein Newsletter-Service?"}]},{"@type":"WebSite","@id":"https:\/\/emailchef.com\/de\/#website","url":"https:\/\/emailchef.com\/de\/","name":"Emailchef","description":"K\u00f6stliche Rezepte f\u00fcr E-Mail-Marketing","publisher":{"@id":"https:\/\/emailchef.com\/de\/#organization"},"potentialAction":[{"@type":"SearchAction","target":{"@type":"EntryPoint","urlTemplate":"https:\/\/emailchef.com\/de\/?s={search_term_string}"},"query-input":{"@type":"PropertyValueSpecification","valueRequired":true,"valueName":"search_term_string"}}],"inLanguage":"de"},{"@type":"Organization","@id":"https:\/\/emailchef.com\/de\/#organization","name":"Delivery Tech Corp.","url":"https:\/\/emailchef.com\/de\/","logo":{"@type":"ImageObject","inLanguage":"de","@id":"https:\/\/emailchef.com\/de\/#\/schema\/logo\/image\/","url":"https:\/\/emailchef.com\/wp-content\/uploads\/2022\/04\/logo-sama.png","contentUrl":"https:\/\/emailchef.com\/wp-content\/uploads\/2022\/04\/logo-sama.png","width":237,"height":80,"caption":"Delivery Tech Corp."},"image":{"@id":"https:\/\/emailchef.com\/de\/#\/schema\/logo\/image\/"}}]}},"_links":{"self":[{"href":"https:\/\/emailchef.com\/de\/wp-json\/wp\/v2\/pages\/3439"}],"collection":[{"href":"https:\/\/emailchef.com\/de\/wp-json\/wp\/v2\/pages"}],"about":[{"href":"https:\/\/emailchef.com\/de\/wp-json\/wp\/v2\/types\/page"}],"author":[{"embeddable":true,"href":"https:\/\/emailchef.com\/de\/wp-json\/wp\/v2\/users\/1"}],"replies":[{"embeddable":true,"href":"https:\/\/emailchef.com\/de\/wp-json\/wp\/v2\/comments?post=3439"}],"version-history":[{"count":3,"href":"https:\/\/emailchef.com\/de\/wp-json\/wp\/v2\/pages\/3439\/revisions"}],"predecessor-version":[{"id":45124,"href":"https:\/\/emailchef.com\/de\/wp-json\/wp\/v2\/pages\/3439\/revisions\/45124"}],"wp:attachment":[{"href":"https:\/\/emailchef.com\/de\/wp-json\/wp\/v2\/media?parent=3439"}],"wp:term":[{"taxonomy":"g1_relation_tag","embeddable":true,"href":"https:\/\/emailchef.com\/de\/wp-json\/wp\/v2\/g1_relation_tag?post=3439"}],"curies":[{"name":"wp","href":"https:\/\/api.w.org\/{rel}","templated":true}]}}