{"id":3435,"date":"2014-09-18T07:24:44","date_gmt":"2014-09-18T07:24:44","guid":{"rendered":"http:\/\/emailchef.com\/de\/?page_id=3435"},"modified":"2021-07-09T08:40:35","modified_gmt":"2021-07-09T08:40:35","slug":"massen-mailing-service","status":"publish","type":"page","link":"https:\/\/emailchef.com\/de\/massen-mailing-service\/","title":{"rendered":"Massen-Mailing-Service"},"content":{"rendered":"<p>Emailchef ist ein <strong>kompletter Massen-Mailing-Service<\/strong>, der Ihnen das Erstellen, Senden, Einplanen und den Erhalt akkurater Messzahlen von Massen-E-Mails wie Newsletter oder DEMs gestattet und ebenso das Erstellen und Verwalten von Kontaktlisten.<br \/>\nIn einer einzelnen, integrierten <strong>L\u00f6sung f\u00fcr Online-Massen-Mailing<\/strong> werden Sie somit erhalten:<\/p>\n\n<ul>\n<li>Einen klaren und <strong>effizienten WYSIWYG E-Mail-Editor<\/strong>, in dem Sie Ihren HTML-Newsletter durch Hinzuf\u00fcgen von Bildern, Text etc. anpassen. (Emailchef bietet auch eine Reihe an vorgefertigten Vorlagen und einen professionellen Template Creator).<\/li>\n<li>Alles, was Sie zum Erstellen <strong>mehrerer E-Mail-Listen brauchen<\/strong>, zuz\u00fcglich pers\u00f6nlicher und beruflicher Details zu jedem Kontakt, sowie der M\u00f6glichkeit diese nach Wunsch f\u00fcr zielgerichtetere Kampagnen zu unterteilen.<\/li>\n<li>Ein sch\u00f6ner <strong>Kontaktformular-Editor<\/strong>, um innerhalb von Minuten Formulare mit Opt-in und doppeltem Opt-in zu entwickeln und diese in Ihre  Webseite einzubetten, damit Ihre Liste schnell und sicher w\u00e4chst.<\/li>\n<li>Eine leistungsstarke <strong>Massen-E-Mail-Versandeinheit<\/strong>, die mit einem professionellen SMTP-Service betrieben wird, welcher Ihre Nachrichten ausliefert ohne dem Risiko, von Antispam-Schilden ausgefiltert zu werden (Optionen zur Zeitplanung sind selbstverst\u00e4ndlich inbegriffen).<\/li>\n<li>Ein kompletter Satz an <strong>fortgeschrittenen Analyse-Tools<\/strong>, um die Effektivit\u00e4t Ihrer Kampagne zu erkennen und alle m\u00f6glichen Probleme zu beheben anhand pr\u00e4ziser Daten \u00fcber \u00d6ffnungen, Klicks, Abmelderaten etc.<\/li>\n<\/ul>\n<p>Und vieles mehr.<\/p>\n<p>Mit unserem professionellen Massen-Mailing-Service ist E-Mail-Marketing eine einfache Aufgabe. Tatsache ist, dass Emailchef wahrscheinlich der <strong>einfachste und effektivste Cloud-E-Mail-Service<\/strong> ist, der sich auf dem Markt befindet.<\/p>\n<p>Oh, und hatten wir erw\u00e4hnt, dass dies <a title=\"Lebenslang kostenlosen Tarif\" href=\"http:\/\/emailchef.com\/de\/lebenslang-kostenloser-service\/\"><strong>kostenlos ist<\/strong><\/a>?<\/p>\n","protected":false},"excerpt":{"rendered":"<p>Emailchef ist ein kompletter Massen-Mailing-Service, der Ihnen das Erstellen, Senden, Einplanen und den Erhalt akkurater Messzahlen von Massen-E-Mails wie Newsletter oder DEMs gestattet und ebenso das Erstellen und Verwalten von Kontaktlisten.<\/p>\n","protected":false},"author":1,"featured_media":0,"parent":0,"menu_order":189,"comment_status":"closed","ping_status":"closed","template":"","meta":{"_acf_changed":false,"inline_featured_image":false,"footnotes":""},"g1_relation_tag":[71],"class_list":["post-3435","page","type-page","status-publish","hentry","g1_relation_tag-massen-e-mail-services"],"acf":[],"yoast_head":"<!-- This site is optimized with the Yoast SEO plugin v24.8.1 - https:\/\/yoast.com\/wordpress\/plugins\/seo\/ -->\n<title>Massen-Mailing-Service - Emailchef<\/title>\n<meta name=\"description\" content=\"MailChef ist ein kompletter Massen-Mailing-Service, der Ihnen das Erstellen, Senden, Einplanen und den Erhalt akkurater Messzahlen von Massen-E-Mails wie Newsletter.\" \/>\n<meta name=\"robots\" content=\"index, follow, max-snippet:-1, max-image-preview:large, max-video-preview:-1\" \/>\n<link rel=\"canonical\" href=\"https:\/\/emailchef.com\/de\/massen-mailing-service\/\" \/>\n<meta name=\"twitter:label1\" content=\"Gesch\u00e4tzte Lesezeit\" \/>\n\t<meta name=\"twitter:data1\" content=\"1\u00a0Minute\" \/>\n<!-- \/ Yoast SEO plugin. -->","yoast_head_json":{"title":"Massen-Mailing-Service - Emailchef","description":"MailChef ist ein kompletter Massen-Mailing-Service, der Ihnen das Erstellen, Senden, Einplanen und den Erhalt akkurater Messzahlen von Massen-E-Mails wie Newsletter.","robots":{"index":"index","follow":"follow","max-snippet":"max-snippet:-1","max-image-preview":"max-image-preview:large","max-video-preview":"max-video-preview:-1"},"canonical":"https:\/\/emailchef.com\/de\/massen-mailing-service\/","twitter_misc":{"Gesch\u00e4tzte Lesezeit":"1\u00a0Minute"},"schema":{"@context":"https:\/\/schema.org","@graph":[{"@type":"WebPage","@id":"https:\/\/emailchef.com\/de\/massen-mailing-service\/","url":"https:\/\/emailchef.com\/de\/massen-mailing-service\/","name":"Massen-Mailing-Service - Emailchef","isPartOf":{"@id":"https:\/\/emailchef.com\/de\/#website"},"datePublished":"2014-09-18T07:24:44+00:00","dateModified":"2021-07-09T08:40:35+00:00","description":"MailChef ist ein kompletter Massen-Mailing-Service, der Ihnen das Erstellen, Senden, Einplanen und den Erhalt akkurater Messzahlen von Massen-E-Mails wie Newsletter.","breadcrumb":{"@id":"https:\/\/emailchef.com\/de\/massen-mailing-service\/#breadcrumb"},"inLanguage":"de","potentialAction":[{"@type":"ReadAction","target":["https:\/\/emailchef.com\/de\/massen-mailing-service\/"]}]},{"@type":"BreadcrumbList","@id":"https:\/\/emailchef.com\/de\/massen-mailing-service\/#breadcrumb","itemListElement":[{"@type":"ListItem","position":1,"name":"Home","item":"https:\/\/emailchef.com\/de\/emailchef-e-mail-marketing-service\/"},{"@type":"ListItem","position":2,"name":"Massen-Mailing-Service"}]},{"@type":"WebSite","@id":"https:\/\/emailchef.com\/de\/#website","url":"https:\/\/emailchef.com\/de\/","name":"Emailchef","description":"K\u00f6stliche Rezepte f\u00fcr E-Mail-Marketing","publisher":{"@id":"https:\/\/emailchef.com\/de\/#organization"},"potentialAction":[{"@type":"SearchAction","target":{"@type":"EntryPoint","urlTemplate":"https:\/\/emailchef.com\/de\/?s={search_term_string}"},"query-input":{"@type":"PropertyValueSpecification","valueRequired":true,"valueName":"search_term_string"}}],"inLanguage":"de"},{"@type":"Organization","@id":"https:\/\/emailchef.com\/de\/#organization","name":"Delivery Tech Corp.","url":"https:\/\/emailchef.com\/de\/","logo":{"@type":"ImageObject","inLanguage":"de","@id":"https:\/\/emailchef.com\/de\/#\/schema\/logo\/image\/","url":"https:\/\/emailchef.com\/wp-content\/uploads\/2022\/04\/logo-sama.png","contentUrl":"https:\/\/emailchef.com\/wp-content\/uploads\/2022\/04\/logo-sama.png","width":237,"height":80,"caption":"Delivery Tech Corp."},"image":{"@id":"https:\/\/emailchef.com\/de\/#\/schema\/logo\/image\/"}}]}},"_links":{"self":[{"href":"https:\/\/emailchef.com\/de\/wp-json\/wp\/v2\/pages\/3435"}],"collection":[{"href":"https:\/\/emailchef.com\/de\/wp-json\/wp\/v2\/pages"}],"about":[{"href":"https:\/\/emailchef.com\/de\/wp-json\/wp\/v2\/types\/page"}],"author":[{"embeddable":true,"href":"https:\/\/emailchef.com\/de\/wp-json\/wp\/v2\/users\/1"}],"replies":[{"embeddable":true,"href":"https:\/\/emailchef.com\/de\/wp-json\/wp\/v2\/comments?post=3435"}],"version-history":[{"count":2,"href":"https:\/\/emailchef.com\/de\/wp-json\/wp\/v2\/pages\/3435\/revisions"}],"predecessor-version":[{"id":3437,"href":"https:\/\/emailchef.com\/de\/wp-json\/wp\/v2\/pages\/3435\/revisions\/3437"}],"wp:attachment":[{"href":"https:\/\/emailchef.com\/de\/wp-json\/wp\/v2\/media?parent=3435"}],"wp:term":[{"taxonomy":"g1_relation_tag","embeddable":true,"href":"https:\/\/emailchef.com\/de\/wp-json\/wp\/v2\/g1_relation_tag?post=3435"}],"curies":[{"name":"wp","href":"https:\/\/api.w.org\/{rel}","templated":true}]}}