{"id":3400,"date":"2014-09-11T10:04:11","date_gmt":"2014-09-11T10:04:11","guid":{"rendered":"http:\/\/emailchef.com\/de\/?page_id=3400"},"modified":"2021-07-09T08:37:59","modified_gmt":"2021-07-09T08:37:59","slug":"e-mail-marketing-services-wie-auswaehlen","status":"publish","type":"page","link":"https:\/\/emailchef.com\/de\/e-mail-marketing-services-wie-auswaehlen\/","title":{"rendered":"E-Mail-Marketing Services: wie ausw\u00e4hlen"},"content":{"rendered":"<p>Die Anzahl der <strong>E-Mail-Marketing Services<\/strong>, die Sie finden k\u00f6nnen, ist riesig. Was keine \u00dcberraschung ist, seitdem Newsletter und E-Mail-Kampagnen \u00fcber lange Zeit ihren Wert bewiesen haben und das <strong>h\u00f6chste Kosten-Nutzen-Verh\u00e4ltnis<\/strong> von allen digitalen Kommunikationswerkzeugen sichern.<\/p>\n<p>Aber in einer solch komplexen Umgebung ist es wesentlich zu verstehen, was die <strong>wichtigen Funktionen sind, die eine E-Mail-Marketing Plattform haben sollt<\/strong>e, um sich am besten f\u00fcr Ihre tats\u00e4chlichen Bed\u00fcrfnisse zu eignen.<\/p>\n<p>Emailchef bietet einen kompletten Satz an E-Mail-Marketing Services, die vom <strong>einfachen Versandwerkzeug<\/strong> bis hin zu den <strong>fortgeschrittensten Techniken<\/strong> der Listenunterteilung und Berichtserstellung reichen. Dank seines leistungsf\u00e4higen SMTP Serversystems stellen wir die besten Zustellungsraten f\u00fcr alle Nachrichten sicher \u2013 egal, wie viele Empf\u00e4nger Sie haben.<\/p>\n<p>Das T\u00e4tigkeitsfeld von Emailchef umfasst die Bereitstellung der komplettesten und flexibelsten Newsletter Plattform, Ihnen beim Erstellen, Bearbeiten, Senden und Verifizieren Ihrer Kampagne innerhalb von Minuten zu helfen. Emailchef bietet die folgenden, fortgeschrittenen E-Mail-Marketing Services:<\/p>\n\n<ul id=\"\" class=\"g1-list g1-list--icon g1-list--simple \">\n<li><i class=\"fa fa-arrow-right g1-list__icon\"><\/i>ein effektiver Anmeldeformular-Editor, damit Ihre Liste schneller und sicherer w\u00e4chst;<\/li>\n<li><i class=\"fa fa-arrow-right g1-list__icon\"><\/i>eine besondere Software zum Erstellen von Newslettern (Template Creator), der Ihr E-Mail-Design in ungeahnte H\u00f6hen f\u00fchrt;<\/li>\n<li><i class=\"fa fa-arrow-right g1-list__icon\"><\/i>einen riesigen Satz an kostenlosen HTML-Vorlagen;<\/li>\n<li><i class=\"fa fa-arrow-right g1-list__icon\"><\/i>aktuelle Ressourcen und Artikel, um zu verstehen, wie Sie das Beste aus Ihrer E-Mail-Kampagne machen.<\/li>\n<\/ul>\n\n<p>Und vieles mehr. Sichern Sie sich jetzt unseren <a title=\"Lebenslang kostenlosen Tarif\" href=\"http:\/\/emailchef.com\/de\/lebenslang-kostenloser-service\/\"><strong>lebenslang kostenlosen Tarif<\/strong><\/a>, der Ihnen den Versand von unbegrenzt E-Mails pro Monat an bis zu 500 Abonnenten erm\u00f6glicht!<\/p>\n","protected":false},"excerpt":{"rendered":"<p>Die Anzahl der E-Mail-Marketing Services, die Sie finden k\u00f6nnen, ist riesig. Was keine \u00dcberraschung ist, seitdem Newsletter und E-Mail-Kampagnen \u00fcber lange Zeit ihren Wert bewiesen haben und das h\u00f6chste Kosten-Nutzen-Verh\u00e4ltnis von allen digitalen Kommunikationswerkzeugen sichern.<\/p>\n","protected":false},"author":1,"featured_media":0,"parent":0,"menu_order":96,"comment_status":"closed","ping_status":"closed","template":"","meta":{"_acf_changed":false,"inline_featured_image":false,"footnotes":""},"g1_relation_tag":[69],"class_list":["post-3400","page","type-page","status-publish","hentry","g1_relation_tag-e-mail-marketing-praxistipps"],"acf":[],"yoast_head":"<!-- This site is optimized with the Yoast SEO plugin v24.8.1 - https:\/\/yoast.com\/wordpress\/plugins\/seo\/ -->\n<title>E-Mail-Marketing Services: wie ausw\u00e4hlen - Emailchef<\/title>\n<meta name=\"description\" content=\"Die Anzahl der E-Mail-Marketing Services, die Sie finden k\u00f6nnen, ist riesig.\" \/>\n<meta name=\"robots\" content=\"index, follow, max-snippet:-1, max-image-preview:large, max-video-preview:-1\" \/>\n<link rel=\"canonical\" href=\"https:\/\/emailchef.com\/de\/e-mail-marketing-services-wie-auswaehlen\/\" \/>\n<meta name=\"twitter:label1\" content=\"Gesch\u00e4tzte Lesezeit\" \/>\n\t<meta name=\"twitter:data1\" content=\"1\u00a0Minute\" \/>\n<!-- \/ Yoast SEO plugin. -->","yoast_head_json":{"title":"E-Mail-Marketing Services: wie ausw\u00e4hlen - Emailchef","description":"Die Anzahl der E-Mail-Marketing Services, die Sie finden k\u00f6nnen, ist riesig.","robots":{"index":"index","follow":"follow","max-snippet":"max-snippet:-1","max-image-preview":"max-image-preview:large","max-video-preview":"max-video-preview:-1"},"canonical":"https:\/\/emailchef.com\/de\/e-mail-marketing-services-wie-auswaehlen\/","twitter_misc":{"Gesch\u00e4tzte Lesezeit":"1\u00a0Minute"},"schema":{"@context":"https:\/\/schema.org","@graph":[{"@type":"WebPage","@id":"https:\/\/emailchef.com\/de\/e-mail-marketing-services-wie-auswaehlen\/","url":"https:\/\/emailchef.com\/de\/e-mail-marketing-services-wie-auswaehlen\/","name":"E-Mail-Marketing Services: wie ausw\u00e4hlen - Emailchef","isPartOf":{"@id":"https:\/\/emailchef.com\/de\/#website"},"datePublished":"2014-09-11T10:04:11+00:00","dateModified":"2021-07-09T08:37:59+00:00","description":"Die Anzahl der E-Mail-Marketing Services, die Sie finden k\u00f6nnen, ist riesig.","breadcrumb":{"@id":"https:\/\/emailchef.com\/de\/e-mail-marketing-services-wie-auswaehlen\/#breadcrumb"},"inLanguage":"de","potentialAction":[{"@type":"ReadAction","target":["https:\/\/emailchef.com\/de\/e-mail-marketing-services-wie-auswaehlen\/"]}]},{"@type":"BreadcrumbList","@id":"https:\/\/emailchef.com\/de\/e-mail-marketing-services-wie-auswaehlen\/#breadcrumb","itemListElement":[{"@type":"ListItem","position":1,"name":"Home","item":"https:\/\/emailchef.com\/de\/emailchef-e-mail-marketing-service\/"},{"@type":"ListItem","position":2,"name":"E-Mail-Marketing Services: wie ausw\u00e4hlen"}]},{"@type":"WebSite","@id":"https:\/\/emailchef.com\/de\/#website","url":"https:\/\/emailchef.com\/de\/","name":"Emailchef","description":"K\u00f6stliche Rezepte f\u00fcr E-Mail-Marketing","publisher":{"@id":"https:\/\/emailchef.com\/de\/#organization"},"potentialAction":[{"@type":"SearchAction","target":{"@type":"EntryPoint","urlTemplate":"https:\/\/emailchef.com\/de\/?s={search_term_string}"},"query-input":{"@type":"PropertyValueSpecification","valueRequired":true,"valueName":"search_term_string"}}],"inLanguage":"de"},{"@type":"Organization","@id":"https:\/\/emailchef.com\/de\/#organization","name":"Delivery Tech Corp.","url":"https:\/\/emailchef.com\/de\/","logo":{"@type":"ImageObject","inLanguage":"de","@id":"https:\/\/emailchef.com\/de\/#\/schema\/logo\/image\/","url":"https:\/\/emailchef.com\/wp-content\/uploads\/2022\/04\/logo-sama.png","contentUrl":"https:\/\/emailchef.com\/wp-content\/uploads\/2022\/04\/logo-sama.png","width":237,"height":80,"caption":"Delivery Tech Corp."},"image":{"@id":"https:\/\/emailchef.com\/de\/#\/schema\/logo\/image\/"}}]}},"_links":{"self":[{"href":"https:\/\/emailchef.com\/de\/wp-json\/wp\/v2\/pages\/3400"}],"collection":[{"href":"https:\/\/emailchef.com\/de\/wp-json\/wp\/v2\/pages"}],"about":[{"href":"https:\/\/emailchef.com\/de\/wp-json\/wp\/v2\/types\/page"}],"author":[{"embeddable":true,"href":"https:\/\/emailchef.com\/de\/wp-json\/wp\/v2\/users\/1"}],"replies":[{"embeddable":true,"href":"https:\/\/emailchef.com\/de\/wp-json\/wp\/v2\/comments?post=3400"}],"version-history":[{"count":5,"href":"https:\/\/emailchef.com\/de\/wp-json\/wp\/v2\/pages\/3400\/revisions"}],"predecessor-version":[{"id":4721,"href":"https:\/\/emailchef.com\/de\/wp-json\/wp\/v2\/pages\/3400\/revisions\/4721"}],"wp:attachment":[{"href":"https:\/\/emailchef.com\/de\/wp-json\/wp\/v2\/media?parent=3400"}],"wp:term":[{"taxonomy":"g1_relation_tag","embeddable":true,"href":"https:\/\/emailchef.com\/de\/wp-json\/wp\/v2\/g1_relation_tag?post=3400"}],"curies":[{"name":"wp","href":"https:\/\/api.w.org\/{rel}","templated":true}]}}