{"id":3393,"date":"2014-10-23T08:31:14","date_gmt":"2014-10-23T08:31:14","guid":{"rendered":"http:\/\/emailchef.com\/de\/?page_id=3393"},"modified":"2024-07-23T15:23:17","modified_gmt":"2024-07-23T15:23:17","slug":"partner","status":"publish","type":"page","link":"https:\/\/emailchef.com\/de\/partner\/","title":{"rendered":"Partner"},"content":{"rendered":"\t\t<div data-elementor-type=\"wp-page\" data-elementor-id=\"3393\" class=\"elementor elementor-3393 elementor-971\" data-elementor-post-type=\"page\">\n\t\t\t\t\t\t<section class=\"elementor-section elementor-top-section elementor-element elementor-element-31cf1627 elementor-section-boxed elementor-section-height-default elementor-section-height-default\" data-id=\"31cf1627\" data-element_type=\"section\">\n\t\t\t\t\t\t<div class=\"elementor-container elementor-column-gap-default\">\n\t\t\t\t\t<div class=\"elementor-column elementor-col-100 elementor-top-column elementor-element elementor-element-3c1e8341\" data-id=\"3c1e8341\" data-element_type=\"column\">\n\t\t\t<div class=\"elementor-widget-wrap elementor-element-populated\">\n\t\t\t\t\t\t<div class=\"elementor-element elementor-element-7b36413b elementor-widget elementor-widget-text-editor\" data-id=\"7b36413b\" data-element_type=\"widget\" data-widget_type=\"text-editor.default\">\n\t\t\t\t<div class=\"elementor-widget-container\">\n\t\t\t\t\t\t\t\t\t<div id=\"\" class=\"g1-message g1-message--info \" ><div class=\"g1-inner\">Das Partnerprogramm wird in K\u00fcrze verf\u00fcgbar sein<\/div><\/div>\r\n<!--\r\n<em>In der Zwischenzeit k\u00f6nnen Sie entdecken, was wir unseren Vertragspartnern anbieten werden...<\/em>\r\n<h2>Kostenlose Partnerschaft f\u00fcr jeden<\/h2>\r\nVielleicht wussten Sie es nicht \u2013 aber Sie <strong>sind bereits unser Partner<\/strong>.\r\n\r\nEine neue Anmeldung oder die Zahlung von Anmeldegeb\u00fchren ist nicht n\u00f6tig, jeder Nutzer kann sofort von <strong>unserem Partnerprogramm<\/strong> profitieren und Emailchef frei weiterverkaufen.\r\n\r\nEs ist einfach \u2013 Sie markieren Links auf Ihrer Webseite oder in Ihren Newslettern mit Ihrer Partner-ID und erhalten einen Anteil von jedem Kauf, der von Ihrer Empfehlung herr\u00fchrt.\r\n\r\nIm Detail erhalten Sie:\r\n\r\n[list type=\"icon\" style=\"simple\" icon=\"arrow-right\"]\r\n<ul>\r\n\t<li>Eine <strong>wiederkehrende Provision von 30%<\/strong> auf alle Partnertransaktionen<\/li>\r\n\t<li>Vorgefertigte <strong>Vorlagen und Banner<\/strong>, um Ihre Reichweite zu erh\u00f6hen<\/li>\r\n\t<li><strong>Detaillierte Informationen<\/strong> \u00fcber Ihre Kunden und Transaktionen mit einer speziellen Analyse-Plattform<\/li>\r\n<\/ul>\r\n[\/list]\r\n\r\nUnd nun schauen wir uns an, wie es funktioniert.\r\n\r\n<h2>Leicht verdientes Geld<\/h2>\r\nEs ist leicht, mit Emailchef zus\u00e4tzliches Geld zu verdienen. Sie m\u00fcssen einfach Ihren eigenen <strong>Partner-Link<\/strong> auf Ihrer Webseite oder in Ihren E-Mails platzieren (zum Beispiel mit einem Banner). Jedes Mal, wenn ein von Ihnen empfohlener Kunde einen Kauf t\u00e4tigt, <strong>erhalten Sie 30%<\/strong> von dem Verkauf.\r\n\r\nAuszahlungen werden alle <strong>100 $ an verdienten Provisionen durchgef\u00fchrt und 30 Tage<\/strong> nachdem die Transaktion von Ihrem Kunden durchgef\u00fchrt wurde. In Ihrem Partner-Bereich k\u00f6nnen Sie einen \"Zahlung anfordern\" Button sehen. Wenn sich dieser gr\u00fcn verf\u00e4rbt, k\u00f6nnen Sie darauf klicken und Ihr Geld erhalten. Und alle Provisionen sind <strong>lebenslang garantiert<\/strong>.\r\n\r\nEin Beispiel: Ein von Ihnen empfohlener Kunde meldet sich bei Emailchef an und bestellt einen Monatstarif von 60$. Gro\u00dfartige Sache: jeden Monat werden Sie 20$ verdienen, so lange er ein Emailchef Kunde bleibt. Dar\u00fcber hinaus, wenn es sich f\u00fcr ein Upgrade auf einen, sagen wir, 90$ Monatstarif entscheidet, steigt Ihre Provision automatisch auf 30$!\r\n\r\nBitte beachten Sie, dass wir uns das Recht vorbehalten, Ihre Provision nicht auszuzahlen, wenn es durch Ihren Kunden zu <strong>Spam-Beschwerden<\/strong> oder <strong>technischen Problemen<\/strong> kommt.\r\n\r\n<h2>Vorlagen & Banner<\/h2>\r\nWir bieten eine breite Auswahl an <strong>Bannern<\/strong>, <strong>Textlinks<\/strong> und <strong>Vorlagen<\/strong>, die Sie nach Belieben auf Ihrer Webseite oder in Ihrem Newsletter integrieren k\u00f6nnen..\r\n\r\nWenn Sie einen angepassten Banner ben\u00f6tigen, <a href=\"http:\/\/emailchef.com\/support\/\">fragen Sie einfach<\/a> und wir werden gerne einen f\u00fcr Sie gestalten.\r\n\r\nDar\u00fcber hinaus, wenn Sie eine E-Mail mit Emailchef versenden, fragt Sie das System danach, ob Sie unser Logo direkt am Fu\u00df mit einbinden m\u00f6chten.\r\n\r\n<h2>Detaillierte Analyse<\/h2>\r\nAlle Ihre Ums\u00e4tze <strong>werden sorgf\u00e4ltig<\/strong> in Echtzeit nachverfolgt und Sie k\u00f6nnen diese in Ihrer pers\u00f6nlichen \u00dcbersicht sehen.\r\n\r\nWir bieten detaillierte Berichte, um Ihnen die volle Kontrolle \u00fcber die mit Ihren Bannern und Links erzielten Transaktionen zu geben. Zu jeder Zeit k\u00f6nnen Sie alle Informationen \u00fcber Ihren Account abrufen. Und wie \u00fcblich k\u00f6nnen Sie uns gerne um Unterst\u00fctzung bitten, <a href=\"http:\/\/emailchef.com\/support\/\">wenn Sie etwas nicht verstehen<\/a>.\r\n-->\t\t\t\t\t\t\t\t<\/div>\n\t\t\t\t<\/div>\n\t\t\t\t\t<\/div>\n\t\t<\/div>\n\t\t\t\t\t<\/div>\n\t\t<\/section>\n\t\t\t\t<\/div>\n\t\t","protected":false},"excerpt":{"rendered":"","protected":false},"author":1,"featured_media":0,"parent":0,"menu_order":210,"comment_status":"closed","ping_status":"closed","template":"elementor_header_footer","meta":{"_acf_changed":false,"inline_featured_image":false,"footnotes":""},"g1_relation_tag":[],"class_list":["post-3393","page","type-page","status-publish","hentry"],"acf":[],"yoast_head":"<!-- This site is optimized with the Yoast SEO plugin v24.8.1 - https:\/\/yoast.com\/wordpress\/plugins\/seo\/ -->\n<title>Partner - Emailchef<\/title>\n<meta name=\"description\" content=\"Es ist leicht, mit Emailchef zus\u00e4tzliches Geld zu verdienen. Sie m\u00fcssen einfach Ihren eigenen Partner-Link auf Ihrer Webseite oder in Ihren E-Mails platzieren\" \/>\n<meta name=\"robots\" content=\"index, follow, max-snippet:-1, max-image-preview:large, max-video-preview:-1\" \/>\n<link rel=\"canonical\" href=\"https:\/\/emailchef.com\/de\/partner\/\" \/>\n<meta name=\"twitter:label1\" content=\"Gesch\u00e4tzte Lesezeit\" \/>\n\t<meta name=\"twitter:data1\" content=\"1\u00a0Minute\" \/>\n<!-- \/ Yoast SEO plugin. -->","yoast_head_json":{"title":"Partner - Emailchef","description":"Es ist leicht, mit Emailchef zus\u00e4tzliches Geld zu verdienen. Sie m\u00fcssen einfach Ihren eigenen Partner-Link auf Ihrer Webseite oder in Ihren E-Mails platzieren","robots":{"index":"index","follow":"follow","max-snippet":"max-snippet:-1","max-image-preview":"max-image-preview:large","max-video-preview":"max-video-preview:-1"},"canonical":"https:\/\/emailchef.com\/de\/partner\/","twitter_misc":{"Gesch\u00e4tzte Lesezeit":"1\u00a0Minute"},"schema":{"@context":"https:\/\/schema.org","@graph":[{"@type":"WebPage","@id":"https:\/\/emailchef.com\/de\/partner\/","url":"https:\/\/emailchef.com\/de\/partner\/","name":"Partner - Emailchef","isPartOf":{"@id":"https:\/\/emailchef.com\/de\/#website"},"datePublished":"2014-10-23T08:31:14+00:00","dateModified":"2024-07-23T15:23:17+00:00","description":"Es ist leicht, mit Emailchef zus\u00e4tzliches Geld zu verdienen. Sie m\u00fcssen einfach Ihren eigenen Partner-Link auf Ihrer Webseite oder in Ihren E-Mails platzieren","breadcrumb":{"@id":"https:\/\/emailchef.com\/de\/partner\/#breadcrumb"},"inLanguage":"de","potentialAction":[{"@type":"ReadAction","target":["https:\/\/emailchef.com\/de\/partner\/"]}]},{"@type":"BreadcrumbList","@id":"https:\/\/emailchef.com\/de\/partner\/#breadcrumb","itemListElement":[{"@type":"ListItem","position":1,"name":"Home","item":"https:\/\/emailchef.com\/de\/emailchef-e-mail-marketing-service\/"},{"@type":"ListItem","position":2,"name":"Partner"}]},{"@type":"WebSite","@id":"https:\/\/emailchef.com\/de\/#website","url":"https:\/\/emailchef.com\/de\/","name":"Emailchef","description":"K\u00f6stliche Rezepte f\u00fcr E-Mail-Marketing","publisher":{"@id":"https:\/\/emailchef.com\/de\/#organization"},"potentialAction":[{"@type":"SearchAction","target":{"@type":"EntryPoint","urlTemplate":"https:\/\/emailchef.com\/de\/?s={search_term_string}"},"query-input":{"@type":"PropertyValueSpecification","valueRequired":true,"valueName":"search_term_string"}}],"inLanguage":"de"},{"@type":"Organization","@id":"https:\/\/emailchef.com\/de\/#organization","name":"Delivery Tech Corp.","url":"https:\/\/emailchef.com\/de\/","logo":{"@type":"ImageObject","inLanguage":"de","@id":"https:\/\/emailchef.com\/de\/#\/schema\/logo\/image\/","url":"https:\/\/emailchef.com\/wp-content\/uploads\/2022\/04\/logo-sama.png","contentUrl":"https:\/\/emailchef.com\/wp-content\/uploads\/2022\/04\/logo-sama.png","width":237,"height":80,"caption":"Delivery Tech Corp."},"image":{"@id":"https:\/\/emailchef.com\/de\/#\/schema\/logo\/image\/"}}]}},"_links":{"self":[{"href":"https:\/\/emailchef.com\/de\/wp-json\/wp\/v2\/pages\/3393"}],"collection":[{"href":"https:\/\/emailchef.com\/de\/wp-json\/wp\/v2\/pages"}],"about":[{"href":"https:\/\/emailchef.com\/de\/wp-json\/wp\/v2\/types\/page"}],"author":[{"embeddable":true,"href":"https:\/\/emailchef.com\/de\/wp-json\/wp\/v2\/users\/1"}],"replies":[{"embeddable":true,"href":"https:\/\/emailchef.com\/de\/wp-json\/wp\/v2\/comments?post=3393"}],"version-history":[{"count":5,"href":"https:\/\/emailchef.com\/de\/wp-json\/wp\/v2\/pages\/3393\/revisions"}],"predecessor-version":[{"id":74459,"href":"https:\/\/emailchef.com\/de\/wp-json\/wp\/v2\/pages\/3393\/revisions\/74459"}],"wp:attachment":[{"href":"https:\/\/emailchef.com\/de\/wp-json\/wp\/v2\/media?parent=3393"}],"wp:term":[{"taxonomy":"g1_relation_tag","embeddable":true,"href":"https:\/\/emailchef.com\/de\/wp-json\/wp\/v2\/g1_relation_tag?post=3393"}],"curies":[{"name":"wp","href":"https:\/\/api.w.org\/{rel}","templated":true}]}}