{"id":3379,"date":"2014-09-11T09:28:40","date_gmt":"2014-09-11T09:28:40","guid":{"rendered":"http:\/\/emailchef.com\/de\/?page_id=3379"},"modified":"2022-05-11T08:40:14","modified_gmt":"2022-05-11T08:40:14","slug":"e-mail-marketing","status":"publish","type":"page","link":"https:\/\/emailchef.com\/de\/e-mail-marketing\/","title":{"rendered":"E-Mail-Marketing: Anleitung"},"content":{"rendered":"<div class=\"gb-container gb-container-fb717223\"><div class=\"gb-inside-container\">\n\n<p>Wir lieben <strong>gut gemachtes E-Mail-Marketing<\/strong>. Und wir lieben es, alle Ressourcen zu teilen, die Ihnen beim Aufbau einer <strong>professionellen und effektiven E-Mail-Kampagne<\/strong> helfen.<\/p>\n\n\n\n<p>Hier finden Sie all die <strong>besten Praktiken<\/strong> und unsere pers\u00f6nlichen Ratschl\u00e4ge \u00fcber das Erstellen eines Newsletters von Grund auf, den Aufbau einer erlaubnisbasierten Liste von Kontakten, der Steigerung Ihrer Zustellrate, dem Verwalten von Transaktions-E-Mails, dem Schreiben einer verlockenden Betreffzeile, dem Verst\u00e4ndnis f\u00fcr die Bedeutung des Cloud-E-Mail-Versands und vieles mehr.<\/p>\n\n<\/div><\/div>\n\n<div class=\"gb-container gb-container-1115803c emc_grid\"><div class=\"gb-inside-container\">\n<div class=\"gb-grid-wrapper gb-grid-wrapper-082a5eb8\">\n<div class=\"gb-grid-column gb-grid-column-8326736e\"><div class=\"gb-container gb-container-8326736e\"><div class=\"gb-inside-container\">\n\n<h3 class=\"gb-headline gb-headline-cb8b66eb\"><span class=\"gb-icon\"><svg viewBox=\"0 0 512 512\" xmlns=\"http:\/\/www.w3.org\/2000\/svg\" class=\"svg-inline--fa fa-thumbs-up fa-w-16\" data-icon=\"thumbs-up\" data-prefix=\"fas\" aria-hidden=\"true\">   <path d=\"M104 224H24c-13.255 0-24 10.745-24 24v240c0 13.255 10.745 24 24 24h80c13.255 0 24-10.745 24-24V248c0-13.255-10.745-24-24-24zM64 472c-13.255 0-24-10.745-24-24s10.745-24 24-24 24 10.745 24 24-10.745 24-24 24zM384 81.452c0 42.416-25.97 66.208-33.277 94.548h101.723c33.397 0 59.397 27.746 59.553 58.098.084 17.938-7.546 37.249-19.439 49.197l-.11.11c9.836 23.337 8.237 56.037-9.308 79.469 8.681 25.895-.069 57.704-16.382 74.757 4.298 17.598 2.244 32.575-6.148 44.632C440.202 511.587 389.616 512 346.839 512l-2.845-.001c-48.287-.017-87.806-17.598-119.56-31.725-15.957-7.099-36.821-15.887-52.651-16.178-6.54-.12-11.783-5.457-11.783-11.998v-213.77c0-3.2 1.282-6.271 3.558-8.521 39.614-39.144 56.648-80.587 89.117-113.111 14.804-14.832 20.188-37.236 25.393-58.902C282.515 39.293 291.817 0 312 0c24 0 72 8 72 81.452z\" fill=\"currentColor\"><\/path> <\/svg><\/span><span class=\"gb-headline-text\">E-Mail-Marketing Praktiken<\/span><\/h3>\n\n\n\n<p class=\"has-text-align-center\">Alles, was Sie \u00fcber die besten Praktiken des Massen-E-Mail-Marketing wissen m\u00fcssen.<\/p>\n\n\n<div class=\"gb-button-wrapper gb-button-wrapper-a5b46297\">\n\n<a class=\"gb-button gb-button-5f75de8b gb-button-text orange-small\" href=\"\/de\/e-mail-marketing-praxistipps\/\">Mehr lesen<\/a>\n\n<\/div>\n<\/div><\/div><\/div>\n\n<div class=\"gb-grid-column gb-grid-column-b64074eb\"><div class=\"gb-container gb-container-b64074eb\"><div class=\"gb-inside-container\">\n\n<h3 class=\"gb-headline gb-headline-d8182c13\"><span class=\"gb-icon\"><svg viewBox=\"0 0 384 512\" xmlns=\"http:\/\/www.w3.org\/2000\/svg\" class=\"svg-inline--fa fa-stack-overflow fa-w-12\" data-icon=\"stack-overflow\" data-prefix=\"fab\" aria-hidden=\"true\">   <path d=\"M290.7 311L95 269.7 86.8 309l195.7 41zm51-87L188.2 95.7l-25.5 30.8 153.5 128.3zm-31.2 39.7L129.2 179l-16.7 36.5L293.7 300zM262 32l-32 24 119.3 160.3 32-24zm20.5 328h-200v39.7h200zm39.7 80H42.7V320h-40v160h359.5V320h-40z\" fill=\"currentColor\"><\/path> <\/svg><\/span><span class=\"gb-headline-text\">Massen-E-Mail-Versand<\/span><\/h3>\n\n\n\n<p class=\"has-text-align-center\">Sie \u201eblasen\u201c keine Massen-E-Mail in die Welt. Sie versenden einen ordentlichen Newsletter, richtig?<\/p>\n\n\n<div class=\"gb-button-wrapper gb-button-wrapper-bed9051e\">\n\n<a class=\"gb-button gb-button-082cefd0 gb-button-text orange-small\" href=\"\/de\/massen-e-mail-versand\/\">Mehr lesen<\/a>\n\n<\/div>\n<\/div><\/div><\/div>\n\n<div class=\"gb-grid-column gb-grid-column-7d7583cd\"><div class=\"gb-container gb-container-7d7583cd\"><div class=\"gb-inside-container\">\n\n<h3 class=\"gb-headline gb-headline-bb2eae69\"><span class=\"gb-icon\"><svg viewBox=\"0 0 576 512\" xmlns=\"http:\/\/www.w3.org\/2000\/svg\" class=\"svg-inline--fa fa-bullhorn fa-w-18\" data-icon=\"bullhorn\" data-prefix=\"fas\" aria-hidden=\"true\">   <path d=\"M576 240c0-23.63-12.95-44.04-32-55.12V32.01C544 23.26 537.02 0 512 0c-7.12 0-14.19 2.38-19.98 7.02l-85.03 68.03C364.28 109.19 310.66 128 256 128H64c-35.35 0-64 28.65-64 64v96c0 35.35 28.65 64 64 64h33.7c-1.39 10.48-2.18 21.14-2.18 32 0 39.77 9.26 77.35 25.56 110.94 5.19 10.69 16.52 17.06 28.4 17.06h74.28c26.05 0 41.69-29.84 25.9-50.56-16.4-21.52-26.15-48.36-26.15-77.44 0-11.11 1.62-21.79 4.41-32H256c54.66 0 108.28 18.81 150.98 52.95l85.03 68.03a32.023 32.023 0 0019.98 7.02c24.92 0 32-22.78 32-32V295.13C563.05 284.04 576 263.63 576 240zm-96 141.42l-33.05-26.44C392.95 311.78 325.12 288 256 288v-96c69.12 0 136.95-23.78 190.95-66.98L480 98.58v282.84z\" fill=\"currentColor\"><\/path> <\/svg><\/span><span class=\"gb-headline-text\">Massen-E-Mail Services<\/span><\/h3>\n\n\n\n<p class=\"has-text-align-center\">Wie man mehrere Kontakte in wenigen Schritten richtig erreicht.<\/p>\n\n\n<div class=\"gb-button-wrapper gb-button-wrapper-5dec0b7b\">\n\n<a class=\"gb-button gb-button-73fb3b30 gb-button-text orange-small\" href=\"\/de\/massen-e-mail-services\/\">Mehr lesen<\/a>\n\n<\/div>\n<\/div><\/div><\/div>\n<\/div>\n<\/div><\/div>\n\n<div class=\"gb-container gb-container-2bd7f821 emc_grid\"><div class=\"gb-inside-container\">\n<div class=\"gb-grid-wrapper gb-grid-wrapper-8af0b1e9\">\n<div class=\"gb-grid-column gb-grid-column-8bd370fb\"><div class=\"gb-container gb-container-8bd370fb\"><div class=\"gb-inside-container\">\n\n<h3 class=\"gb-headline gb-headline-dc17a807\"><span class=\"gb-icon\"><svg viewBox=\"0 0 496 512\" xmlns=\"http:\/\/www.w3.org\/2000\/svg\" class=\"svg-inline--fa fa-smile fa-w-16\" data-icon=\"smile\" data-prefix=\"far\" aria-hidden=\"true\">   <path d=\"M248 8C111 8 0 119 0 256s111 248 248 248 248-111 248-248S385 8 248 8zm0 448c-110.3 0-200-89.7-200-200S137.7 56 248 56s200 89.7 200 200-89.7 200-200 200zm-80-216c17.7 0 32-14.3 32-32s-14.3-32-32-32-32 14.3-32 32 14.3 32 32 32zm160 0c17.7 0 32-14.3 32-32s-14.3-32-32-32-32 14.3-32 32 14.3 32 32 32zm4 72.6c-20.8 25-51.5 39.4-84 39.4s-63.2-14.3-84-39.4c-8.5-10.2-23.7-11.5-33.8-3.1-10.2 8.5-11.5 23.6-3.1 33.8 30 36 74.1 56.6 120.9 56.6s90.9-20.6 120.9-56.6c8.5-10.2 7.1-25.3-3.1-33.8-10.1-8.4-25.3-7.1-33.8 3.1z\" fill=\"currentColor\"><\/path> <\/svg><\/span><span class=\"gb-headline-text\">Newsletter beste Praktiken<\/span><\/h3>\n\n\n\n<p class=\"has-text-align-center\">Lernen Sie, wie man faszinierende Newsletter innerhalb von Minuten erstellt.<\/p>\n\n\n<div class=\"gb-button-wrapper gb-button-wrapper-f2e35db2\">\n\n<a class=\"gb-button gb-button-abdc0825 gb-button-text orange-small\" href=\"\/de\/newsletter-beste-praktiken\/\">Mehr lesen<\/a>\n\n<\/div>\n<\/div><\/div><\/div>\n\n<div class=\"gb-grid-column gb-grid-column-f8a7acaf\"><div class=\"gb-container gb-container-f8a7acaf\"><div class=\"gb-inside-container\">\n\n<h3 class=\"gb-headline gb-headline-3fb9057e\"><span class=\"gb-icon\"><svg viewBox=\"0 0 512 512\" xmlns=\"http:\/\/www.w3.org\/2000\/svg\" class=\"svg-inline--fa fa-sign-out-alt fa-w-16\" data-icon=\"sign-out-alt\" data-prefix=\"fas\" aria-hidden=\"true\">   <path d=\"M497 273L329 441c-15 15-41 4.5-41-17v-96H152c-13.3 0-24-10.7-24-24v-96c0-13.3 10.7-24 24-24h136V88c0-21.4 25.9-32 41-17l168 168c9.3 9.4 9.3 24.6 0 34zM192 436v-40c0-6.6-5.4-12-12-12H96c-17.7 0-32-14.3-32-32V160c0-17.7 14.3-32 32-32h84c6.6 0 12-5.4 12-12V76c0-6.6-5.4-12-12-12H96c-53 0-96 43-96 96v192c0 53 43 96 96 96h84c6.6 0 12-5.4 12-12z\" fill=\"currentColor\"><\/path> <\/svg><\/span><span class=\"gb-headline-text\">E-Mail-Versand-Service<\/span><\/h3>\n\n\n\n<p class=\"has-text-align-center\">Alles, was Sie von einer E-Mail-Marketing Anwendung verlangen k\u00f6nnen.<\/p>\n\n\n<div class=\"gb-button-wrapper gb-button-wrapper-eddad8f4\">\n\n<a class=\"gb-button gb-button-43d8258b gb-button-text orange-small\" href=\"\/de\/e-mail-versand-service\/\">Mehr lesen<\/a>\n\n<\/div>\n<\/div><\/div><\/div>\n\n<div class=\"gb-grid-column gb-grid-column-b3610f1b\"><div class=\"gb-container gb-container-b3610f1b\"><div class=\"gb-inside-container\">\n\n<h3 class=\"gb-headline gb-headline-fc055cc6\"><span class=\"gb-icon\"><svg viewBox=\"0 0 512 512\" xmlns=\"http:\/\/www.w3.org\/2000\/svg\" class=\"svg-inline--fa fa-image fa-w-16\" data-icon=\"image\" data-prefix=\"far\" aria-hidden=\"true\">   <path d=\"M464 64H48C21.49 64 0 85.49 0 112v288c0 26.51 21.49 48 48 48h416c26.51 0 48-21.49 48-48V112c0-26.51-21.49-48-48-48zm-6 336H54a6 6 0 01-6-6V118a6 6 0 016-6h404a6 6 0 016 6v276a6 6 0 01-6 6zM128 152c-22.091 0-40 17.909-40 40s17.909 40 40 40 40-17.909 40-40-17.909-40-40-40zM96 352h320v-80l-87.515-87.515c-4.686-4.686-12.284-4.686-16.971 0L192 304l-39.515-39.515c-4.686-4.686-12.284-4.686-16.971 0L96 304v48z\" fill=\"currentColor\"><\/path> <\/svg><\/span><span class=\"gb-headline-text\">Vorlagen f\u00fcr Newsletter<\/span><\/h3>\n\n\n\n<p class=\"has-text-align-center\">Ein gut gestaltetes Layout ist entscheidend f\u00fcr eine gute E-Mail-Marketing Strategie.<\/p>\n\n\n<div class=\"gb-button-wrapper gb-button-wrapper-2b113cee\">\n\n<a class=\"gb-button gb-button-6ca2bb75 gb-button-text orange-small\" href=\"\/de\/vorlagen-fuer-newsletter\/\">Mehr lesen<\/a>\n\n<\/div>\n<\/div><\/div><\/div>\n<\/div>\n<\/div><\/div>\n\n<div class=\"gb-container gb-container-4dc2ab31 emc_grid\"><div class=\"gb-inside-container\">\n<div class=\"gb-grid-wrapper gb-grid-wrapper-8ad594d9\">\n<div class=\"gb-grid-column gb-grid-column-df36defc\"><div class=\"gb-container gb-container-df36defc\"><div class=\"gb-inside-container\">\n\n<h3 class=\"gb-headline gb-headline-355dcf74\"><span class=\"gb-icon\"><svg viewBox=\"0 0 576 512\" xmlns=\"http:\/\/www.w3.org\/2000\/svg\" class=\"svg-inline--fa fa-edit fa-w-18\" data-icon=\"edit\" data-prefix=\"fas\" aria-hidden=\"true\">   <path d=\"M402.6 83.2l90.2 90.2c3.8 3.8 3.8 10 0 13.8L274.4 405.6l-92.8 10.3c-12.4 1.4-22.9-9.1-21.5-21.5l10.3-92.8L388.8 83.2c3.8-3.8 10-3.8 13.8 0zm162-22.9l-48.8-48.8c-15.2-15.2-39.9-15.2-55.2 0l-35.4 35.4c-3.8 3.8-3.8 10 0 13.8l90.2 90.2c3.8 3.8 10 3.8 13.8 0l35.4-35.4c15.2-15.3 15.2-40 0-55.2zM384 346.2V448H64V128h229.8c3.2 0 6.2-1.3 8.5-3.5l40-40c7.6-7.6 2.2-20.5-8.5-20.5H48C21.5 64 0 85.5 0 112v352c0 26.5 21.5 48 48 48h352c26.5 0 48-21.5 48-48V306.2c0-10.7-12.9-16-20.5-8.5l-40 40c-2.2 2.3-3.5 5.3-3.5 8.5z\" fill=\"currentColor\"><\/path> <\/svg><\/span><span class=\"gb-headline-text\"><a href=\"https:\/\/emailchef.com\/email-campaign-tips\/\">E-Mail-Kampagnen Tipps<\/a><\/span><\/h3>\n\n\n\n<p class=\"has-text-align-center\">Tipps und Tricks zur Verbesserung Ihres Newsletters.<\/p>\n\n\n<div class=\"gb-button-wrapper gb-button-wrapper-12f0f14b\">\n\n<a class=\"gb-button gb-button-ba692926 gb-button-text orange-small\" href=\"\/de\/e-mail-kampagnen-tipps\/\">Mehr lesen<\/a>\n\n<\/div>\n<\/div><\/div><\/div>\n\n<div class=\"gb-grid-column gb-grid-column-5840bc74\"><div class=\"gb-container gb-container-5840bc74\"><div class=\"gb-inside-container\">\n\n<h3 class=\"gb-headline gb-headline-e36bafd9\"><span class=\"gb-icon\"><svg viewBox=\"0 0 640 512\" xmlns=\"http:\/\/www.w3.org\/2000\/svg\" class=\"svg-inline--fa fa-users fa-w-20\" data-icon=\"users\" data-prefix=\"fas\" aria-hidden=\"true\">   <path d=\"M96 224c35.3 0 64-28.7 64-64s-28.7-64-64-64-64 28.7-64 64 28.7 64 64 64zm448 0c35.3 0 64-28.7 64-64s-28.7-64-64-64-64 28.7-64 64 28.7 64 64 64zm32 32h-64c-17.6 0-33.5 7.1-45.1 18.6 40.3 22.1 68.9 62 75.1 109.4h66c17.7 0 32-14.3 32-32v-32c0-35.3-28.7-64-64-64zm-256 0c61.9 0 112-50.1 112-112S381.9 32 320 32 208 82.1 208 144s50.1 112 112 112zm76.8 32h-8.3c-20.8 10-43.9 16-68.5 16s-47.6-6-68.5-16h-8.3C179.6 288 128 339.6 128 403.2V432c0 26.5 21.5 48 48 48h288c26.5 0 48-21.5 48-48v-28.8c0-63.6-51.6-115.2-115.2-115.2zm-223.7-13.4C161.5 263.1 145.6 256 128 256H64c-35.3 0-64 28.7-64 64v32c0 17.7 14.3 32 32 32h65.9c6.3-47.4 34.9-87.3 75.2-109.4z\" fill=\"currentColor\"><\/path> <\/svg><\/span><span class=\"gb-headline-text\">E-Mail-Listen Management<\/span><\/h3>\n\n\n\n<p class=\"has-text-align-center\">Wie Sie Ihre Kontakte aufbauen, vermehren und verwalten.<\/p>\n\n\n<div class=\"gb-button-wrapper gb-button-wrapper-968aa5df\">\n\n<a class=\"gb-button gb-button-fd070da5 gb-button-text orange-small\" href=\"\/de\/e-mail-listen-management\/\">Mehr lesen<\/a>\n\n<\/div>\n<\/div><\/div><\/div>\n\n<div class=\"gb-grid-column gb-grid-column-0fbdbbc8\"><div class=\"gb-container gb-container-0fbdbbc8\"><div class=\"gb-inside-container\">\n\n<h3 class=\"gb-headline gb-headline-5cfe35e9\"><span class=\"gb-icon\"><svg viewBox=\"0 0 512 512\" xmlns=\"http:\/\/www.w3.org\/2000\/svg\" class=\"svg-inline--fa fa-plus-circle fa-w-16\" data-icon=\"plus-circle\" data-prefix=\"fas\" aria-hidden=\"true\">   <path d=\"M256 8C119 8 8 119 8 256s111 248 248 248 248-111 248-248S393 8 256 8zm144 276c0 6.6-5.4 12-12 12h-92v92c0 6.6-5.4 12-12 12h-56c-6.6 0-12-5.4-12-12v-92h-92c-6.6 0-12-5.4-12-12v-56c0-6.6 5.4-12 12-12h92v-92c0-6.6 5.4-12 12-12h56c6.6 0 12 5.4 12 12v92h92c6.6 0 12 5.4 12 12v56z\" fill=\"currentColor\"><\/path> <\/svg><\/span><span class=\"gb-headline-text\">Newsletter Anmeldeformular<\/span><\/h3>\n\n\n\n<p class=\"has-text-align-center\">Immer noch der beste Weg neue Nutzer und Abonnenten anzuziehen.<\/p>\n\n\n<div class=\"gb-button-wrapper gb-button-wrapper-9a7eeb49\">\n\n<a class=\"gb-button gb-button-079ec2a8 gb-button-text orange-small\" href=\"\/de\/newsletter-anmeldeformular\/\">Mehr lesen<\/a>\n\n<\/div>\n<\/div><\/div><\/div>\n<\/div>\n<\/div><\/div>\n\n<div class=\"gb-container gb-container-5d76df8a emc_grid\"><div class=\"gb-inside-container\">\n<div class=\"gb-grid-wrapper gb-grid-wrapper-cdcb116e\">\n<div class=\"gb-grid-column gb-grid-column-2c497dd4\"><div class=\"gb-container gb-container-2c497dd4\"><div class=\"gb-inside-container\">\n\n<h3 class=\"gb-headline gb-headline-ec98c281\"><span class=\"gb-icon\"><svg viewBox=\"0 0 640 512\" xmlns=\"http:\/\/www.w3.org\/2000\/svg\" class=\"svg-inline--fa fa-retweet fa-w-20\" data-icon=\"retweet\" data-prefix=\"fas\" aria-hidden=\"true\">   <path d=\"M629.657 343.598L528.971 444.284c-9.373 9.372-24.568 9.372-33.941 0L394.343 343.598c-9.373-9.373-9.373-24.569 0-33.941l10.823-10.823c9.562-9.562 25.133-9.34 34.419.492L480 342.118V160H292.451a24.005 24.005 0 01-16.971-7.029l-16-16C244.361 121.851 255.069 96 276.451 96H520c13.255 0 24 10.745 24 24v222.118l40.416-42.792c9.285-9.831 24.856-10.054 34.419-.492l10.823 10.823c9.372 9.372 9.372 24.569-.001 33.941zm-265.138 15.431A23.999 23.999 0 00347.548 352H160V169.881l40.416 42.792c9.286 9.831 24.856 10.054 34.419.491l10.822-10.822c9.373-9.373 9.373-24.569 0-33.941L144.971 67.716c-9.373-9.373-24.569-9.373-33.941 0L10.343 168.402c-9.373 9.373-9.373 24.569 0 33.941l10.822 10.822c9.562 9.562 25.133 9.34 34.419-.491L96 169.881V392c0 13.255 10.745 24 24 24h243.549c21.382 0 32.09-25.851 16.971-40.971l-16.001-16z\" fill=\"currentColor\"><\/path> <\/svg><\/span><span class=\"gb-headline-text\">Transaktions-E-Mails<\/span><\/h3>\n\n\n\n<p class=\"has-text-align-center\">Autoresponder und ereignisgesteuerte E-Mail erl\u00e4utert.<\/p>\n\n\n<div class=\"gb-button-wrapper gb-button-wrapper-40ae5b40\">\n\n<a class=\"gb-button gb-button-6f8fa752 gb-button-text orange-small\" href=\"\/de\/transaktions-e-mails\/\">Mehr lesen<\/a>\n\n<\/div>\n<\/div><\/div><\/div>\n\n<div class=\"gb-grid-column gb-grid-column-7bbf3252\"><div class=\"gb-container gb-container-7bbf3252\"><div class=\"gb-inside-container\">\n\n<h3 class=\"gb-headline gb-headline-25caf107\"><span class=\"gb-icon\"><svg viewBox=\"0 0 512 512\" xmlns=\"http:\/\/www.w3.org\/2000\/svg\" class=\"svg-inline--fa fa-chart-bar fa-w-16\" data-icon=\"chart-bar\" data-prefix=\"fas\" aria-hidden=\"true\">   <path d=\"M332.8 320h38.4c6.4 0 12.8-6.4 12.8-12.8V172.8c0-6.4-6.4-12.8-12.8-12.8h-38.4c-6.4 0-12.8 6.4-12.8 12.8v134.4c0 6.4 6.4 12.8 12.8 12.8zm96 0h38.4c6.4 0 12.8-6.4 12.8-12.8V76.8c0-6.4-6.4-12.8-12.8-12.8h-38.4c-6.4 0-12.8 6.4-12.8 12.8v230.4c0 6.4 6.4 12.8 12.8 12.8zm-288 0h38.4c6.4 0 12.8-6.4 12.8-12.8v-70.4c0-6.4-6.4-12.8-12.8-12.8h-38.4c-6.4 0-12.8 6.4-12.8 12.8v70.4c0 6.4 6.4 12.8 12.8 12.8zm96 0h38.4c6.4 0 12.8-6.4 12.8-12.8V108.8c0-6.4-6.4-12.8-12.8-12.8h-38.4c-6.4 0-12.8 6.4-12.8 12.8v198.4c0 6.4 6.4 12.8 12.8 12.8zM496 384H64V80c0-8.84-7.16-16-16-16H16C7.16 64 0 71.16 0 80v336c0 17.67 14.33 32 32 32h464c8.84 0 16-7.16 16-16v-32c0-8.84-7.16-16-16-16z\" fill=\"currentColor\"><\/path> <\/svg><\/span><span class=\"gb-headline-text\">E-Mail-Tracking<\/span><\/h3>\n\n\n\n<p class=\"has-text-align-center\">Es ist extrem wichtig, Ihren Newsletter nachzuverfolgen. Hier erfahren Sie warum.<\/p>\n\n\n<div class=\"gb-button-wrapper gb-button-wrapper-8f009f7a\">\n\n<a class=\"gb-button gb-button-f85d58d7 gb-button-text orange-small\" href=\"\/de\/e-mail-tracking\/\">Mehr lesen<\/a>\n\n<\/div>\n<\/div><\/div><\/div>\n\n<div class=\"gb-grid-column gb-grid-column-bad74b05\"><div class=\"gb-container gb-container-bad74b05\"><div class=\"gb-inside-container\">\n\n<h3 class=\"gb-headline gb-headline-b796a250\"><span class=\"gb-icon\"><svg viewBox=\"0 0 512 512\" xmlns=\"http:\/\/www.w3.org\/2000\/svg\" class=\"svg-inline--fa fa-paper-plane fa-w-16\" data-icon=\"paper-plane\" data-prefix=\"far\" aria-hidden=\"true\">   <path d=\"M440 6.5L24 246.4c-34.4 19.9-31.1 70.8 5.7 85.9L144 379.6V464c0 46.4 59.2 65.5 86.6 28.6l43.8-59.1 111.9 46.2c5.9 2.4 12.1 3.6 18.3 3.6 8.2 0 16.3-2.1 23.6-6.2 12.8-7.2 21.6-20 23.9-34.5l59.4-387.2c6.1-40.1-36.9-68.8-71.5-48.9zM192 464v-64.6l36.6 15.1L192 464zm212.6-28.7l-153.8-63.5L391 169.5c10.7-15.5-9.5-33.5-23.7-21.2L155.8 332.6 48 288 464 48l-59.4 387.3z\" fill=\"currentColor\"><\/path> <\/svg><\/span><span class=\"gb-headline-text\">E-Mail-Zustellung<\/span><\/h3>\n\n\n\n<p class=\"has-text-align-center\">Wie Sie Ihre Zustellbarkeit in ein paar einfachen Schritten verbessern.<\/p>\n\n\n<div class=\"gb-button-wrapper gb-button-wrapper-b3a7ca50\">\n\n<a class=\"gb-button gb-button-fd24eabb gb-button-text orange-small\" href=\"\/de\/e-mail-zustellung\/\">Mehr lesen<\/a>\n\n<\/div>\n<\/div><\/div><\/div>\n<\/div>\n<\/div><\/div>\n\n<div class=\"gb-container gb-container-1acf92d9 emc_grid\"><div class=\"gb-inside-container\">\n<div class=\"gb-grid-wrapper gb-grid-wrapper-1a4597ec\">\n<div class=\"gb-grid-column gb-grid-column-4d5e3abe\"><div class=\"gb-container gb-container-4d5e3abe\"><div class=\"gb-inside-container\">\n\n<h3 class=\"gb-headline gb-headline-cb5b920c\"><span class=\"gb-icon\"><svg viewBox=\"0 0 640 512\" xmlns=\"http:\/\/www.w3.org\/2000\/svg\" class=\"svg-inline--fa fa-cloud fa-w-20\" data-icon=\"cloud\" data-prefix=\"fas\" aria-hidden=\"true\">   <path d=\"M537.6 226.6c4.1-10.7 6.4-22.4 6.4-34.6 0-53-43-96-96-96-19.7 0-38.1 6-53.3 16.2C367 64.2 315.3 32 256 32c-88.4 0-160 71.6-160 160 0 2.7.1 5.4.2 8.1C40.2 219.8 0 273.2 0 336c0 79.5 64.5 144 144 144h368c70.7 0 128-57.3 128-128 0-61.9-44-113.6-102.4-125.4z\" fill=\"currentColor\"><\/path> <\/svg><\/span><span class=\"gb-headline-text\">Cloud-E-Mail-Versand<\/span><\/h3>\n\n\n\n<p class=\"has-text-align-center\">E-Mails online versenden, ohne eine Software herunterzuladen.<\/p>\n\n\n<div class=\"gb-button-wrapper gb-button-wrapper-88f7924a\">\n\n<a class=\"gb-button gb-button-c2a744f8 gb-button-text orange-small\" href=\"\/de\/cloud-e-mail-versand\/\">Mehr lesen<\/a>\n\n<\/div>\n<\/div><\/div><\/div>\n<\/div>\n<\/div><\/div>\n\n\n<p><\/p>\n","protected":false},"excerpt":{"rendered":"<p>Wir lieben gut gemachtes E-Mail-Marketing. Und wir lieben es, alle Ressourcen zu teilen, die Ihnen beim Aufbau einer professionellen und effektiven E-Mail-Kampagne helfen. Hier finden Sie all die besten Praktiken und unsere pers\u00f6nlichen Ratschl\u00e4ge \u00fcber das Erstellen eines Newsletters von Grund auf, den Aufbau einer erlaubnisbasierten Liste von Kontakten, der Steigerung Ihrer Zustellrate, dem Verwalten [&hellip;]<\/p>\n","protected":false},"author":1,"featured_media":0,"parent":0,"menu_order":102,"comment_status":"closed","ping_status":"closed","template":"","meta":{"_acf_changed":false,"inline_featured_image":false,"footnotes":""},"g1_relation_tag":[],"class_list":["post-3379","page","type-page","status-publish","hentry"],"acf":[],"yoast_head":"<!-- This site is optimized with the Yoast SEO plugin v24.8.1 - https:\/\/yoast.com\/wordpress\/plugins\/seo\/ -->\n<title>E-Mail-Marketing: Anleitung - Emailchef<\/title>\n<meta name=\"description\" content=\"Und wir lieben es, alle Ressourcen zu teilen, die Ihnen beim Aufbau einer professionellen und effektiven E-Mail-Kampagne helfen.\" \/>\n<meta name=\"robots\" content=\"index, follow, max-snippet:-1, max-image-preview:large, max-video-preview:-1\" \/>\n<link rel=\"canonical\" href=\"https:\/\/emailchef.com\/de\/e-mail-marketing\/\" \/>\n<meta name=\"twitter:label1\" content=\"Gesch\u00e4tzte Lesezeit\" \/>\n\t<meta name=\"twitter:data1\" content=\"2\u00a0Minuten\" \/>\n<!-- \/ Yoast SEO plugin. -->","yoast_head_json":{"title":"E-Mail-Marketing: Anleitung - Emailchef","description":"Und wir lieben es, alle Ressourcen zu teilen, die Ihnen beim Aufbau einer professionellen und effektiven E-Mail-Kampagne helfen.","robots":{"index":"index","follow":"follow","max-snippet":"max-snippet:-1","max-image-preview":"max-image-preview:large","max-video-preview":"max-video-preview:-1"},"canonical":"https:\/\/emailchef.com\/de\/e-mail-marketing\/","twitter_misc":{"Gesch\u00e4tzte Lesezeit":"2\u00a0Minuten"},"schema":{"@context":"https:\/\/schema.org","@graph":[{"@type":"WebPage","@id":"https:\/\/emailchef.com\/de\/e-mail-marketing\/","url":"https:\/\/emailchef.com\/de\/e-mail-marketing\/","name":"E-Mail-Marketing: Anleitung - Emailchef","isPartOf":{"@id":"https:\/\/emailchef.com\/de\/#website"},"datePublished":"2014-09-11T09:28:40+00:00","dateModified":"2022-05-11T08:40:14+00:00","description":"Und wir lieben es, alle Ressourcen zu teilen, die Ihnen beim Aufbau einer professionellen und effektiven E-Mail-Kampagne helfen.","breadcrumb":{"@id":"https:\/\/emailchef.com\/de\/e-mail-marketing\/#breadcrumb"},"inLanguage":"de","potentialAction":[{"@type":"ReadAction","target":["https:\/\/emailchef.com\/de\/e-mail-marketing\/"]}]},{"@type":"BreadcrumbList","@id":"https:\/\/emailchef.com\/de\/e-mail-marketing\/#breadcrumb","itemListElement":[{"@type":"ListItem","position":1,"name":"Home","item":"https:\/\/emailchef.com\/de\/emailchef-e-mail-marketing-service\/"},{"@type":"ListItem","position":2,"name":"E-Mail-Marketing: Anleitung"}]},{"@type":"WebSite","@id":"https:\/\/emailchef.com\/de\/#website","url":"https:\/\/emailchef.com\/de\/","name":"Emailchef","description":"K\u00f6stliche Rezepte f\u00fcr E-Mail-Marketing","publisher":{"@id":"https:\/\/emailchef.com\/de\/#organization"},"potentialAction":[{"@type":"SearchAction","target":{"@type":"EntryPoint","urlTemplate":"https:\/\/emailchef.com\/de\/?s={search_term_string}"},"query-input":{"@type":"PropertyValueSpecification","valueRequired":true,"valueName":"search_term_string"}}],"inLanguage":"de"},{"@type":"Organization","@id":"https:\/\/emailchef.com\/de\/#organization","name":"Delivery Tech Corp.","url":"https:\/\/emailchef.com\/de\/","logo":{"@type":"ImageObject","inLanguage":"de","@id":"https:\/\/emailchef.com\/de\/#\/schema\/logo\/image\/","url":"https:\/\/emailchef.com\/wp-content\/uploads\/2022\/04\/logo-sama.png","contentUrl":"https:\/\/emailchef.com\/wp-content\/uploads\/2022\/04\/logo-sama.png","width":237,"height":80,"caption":"Delivery Tech Corp."},"image":{"@id":"https:\/\/emailchef.com\/de\/#\/schema\/logo\/image\/"}}]}},"_links":{"self":[{"href":"https:\/\/emailchef.com\/de\/wp-json\/wp\/v2\/pages\/3379"}],"collection":[{"href":"https:\/\/emailchef.com\/de\/wp-json\/wp\/v2\/pages"}],"about":[{"href":"https:\/\/emailchef.com\/de\/wp-json\/wp\/v2\/types\/page"}],"author":[{"embeddable":true,"href":"https:\/\/emailchef.com\/de\/wp-json\/wp\/v2\/users\/1"}],"replies":[{"embeddable":true,"href":"https:\/\/emailchef.com\/de\/wp-json\/wp\/v2\/comments?post=3379"}],"version-history":[{"count":5,"href":"https:\/\/emailchef.com\/de\/wp-json\/wp\/v2\/pages\/3379\/revisions"}],"predecessor-version":[{"id":52410,"href":"https:\/\/emailchef.com\/de\/wp-json\/wp\/v2\/pages\/3379\/revisions\/52410"}],"wp:attachment":[{"href":"https:\/\/emailchef.com\/de\/wp-json\/wp\/v2\/media?parent=3379"}],"wp:term":[{"taxonomy":"g1_relation_tag","embeddable":true,"href":"https:\/\/emailchef.com\/de\/wp-json\/wp\/v2\/g1_relation_tag?post=3379"}],"curies":[{"name":"wp","href":"https:\/\/api.w.org\/{rel}","templated":true}]}}