{"id":3359,"date":"2014-09-30T10:35:56","date_gmt":"2014-09-30T10:35:56","guid":{"rendered":"http:\/\/emailchef.com\/de\/?page_id=3359"},"modified":"2022-07-13T08:05:15","modified_gmt":"2022-07-13T08:05:15","slug":"lebenslang-kostenloser-service","status":"publish","type":"page","link":"https:\/\/emailchef.com\/de\/lebenslang-kostenloser-service\/","title":{"rendered":"Lebenslanger kostenloser Service f\u00fcr gemeinn\u00fctzige Zwecke"},"content":{"rendered":"\t\t<div data-elementor-type=\"wp-page\" data-elementor-id=\"3359\" class=\"elementor elementor-3359 elementor-834\" data-elementor-post-type=\"page\">\n\t\t\t\t\t\t<section class=\"elementor-section elementor-top-section elementor-element elementor-element-8b4fe28 elementor-section-boxed elementor-section-height-default elementor-section-height-default\" data-id=\"8b4fe28\" data-element_type=\"section\">\n\t\t\t\t\t\t<div class=\"elementor-container elementor-column-gap-default\">\n\t\t\t\t\t<div class=\"elementor-column elementor-col-100 elementor-top-column elementor-element elementor-element-3909144\" data-id=\"3909144\" data-element_type=\"column\">\n\t\t\t<div class=\"elementor-widget-wrap elementor-element-populated\">\n\t\t\t\t\t\t<div class=\"elementor-element elementor-element-3d06947 elementor-widget elementor-widget-image\" data-id=\"3d06947\" data-element_type=\"widget\" data-widget_type=\"image.default\">\n\t\t\t\t<div class=\"elementor-widget-container\">\n\t\t\t\t\t\t\t\t\t\t\t\t\t\t\t<img fetchpriority=\"high\" decoding=\"async\" width=\"954\" height=\"600\" src=\"https:\/\/emailchef.com\/wp-content\/uploads\/2022\/07\/non-profit.png\" class=\"attachment-full size-full wp-image-58734\" alt=\"Lebenslanger kostenloser Service f\u00fcr gemeinn\u00fctzige Zwecke\" \/>\t\t\t\t\t\t\t\t\t\t\t\t\t\t\t<\/div>\n\t\t\t\t<\/div>\n\t\t\t\t\t<\/div>\n\t\t<\/div>\n\t\t\t\t\t<\/div>\n\t\t<\/section>\n\t\t\t\t<section class=\"elementor-section elementor-top-section elementor-element elementor-element-35e31c45 elementor-section-boxed elementor-section-height-default elementor-section-height-default\" data-id=\"35e31c45\" data-element_type=\"section\">\n\t\t\t\t\t\t<div class=\"elementor-container elementor-column-gap-default\">\n\t\t\t\t\t<div class=\"elementor-column elementor-col-100 elementor-top-column elementor-element elementor-element-40280e15\" data-id=\"40280e15\" data-element_type=\"column\">\n\t\t\t<div class=\"elementor-widget-wrap elementor-element-populated\">\n\t\t\t\t\t\t<div class=\"elementor-element elementor-element-49aff614 elementor-widget elementor-widget-text-editor\" data-id=\"49aff614\" data-element_type=\"widget\" data-widget_type=\"text-editor.default\">\n\t\t\t\t<div class=\"elementor-widget-container\">\n\t\t\t\t\t\t\t\t\t<p>Das Team von Emailchef setzt sich stark daf\u00fcr ein, der Community etwas zur\u00fcckzugeben. Aus diesem Grund haben wir ein Ad-hoc-Programm f\u00fcr <strong>gemeinn\u00fctzige Organisationen<\/strong> erstellt, denen wir gerne <strong>kostenlose Lizenzen<\/strong> anbieten.<\/p>\n\n<p>Ein richtiger Newsletter ist immer noch das einfachste und lohnendste <strong>digitale Marketinginstrument<\/strong>. Und da es f\u00fcr das Gesch\u00e4ft funktioniert, glauben wir, dass es auch f\u00fcr gemeinn\u00fctzige Zwecke \u00e4u\u00dferst wertvoll sein kann: Fundraising-Ergebnisse zu bewerben, Unterst\u00fctzer und Freunde zu informieren, Veranstaltungen zu f\u00f6rdern, Freiwillige zu rekrutieren.<\/p>\n\n<p>Daher sind wir froh, allen qualifizierten, <strong>s\u00e4kularen Non-Profit-Organisationen im Zusammenhang mit der Gesundheitsversorgung eine Emailchef-Lizenz zukommen zu lassen<\/strong> (z. B. Kinderbetreuung, Invalidit\u00e4ts-Dienste, Familienunterst\u00fctzung usw.).<\/p>\n\n<div class=\"g1-space\" style=\"height: 25px;\"><\/div>\n\n<h2><b>Versenden Sie unbegrenzt E-Mails \/ Monat an bis zu 500 Abonnenten \u2013 kostenlos. F\u00fcr immer.<\/b><\/h2>\n\n<div class=\"g1-space\" style=\"height: 10px;\"><\/div>\n\n<h3 style=\"font-weight: 400 !important;\">Der beste kostenlose Newsletter-Service<\/h3>\n<p>Wenn Sie bis zu unbegrenzt Sendungen \/ Monat an eine Liste von maximal 500 Abonnenten versenden, dann ist Emailchef absolut kostenlos. Lebenslang und garantiert, ohne versteckte Geb\u00fchren.<\/p>\n\n<div class=\"g1-space\" style=\"height: 15px;\"><\/div>\n\n<h3 style=\"font-weight: 400 !important;\">Alle Funktionen stehen Ihnen offen<\/h3>\n<p>Die kostenlose Version von Emailchef ist komplett mit allen Funktionen: unbegrenzte Kontaktlisten verwalten, Design und Bearbeitung Ihrer E-Mail, deren schneller Versand und der Erhalt fortgeschrittener Statistiken \u00fcber alle Kampagnen.<\/p>\n\n<div class=\"g1-space\" style=\"height: 35px;\"><\/div>\n\n<p><strong>Sie sind nur ein paar Schritte entfernt von Ihrer ersten beeindruckenden E-Mail-Kampagne:<\/strong><\/p>\n\n<div class=\"g1-space\" style=\"height: 15px;\"><\/div>\n\n\n<ol id=\"\" class=\"g1-list g1-list--icon g1-list--simple \">\n \t<li><i class=\"fa fa-arrow-right g1-list__icon\"><\/i>Melden Sie sich zu dem f\u00fcr immer <a href=\"https:\/\/app.emailchef.com\/customer\/signup?type=RECURRING&amp;lang=de\">kostenlosen Service an<\/a>.<\/li>\n \t<li><i class=\"fa fa-arrow-right g1-list__icon\"><\/i>Entdecken Sie, wie <strong>einfach und schnell Sie<\/strong> mit unserem Drag-and-drop\u00a0<a href=\"http:\/\/emailchef.com\/de\/funktionen\/der-schnellste-template-creator\/\">Template Creator<\/a> einen Newsletter erstellen.<\/li>\n \t<li><i class=\"fa fa-arrow-right g1-list__icon\"><\/i>Erstellen oder laden Sie eine <strong>Mailingliste<\/strong> hoch.<\/li>\n \t<li><i class=\"fa fa-arrow-right g1-list__icon\"><\/i>Kontaktieren Sie unser <strong>Support-Team<\/strong> und fragen Sie nach dem kostenlosen Konto f\u00fcr gemeinn\u00fctzige Zwecke.<\/li>\n \t<li><i class=\"fa fa-arrow-right g1-list__icon\"><\/i>Versenden und <strong>Zustellen<\/strong> aller Ihrer E-Mails.<\/li>\n<\/ol>\n\n\n<div class=\"g1-space\" style=\"height: 20px;\"><\/div>\n\n<p>Es ist wirklich so <strong>einfach<\/strong>. Wir sind stolz, dass wir dies verwirklicht haben.<\/p>\n\n<p style=\"text-align: center;\"><a id=\"\" class=\"g1-button g1-button--medium g1-button--solid g1-button-- \" href=\"\/user-signup?lang=de\" title=\"\" >JETZT KOSTENLOS ANMELDEN<\/a><\/p>\n<p style=\"text-align: center;\"><small>Wir werden Ihren Antrag so schnell wie m\u00f6glich \u00fcberpr\u00fcfen und Ihnen zu gegebener Zeit mitteilen, ob Sie f\u00fcr unser Programm in Frage kommen. Wenn dies der Fall ist, aktivieren wir Ihr kostenloses Konto.\nBitte beachten Sie, dass wir uns das Recht vorbehalten, Ihre Anfrage nach eigenem Ermessen zu genehmigen oder abzulehnen.<\/small><\/p>\t\t\t\t\t\t\t\t<\/div>\n\t\t\t\t<\/div>\n\t\t\t\t\t<\/div>\n\t\t<\/div>\n\t\t\t\t\t<\/div>\n\t\t<\/section>\n\t\t\t\t<\/div>\n\t\t","protected":false},"excerpt":{"rendered":"<p>Das Team von Emailchef setzt sich stark daf\u00fcr ein, der Community etwas zur\u00fcckzugeben. Aus diesem Grund haben wir ein Ad-hoc-Programm f\u00fcr gemeinn\u00fctzige Organisationen erstellt, denen wir gerne kostenlose Lizenzen anbieten. Ein richtiger Newsletter ist immer noch das einfachste und lohnendste digitale Marketinginstrument. Und da es f\u00fcr das Gesch\u00e4ft funktioniert, glauben wir, dass es auch f\u00fcr [&hellip;]<\/p>\n","protected":false},"author":1,"featured_media":0,"parent":0,"menu_order":175,"comment_status":"closed","ping_status":"closed","template":"","meta":{"_acf_changed":false,"inline_featured_image":false,"footnotes":""},"g1_relation_tag":[],"class_list":["post-3359","page","type-page","status-publish","hentry"],"acf":[],"yoast_head":"<!-- This site is optimized with the Yoast SEO plugin v24.8.1 - https:\/\/yoast.com\/wordpress\/plugins\/seo\/ -->\n<title>Lebenslang kostenloser Service - Emailchef<\/title>\n<meta name=\"description\" content=\"Versenden Sie unbegrenzt E-Mails \/ Monat an bis zu 500 Abonnenten \u2013 kostenlos. F\u00fcr immer\" \/>\n<meta name=\"robots\" content=\"index, follow, max-snippet:-1, max-image-preview:large, max-video-preview:-1\" \/>\n<link rel=\"canonical\" href=\"https:\/\/emailchef.com\/de\/lebenslang-kostenloser-service\/\" \/>\n<meta name=\"twitter:label1\" content=\"Gesch\u00e4tzte Lesezeit\" \/>\n\t<meta name=\"twitter:data1\" content=\"2\u00a0Minuten\" \/>\n<!-- \/ Yoast SEO plugin. -->","yoast_head_json":{"title":"Lebenslang kostenloser Service - Emailchef","description":"Versenden Sie unbegrenzt E-Mails \/ Monat an bis zu 500 Abonnenten \u2013 kostenlos. F\u00fcr immer","robots":{"index":"index","follow":"follow","max-snippet":"max-snippet:-1","max-image-preview":"max-image-preview:large","max-video-preview":"max-video-preview:-1"},"canonical":"https:\/\/emailchef.com\/de\/lebenslang-kostenloser-service\/","twitter_misc":{"Gesch\u00e4tzte Lesezeit":"2\u00a0Minuten"},"schema":{"@context":"https:\/\/schema.org","@graph":[{"@type":"WebPage","@id":"https:\/\/emailchef.com\/de\/lebenslang-kostenloser-service\/","url":"https:\/\/emailchef.com\/de\/lebenslang-kostenloser-service\/","name":"Lebenslang kostenloser Service - Emailchef","isPartOf":{"@id":"https:\/\/emailchef.com\/de\/#website"},"primaryImageOfPage":{"@id":"https:\/\/emailchef.com\/de\/lebenslang-kostenloser-service\/#primaryimage"},"image":{"@id":"https:\/\/emailchef.com\/de\/lebenslang-kostenloser-service\/#primaryimage"},"thumbnailUrl":"https:\/\/emailchef.com\/wp-content\/uploads\/2022\/07\/non-profit.png","datePublished":"2014-09-30T10:35:56+00:00","dateModified":"2022-07-13T08:05:15+00:00","description":"Versenden Sie unbegrenzt E-Mails \/ Monat an bis zu 500 Abonnenten \u2013 kostenlos. F\u00fcr immer","breadcrumb":{"@id":"https:\/\/emailchef.com\/de\/lebenslang-kostenloser-service\/#breadcrumb"},"inLanguage":"de","potentialAction":[{"@type":"ReadAction","target":["https:\/\/emailchef.com\/de\/lebenslang-kostenloser-service\/"]}]},{"@type":"ImageObject","inLanguage":"de","@id":"https:\/\/emailchef.com\/de\/lebenslang-kostenloser-service\/#primaryimage","url":"https:\/\/emailchef.com\/wp-content\/uploads\/2022\/07\/non-profit.png","contentUrl":"https:\/\/emailchef.com\/wp-content\/uploads\/2022\/07\/non-profit.png"},{"@type":"BreadcrumbList","@id":"https:\/\/emailchef.com\/de\/lebenslang-kostenloser-service\/#breadcrumb","itemListElement":[{"@type":"ListItem","position":1,"name":"Home","item":"https:\/\/emailchef.com\/de\/emailchef-e-mail-marketing-service\/"},{"@type":"ListItem","position":2,"name":"Lebenslanger kostenloser Service f\u00fcr gemeinn\u00fctzige Zwecke"}]},{"@type":"WebSite","@id":"https:\/\/emailchef.com\/de\/#website","url":"https:\/\/emailchef.com\/de\/","name":"Emailchef","description":"K\u00f6stliche Rezepte f\u00fcr E-Mail-Marketing","publisher":{"@id":"https:\/\/emailchef.com\/de\/#organization"},"potentialAction":[{"@type":"SearchAction","target":{"@type":"EntryPoint","urlTemplate":"https:\/\/emailchef.com\/de\/?s={search_term_string}"},"query-input":{"@type":"PropertyValueSpecification","valueRequired":true,"valueName":"search_term_string"}}],"inLanguage":"de"},{"@type":"Organization","@id":"https:\/\/emailchef.com\/de\/#organization","name":"Delivery Tech Corp.","url":"https:\/\/emailchef.com\/de\/","logo":{"@type":"ImageObject","inLanguage":"de","@id":"https:\/\/emailchef.com\/de\/#\/schema\/logo\/image\/","url":"https:\/\/emailchef.com\/wp-content\/uploads\/2022\/04\/logo-sama.png","contentUrl":"https:\/\/emailchef.com\/wp-content\/uploads\/2022\/04\/logo-sama.png","width":237,"height":80,"caption":"Delivery Tech Corp."},"image":{"@id":"https:\/\/emailchef.com\/de\/#\/schema\/logo\/image\/"}}]}},"_links":{"self":[{"href":"https:\/\/emailchef.com\/de\/wp-json\/wp\/v2\/pages\/3359"}],"collection":[{"href":"https:\/\/emailchef.com\/de\/wp-json\/wp\/v2\/pages"}],"about":[{"href":"https:\/\/emailchef.com\/de\/wp-json\/wp\/v2\/types\/page"}],"author":[{"embeddable":true,"href":"https:\/\/emailchef.com\/de\/wp-json\/wp\/v2\/users\/1"}],"replies":[{"embeddable":true,"href":"https:\/\/emailchef.com\/de\/wp-json\/wp\/v2\/comments?post=3359"}],"version-history":[{"count":12,"href":"https:\/\/emailchef.com\/de\/wp-json\/wp\/v2\/pages\/3359\/revisions"}],"predecessor-version":[{"id":58834,"href":"https:\/\/emailchef.com\/de\/wp-json\/wp\/v2\/pages\/3359\/revisions\/58834"}],"wp:attachment":[{"href":"https:\/\/emailchef.com\/de\/wp-json\/wp\/v2\/media?parent=3359"}],"wp:term":[{"taxonomy":"g1_relation_tag","embeddable":true,"href":"https:\/\/emailchef.com\/de\/wp-json\/wp\/v2\/g1_relation_tag?post=3359"}],"curies":[{"name":"wp","href":"https:\/\/api.w.org\/{rel}","templated":true}]}}