{"id":3354,"date":"2014-09-04T10:44:52","date_gmt":"2014-09-04T10:44:52","guid":{"rendered":"http:\/\/emailchef.com\/de\/?page_id=3354"},"modified":"2022-07-05T08:54:50","modified_gmt":"2022-07-05T08:54:50","slug":"e-mail-versand-ueberall-jederzeit","status":"publish","type":"page","link":"https:\/\/emailchef.com\/de\/funktionen\/e-mail-versand-ueberall-jederzeit\/","title":{"rendered":"E-Mail Versand \u00fcberall jederzeit"},"content":{"rendered":"\t\t<div data-elementor-type=\"wp-page\" data-elementor-id=\"3354\" class=\"elementor elementor-3354 elementor-147\" data-elementor-post-type=\"page\">\n\t\t\t\t\t\t<section class=\"elementor-section elementor-top-section elementor-element elementor-element-1061e4a elementor-section-boxed elementor-section-height-default elementor-section-height-default\" data-id=\"1061e4a\" data-element_type=\"section\">\n\t\t\t\t\t\t<div class=\"elementor-container elementor-column-gap-default\">\n\t\t\t\t\t<div class=\"elementor-column elementor-col-100 elementor-top-column elementor-element elementor-element-5e79613\" data-id=\"5e79613\" data-element_type=\"column\">\n\t\t\t<div class=\"elementor-widget-wrap elementor-element-populated\">\n\t\t\t\t\t\t<div class=\"elementor-element elementor-element-3c1b743 elementor-widget elementor-widget-image\" data-id=\"3c1b743\" data-element_type=\"widget\" data-widget_type=\"image.default\">\n\t\t\t\t<div class=\"elementor-widget-container\">\n\t\t\t\t\t\t\t\t\t\t\t\t\t\t\t<img fetchpriority=\"high\" decoding=\"async\" width=\"1597\" height=\"600\" src=\"https:\/\/emailchef.com\/wp-content\/uploads\/2022\/06\/anywhere.png\" class=\"attachment-full size-full wp-image-57326\" alt=\"E-Mail Versand \u00fcberall jederzeit\" \/>\t\t\t\t\t\t\t\t\t\t\t\t\t\t\t<\/div>\n\t\t\t\t<\/div>\n\t\t\t\t\t<\/div>\n\t\t<\/div>\n\t\t\t\t\t<\/div>\n\t\t<\/section>\n\t\t\t\t<section class=\"elementor-section elementor-top-section elementor-element elementor-element-4df5c15d elementor-section-boxed elementor-section-height-default elementor-section-height-default\" data-id=\"4df5c15d\" data-element_type=\"section\">\n\t\t\t\t\t\t<div class=\"elementor-container elementor-column-gap-default\">\n\t\t\t\t\t<div class=\"elementor-column elementor-col-100 elementor-top-column elementor-element elementor-element-1e4e577a\" data-id=\"1e4e577a\" data-element_type=\"column\">\n\t\t\t<div class=\"elementor-widget-wrap elementor-element-populated\">\n\t\t\t\t\t\t<div class=\"elementor-element elementor-element-6ec1094d elementor-widget elementor-widget-text-editor\" data-id=\"6ec1094d\" data-element_type=\"widget\" data-widget_type=\"text-editor.default\">\n\t\t\t\t<div class=\"elementor-widget-container\">\n\t\t\t\t\t\t\t\t\t<p>Einer der gr\u00f6\u00dften Vorteile bei der Nutzung eines <strong>webbasierten E-Mail-Marketing Services<\/strong> wie Emailchef ist, dass Sie keine Software herunterladen m\u00fcssen und Sie diesen <strong>\u00fcberall und jederzeit<\/strong> nutzen k\u00f6nnen.<\/p>\n\n<p>Alles, was Sie tun m\u00fcssen, ist, sich an unserer Webseite anzumelden. Ganz egal welche Internet-Verbindung Sie nutzen \u2013 einschlie\u00dflich 3G Netze \u2013 Emailchef wird perfekt funktionieren. Alle Ihre Kontakte, E-Mails, Vorlagen, Entw\u00fcrfe und Formulare sind <strong>sofort bereit<\/strong> \u2013 genie\u00dfen Sie die Freiheit, Ihre Newsletter zu versenden, wann immer Sie m\u00f6chten.<\/p>\t\t\t\t\t\t\t\t<\/div>\n\t\t\t\t<\/div>\n\t\t\t\t\t<\/div>\n\t\t<\/div>\n\t\t\t\t\t<\/div>\n\t\t<\/section>\n\t\t\t\t<\/div>\n\t\t","protected":false},"excerpt":{"rendered":"<p>Einer der gr\u00f6\u00dften Vorteile bei der Nutzung eines webbasierten E-Mail-Marketing Services wie Emailchef ist, dass Sie keine Software herunterladen m\u00fcssen und Sie diesen \u00fcberall und jederzeit nutzen k\u00f6nnen. Alles, was Sie tun m\u00fcssen, ist, sich an unserer Webseite anzumelden. Ganz egal welche Internet-Verbindung Sie nutzen \u2013 einschlie\u00dflich 3G Netze \u2013 Emailchef wird perfekt funktionieren. Alle [&hellip;]<\/p>\n","protected":false},"author":1,"featured_media":0,"parent":3335,"menu_order":8,"comment_status":"closed","ping_status":"closed","template":"","meta":{"_acf_changed":false,"inline_featured_image":false,"footnotes":""},"g1_relation_tag":[],"class_list":["post-3354","page","type-page","status-publish","hentry"],"acf":[],"yoast_head":"<!-- This site is optimized with the Yoast SEO plugin v24.8.1 - https:\/\/yoast.com\/wordpress\/plugins\/seo\/ -->\n<title>E-Mail Versand \u00fcberall jederzeit - Emailchef<\/title>\n<meta name=\"description\" content=\"Einer der gr\u00f6\u00dften Vorteile bei der Nutzung eines webbasierten E-Mail-Marketing Services wie MailChef ist.\" \/>\n<meta name=\"robots\" content=\"index, follow, max-snippet:-1, max-image-preview:large, max-video-preview:-1\" \/>\n<link rel=\"canonical\" href=\"https:\/\/emailchef.com\/de\/funktionen\/e-mail-versand-ueberall-jederzeit\/\" \/>\n<meta name=\"twitter:label1\" content=\"Gesch\u00e4tzte Lesezeit\" \/>\n\t<meta name=\"twitter:data1\" content=\"1\u00a0Minute\" \/>\n<!-- \/ Yoast SEO plugin. -->","yoast_head_json":{"title":"E-Mail Versand \u00fcberall jederzeit - Emailchef","description":"Einer der gr\u00f6\u00dften Vorteile bei der Nutzung eines webbasierten E-Mail-Marketing Services wie MailChef ist.","robots":{"index":"index","follow":"follow","max-snippet":"max-snippet:-1","max-image-preview":"max-image-preview:large","max-video-preview":"max-video-preview:-1"},"canonical":"https:\/\/emailchef.com\/de\/funktionen\/e-mail-versand-ueberall-jederzeit\/","twitter_misc":{"Gesch\u00e4tzte Lesezeit":"1\u00a0Minute"},"schema":{"@context":"https:\/\/schema.org","@graph":[{"@type":"WebPage","@id":"https:\/\/emailchef.com\/de\/funktionen\/e-mail-versand-ueberall-jederzeit\/","url":"https:\/\/emailchef.com\/de\/funktionen\/e-mail-versand-ueberall-jederzeit\/","name":"E-Mail Versand \u00fcberall jederzeit - Emailchef","isPartOf":{"@id":"https:\/\/emailchef.com\/de\/#website"},"primaryImageOfPage":{"@id":"https:\/\/emailchef.com\/de\/funktionen\/e-mail-versand-ueberall-jederzeit\/#primaryimage"},"image":{"@id":"https:\/\/emailchef.com\/de\/funktionen\/e-mail-versand-ueberall-jederzeit\/#primaryimage"},"thumbnailUrl":"https:\/\/emailchef.com\/wp-content\/uploads\/2022\/06\/anywhere.png","datePublished":"2014-09-04T10:44:52+00:00","dateModified":"2022-07-05T08:54:50+00:00","description":"Einer der gr\u00f6\u00dften Vorteile bei der Nutzung eines webbasierten E-Mail-Marketing Services wie MailChef ist.","breadcrumb":{"@id":"https:\/\/emailchef.com\/de\/funktionen\/e-mail-versand-ueberall-jederzeit\/#breadcrumb"},"inLanguage":"de","potentialAction":[{"@type":"ReadAction","target":["https:\/\/emailchef.com\/de\/funktionen\/e-mail-versand-ueberall-jederzeit\/"]}]},{"@type":"ImageObject","inLanguage":"de","@id":"https:\/\/emailchef.com\/de\/funktionen\/e-mail-versand-ueberall-jederzeit\/#primaryimage","url":"https:\/\/emailchef.com\/wp-content\/uploads\/2022\/06\/anywhere.png","contentUrl":"https:\/\/emailchef.com\/wp-content\/uploads\/2022\/06\/anywhere.png"},{"@type":"BreadcrumbList","@id":"https:\/\/emailchef.com\/de\/funktionen\/e-mail-versand-ueberall-jederzeit\/#breadcrumb","itemListElement":[{"@type":"ListItem","position":1,"name":"Home","item":"https:\/\/emailchef.com\/de\/emailchef-e-mail-marketing-service\/"},{"@type":"ListItem","position":2,"name":"Funktionen","item":"https:\/\/emailchef.com\/de\/funktionen\/"},{"@type":"ListItem","position":3,"name":"E-Mail Versand \u00fcberall jederzeit"}]},{"@type":"WebSite","@id":"https:\/\/emailchef.com\/de\/#website","url":"https:\/\/emailchef.com\/de\/","name":"Emailchef","description":"K\u00f6stliche Rezepte f\u00fcr E-Mail-Marketing","publisher":{"@id":"https:\/\/emailchef.com\/de\/#organization"},"potentialAction":[{"@type":"SearchAction","target":{"@type":"EntryPoint","urlTemplate":"https:\/\/emailchef.com\/de\/?s={search_term_string}"},"query-input":{"@type":"PropertyValueSpecification","valueRequired":true,"valueName":"search_term_string"}}],"inLanguage":"de"},{"@type":"Organization","@id":"https:\/\/emailchef.com\/de\/#organization","name":"Delivery Tech Corp.","url":"https:\/\/emailchef.com\/de\/","logo":{"@type":"ImageObject","inLanguage":"de","@id":"https:\/\/emailchef.com\/de\/#\/schema\/logo\/image\/","url":"https:\/\/emailchef.com\/wp-content\/uploads\/2022\/04\/logo-sama.png","contentUrl":"https:\/\/emailchef.com\/wp-content\/uploads\/2022\/04\/logo-sama.png","width":237,"height":80,"caption":"Delivery Tech Corp."},"image":{"@id":"https:\/\/emailchef.com\/de\/#\/schema\/logo\/image\/"}}]}},"_links":{"self":[{"href":"https:\/\/emailchef.com\/de\/wp-json\/wp\/v2\/pages\/3354"}],"collection":[{"href":"https:\/\/emailchef.com\/de\/wp-json\/wp\/v2\/pages"}],"about":[{"href":"https:\/\/emailchef.com\/de\/wp-json\/wp\/v2\/types\/page"}],"author":[{"embeddable":true,"href":"https:\/\/emailchef.com\/de\/wp-json\/wp\/v2\/users\/1"}],"replies":[{"embeddable":true,"href":"https:\/\/emailchef.com\/de\/wp-json\/wp\/v2\/comments?post=3354"}],"version-history":[{"count":5,"href":"https:\/\/emailchef.com\/de\/wp-json\/wp\/v2\/pages\/3354\/revisions"}],"predecessor-version":[{"id":57962,"href":"https:\/\/emailchef.com\/de\/wp-json\/wp\/v2\/pages\/3354\/revisions\/57962"}],"up":[{"embeddable":true,"href":"https:\/\/emailchef.com\/de\/wp-json\/wp\/v2\/pages\/3335"}],"wp:attachment":[{"href":"https:\/\/emailchef.com\/de\/wp-json\/wp\/v2\/media?parent=3354"}],"wp:term":[{"taxonomy":"g1_relation_tag","embeddable":true,"href":"https:\/\/emailchef.com\/de\/wp-json\/wp\/v2\/g1_relation_tag?post=3354"}],"curies":[{"name":"wp","href":"https:\/\/api.w.org\/{rel}","templated":true}]}}