{"id":3352,"date":"2014-09-04T10:43:45","date_gmt":"2014-09-04T10:43:45","guid":{"rendered":"http:\/\/emailchef.com\/de\/?page_id=3352"},"modified":"2022-07-05T08:47:59","modified_gmt":"2022-07-05T08:47:59","slug":"die-hoechsten-e-mail-zustellraten","status":"publish","type":"page","link":"https:\/\/emailchef.com\/de\/funktionen\/die-hoechsten-e-mail-zustellraten\/","title":{"rendered":"Die h\u00f6chsten E-Mail-Zustellraten"},"content":{"rendered":"\t\t<div data-elementor-type=\"wp-page\" data-elementor-id=\"3352\" class=\"elementor elementor-3352 elementor-145\" data-elementor-post-type=\"page\">\n\t\t\t\t\t\t<section class=\"elementor-section elementor-top-section elementor-element elementor-element-05901fc elementor-section-boxed elementor-section-height-default elementor-section-height-default\" data-id=\"05901fc\" data-element_type=\"section\">\n\t\t\t\t\t\t<div class=\"elementor-container elementor-column-gap-default\">\n\t\t\t\t\t<div class=\"elementor-column elementor-col-100 elementor-top-column elementor-element elementor-element-91054c9\" data-id=\"91054c9\" data-element_type=\"column\">\n\t\t\t<div class=\"elementor-widget-wrap elementor-element-populated\">\n\t\t\t\t\t\t<div class=\"elementor-element elementor-element-ebb300d elementor-widget elementor-widget-image\" data-id=\"ebb300d\" data-element_type=\"widget\" data-widget_type=\"image.default\">\n\t\t\t\t\t\t\t\t\t\t\t\t\t\t\t<img fetchpriority=\"high\" decoding=\"async\" width=\"974\" height=\"600\" src=\"https:\/\/emailchef.com\/wp-content\/uploads\/2022\/06\/high-delivery-rates.png\" class=\"attachment-full size-full wp-image-57302\" alt=\"Die h\u00f6chsten E-Mail-Zustellraten\" \/>\t\t\t\t\t\t\t\t\t\t\t\t\t\t\t<\/div>\n\t\t\t\t\t<\/div>\n\t\t<\/div>\n\t\t\t\t\t<\/div>\n\t\t<\/section>\n\t\t\t\t<section class=\"elementor-section elementor-top-section elementor-element elementor-element-70e3896c elementor-section-boxed elementor-section-height-default elementor-section-height-default\" data-id=\"70e3896c\" data-element_type=\"section\">\n\t\t\t\t\t\t<div class=\"elementor-container elementor-column-gap-default\">\n\t\t\t\t\t<div class=\"elementor-column elementor-col-100 elementor-top-column elementor-element elementor-element-5e0f6599\" data-id=\"5e0f6599\" data-element_type=\"column\">\n\t\t\t<div class=\"elementor-widget-wrap elementor-element-populated\">\n\t\t\t\t\t\t<div class=\"elementor-element elementor-element-49067f88 elementor-widget elementor-widget-text-editor\" data-id=\"49067f88\" data-element_type=\"widget\" data-widget_type=\"text-editor.default\">\n\t\t\t\t\t\t\t\t\t<p>Emailchef steckt gr\u00f6\u00dfte Sorgfalt in die <strong>Zustellung aller Ihrer E-Mails<\/strong>. Ganz egal, wie gut ein Newsletter sein mag, wenn er nicht die beabsichtigten Posteing\u00e4nge erreicht, ist er einfach fruchtlos \u2013 darum ist es so wichtig, die <strong>h\u00f6chste E-Mail-Zustellbarkeit<\/strong> f\u00fcr jede Kampagne sicherzustellen.<\/p>\n\n<p>Kurz gesagt, nicht alle versendeten E-Mails werden automatisch zugestellt. Wenn Sie einen SMTP-Server mit einem schlechten Ruf (oder einfach einen freien SMTP-Server eines allgemeinen E-Mail-Providers) verwenden, k\u00f6nnen Sie darauf wetten, dass ein Gro\u00dfteil Ihrer Massen-E-Mails von Antispam-Schilden und ISP-Filtern <strong>herausgefiltert<\/strong> wird, <strong>ohne dass Sie es erfahren<\/strong>. Es spielt keine Rolle, ob sie legitim sind, perfekt erstellt und sich nur an eine erlaubnisbasierte Liste richten (so wie es sein sollte!) &#8211; hier kann eine professionelle Technologie wirklich einen Unterschied ausmachen.<\/p>\n\n<p>Darum verl\u00e4sst sich Emailchef auf einen <strong>leistungsf\u00e4higen und speziellen Ausgangs-Mailserver<\/strong> (basierend auf vertrauensw\u00fcrdigen und unbescholtenen IPs) und pflegt eine konstante Beziehung mit den <strong>f\u00fchrenden ISPs<\/strong> auf der ganzen Welt.<\/p>\n\n<p>Mit unserem Service k\u00f6nnen Sie Massen-E-Mails an <strong>eine unbegrenzte Anzahl von Empf\u00e4ngern<\/strong> versenden mit der Sicherheit, dass jede Nachricht an die beabsichtigten Adressen ausgeliefert wird. <strong>Schnell und sicher<\/strong>.<\/p>\n\n<p>Und f\u00fcr alle besten Praktiken zur <strong>Verbesserung Ihrer Zustellbarkeit<\/strong> konsultieren Sie bitte unsere Anleitung \u2013 helfen Sie uns, Ihnen zu helfen!<\/p>\t\t\t\t\t\t\t\t<\/div>\n\t\t\t\t\t<\/div>\n\t\t<\/div>\n\t\t\t\t\t<\/div>\n\t\t<\/section>\n\t\t\t\t<\/div>\n\t\t","protected":false},"excerpt":{"rendered":"<p>Emailchef steckt gr\u00f6\u00dfte Sorgfalt in die Zustellung aller Ihrer E-Mails. Ganz egal, wie gut ein Newsletter sein mag, wenn er nicht die beabsichtigten Posteing\u00e4nge erreicht, ist er einfach fruchtlos \u2013 darum ist es so wichtig, die h\u00f6chste E-Mail-Zustellbarkeit f\u00fcr jede Kampagne sicherzustellen. Kurz gesagt, nicht alle versendeten E-Mails werden automatisch zugestellt. Wenn Sie einen SMTP-Server [&hellip;]<\/p>\n","protected":false},"author":1,"featured_media":0,"parent":3335,"menu_order":9,"comment_status":"closed","ping_status":"closed","template":"","meta":{"_acf_changed":false,"inline_featured_image":false,"footnotes":""},"g1_relation_tag":[],"class_list":["post-3352","page","type-page","status-publish","hentry"],"acf":[],"yoast_head":"<!-- This site is optimized with the Yoast SEO plugin v24.8.1 - https:\/\/yoast.com\/wordpress\/plugins\/seo\/ -->\n<title>Die h\u00f6chsten E-Mail-Zustellraten - Emailchef<\/title>\n<meta name=\"description\" content=\"MailChef steckt gr\u00f6\u00dfte Sorgfalt in die Zustellung aller Ihrer E-Mails.\" \/>\n<meta name=\"robots\" content=\"index, follow, max-snippet:-1, max-image-preview:large, max-video-preview:-1\" \/>\n<link rel=\"canonical\" href=\"https:\/\/emailchef.com\/de\/funktionen\/die-hoechsten-e-mail-zustellraten\/\" \/>\n<meta name=\"twitter:label1\" content=\"Gesch\u00e4tzte Lesezeit\" \/>\n\t<meta name=\"twitter:data1\" content=\"2\u00a0Minuten\" \/>\n<!-- \/ Yoast SEO plugin. -->","yoast_head_json":{"title":"Die h\u00f6chsten E-Mail-Zustellraten - Emailchef","description":"MailChef steckt gr\u00f6\u00dfte Sorgfalt in die Zustellung aller Ihrer E-Mails.","robots":{"index":"index","follow":"follow","max-snippet":"max-snippet:-1","max-image-preview":"max-image-preview:large","max-video-preview":"max-video-preview:-1"},"canonical":"https:\/\/emailchef.com\/de\/funktionen\/die-hoechsten-e-mail-zustellraten\/","twitter_misc":{"Gesch\u00e4tzte Lesezeit":"2\u00a0Minuten"},"schema":{"@context":"https:\/\/schema.org","@graph":[{"@type":"WebPage","@id":"https:\/\/emailchef.com\/de\/funktionen\/die-hoechsten-e-mail-zustellraten\/","url":"https:\/\/emailchef.com\/de\/funktionen\/die-hoechsten-e-mail-zustellraten\/","name":"Die h\u00f6chsten E-Mail-Zustellraten - Emailchef","isPartOf":{"@id":"https:\/\/emailchef.com\/de\/#website"},"primaryImageOfPage":{"@id":"https:\/\/emailchef.com\/de\/funktionen\/die-hoechsten-e-mail-zustellraten\/#primaryimage"},"image":{"@id":"https:\/\/emailchef.com\/de\/funktionen\/die-hoechsten-e-mail-zustellraten\/#primaryimage"},"thumbnailUrl":"https:\/\/emailchef.com\/wp-content\/uploads\/2022\/06\/high-delivery-rates.png","datePublished":"2014-09-04T10:43:45+00:00","dateModified":"2022-07-05T08:47:59+00:00","description":"MailChef steckt gr\u00f6\u00dfte Sorgfalt in die Zustellung aller Ihrer E-Mails.","breadcrumb":{"@id":"https:\/\/emailchef.com\/de\/funktionen\/die-hoechsten-e-mail-zustellraten\/#breadcrumb"},"inLanguage":"de","potentialAction":[{"@type":"ReadAction","target":["https:\/\/emailchef.com\/de\/funktionen\/die-hoechsten-e-mail-zustellraten\/"]}]},{"@type":"ImageObject","inLanguage":"de","@id":"https:\/\/emailchef.com\/de\/funktionen\/die-hoechsten-e-mail-zustellraten\/#primaryimage","url":"https:\/\/emailchef.com\/wp-content\/uploads\/2022\/06\/high-delivery-rates.png","contentUrl":"https:\/\/emailchef.com\/wp-content\/uploads\/2022\/06\/high-delivery-rates.png"},{"@type":"BreadcrumbList","@id":"https:\/\/emailchef.com\/de\/funktionen\/die-hoechsten-e-mail-zustellraten\/#breadcrumb","itemListElement":[{"@type":"ListItem","position":1,"name":"Home","item":"https:\/\/emailchef.com\/de\/"},{"@type":"ListItem","position":2,"name":"Funktionen","item":"https:\/\/emailchef.com\/de\/funktionen\/"},{"@type":"ListItem","position":3,"name":"Die h\u00f6chsten E-Mail-Zustellraten"}]},{"@type":"WebSite","@id":"https:\/\/emailchef.com\/de\/#website","url":"https:\/\/emailchef.com\/de\/","name":"Emailchef","description":"K\u00f6stliche Rezepte f\u00fcr E-Mail-Marketing","publisher":{"@id":"https:\/\/emailchef.com\/de\/#organization"},"potentialAction":[{"@type":"SearchAction","target":{"@type":"EntryPoint","urlTemplate":"https:\/\/emailchef.com\/de\/?s={search_term_string}"},"query-input":{"@type":"PropertyValueSpecification","valueRequired":true,"valueName":"search_term_string"}}],"inLanguage":"de"},{"@type":"Organization","@id":"https:\/\/emailchef.com\/de\/#organization","name":"Delivery Tech Corp.","url":"https:\/\/emailchef.com\/de\/","logo":{"@type":"ImageObject","inLanguage":"de","@id":"https:\/\/emailchef.com\/de\/#\/schema\/logo\/image\/","url":"https:\/\/emailchef.com\/wp-content\/uploads\/2022\/04\/logo-sama.png","contentUrl":"https:\/\/emailchef.com\/wp-content\/uploads\/2022\/04\/logo-sama.png","width":237,"height":80,"caption":"Delivery Tech Corp."},"image":{"@id":"https:\/\/emailchef.com\/de\/#\/schema\/logo\/image\/"}}]}},"_links":{"self":[{"href":"https:\/\/emailchef.com\/de\/wp-json\/wp\/v2\/pages\/3352"}],"collection":[{"href":"https:\/\/emailchef.com\/de\/wp-json\/wp\/v2\/pages"}],"about":[{"href":"https:\/\/emailchef.com\/de\/wp-json\/wp\/v2\/types\/page"}],"author":[{"embeddable":true,"href":"https:\/\/emailchef.com\/de\/wp-json\/wp\/v2\/users\/1"}],"replies":[{"embeddable":true,"href":"https:\/\/emailchef.com\/de\/wp-json\/wp\/v2\/comments?post=3352"}],"version-history":[{"count":5,"href":"https:\/\/emailchef.com\/de\/wp-json\/wp\/v2\/pages\/3352\/revisions"}],"predecessor-version":[{"id":57956,"href":"https:\/\/emailchef.com\/de\/wp-json\/wp\/v2\/pages\/3352\/revisions\/57956"}],"up":[{"embeddable":true,"href":"https:\/\/emailchef.com\/de\/wp-json\/wp\/v2\/pages\/3335"}],"wp:attachment":[{"href":"https:\/\/emailchef.com\/de\/wp-json\/wp\/v2\/media?parent=3352"}],"wp:term":[{"taxonomy":"g1_relation_tag","embeddable":true,"href":"https:\/\/emailchef.com\/de\/wp-json\/wp\/v2\/g1_relation_tag?post=3352"}],"curies":[{"name":"wp","href":"https:\/\/api.w.org\/{rel}","templated":true}]}}