{"id":3350,"date":"2014-09-04T10:41:04","date_gmt":"2014-09-04T10:41:04","guid":{"rendered":"http:\/\/emailchef.com\/de\/?page_id=3350"},"modified":"2022-07-05T08:45:44","modified_gmt":"2022-07-05T08:45:44","slug":"e-mail-marketing-automatisierung","status":"publish","type":"page","link":"https:\/\/emailchef.com\/de\/funktionen\/e-mail-marketing-automatisierung\/","title":{"rendered":"E-Mail-Marketing Automatisierung"},"content":{"rendered":"\t\t<div data-elementor-type=\"wp-page\" data-elementor-id=\"3350\" class=\"elementor elementor-3350 elementor-143\" data-elementor-post-type=\"page\">\n\t\t\t\t\t\t<section class=\"elementor-section elementor-top-section elementor-element elementor-element-19f75d1 elementor-section-boxed elementor-section-height-default elementor-section-height-default\" data-id=\"19f75d1\" data-element_type=\"section\">\n\t\t\t\t\t\t<div class=\"elementor-container elementor-column-gap-default\">\n\t\t\t\t\t<div class=\"elementor-column elementor-col-100 elementor-top-column elementor-element elementor-element-17cb169\" data-id=\"17cb169\" data-element_type=\"column\">\n\t\t\t<div class=\"elementor-widget-wrap elementor-element-populated\">\n\t\t\t\t\t\t<div class=\"elementor-element elementor-element-f9ad8a7 elementor-widget elementor-widget-image\" data-id=\"f9ad8a7\" data-element_type=\"widget\" data-widget_type=\"image.default\">\n\t\t\t\t\t\t\t\t\t\t\t\t\t\t\t<img fetchpriority=\"high\" decoding=\"async\" width=\"892\" height=\"600\" src=\"https:\/\/emailchef.com\/wp-content\/uploads\/2022\/06\/automations.png\" class=\"attachment-full size-full wp-image-57272\" alt=\"E-Mail-Marketing Automatisierung\" \/>\t\t\t\t\t\t\t\t\t\t\t\t\t\t\t<\/div>\n\t\t\t\t\t<\/div>\n\t\t<\/div>\n\t\t\t\t\t<\/div>\n\t\t<\/section>\n\t\t\t\t<section class=\"elementor-section elementor-top-section elementor-element elementor-element-3f1df418 elementor-section-boxed elementor-section-height-default elementor-section-height-default\" data-id=\"3f1df418\" data-element_type=\"section\">\n\t\t\t\t\t\t<div class=\"elementor-container elementor-column-gap-default\">\n\t\t\t\t\t<div class=\"elementor-column elementor-col-100 elementor-top-column elementor-element elementor-element-42cc26ab\" data-id=\"42cc26ab\" data-element_type=\"column\">\n\t\t\t<div class=\"elementor-widget-wrap elementor-element-populated\">\n\t\t\t\t\t\t<div class=\"elementor-element elementor-element-6f942ec9 elementor-widget elementor-widget-text-editor\" data-id=\"6f942ec9\" data-element_type=\"widget\" data-widget_type=\"text-editor.default\">\n\t\t\t\t\t\t\t\t\t<p><strong>FEATURE NUR AUF BEZAHLT PL\u00c4NE<\/strong><\/p>\n\n<p>Das Einrichten von <strong>Autorespondern<\/strong> und <strong>Transaktions-E-Mails<\/strong> ist ein praktischer Weg, um Ihre E-Mail-Marketing Kampagnen zu rationalisieren.<\/p>\n\n<p>Emailchef erlaubt Ihnen, automatisch E-Mails zu versenden, entsprechend einem bestimmten, <strong>ausl\u00f6senden Ereignis<\/strong>. Nachdem Sie die E-Mail genau wie jeden anderen Newsletter erstellt haben, k\u00f6nnen Sie dessen Versand beim Eintritt einer bestimmten Aktion oder eines bestimmten Ereignisses programmieren.<\/p>\n\n<div class=\"g1-space\" style=\"height: 35px;\"><\/div>\n<a href=\"http:\/\/emailchef.com\/wp-content\/uploads\/2014\/09\/emailchef-screenshot-020.jpg\"><img decoding=\"async\" class=\"alignnone wp-image-2576 size-full\" title=\"Design Autorespondern\" src=\"http:\/\/emailchef.com\/wp-content\/uploads\/2014\/09\/emailchef-screenshot-020.jpg\" alt=\"\" width=\"1191\" height=\"685\" \/><\/a>\n<div class=\"g1-space\" style=\"height: 35px;\"><\/div>\n\n<p>Sie k\u00f6nnen w\u00e4hlen zwischen:<\/p>\n\n<div class=\"g1-space\" style=\"height: 20px;\"><\/div>\n\n\n<ul id=\"\" class=\"g1-list g1-list--icon g1-list--simple \">\n \t<li><i class=\"fa fa-arrow-right g1-list__icon\"><\/i>dem Zeitpunkt des Abonnements<\/li>\n \t<li><i class=\"fa fa-arrow-right g1-list__icon\"><\/i>dem Jahrestag des Nutzers<\/li>\n \t<li><i class=\"fa fa-arrow-right g1-list__icon\"><\/i>wenn irgendein Link in einer Kampagne geklickt wird<\/li>\n \t<li><i class=\"fa fa-arrow-right g1-list__icon\"><\/i>der letzte Klick auf eine Kampagne<\/li>\n \t<li><i class=\"fa fa-arrow-right g1-list__icon\"><\/i>das \u00d6ffnen einer Kampagne<\/li>\n \t<li><i class=\"fa fa-arrow-right g1-list__icon\"><\/i>der Klick auf einen bestimmten Link in einer Kampagne<\/li>\n<\/ul>\n\n\n<div class=\"g1-space\" style=\"height: 20px;\"><\/div>\n\n<p>Dann m\u00fcssen Sie nur die Liste der Empf\u00e4nger w\u00e4hlen, die Ihre E-Mail erhalten werden und die <strong>Sendezeit einstellen<\/strong> (z.B. direkt nach dem ausl\u00f6senden Ereignis oder sp\u00e4ter). Die letzten Details sind identisch mit einem normalen Newsletter.<\/p>\n\n<p>Nachdem Sie den Autoresponder konfiguriert haben, wird sich Emailchef um den <strong>gesamten Zustellprozess k\u00fcmmern<\/strong>. Wenn das ausgew\u00e4hlte Ereignis eintritt, wird unser Service die E-Mail versenden und sofort einen <strong>verbundenen Bericht<\/strong> erstellen. Erneutes \u00dcberpr\u00fcfen unn\u00f6tig.<\/p>\t\t\t\t\t\t\t\t<\/div>\n\t\t\t\t\t<\/div>\n\t\t<\/div>\n\t\t\t\t\t<\/div>\n\t\t<\/section>\n\t\t\t\t<\/div>\n\t\t","protected":false},"excerpt":{"rendered":"<p>FEATURE NUR AUF BEZAHLT PL\u00c4NE Das Einrichten von Autorespondern und Transaktions-E-Mails ist ein praktischer Weg, um Ihre E-Mail-Marketing Kampagnen zu rationalisieren. Emailchef erlaubt Ihnen, automatisch E-Mails zu versenden, entsprechend einem bestimmten, ausl\u00f6senden Ereignis. Nachdem Sie die E-Mail genau wie jeden anderen Newsletter erstellt haben, k\u00f6nnen Sie dessen Versand beim Eintritt einer bestimmten Aktion oder eines [&hellip;]<\/p>\n","protected":false},"author":1,"featured_media":0,"parent":3335,"menu_order":7,"comment_status":"closed","ping_status":"closed","template":"","meta":{"_acf_changed":false,"inline_featured_image":false,"footnotes":""},"g1_relation_tag":[],"class_list":["post-3350","page","type-page","status-publish","hentry"],"acf":[],"yoast_head":"<!-- This site is optimized with the Yoast SEO plugin v24.8.1 - https:\/\/yoast.com\/wordpress\/plugins\/seo\/ -->\n<title>E-Mail-Marketing Automatisierung - Emailchef<\/title>\n<meta name=\"description\" content=\"Das Einrichten von Autorespondern und Transaktions-E-Mails ist ein praktischer Weg, um Ihre E-Mail-Marketing Kampagnen zu rationalisieren.\" \/>\n<meta name=\"robots\" content=\"index, follow, max-snippet:-1, max-image-preview:large, max-video-preview:-1\" \/>\n<link rel=\"canonical\" href=\"https:\/\/emailchef.com\/de\/funktionen\/e-mail-marketing-automatisierung\/\" \/>\n<meta name=\"twitter:label1\" content=\"Gesch\u00e4tzte Lesezeit\" \/>\n\t<meta name=\"twitter:data1\" content=\"2\u00a0Minuten\" \/>\n<!-- \/ Yoast SEO plugin. -->","yoast_head_json":{"title":"E-Mail-Marketing Automatisierung - Emailchef","description":"Das Einrichten von Autorespondern und Transaktions-E-Mails ist ein praktischer Weg, um Ihre E-Mail-Marketing Kampagnen zu rationalisieren.","robots":{"index":"index","follow":"follow","max-snippet":"max-snippet:-1","max-image-preview":"max-image-preview:large","max-video-preview":"max-video-preview:-1"},"canonical":"https:\/\/emailchef.com\/de\/funktionen\/e-mail-marketing-automatisierung\/","twitter_misc":{"Gesch\u00e4tzte Lesezeit":"2\u00a0Minuten"},"schema":{"@context":"https:\/\/schema.org","@graph":[{"@type":"WebPage","@id":"https:\/\/emailchef.com\/de\/funktionen\/e-mail-marketing-automatisierung\/","url":"https:\/\/emailchef.com\/de\/funktionen\/e-mail-marketing-automatisierung\/","name":"E-Mail-Marketing Automatisierung - Emailchef","isPartOf":{"@id":"https:\/\/emailchef.com\/de\/#website"},"primaryImageOfPage":{"@id":"https:\/\/emailchef.com\/de\/funktionen\/e-mail-marketing-automatisierung\/#primaryimage"},"image":{"@id":"https:\/\/emailchef.com\/de\/funktionen\/e-mail-marketing-automatisierung\/#primaryimage"},"thumbnailUrl":"https:\/\/emailchef.com\/wp-content\/uploads\/2022\/06\/automations.png","datePublished":"2014-09-04T10:41:04+00:00","dateModified":"2022-07-05T08:45:44+00:00","description":"Das Einrichten von Autorespondern und Transaktions-E-Mails ist ein praktischer Weg, um Ihre E-Mail-Marketing Kampagnen zu rationalisieren.","breadcrumb":{"@id":"https:\/\/emailchef.com\/de\/funktionen\/e-mail-marketing-automatisierung\/#breadcrumb"},"inLanguage":"de","potentialAction":[{"@type":"ReadAction","target":["https:\/\/emailchef.com\/de\/funktionen\/e-mail-marketing-automatisierung\/"]}]},{"@type":"ImageObject","inLanguage":"de","@id":"https:\/\/emailchef.com\/de\/funktionen\/e-mail-marketing-automatisierung\/#primaryimage","url":"https:\/\/emailchef.com\/wp-content\/uploads\/2022\/06\/automations.png","contentUrl":"https:\/\/emailchef.com\/wp-content\/uploads\/2022\/06\/automations.png"},{"@type":"BreadcrumbList","@id":"https:\/\/emailchef.com\/de\/funktionen\/e-mail-marketing-automatisierung\/#breadcrumb","itemListElement":[{"@type":"ListItem","position":1,"name":"Home","item":"https:\/\/emailchef.com\/de\/"},{"@type":"ListItem","position":2,"name":"Funktionen","item":"https:\/\/emailchef.com\/de\/funktionen\/"},{"@type":"ListItem","position":3,"name":"E-Mail-Marketing Automatisierung"}]},{"@type":"WebSite","@id":"https:\/\/emailchef.com\/de\/#website","url":"https:\/\/emailchef.com\/de\/","name":"Emailchef","description":"K\u00f6stliche Rezepte f\u00fcr E-Mail-Marketing","publisher":{"@id":"https:\/\/emailchef.com\/de\/#organization"},"potentialAction":[{"@type":"SearchAction","target":{"@type":"EntryPoint","urlTemplate":"https:\/\/emailchef.com\/de\/?s={search_term_string}"},"query-input":{"@type":"PropertyValueSpecification","valueRequired":true,"valueName":"search_term_string"}}],"inLanguage":"de"},{"@type":"Organization","@id":"https:\/\/emailchef.com\/de\/#organization","name":"Delivery Tech Corp.","url":"https:\/\/emailchef.com\/de\/","logo":{"@type":"ImageObject","inLanguage":"de","@id":"https:\/\/emailchef.com\/de\/#\/schema\/logo\/image\/","url":"https:\/\/emailchef.com\/wp-content\/uploads\/2022\/04\/logo-sama.png","contentUrl":"https:\/\/emailchef.com\/wp-content\/uploads\/2022\/04\/logo-sama.png","width":237,"height":80,"caption":"Delivery Tech Corp."},"image":{"@id":"https:\/\/emailchef.com\/de\/#\/schema\/logo\/image\/"}}]}},"_links":{"self":[{"href":"https:\/\/emailchef.com\/de\/wp-json\/wp\/v2\/pages\/3350"}],"collection":[{"href":"https:\/\/emailchef.com\/de\/wp-json\/wp\/v2\/pages"}],"about":[{"href":"https:\/\/emailchef.com\/de\/wp-json\/wp\/v2\/types\/page"}],"author":[{"embeddable":true,"href":"https:\/\/emailchef.com\/de\/wp-json\/wp\/v2\/users\/1"}],"replies":[{"embeddable":true,"href":"https:\/\/emailchef.com\/de\/wp-json\/wp\/v2\/comments?post=3350"}],"version-history":[{"count":5,"href":"https:\/\/emailchef.com\/de\/wp-json\/wp\/v2\/pages\/3350\/revisions"}],"predecessor-version":[{"id":57950,"href":"https:\/\/emailchef.com\/de\/wp-json\/wp\/v2\/pages\/3350\/revisions\/57950"}],"up":[{"embeddable":true,"href":"https:\/\/emailchef.com\/de\/wp-json\/wp\/v2\/pages\/3335"}],"wp:attachment":[{"href":"https:\/\/emailchef.com\/de\/wp-json\/wp\/v2\/media?parent=3350"}],"wp:term":[{"taxonomy":"g1_relation_tag","embeddable":true,"href":"https:\/\/emailchef.com\/de\/wp-json\/wp\/v2\/g1_relation_tag?post=3350"}],"curies":[{"name":"wp","href":"https:\/\/api.w.org\/{rel}","templated":true}]}}