{"id":3348,"date":"2014-09-04T10:28:22","date_gmt":"2014-09-04T10:28:22","guid":{"rendered":"http:\/\/emailchef.com\/de\/?page_id=3348"},"modified":"2022-07-05T08:42:42","modified_gmt":"2022-07-05T08:42:42","slug":"fortgeschrittene-echtzeit-berichte","status":"publish","type":"page","link":"https:\/\/emailchef.com\/de\/funktionen\/fortgeschrittene-echtzeit-berichte\/","title":{"rendered":"Fortgeschrittene Echtzeit-Berichte"},"content":{"rendered":"\t\t<div data-elementor-type=\"wp-page\" data-elementor-id=\"3348\" class=\"elementor elementor-3348 elementor-138\" data-elementor-post-type=\"page\">\n\t\t\t\t\t\t<section class=\"elementor-section elementor-top-section elementor-element elementor-element-dbc91ac elementor-section-boxed elementor-section-height-default elementor-section-height-default\" data-id=\"dbc91ac\" data-element_type=\"section\">\n\t\t\t\t\t\t<div class=\"elementor-container elementor-column-gap-default\">\n\t\t\t\t\t<div class=\"elementor-column elementor-col-100 elementor-top-column elementor-element elementor-element-3395e64\" data-id=\"3395e64\" data-element_type=\"column\">\n\t\t\t<div class=\"elementor-widget-wrap elementor-element-populated\">\n\t\t\t\t\t\t<div class=\"elementor-element elementor-element-bff7d82 elementor-widget elementor-widget-image\" data-id=\"bff7d82\" data-element_type=\"widget\" data-widget_type=\"image.default\">\n\t\t\t\t\t\t\t\t\t\t\t\t\t\t\t<img fetchpriority=\"high\" decoding=\"async\" width=\"867\" height=\"600\" src=\"https:\/\/emailchef.com\/wp-content\/uploads\/2022\/06\/realtime-reports.png\" class=\"attachment-full size-full wp-image-57246\" alt=\"Fortgeschrittene Echtzeit-Berichte\" \/>\t\t\t\t\t\t\t\t\t\t\t\t\t\t\t<\/div>\n\t\t\t\t\t<\/div>\n\t\t<\/div>\n\t\t\t\t\t<\/div>\n\t\t<\/section>\n\t\t\t\t<section class=\"elementor-section elementor-top-section elementor-element elementor-element-3482533a elementor-section-boxed elementor-section-height-default elementor-section-height-default\" data-id=\"3482533a\" data-element_type=\"section\">\n\t\t\t\t\t\t<div class=\"elementor-container elementor-column-gap-default\">\n\t\t\t\t\t<div class=\"elementor-column elementor-col-100 elementor-top-column elementor-element elementor-element-ff9deec\" data-id=\"ff9deec\" data-element_type=\"column\">\n\t\t\t<div class=\"elementor-widget-wrap elementor-element-populated\">\n\t\t\t\t\t\t<div class=\"elementor-element elementor-element-56092469 elementor-widget elementor-widget-text-editor\" data-id=\"56092469\" data-element_type=\"widget\" data-widget_type=\"text-editor.default\">\n\t\t\t\t\t\t\t\t\t<p>Beim E-Mail-Marketing dreht sich alles um <strong>st\u00e4ndige Verbesserungen<\/strong>: Sie probieren eine L\u00f6sung aus, pr\u00fcfen wo Sie sie verfeinern (oder vollst\u00e4ndig \u00e4ndern) k\u00f6nnen, testen sie und erzielen letztendlich ein besseres Ergebnis. Daf\u00fcr ist es nat\u00fcrlich wichtig, <strong>genaue Statistiken<\/strong> \u00fcber alle relevanten Metriken jeder E-Mail-Kampagne zu erhalten. Genau das bietet Emailchef.<\/p>\n\n<div class=\"g1-space\" style=\"height: 25px;\"><\/div>\n<div style=\"text-align: center;\"><div class=\"lyte-wrapper\" title=\"[EN] Introducing Campaign Reports\" style=\"width:640px;max-width:100%;margin:5px;\"><div class=\"lyMe\" id=\"WYL_tAjvX0w0TGU\"><div id=\"lyte_tAjvX0w0TGU\" data-src=\"https:\/\/emailchef.com\/wp-content\/plugins\/wp-youtube-lyte\/lyteCache.php?origThumbUrl=https%3A%2F%2Fi.ytimg.com%2Fvi%2FtAjvX0w0TGU%2Fhqdefault.jpg\" class=\"pL\"><div class=\"tC\"><div class=\"tT\">[EN] Introducing Campaign Reports<\/div><\/div><div class=\"play\"><\/div><div class=\"ctrl\"><div class=\"Lctrl\"><\/div><div class=\"Rctrl\"><\/div><\/div><\/div><noscript><a href=\"https:\/\/youtu.be\/tAjvX0w0TGU\" rel=\"nofollow\"><img decoding=\"async\" src=\"https:\/\/emailchef.com\/wp-content\/plugins\/wp-youtube-lyte\/lyteCache.php?origThumbUrl=https%3A%2F%2Fi.ytimg.com%2Fvi%2FtAjvX0w0TGU%2F0.jpg\" alt=\"[EN] Introducing Campaign Reports\" width=\"640\" height=\"340\" \/><br \/>Dieses Video auf YouTube ansehen<\/a><\/noscript><\/div><\/div><div class=\"lL\" style=\"max-width:100%;width:640px;margin:5px;\"><\/div>\n<div class=\"ec-video-button hide centered\">\n\t<a href=\"https:\/\/youtu.be\/tAjvX0w0TGU\" rel=\"prettyPhoto\" title=\"Video abspielen\">Video abspielen <i class=\"fa fa-play-circle fa-2x\"><\/i><\/a>\n<\/div><\/div>\n<div class=\"g1-space\" style=\"height: 25px;\"><\/div>\n\n<h3>Die Berichte<\/h3>\n<p>Unsere <strong>erweiterten Berichterstellungs-Tools<\/strong> helfen Ihnen zu verstehen, wie Ihre Newsletter funktionieren und wie Sie sie verbessern k\u00f6nnen. Unmittelbar nach dem Versand der Kampagne erhalten Sie Daten \u00fcber:<\/p>\n\n<div class=\"g1-space\" style=\"height: 20px;\"><\/div>\n\n\n<ul id=\"\" class=\"g1-list g1-list--icon g1-list--simple \">\n \t<li><i class=\"fa fa-arrow-right g1-list__icon\"><\/i>Zustellrate<\/li>\n \t<li><i class=\"fa fa-arrow-right g1-list__icon\"><\/i>\u00d6ffnungsrate<\/li>\n \t<li><i class=\"fa fa-arrow-right g1-list__icon\"><\/i>Durchklickrate<\/li>\n \t<li><i class=\"fa fa-arrow-right g1-list__icon\"><\/i>Abmelderate<\/li>\n \t<li><i class=\"fa fa-arrow-right g1-list__icon\"><\/i>Bounce-Rate<\/li>\n \t<li><i class=\"fa fa-arrow-right g1-list__icon\"><\/i>Spam-Reklamationsrate<\/li>\n<\/ul>\n\n<div class=\"g1-space\" style=\"height: 20px;\"><\/div>\n\n<p>Alle Ergebnisse werden mit praktischen <strong>Kreisdiagrammen<\/strong> angezeigt, um die E-Mail-Performance sofort zu erfassen. Sie k\u00f6nnen nat\u00fcrlich auch <strong>alle Adressen einzeln<\/strong> \u00fcberpr\u00fcfen, um beispielsweise zu sehen, wer Ihre Nachricht wann genau ge\u00f6ffnet hat. Kurz gesagt: Alle Interaktionen der Benutzer werden <strong>sorgf\u00e4ltig nachverfolgt<\/strong>, um Ihnen eine vollst\u00e4ndige Kontrolle aller Mailings zu geben.<\/p>\n\n<div class=\"g1-space\" style=\"height: 35px;\"><\/div>\n<img decoding=\"async\" class=\"aligncenter\" src=\"https:\/\/emailchef.com\/wp-content\/uploads\/2019\/06\/cake-graphs.jpg\" alt=\"Statistics - Cake graphs\" width=\"1114\" height=\"204\" \/>\n<div class=\"g1-space\" style=\"height: 35px;\"><\/div>\n\n<p>Dank des hohen Detaillierungsgrades der Statistik ist es m\u00f6glich, <strong>den zeitlichen Verlauf der Kampagnen zu verfolgen<\/strong> und die Tage und Stunden zu identifizieren, an denen die Empf\u00e4nger mit dem Newsletter interagieren. Die <strong>Klickkarte<\/strong> zeigt sofort den <strong>Erfolg jedes<\/strong> in der Nachricht enthaltenen <strong>Handlungsaufrufs<\/strong> an, wodurch die Wirksamkeitsmessung der redaktionellen Strategie noch einfacher wird.<\/p>\n\n<div class=\"g1-space\" style=\"height: 35px;\"><\/div>\n<img loading=\"lazy\" decoding=\"async\" class=\"aligncenter\" src=\"https:\/\/emailchef.com\/wp-content\/uploads\/2019\/07\/click-map-eng.png\" alt=\"\" width=\"758\" height=\"556\" \/>\n<div class=\"g1-space\" style=\"height: 35px;\"><\/div>\n\n<p>Aber das ist nicht alles. Auf einer Weltkarte sehen Sie, nat\u00fcrlich in Echtzeit, die <strong>L\u00e4nderverteilung<\/strong> derjenigen, die Ihren Newsletter \u00f6ffnen. Ein perfektes Werkzeug, um die Wirksamkeit einer internationalen Kampagne zu bewerten und um zu verstehen, <strong>ob es notwendig ist, Ihre Nachricht<\/strong> an das Land der Zielgruppe <strong>anzupassen<\/strong>.<\/p>\n\n<div class=\"g1-space\" style=\"height: 35px;\"><\/div>\n<img loading=\"lazy\" decoding=\"async\" class=\"aligncenter\" src=\"https:\/\/emailchef.com\/wp-content\/uploads\/2019\/06\/top-countrues-by-open.png\" alt=\"Top countries by open\" width=\"1054\" height=\"578\" \/>\n<div class=\"g1-space\" style=\"height: 35px;\"><\/div>\n\n<h3>Detaillierte Berichte drucken<\/h3>\n<p>Die <strong>Statistiken<\/strong> jeder E-Mail-Kampagne k\u00f6nnen in <strong>Papierform gedruckt oder<\/strong> mit einem Cover und einer Zusammenfassung <strong>als PDF gespeichert<\/strong> werden. Der Bericht kann einfach angepasst werden, indem Sie die Abschnitte ausw\u00e4hlen, die Sie drucken m\u00f6chten. Das Dokument kann dann f\u00fcr <strong>Unternehmenspr\u00e4sentationen verwendet oder per E-Mail gesendet werden<\/strong>.<\/p>\n\n<p>Die im folgenden Video beschriebene Vorgehensweise beinhaltet auch <strong>wie man den eigentlichen Newsletter ausdruckt (als PDF oder in Papierform)<\/strong>.<\/p>\n\n<div class=\"g1-space\" style=\"height: 25px;\"><\/div>\n<div style=\"text-align: center;\"><div class=\"lyte-wrapper\" title=\"[EN] Print your campaign reports\" style=\"width:640px;max-width:100%;margin:5px;\"><div class=\"lyMe\" id=\"WYL_cuXO1vsEbRk\"><div id=\"lyte_cuXO1vsEbRk\" data-src=\"https:\/\/emailchef.com\/wp-content\/plugins\/wp-youtube-lyte\/lyteCache.php?origThumbUrl=https%3A%2F%2Fi.ytimg.com%2Fvi%2FcuXO1vsEbRk%2Fhqdefault.jpg\" class=\"pL\"><div class=\"tC\"><div class=\"tT\">[EN] Print your campaign reports<\/div><\/div><div class=\"play\"><\/div><div class=\"ctrl\"><div class=\"Lctrl\"><\/div><div class=\"Rctrl\"><\/div><\/div><\/div><noscript><a href=\"https:\/\/youtu.be\/cuXO1vsEbRk\" rel=\"nofollow\"><img loading=\"lazy\" decoding=\"async\" src=\"https:\/\/emailchef.com\/wp-content\/plugins\/wp-youtube-lyte\/lyteCache.php?origThumbUrl=https%3A%2F%2Fi.ytimg.com%2Fvi%2FcuXO1vsEbRk%2F0.jpg\" alt=\"[EN] Print your campaign reports\" width=\"640\" height=\"340\" \/><br \/>Dieses Video auf YouTube ansehen<\/a><\/noscript><\/div><\/div><div class=\"lL\" style=\"max-width:100%;width:640px;margin:5px;\"><\/div>\n<div class=\"ec-video-button hide centered\">\n\t<a href=\"https:\/\/youtu.be\/cuXO1vsEbRk\" rel=\"prettyPhoto\" title=\"Video abspielen\">Video abspielen <i class=\"fa fa-play-circle fa-2x\"><\/i><\/a>\n<\/div><\/div>\t\t\t\t\t\t\t\t<\/div>\n\t\t\t\t\t<\/div>\n\t\t<\/div>\n\t\t\t\t\t<\/div>\n\t\t<\/section>\n\t\t\t\t<\/div>\n\t\t","protected":false},"excerpt":{"rendered":"<p>Beim E-Mail-Marketing dreht sich alles um st\u00e4ndige Verbesserungen: Sie probieren eine L\u00f6sung aus, pr\u00fcfen wo Sie sie verfeinern (oder vollst\u00e4ndig \u00e4ndern) k\u00f6nnen, testen sie und erzielen letztendlich ein besseres Ergebnis. Daf\u00fcr ist es nat\u00fcrlich wichtig, genaue Statistiken \u00fcber alle relevanten Metriken jeder E-Mail-Kampagne zu erhalten. Genau das bietet Emailchef. Die Berichte Unsere erweiterten Berichterstellungs-Tools helfen [&hellip;]<\/p>\n","protected":false},"author":1,"featured_media":0,"parent":3335,"menu_order":5,"comment_status":"closed","ping_status":"closed","template":"","meta":{"_acf_changed":false,"inline_featured_image":false,"footnotes":""},"g1_relation_tag":[],"class_list":["post-3348","page","type-page","status-publish","hentry"],"acf":[],"yoast_head":"<!-- This site is optimized with the Yoast SEO plugin v24.8.1 - https:\/\/yoast.com\/wordpress\/plugins\/seo\/ -->\n<title>Fortgeschrittene Echtzeit-Berichte - Emailchef<\/title>\n<meta name=\"description\" content=\"Beim E-Mail-Marketing dreht sich alles um fortw\u00e4hrende Verbesserung \u2013 Sie testen eine L\u00f6sung, Sie finden heraus, wo Sie diese verfeinern k\u00f6nnen\" \/>\n<meta name=\"robots\" content=\"index, follow, max-snippet:-1, max-image-preview:large, max-video-preview:-1\" \/>\n<link rel=\"canonical\" href=\"https:\/\/emailchef.com\/de\/funktionen\/fortgeschrittene-echtzeit-berichte\/\" \/>\n<meta name=\"twitter:label1\" content=\"Gesch\u00e4tzte Lesezeit\" \/>\n\t<meta name=\"twitter:data1\" content=\"3\u00a0Minuten\" \/>\n<!-- \/ Yoast SEO plugin. -->","yoast_head_json":{"title":"Fortgeschrittene Echtzeit-Berichte - Emailchef","description":"Beim E-Mail-Marketing dreht sich alles um fortw\u00e4hrende Verbesserung \u2013 Sie testen eine L\u00f6sung, Sie finden heraus, wo Sie diese verfeinern k\u00f6nnen","robots":{"index":"index","follow":"follow","max-snippet":"max-snippet:-1","max-image-preview":"max-image-preview:large","max-video-preview":"max-video-preview:-1"},"canonical":"https:\/\/emailchef.com\/de\/funktionen\/fortgeschrittene-echtzeit-berichte\/","twitter_misc":{"Gesch\u00e4tzte Lesezeit":"3\u00a0Minuten"},"schema":{"@context":"https:\/\/schema.org","@graph":[{"@type":"WebPage","@id":"https:\/\/emailchef.com\/de\/funktionen\/fortgeschrittene-echtzeit-berichte\/","url":"https:\/\/emailchef.com\/de\/funktionen\/fortgeschrittene-echtzeit-berichte\/","name":"Fortgeschrittene Echtzeit-Berichte - Emailchef","isPartOf":{"@id":"https:\/\/emailchef.com\/de\/#website"},"primaryImageOfPage":{"@id":"https:\/\/emailchef.com\/de\/funktionen\/fortgeschrittene-echtzeit-berichte\/#primaryimage"},"image":{"@id":"https:\/\/emailchef.com\/de\/funktionen\/fortgeschrittene-echtzeit-berichte\/#primaryimage"},"thumbnailUrl":"https:\/\/emailchef.com\/wp-content\/uploads\/2022\/06\/realtime-reports.png","datePublished":"2014-09-04T10:28:22+00:00","dateModified":"2022-07-05T08:42:42+00:00","description":"Beim E-Mail-Marketing dreht sich alles um fortw\u00e4hrende Verbesserung \u2013 Sie testen eine L\u00f6sung, Sie finden heraus, wo Sie diese verfeinern k\u00f6nnen","breadcrumb":{"@id":"https:\/\/emailchef.com\/de\/funktionen\/fortgeschrittene-echtzeit-berichte\/#breadcrumb"},"inLanguage":"de","potentialAction":[{"@type":"ReadAction","target":["https:\/\/emailchef.com\/de\/funktionen\/fortgeschrittene-echtzeit-berichte\/"]}]},{"@type":"ImageObject","inLanguage":"de","@id":"https:\/\/emailchef.com\/de\/funktionen\/fortgeschrittene-echtzeit-berichte\/#primaryimage","url":"https:\/\/emailchef.com\/wp-content\/uploads\/2022\/06\/realtime-reports.png","contentUrl":"https:\/\/emailchef.com\/wp-content\/uploads\/2022\/06\/realtime-reports.png"},{"@type":"BreadcrumbList","@id":"https:\/\/emailchef.com\/de\/funktionen\/fortgeschrittene-echtzeit-berichte\/#breadcrumb","itemListElement":[{"@type":"ListItem","position":1,"name":"Home","item":"https:\/\/emailchef.com\/de\/"},{"@type":"ListItem","position":2,"name":"Funktionen","item":"https:\/\/emailchef.com\/de\/funktionen\/"},{"@type":"ListItem","position":3,"name":"Fortgeschrittene Echtzeit-Berichte"}]},{"@type":"WebSite","@id":"https:\/\/emailchef.com\/de\/#website","url":"https:\/\/emailchef.com\/de\/","name":"Emailchef","description":"K\u00f6stliche Rezepte f\u00fcr E-Mail-Marketing","publisher":{"@id":"https:\/\/emailchef.com\/de\/#organization"},"potentialAction":[{"@type":"SearchAction","target":{"@type":"EntryPoint","urlTemplate":"https:\/\/emailchef.com\/de\/?s={search_term_string}"},"query-input":{"@type":"PropertyValueSpecification","valueRequired":true,"valueName":"search_term_string"}}],"inLanguage":"de"},{"@type":"Organization","@id":"https:\/\/emailchef.com\/de\/#organization","name":"Delivery Tech Corp.","url":"https:\/\/emailchef.com\/de\/","logo":{"@type":"ImageObject","inLanguage":"de","@id":"https:\/\/emailchef.com\/de\/#\/schema\/logo\/image\/","url":"https:\/\/emailchef.com\/wp-content\/uploads\/2022\/04\/logo-sama.png","contentUrl":"https:\/\/emailchef.com\/wp-content\/uploads\/2022\/04\/logo-sama.png","width":237,"height":80,"caption":"Delivery Tech Corp."},"image":{"@id":"https:\/\/emailchef.com\/de\/#\/schema\/logo\/image\/"}}]}},"_links":{"self":[{"href":"https:\/\/emailchef.com\/de\/wp-json\/wp\/v2\/pages\/3348"}],"collection":[{"href":"https:\/\/emailchef.com\/de\/wp-json\/wp\/v2\/pages"}],"about":[{"href":"https:\/\/emailchef.com\/de\/wp-json\/wp\/v2\/types\/page"}],"author":[{"embeddable":true,"href":"https:\/\/emailchef.com\/de\/wp-json\/wp\/v2\/users\/1"}],"replies":[{"embeddable":true,"href":"https:\/\/emailchef.com\/de\/wp-json\/wp\/v2\/comments?post=3348"}],"version-history":[{"count":5,"href":"https:\/\/emailchef.com\/de\/wp-json\/wp\/v2\/pages\/3348\/revisions"}],"predecessor-version":[{"id":57942,"href":"https:\/\/emailchef.com\/de\/wp-json\/wp\/v2\/pages\/3348\/revisions\/57942"}],"up":[{"embeddable":true,"href":"https:\/\/emailchef.com\/de\/wp-json\/wp\/v2\/pages\/3335"}],"wp:attachment":[{"href":"https:\/\/emailchef.com\/de\/wp-json\/wp\/v2\/media?parent=3348"}],"wp:term":[{"taxonomy":"g1_relation_tag","embeddable":true,"href":"https:\/\/emailchef.com\/de\/wp-json\/wp\/v2\/g1_relation_tag?post=3348"}],"curies":[{"name":"wp","href":"https:\/\/api.w.org\/{rel}","templated":true}]}}