{"id":3344,"date":"2014-09-04T10:10:54","date_gmt":"2014-09-04T10:10:54","guid":{"rendered":"http:\/\/emailchef.com\/de\/?page_id=3344"},"modified":"2022-07-05T08:12:54","modified_gmt":"2022-07-05T08:12:54","slug":"bearbeiten-und-versenden-ihrer-kampagne","status":"publish","type":"page","link":"https:\/\/emailchef.com\/de\/funktionen\/bearbeiten-und-versenden-ihrer-kampagne\/","title":{"rendered":"Bearbeiten und Versenden Ihrer Kampagne"},"content":{"rendered":"\t\t<div data-elementor-type=\"wp-page\" data-elementor-id=\"3344\" class=\"elementor elementor-3344 elementor-128\" data-elementor-post-type=\"page\">\n\t\t\t\t\t\t<section class=\"elementor-section elementor-top-section elementor-element elementor-element-f2af111 elementor-section-boxed elementor-section-height-default elementor-section-height-default\" data-id=\"f2af111\" data-element_type=\"section\">\n\t\t\t\t\t\t<div class=\"elementor-container elementor-column-gap-default\">\n\t\t\t\t\t<div class=\"elementor-column elementor-col-100 elementor-top-column elementor-element elementor-element-07fc6d9\" data-id=\"07fc6d9\" data-element_type=\"column\">\n\t\t\t<div class=\"elementor-widget-wrap elementor-element-populated\">\n\t\t\t\t\t\t<div class=\"elementor-element elementor-element-c3d8455 elementor-widget elementor-widget-image\" data-id=\"c3d8455\" data-element_type=\"widget\" data-widget_type=\"image.default\">\n\t\t\t\t<div class=\"elementor-widget-container\">\n\t\t\t\t\t\t\t\t\t\t\t\t\t\t\t<img fetchpriority=\"high\" decoding=\"async\" width=\"744\" height=\"600\" src=\"https:\/\/emailchef.com\/wp-content\/uploads\/2022\/06\/send-campaign.png\" class=\"attachment-full size-full wp-image-57156\" alt=\"Bearbeiten und Versenden Ihrer Kampagne\" \/>\t\t\t\t\t\t\t\t\t\t\t\t\t\t\t<\/div>\n\t\t\t\t<\/div>\n\t\t\t\t\t<\/div>\n\t\t<\/div>\n\t\t\t\t\t<\/div>\n\t\t<\/section>\n\t\t\t\t<section class=\"elementor-section elementor-top-section elementor-element elementor-element-785780fb elementor-section-boxed elementor-section-height-default elementor-section-height-default\" data-id=\"785780fb\" data-element_type=\"section\">\n\t\t\t\t\t\t<div class=\"elementor-container elementor-column-gap-default\">\n\t\t\t\t\t<div class=\"elementor-column elementor-col-100 elementor-top-column elementor-element elementor-element-24fab1c7\" data-id=\"24fab1c7\" data-element_type=\"column\">\n\t\t\t<div class=\"elementor-widget-wrap elementor-element-populated\">\n\t\t\t\t\t\t<div class=\"elementor-element elementor-element-5d5922d6 elementor-widget elementor-widget-text-editor\" data-id=\"5d5922d6\" data-element_type=\"widget\" data-widget_type=\"text-editor.default\">\n\t\t\t\t<div class=\"elementor-widget-container\">\n\t\t\t\t\t\t\t\t\t<p>Mit den Tools von Emailchef k\u00f6nnen Sie von der E-Mail-Erstellung bis zur Datenanalyse jeden Schritt der Kampagne ganz einfach verwalten. Sie werden niemals einen Service von Drittanbietern ben\u00f6tigen und k\u00f6nnen sich einfach darauf konzentrieren, die Effektivit\u00e4t Ihres Newsletters zu verbessern.<\/p>\n<div class=\"g1-space\" style=\"height: 25px;\"><\/div>\n\n<h3>Erstellung<\/h3>\n<p>Die Erstellung eines Newsletters oder einer <strong>E-Mail-Marketingkampagne<\/strong> ist ein Kinderspiel mit Emailchef. W\u00e4hlen Sie zwischen <strong>drei verschiedenen Gestaltungsm\u00f6glichkeiten<\/strong>:<\/p>\n\n<div class=\"g1-space\" style=\"height: 20px;\"><\/div>\n\n\n<ul id=\"\" class=\"g1-list g1-list--icon g1-list--simple \">\n \t<li><i class=\"fa fa-arrow-right g1-list__icon\"><\/i>W\u00e4hlen Sie eine <strong>fertige Vorlage<\/strong> aus unserer Vorlagen-Bibliothek. Wir bieten eine gro\u00dfe Anzahl von E-Mail-Vorlagen an, die alle vollst\u00e4ndig personalisierbar sind.<\/li>\n \t<li><i class=\"fa fa-arrow-right g1-list__icon\"><\/i>Erstellen Sie ein <strong>neues Layout von Grund auf<\/strong>. Der vielseitige Drag-and-Drop-Editor von Emailchef umfasst einen leistungsstarken Fotoeditor.<\/li>\n \t<li><i class=\"fa fa-arrow-right g1-list__icon\"><\/i>Oder schreiben Sie Ihren Code selbst mit unserem <strong>erweiterten HTML-Editor<\/strong>.<\/li>\n<\/ul>\n\n\n<div class=\"g1-space\" style=\"height: 20px;\"><\/div>\n\n<p>Erfahren Sie mehr \u00fcber unseren <a href=\"https:\/\/emailchef.com\/de\/funktionen\/der-schnellste-template-creator\/\">Emailchef <strong>Template-Creator<\/strong><\/a>.<\/p>\n\n<div class=\"g1-space\" style=\"height: 25px;\"><\/div>\n<div style=\"text-align: center;\"><div class=\"lyte-wrapper\" title=\"[EN] Create and send immediately or schedule your campaign\" style=\"width:640px;max-width:100%;margin:5px;\"><div class=\"lyMe\" id=\"WYL_kLrX4pJc-LQ\"><div id=\"lyte_kLrX4pJc-LQ\" data-src=\"https:\/\/emailchef.com\/wp-content\/plugins\/wp-youtube-lyte\/lyteCache.php?origThumbUrl=https%3A%2F%2Fi.ytimg.com%2Fvi%2FkLrX4pJc-LQ%2Fhqdefault.jpg\" class=\"pL\"><div class=\"tC\"><div class=\"tT\">[EN] Create and send immediately or schedule your campaign<\/div><\/div><div class=\"play\"><\/div><div class=\"ctrl\"><div class=\"Lctrl\"><\/div><div class=\"Rctrl\"><\/div><\/div><\/div><noscript><a href=\"https:\/\/youtu.be\/kLrX4pJc-LQ\" rel=\"nofollow\"><img decoding=\"async\" src=\"https:\/\/emailchef.com\/wp-content\/plugins\/wp-youtube-lyte\/lyteCache.php?origThumbUrl=https%3A%2F%2Fi.ytimg.com%2Fvi%2FkLrX4pJc-LQ%2F0.jpg\" alt=\"[EN] Create and send immediately or schedule your campaign\" width=\"640\" height=\"340\" \/><br \/>Dieses Video auf YouTube ansehen<\/a><\/noscript><\/div><\/div><div class=\"lL\" style=\"max-width:100%;width:640px;margin:5px;\"><\/div>\n<div class=\"ec-video-button hide centered\">\n\t<a href=\"https:\/\/youtu.be\/kLrX4pJc-LQ\" rel=\"prettyPhoto\" title=\"Video abspielen\">Video abspielen <i class=\"fa fa-play-circle fa-2x\"><\/i><\/a>\n<\/div><\/div>\n<div class=\"g1-space\" style=\"height: 25px;\"><\/div>\n\n<h3>Personalisierung<\/h3>\n<p>Passen Sie Ihren Newsletter an <strong>Ihre Corporate Identity an<\/strong>. Sie k\u00f6nnen Blocks und Elemente nach Wunsch hinzuf\u00fcgen und verschieben. Schreiben Sie einen ansprechenden Betreff und vergessen Sie dabei nicht auf <strong>den Preheader<\/strong>.<\/p>\n\n<div class=\"g1-space\" style=\"height: 35px;\"><\/div>\n<img decoding=\"async\" class=\"aligncenter\" src=\"https:\/\/emailchef.com\/wp-content\/uploads\/2019\/04\/Pic_mob_preheader-300x219.png\" alt=\"Preheader\" width=\"300\" height=\"219\" \/>\n<div class=\"g1-space\" style=\"height: 35px;\"><\/div>\n\n<p>Zusammen mit dem Betreff der E-Mail ist der Preheader <strong>das erste, was der Empf\u00e4nger eines Newsletters liest<\/strong>. Beide sind wichtig um die Zielgruppe zur Interaktion zu ermutigen. Hier beginnt der Leser seine Reise, noch bevor er die E-Mail \u00f6ffnet und auf <strong>den Aufruf zum Handeln klickt<\/strong>, unabh\u00e4ngig davon, ob es sich um einen Link oder eine Kaufschaltfl\u00e4che handelt.<\/p>\n\n<p>Geben Sie die Absenderdaten ein und w\u00e4hlen Sie dann einige oder alle Eintr\u00e4ge aus Ihrer E-Mail-Adressliste. Sie k\u00f6nnen die Kampagne \u2013 bis vor dem Versand- \u00fcbrigens jederzeit \u00e4ndern.<\/p>\n\n<p>Erfahren Sie mehr \u00fcber das <a href=\"https:\/\/emailchef.com\/de\/funktionen\/einfaches-kontakt-management\/\"><strong>Verwalten von Kontakten<\/strong> mit Emailchef<\/a>.<\/p>\n<div class=\"g1-space\" style=\"height: 25px;\"><\/div>\n\n<h3>Versand<\/h3>\n<p>Sie k\u00f6nnen die Kampagne sofort senden oder sie f\u00fcr sp\u00e4teren Versand einplanen.<\/p>\n\n<p>Emailchef f\u00fchrt Sie Schritt f\u00fcr Schritt durch den gesamten Prozess. Sollten Informationen fehlen, z. B. der Betreff einer Nachricht oder ein Link zum Abmelden, <strong>erhalten Sie eine Benachrichtigung<\/strong>. Senden Sie Ihre Kampagne noch vor der definitiven Verteilung <strong>als Test<\/strong> an eine E-Mail-Adresse. Mit einem solchen Test k\u00f6nnen Sie die Anzeige der E-Mail in verschiedenen E-Mail-Clients \u00fcberpr\u00fcfen. Newsletter von Emailchef werden <strong>auf jedem Ger\u00e4t immer perfekt angezeigt<\/strong>!<\/p>\n\n<div class=\"g1-space\" style=\"height: 35px;\"><\/div>\n<img loading=\"lazy\" decoding=\"async\" class=\"aligncenter\" src=\"https:\/\/emailchef.com\/wp-content\/uploads\/2019\/05\/kontakte-estellen-kampagne-300x198.png\" alt=\"kontakte, estellen, kampagne\" width=\"300\" height=\"198\" \/>\n<div class=\"g1-space\" style=\"height: 35px;\"><\/div>\n\n<p>Emailchef bietet einen <strong>SPAM-Scan<\/strong> an, um zu pr\u00fcfen ob die E-Mail zur Umgehung der Anti-SPAM-Filter des E-Mail-Eingangsservers optimiert werden kann.<\/p>\n<div class=\"g1-space\" style=\"height: 25px;\"><\/div>\n\n<h3>Analyse<\/h3>\n<p>Eine <strong>eingehende Analyse Ihrer E-Mail-Ergebnisse<\/strong> ist erforderlich, um die Effektivit\u00e4t Ihrer Kampagnen zu verbessern.<\/p>\n\n<p>Emailchef enth\u00e4lt einen vollst\u00e4ndigen und detaillierten <strong>Statistikbereich<\/strong>. Unsere ansprechenden Diagramme zeigen die Auswirkungen Ihres Newsletters (oder Autoresponders) auf Ihre Kontakte an und analysieren die Funktion jedes Links der E-Mail, wobei die Wirksamkeit jeder Handlungsaufforderung deutlich wird. In diesem Abschnitt k\u00f6nnen Sie einen <strong>kompletten, \u00fcbersichtlichen Bericht<\/strong> drucken.<\/p>\n\n<p>Erfahren Sie mehr \u00fcber das <a href=\"https:\/\/emailchef.com\/de\/funktionen\/fortgeschrittene-echtzeit-berichte\/\">Emailchef Statistics-Tool<\/a>.<\/p>\t\t\t\t\t\t\t\t<\/div>\n\t\t\t\t<\/div>\n\t\t\t\t\t<\/div>\n\t\t<\/div>\n\t\t\t\t\t<\/div>\n\t\t<\/section>\n\t\t\t\t<\/div>\n\t\t","protected":false},"excerpt":{"rendered":"<p>Mit den Tools von Emailchef k\u00f6nnen Sie von der E-Mail-Erstellung bis zur Datenanalyse jeden Schritt der Kampagne ganz einfach verwalten. Sie werden niemals einen Service von Drittanbietern ben\u00f6tigen und k\u00f6nnen sich einfach darauf konzentrieren, die Effektivit\u00e4t Ihres Newsletters zu verbessern. Erstellung Die Erstellung eines Newsletters oder einer E-Mail-Marketingkampagne ist ein Kinderspiel mit Emailchef. W\u00e4hlen Sie [&hellip;]<\/p>\n","protected":false},"author":1,"featured_media":0,"parent":3335,"menu_order":2,"comment_status":"closed","ping_status":"closed","template":"","meta":{"_acf_changed":false,"inline_featured_image":false,"footnotes":""},"g1_relation_tag":[],"class_list":["post-3344","page","type-page","status-publish","hentry"],"acf":[],"yoast_head":"<!-- This site is optimized with the Yoast SEO plugin v24.8.1 - https:\/\/yoast.com\/wordpress\/plugins\/seo\/ -->\n<title>Bearbeiten und Versenden Ihrer Kampagne - emailChef<\/title>\n<meta name=\"description\" content=\"Das Erstellen und Bearbeiten einer Massen-E-Mail oder eines Newsletters \u2013 kurz gesagt, einer Kampagne \u2013 ist mit MailChef wahnsinnig einfach.\" \/>\n<meta name=\"robots\" content=\"index, follow, max-snippet:-1, max-image-preview:large, max-video-preview:-1\" \/>\n<link rel=\"canonical\" href=\"https:\/\/emailchef.com\/de\/funktionen\/bearbeiten-und-versenden-ihrer-kampagne\/\" \/>\n<meta name=\"twitter:label1\" content=\"Gesch\u00e4tzte Lesezeit\" \/>\n\t<meta name=\"twitter:data1\" content=\"3\u00a0Minuten\" \/>\n<!-- \/ Yoast SEO plugin. -->","yoast_head_json":{"title":"Bearbeiten und Versenden Ihrer Kampagne - emailChef","description":"Das Erstellen und Bearbeiten einer Massen-E-Mail oder eines Newsletters \u2013 kurz gesagt, einer Kampagne \u2013 ist mit MailChef wahnsinnig einfach.","robots":{"index":"index","follow":"follow","max-snippet":"max-snippet:-1","max-image-preview":"max-image-preview:large","max-video-preview":"max-video-preview:-1"},"canonical":"https:\/\/emailchef.com\/de\/funktionen\/bearbeiten-und-versenden-ihrer-kampagne\/","twitter_misc":{"Gesch\u00e4tzte Lesezeit":"3\u00a0Minuten"},"schema":{"@context":"https:\/\/schema.org","@graph":[{"@type":"WebPage","@id":"https:\/\/emailchef.com\/de\/funktionen\/bearbeiten-und-versenden-ihrer-kampagne\/","url":"https:\/\/emailchef.com\/de\/funktionen\/bearbeiten-und-versenden-ihrer-kampagne\/","name":"Bearbeiten und Versenden Ihrer Kampagne - emailChef","isPartOf":{"@id":"https:\/\/emailchef.com\/de\/#website"},"primaryImageOfPage":{"@id":"https:\/\/emailchef.com\/de\/funktionen\/bearbeiten-und-versenden-ihrer-kampagne\/#primaryimage"},"image":{"@id":"https:\/\/emailchef.com\/de\/funktionen\/bearbeiten-und-versenden-ihrer-kampagne\/#primaryimage"},"thumbnailUrl":"https:\/\/emailchef.com\/wp-content\/uploads\/2022\/06\/send-campaign.png","datePublished":"2014-09-04T10:10:54+00:00","dateModified":"2022-07-05T08:12:54+00:00","description":"Das Erstellen und Bearbeiten einer Massen-E-Mail oder eines Newsletters \u2013 kurz gesagt, einer Kampagne \u2013 ist mit MailChef wahnsinnig einfach.","breadcrumb":{"@id":"https:\/\/emailchef.com\/de\/funktionen\/bearbeiten-und-versenden-ihrer-kampagne\/#breadcrumb"},"inLanguage":"de","potentialAction":[{"@type":"ReadAction","target":["https:\/\/emailchef.com\/de\/funktionen\/bearbeiten-und-versenden-ihrer-kampagne\/"]}]},{"@type":"ImageObject","inLanguage":"de","@id":"https:\/\/emailchef.com\/de\/funktionen\/bearbeiten-und-versenden-ihrer-kampagne\/#primaryimage","url":"https:\/\/emailchef.com\/wp-content\/uploads\/2022\/06\/send-campaign.png","contentUrl":"https:\/\/emailchef.com\/wp-content\/uploads\/2022\/06\/send-campaign.png"},{"@type":"BreadcrumbList","@id":"https:\/\/emailchef.com\/de\/funktionen\/bearbeiten-und-versenden-ihrer-kampagne\/#breadcrumb","itemListElement":[{"@type":"ListItem","position":1,"name":"Home","item":"https:\/\/emailchef.com\/de\/emailchef-e-mail-marketing-service\/"},{"@type":"ListItem","position":2,"name":"Funktionen","item":"https:\/\/emailchef.com\/de\/funktionen\/"},{"@type":"ListItem","position":3,"name":"Bearbeiten und Versenden Ihrer Kampagne"}]},{"@type":"WebSite","@id":"https:\/\/emailchef.com\/de\/#website","url":"https:\/\/emailchef.com\/de\/","name":"Emailchef","description":"K\u00f6stliche Rezepte f\u00fcr E-Mail-Marketing","publisher":{"@id":"https:\/\/emailchef.com\/de\/#organization"},"potentialAction":[{"@type":"SearchAction","target":{"@type":"EntryPoint","urlTemplate":"https:\/\/emailchef.com\/de\/?s={search_term_string}"},"query-input":{"@type":"PropertyValueSpecification","valueRequired":true,"valueName":"search_term_string"}}],"inLanguage":"de"},{"@type":"Organization","@id":"https:\/\/emailchef.com\/de\/#organization","name":"Delivery Tech Corp.","url":"https:\/\/emailchef.com\/de\/","logo":{"@type":"ImageObject","inLanguage":"de","@id":"https:\/\/emailchef.com\/de\/#\/schema\/logo\/image\/","url":"https:\/\/emailchef.com\/wp-content\/uploads\/2022\/04\/logo-sama.png","contentUrl":"https:\/\/emailchef.com\/wp-content\/uploads\/2022\/04\/logo-sama.png","width":237,"height":80,"caption":"Delivery Tech Corp."},"image":{"@id":"https:\/\/emailchef.com\/de\/#\/schema\/logo\/image\/"}}]}},"_links":{"self":[{"href":"https:\/\/emailchef.com\/de\/wp-json\/wp\/v2\/pages\/3344"}],"collection":[{"href":"https:\/\/emailchef.com\/de\/wp-json\/wp\/v2\/pages"}],"about":[{"href":"https:\/\/emailchef.com\/de\/wp-json\/wp\/v2\/types\/page"}],"author":[{"embeddable":true,"href":"https:\/\/emailchef.com\/de\/wp-json\/wp\/v2\/users\/1"}],"replies":[{"embeddable":true,"href":"https:\/\/emailchef.com\/de\/wp-json\/wp\/v2\/comments?post=3344"}],"version-history":[{"count":8,"href":"https:\/\/emailchef.com\/de\/wp-json\/wp\/v2\/pages\/3344\/revisions"}],"predecessor-version":[{"id":57914,"href":"https:\/\/emailchef.com\/de\/wp-json\/wp\/v2\/pages\/3344\/revisions\/57914"}],"up":[{"embeddable":true,"href":"https:\/\/emailchef.com\/de\/wp-json\/wp\/v2\/pages\/3335"}],"wp:attachment":[{"href":"https:\/\/emailchef.com\/de\/wp-json\/wp\/v2\/media?parent=3344"}],"wp:term":[{"taxonomy":"g1_relation_tag","embeddable":true,"href":"https:\/\/emailchef.com\/de\/wp-json\/wp\/v2\/g1_relation_tag?post=3344"}],"curies":[{"name":"wp","href":"https:\/\/api.w.org\/{rel}","templated":true}]}}