{"id":3342,"date":"2014-09-04T10:46:01","date_gmt":"2014-09-04T10:46:01","guid":{"rendered":"http:\/\/emailchef.com\/de\/?page_id=3342"},"modified":"2022-07-05T08:23:42","modified_gmt":"2022-07-05T08:23:42","slug":"der-schnellste-template-creator","status":"publish","type":"page","link":"https:\/\/emailchef.com\/de\/funktionen\/der-schnellste-template-creator\/","title":{"rendered":"Der schnellste Drag &#038; Drop Template Creator"},"content":{"rendered":"\t\t<div data-elementor-type=\"wp-page\" data-elementor-id=\"3342\" class=\"elementor elementor-3342 elementor-149\" data-elementor-post-type=\"page\">\n\t\t\t\t\t\t<section class=\"elementor-section elementor-top-section elementor-element elementor-element-7b70280 elementor-section-boxed elementor-section-height-default elementor-section-height-default\" data-id=\"7b70280\" data-element_type=\"section\">\n\t\t\t\t\t\t<div class=\"elementor-container elementor-column-gap-default\">\n\t\t\t\t\t<div class=\"elementor-column elementor-col-100 elementor-top-column elementor-element elementor-element-455f4cc\" data-id=\"455f4cc\" data-element_type=\"column\">\n\t\t\t<div class=\"elementor-widget-wrap elementor-element-populated\">\n\t\t\t\t\t\t<div class=\"elementor-element elementor-element-5f9ed38 elementor-widget elementor-widget-image\" data-id=\"5f9ed38\" data-element_type=\"widget\" data-widget_type=\"image.default\">\n\t\t\t\t<div class=\"elementor-widget-container\">\n\t\t\t\t\t\t\t\t\t\t\t\t\t\t\t<img fetchpriority=\"high\" decoding=\"async\" width=\"800\" height=\"600\" src=\"https:\/\/emailchef.com\/wp-content\/uploads\/2022\/06\/templates-creator.png\" class=\"attachment-full size-full wp-image-57102\" alt=\"Der schnellste Drag &amp; Drop Template Creator\" \/>\t\t\t\t\t\t\t\t\t\t\t\t\t\t\t<\/div>\n\t\t\t\t<\/div>\n\t\t\t\t\t<\/div>\n\t\t<\/div>\n\t\t\t\t\t<\/div>\n\t\t<\/section>\n\t\t\t\t<section class=\"elementor-section elementor-top-section elementor-element elementor-element-18134d99 elementor-section-boxed elementor-section-height-default elementor-section-height-default\" data-id=\"18134d99\" data-element_type=\"section\">\n\t\t\t\t\t\t<div class=\"elementor-container elementor-column-gap-default\">\n\t\t\t\t\t<div class=\"elementor-column elementor-col-100 elementor-top-column elementor-element elementor-element-26c2f307\" data-id=\"26c2f307\" data-element_type=\"column\">\n\t\t\t<div class=\"elementor-widget-wrap elementor-element-populated\">\n\t\t\t\t\t\t<div class=\"elementor-element elementor-element-120696d6 elementor-widget elementor-widget-text-editor\" data-id=\"120696d6\" data-element_type=\"widget\" data-widget_type=\"text-editor.default\">\n\t\t\t\t<div class=\"elementor-widget-container\">\n\t\t\t\t\t\t\t\t\t<p>Sie h\u00e4tten gerne eine <b>personalisierte Vorlage<\/b> f\u00fcr Ihre E-Mail-Marketingkampagne &#8230; <b>wissen aber nichts \u00fcber HTML<\/b>?<\/p>\n\n<p>Das kommt leider oft vor. Und <b>Emailchef <\/b>kann helfen. Mit unserem leistungsstarken und benutzerfreundlichen <b>Drag &amp; Drop-Editor<\/b> k\u00f6nnen Sie mit nur wenigen Schritten <b>professionelle und elegante Newsletter erstellen<\/b>, die auf allen Ger\u00e4ten und E-Mail-Clients <b>perfekt funktionieren<\/b>.<\/p>\n\n<div class=\"g1-space\" style=\"height: 35px;\"><\/div>\n<img decoding=\"async\" class=\"aligncenter\" src=\"https:\/\/emailchef.com\/wp-content\/uploads\/2019\/05\/DD-Editor_ECwebsite-e1558950338739.png\" alt=\"Drag&amp;drop editor\" width=\"800\" height=\"445\" \/>\n<div class=\"g1-space\" style=\"height: 35px;\"><\/div>\n\n<p>Sie m\u00fcssen keine Codezeile ber\u00fchren und es spielt keine Rolle wenn Sie keine Erfahrung mit E-Mail-Design haben. <b>Unser Editor ist einfach zu bedienen<\/b>, \u00fcbersichtlich und intuitiv.<\/p>\n\n<div class=\"g1-space\" style=\"height: 20px;\"><\/div>\n\n\n<ul id=\"\" class=\"g1-list g1-list--icon g1-list--simple \">\n \t<li><i class=\"fa fa-arrow-right g1-list__icon\"><\/i>F\u00fcr <b>alle Benutzer<\/b>, vor allem f\u00fcr die, die es eilig haben! Es <b>gibt eine Vielzahl attraktiver Newsletter-Vorlagen<\/b>, die <b>sofort einsatzbereit<\/b> sind. Mit wenigen Klicks k\u00f6nnen Sie die E-Mail vervollst\u00e4ndigen, mit dem Editor das Layout \u00e4ndern und senden.<\/li>\n \t<li><i class=\"fa fa-arrow-right g1-list__icon\"><\/i>Alternativ dazu k\u00f6nnen Sie eine <b>Vorlage anpassen und Ihre eigenen E-Mails erstellen<\/b>. Der Emailchef Drag &amp; Drop-Editor bietet eine gro\u00dfe Auswahl an Blocks und anpassbaren Elementen. Jeder Block enth\u00e4lt Elemente, die ge\u00e4ndert, entfernt und verschoben werden k\u00f6nnen. Sie k\u00f6nnen neue Blocks wie Texte, Bilder, Handlungsaufforderungen usw. hinzuf\u00fcgen und jedes Element anpassen. Dank der sorgf\u00e4ltigen Arbeit unserer Grafikdesigner wird die Liste der Blocks st\u00e4ndig erweitert.<\/li>\n \t<li><i class=\"fa fa-arrow-right g1-list__icon\"><\/i>Wenn Sie <b>Ihre<\/b> <b>Kreativit\u00e4t testen <\/b>m\u00f6chten, k\u00f6nnen Sie mit dem Editor auch die Struktur von Newslettern \u00e4ndern. Beginnen Sie mit einem leeren Layout und f\u00fcgen Sie alle gew\u00fcnschten Elemente hinzu. (Und wenn Sie codieren k\u00f6nnen, k\u00f6nnen Sie sogar <b>CSS \/ HTML \u00e4ndern<\/b>.)<\/li>\n<\/ul>\n\n\n<div class=\"g1-space\" style=\"height: 20px;\"><\/div>\n\n<p>Um Ihren Newsletter zu erstellen, ziehen Sie einfach die Blocks mit den Elementen in den Arbeitsbereich (oder die <i>Arbeitsfl\u00e4che<\/i>). Mit dem Emailchef-Editor k\u00f6nnen Sie Texte, Links, Bilder und andere Elemente <b>frei gestalten und formatieren<\/b>.<\/p>\n\n<p>Sie k\u00f6nnen jederzeit eine <b>Vorschau Ihrer Arbeit<\/b> anzeigen, um zu sehen, wie sie auf einem Computer, Tablet oder Smartphone angezeigt wird.<\/p>\n\n<div class=\"g1-space\" style=\"height: 35px;\"><\/div>\n<img decoding=\"async\" class=\"alignnone size-medium wp-image-9920\" src=\"https:\/\/emailchef.com\/wp-content\/uploads\/2019\/05\/template-creator-photo-editor-300x166.png\" alt=\"Emailchef Photo Editor\" width=\"300\" height=\"166\" srcset=\"https:\/\/emailchef.com\/wp-content\/uploads\/2019\/05\/template-creator-photo-editor-300x166.png 300w, https:\/\/emailchef.com\/wp-content\/uploads\/2019\/05\/template-creator-photo-editor-768x425.png 768w, https:\/\/emailchef.com\/wp-content\/uploads\/2019\/05\/template-creator-photo-editor-1024x567.png 1024w, https:\/\/emailchef.com\/wp-content\/uploads\/2019\/05\/template-creator-photo-editor-968x536.png 968w, https:\/\/emailchef.com\/wp-content\/uploads\/2019\/05\/template-creator-photo-editor-636x352.png 636w, https:\/\/emailchef.com\/wp-content\/uploads\/2019\/05\/template-creator-photo-editor-320x177.png 320w, https:\/\/emailchef.com\/wp-content\/uploads\/2019\/05\/template-creator-photo-editor-239x132.png 239w, https:\/\/emailchef.com\/wp-content\/uploads\/2019\/05\/template-creator-photo-editor.png 1679w\" sizes=\"(max-width: 300px) 100vw, 300px\" \/>\n<div class=\"g1-space\" style=\"height: 35px;\"><\/div>\n\n<p>Der Emailchef Newsletter Template Creator enth\u00e4lt au\u00dferdem einen <b>integrierten Photo Editor<\/b>, mit dem Sie Bilder intuitiv und ohne \u00d6ffnen eines anderen Bildbearbeitungsprogramms in der <b>Gr\u00f6\u00dfe \u00e4ndern und zuschneiden<\/b> k\u00f6nnen. Sie k\u00f6nnen Rahmen und Aufkleber hinzuf\u00fcgen, Filter anwenden und Spa\u00df beim Erstellen erfolgreicher E-Mail-Marketingkampagnen haben.<\/p>\n\n<p>Sehen Sie sich diese kurze Videopr\u00e4sentation an, um zu verstehen, <b>warum Emailchef die richtige Wahl <\/b>zur Erstellung Ihre personalisierten Newsletter ist.<\/p>\n\n<div class=\"g1-space\" style=\"height: 25px;\"><\/div>\n<div style=\"text-align: center;\"><div class=\"lyte-wrapper\" title=\"[EN] How to create responsive layout emails with our drag &amp;amp; drop editor\" style=\"width:640px;max-width:100%;margin:5px;\"><div class=\"lyMe\" id=\"WYL_tmPbbRo-d1k\"><div id=\"lyte_tmPbbRo-d1k\" data-src=\"https:\/\/emailchef.com\/wp-content\/plugins\/wp-youtube-lyte\/lyteCache.php?origThumbUrl=https%3A%2F%2Fi.ytimg.com%2Fvi%2FtmPbbRo-d1k%2Fhqdefault.jpg\" class=\"pL\"><div class=\"tC\"><div class=\"tT\">[EN] How to create responsive layout emails with our drag &amp; drop editor<\/div><\/div><div class=\"play\"><\/div><div class=\"ctrl\"><div class=\"Lctrl\"><\/div><div class=\"Rctrl\"><\/div><\/div><\/div><noscript><a href=\"https:\/\/youtu.be\/tmPbbRo-d1k\" rel=\"nofollow\"><img loading=\"lazy\" decoding=\"async\" src=\"https:\/\/emailchef.com\/wp-content\/plugins\/wp-youtube-lyte\/lyteCache.php?origThumbUrl=https%3A%2F%2Fi.ytimg.com%2Fvi%2FtmPbbRo-d1k%2F0.jpg\" alt=\"[EN] How to create responsive layout emails with our drag &amp;amp; drop editor\" width=\"640\" height=\"340\" \/><br \/>Dieses Video auf YouTube ansehen<\/a><\/noscript><\/div><\/div><div class=\"lL\" style=\"max-width:100%;width:640px;margin:5px;\"><\/div>\n<div class=\"ec-video-button hide centered\">\n\t<a href=\"https:\/\/youtu.be\/tmPbbRo-d1k\" rel=\"prettyPhoto\" title=\"Video abspielen\">Video abspielen <i class=\"fa fa-play-circle fa-2x\"><\/i><\/a>\n<\/div><\/div>\n<div class=\"g1-space\" style=\"height: 25px;\"><\/div>\n\n<p>Die Newsletter-Vorlagen und alle hochgeladenen Bilder werden im Cloud-Bereich gespeichert, der mit Ihrem Emailchef-Abonnement geliefert wird. Sie k\u00f6nnen Ihr <b>Modell wiederverwenden oder \u00e4ndern<\/b> und so die Effektivit\u00e4t Ihrer Kampagnen verbessern.<\/p>\n\t\t\t\t\t\t\t\t<\/div>\n\t\t\t\t<\/div>\n\t\t\t\t\t<\/div>\n\t\t<\/div>\n\t\t\t\t\t<\/div>\n\t\t<\/section>\n\t\t\t\t<\/div>\n\t\t","protected":false},"excerpt":{"rendered":"<p>Sie h\u00e4tten gerne eine personalisierte Vorlage f\u00fcr Ihre E-Mail-Marketingkampagne &#8230; wissen aber nichts \u00fcber HTML? Das kommt leider oft vor. Und Emailchef kann helfen. Mit unserem leistungsstarken und benutzerfreundlichen Drag &amp; Drop-Editor k\u00f6nnen Sie mit nur wenigen Schritten professionelle und elegante Newsletter erstellen, die auf allen Ger\u00e4ten und E-Mail-Clients perfekt funktionieren. Sie m\u00fcssen keine Codezeile [&hellip;]<\/p>\n","protected":false},"author":1,"featured_media":0,"parent":3335,"menu_order":3,"comment_status":"closed","ping_status":"closed","template":"","meta":{"_acf_changed":false,"inline_featured_image":false,"footnotes":""},"g1_relation_tag":[],"class_list":["post-3342","page","type-page","status-publish","hentry"],"acf":[],"yoast_head":"<!-- This site is optimized with the Yoast SEO plugin v24.8.1 - https:\/\/yoast.com\/wordpress\/plugins\/seo\/ -->\n<title>Der schnellste Drag &amp; Drop Template Creator - Emailchef<\/title>\n<meta name=\"description\" content=\"M\u00f6chten Sie eine benutzerdefinierte Vorlage f\u00fcr Ihre Kampagne, wissen aber nichts \u00fcber HTML? Sie sollten auf jeden Fall unseren Template Creator.\" \/>\n<meta name=\"robots\" content=\"index, follow, max-snippet:-1, max-image-preview:large, max-video-preview:-1\" \/>\n<link rel=\"canonical\" href=\"https:\/\/emailchef.com\/de\/funktionen\/der-schnellste-template-creator\/\" \/>\n<meta name=\"twitter:label1\" content=\"Gesch\u00e4tzte Lesezeit\" \/>\n\t<meta name=\"twitter:data1\" content=\"3\u00a0Minuten\" \/>\n<!-- \/ Yoast SEO plugin. -->","yoast_head_json":{"title":"Der schnellste Drag & Drop Template Creator - Emailchef","description":"M\u00f6chten Sie eine benutzerdefinierte Vorlage f\u00fcr Ihre Kampagne, wissen aber nichts \u00fcber HTML? Sie sollten auf jeden Fall unseren Template Creator.","robots":{"index":"index","follow":"follow","max-snippet":"max-snippet:-1","max-image-preview":"max-image-preview:large","max-video-preview":"max-video-preview:-1"},"canonical":"https:\/\/emailchef.com\/de\/funktionen\/der-schnellste-template-creator\/","twitter_misc":{"Gesch\u00e4tzte Lesezeit":"3\u00a0Minuten"},"schema":{"@context":"https:\/\/schema.org","@graph":[{"@type":"WebPage","@id":"https:\/\/emailchef.com\/de\/funktionen\/der-schnellste-template-creator\/","url":"https:\/\/emailchef.com\/de\/funktionen\/der-schnellste-template-creator\/","name":"Der schnellste Drag & Drop Template Creator - Emailchef","isPartOf":{"@id":"https:\/\/emailchef.com\/de\/#website"},"primaryImageOfPage":{"@id":"https:\/\/emailchef.com\/de\/funktionen\/der-schnellste-template-creator\/#primaryimage"},"image":{"@id":"https:\/\/emailchef.com\/de\/funktionen\/der-schnellste-template-creator\/#primaryimage"},"thumbnailUrl":"https:\/\/emailchef.com\/wp-content\/uploads\/2022\/06\/templates-creator.png","datePublished":"2014-09-04T10:46:01+00:00","dateModified":"2022-07-05T08:23:42+00:00","description":"M\u00f6chten Sie eine benutzerdefinierte Vorlage f\u00fcr Ihre Kampagne, wissen aber nichts \u00fcber HTML? Sie sollten auf jeden Fall unseren Template Creator.","breadcrumb":{"@id":"https:\/\/emailchef.com\/de\/funktionen\/der-schnellste-template-creator\/#breadcrumb"},"inLanguage":"de","potentialAction":[{"@type":"ReadAction","target":["https:\/\/emailchef.com\/de\/funktionen\/der-schnellste-template-creator\/"]}]},{"@type":"ImageObject","inLanguage":"de","@id":"https:\/\/emailchef.com\/de\/funktionen\/der-schnellste-template-creator\/#primaryimage","url":"https:\/\/emailchef.com\/wp-content\/uploads\/2022\/06\/templates-creator.png","contentUrl":"https:\/\/emailchef.com\/wp-content\/uploads\/2022\/06\/templates-creator.png"},{"@type":"BreadcrumbList","@id":"https:\/\/emailchef.com\/de\/funktionen\/der-schnellste-template-creator\/#breadcrumb","itemListElement":[{"@type":"ListItem","position":1,"name":"Home","item":"https:\/\/emailchef.com\/de\/emailchef-e-mail-marketing-service\/"},{"@type":"ListItem","position":2,"name":"Funktionen","item":"https:\/\/emailchef.com\/de\/funktionen\/"},{"@type":"ListItem","position":3,"name":"Der schnellste Drag &#038; Drop Template Creator"}]},{"@type":"WebSite","@id":"https:\/\/emailchef.com\/de\/#website","url":"https:\/\/emailchef.com\/de\/","name":"Emailchef","description":"K\u00f6stliche Rezepte f\u00fcr E-Mail-Marketing","publisher":{"@id":"https:\/\/emailchef.com\/de\/#organization"},"potentialAction":[{"@type":"SearchAction","target":{"@type":"EntryPoint","urlTemplate":"https:\/\/emailchef.com\/de\/?s={search_term_string}"},"query-input":{"@type":"PropertyValueSpecification","valueRequired":true,"valueName":"search_term_string"}}],"inLanguage":"de"},{"@type":"Organization","@id":"https:\/\/emailchef.com\/de\/#organization","name":"Delivery Tech Corp.","url":"https:\/\/emailchef.com\/de\/","logo":{"@type":"ImageObject","inLanguage":"de","@id":"https:\/\/emailchef.com\/de\/#\/schema\/logo\/image\/","url":"https:\/\/emailchef.com\/wp-content\/uploads\/2022\/04\/logo-sama.png","contentUrl":"https:\/\/emailchef.com\/wp-content\/uploads\/2022\/04\/logo-sama.png","width":237,"height":80,"caption":"Delivery Tech Corp."},"image":{"@id":"https:\/\/emailchef.com\/de\/#\/schema\/logo\/image\/"}}]}},"_links":{"self":[{"href":"https:\/\/emailchef.com\/de\/wp-json\/wp\/v2\/pages\/3342"}],"collection":[{"href":"https:\/\/emailchef.com\/de\/wp-json\/wp\/v2\/pages"}],"about":[{"href":"https:\/\/emailchef.com\/de\/wp-json\/wp\/v2\/types\/page"}],"author":[{"embeddable":true,"href":"https:\/\/emailchef.com\/de\/wp-json\/wp\/v2\/users\/1"}],"replies":[{"embeddable":true,"href":"https:\/\/emailchef.com\/de\/wp-json\/wp\/v2\/comments?post=3342"}],"version-history":[{"count":5,"href":"https:\/\/emailchef.com\/de\/wp-json\/wp\/v2\/pages\/3342\/revisions"}],"predecessor-version":[{"id":57924,"href":"https:\/\/emailchef.com\/de\/wp-json\/wp\/v2\/pages\/3342\/revisions\/57924"}],"up":[{"embeddable":true,"href":"https:\/\/emailchef.com\/de\/wp-json\/wp\/v2\/pages\/3335"}],"wp:attachment":[{"href":"https:\/\/emailchef.com\/de\/wp-json\/wp\/v2\/media?parent=3342"}],"wp:term":[{"taxonomy":"g1_relation_tag","embeddable":true,"href":"https:\/\/emailchef.com\/de\/wp-json\/wp\/v2\/g1_relation_tag?post=3342"}],"curies":[{"name":"wp","href":"https:\/\/api.w.org\/{rel}","templated":true}]}}