{"id":3339,"date":"2014-09-04T10:26:34","date_gmt":"2014-09-04T10:26:34","guid":{"rendered":"http:\/\/emailchef.com\/de\/?page_id=3339"},"modified":"2022-07-05T08:30:02","modified_gmt":"2022-07-05T08:30:02","slug":"abonnementformular-editor","status":"publish","type":"page","link":"https:\/\/emailchef.com\/de\/funktionen\/abonnementformular-editor\/","title":{"rendered":"Abonnementformular-Editor"},"content":{"rendered":"\t\t<div data-elementor-type=\"wp-page\" data-elementor-id=\"3339\" class=\"elementor elementor-3339 elementor-134\" data-elementor-post-type=\"page\">\n\t\t\t\t\t\t<section class=\"elementor-section elementor-top-section elementor-element elementor-element-49ed003 elementor-section-boxed elementor-section-height-default elementor-section-height-default\" data-id=\"49ed003\" data-element_type=\"section\">\n\t\t\t\t\t\t<div class=\"elementor-container elementor-column-gap-default\">\n\t\t\t\t\t<div class=\"elementor-column elementor-col-100 elementor-top-column elementor-element elementor-element-ad71909\" data-id=\"ad71909\" data-element_type=\"column\">\n\t\t\t<div class=\"elementor-widget-wrap elementor-element-populated\">\n\t\t\t\t\t\t<div class=\"elementor-element elementor-element-1ed70e3 elementor-widget elementor-widget-image\" data-id=\"1ed70e3\" data-element_type=\"widget\" data-widget_type=\"image.default\">\n\t\t\t\t<div class=\"elementor-widget-container\">\n\t\t\t\t\t\t\t\t\t\t\t\t\t\t\t<img fetchpriority=\"high\" decoding=\"async\" width=\"1161\" height=\"600\" src=\"https:\/\/emailchef.com\/wp-content\/uploads\/2022\/06\/form-editor.png\" class=\"attachment-full size-full wp-image-57214\" alt=\"Abonnementformular-Editor\" \/>\t\t\t\t\t\t\t\t\t\t\t\t\t\t\t<\/div>\n\t\t\t\t<\/div>\n\t\t\t\t\t<\/div>\n\t\t<\/div>\n\t\t\t\t\t<\/div>\n\t\t<\/section>\n\t\t\t\t<section class=\"elementor-section elementor-top-section elementor-element elementor-element-79173cfe elementor-section-boxed elementor-section-height-default elementor-section-height-default\" data-id=\"79173cfe\" data-element_type=\"section\">\n\t\t\t\t\t\t<div class=\"elementor-container elementor-column-gap-default\">\n\t\t\t\t\t<div class=\"elementor-column elementor-col-100 elementor-top-column elementor-element elementor-element-3799860c\" data-id=\"3799860c\" data-element_type=\"column\">\n\t\t\t<div class=\"elementor-widget-wrap elementor-element-populated\">\n\t\t\t\t\t\t<div class=\"elementor-element elementor-element-4b136f5d elementor-widget elementor-widget-text-editor\" data-id=\"4b136f5d\" data-element_type=\"widget\" data-widget_type=\"text-editor.default\">\n\t\t\t\t<div class=\"elementor-widget-container\">\n\t\t\t\t\t\t\t\t\t<p>Der beste Weg, um neue interessierte Kontakte f\u00fcr Ihren Newsletter zu sammeln, ist immer die Bereitstellung eines guten <strong>Abonnementformulars<\/strong> auf Ihrer Webseite. Darum bietet Emailchef einen <strong>Drag-and-drop-Editor<\/strong> zum sekundenschnellen Erstellen und Einbetten von Formularen mit Opt-in oder doppeltem Opt-in.<\/p>\n\n<p>Alles, was Sie tun m\u00fcssen, ist, <strong>eine vorgefertigte Vorlage entsprechend<\/strong> Ihren Bed\u00fcrfnissen zu w\u00e4hlen und diese dann frei anzupassen, dessen Farbe zu \u00e4ndern (um diese an Ihre Marke und Webseite anzugleichen), einen Footer hinzuzuf\u00fcgen, zus\u00e4tzliche Informationsfelder und auch mehrere \u00dcbersetzungen.<\/p>\n\n<p>Dann k\u00f6nnen Sie Ihre Abonnement-Voreinstellungen konfigurieren, eine <strong>Willkommensnachricht<\/strong> erstellen sowie eine <strong>Dankes-E-Mail<\/strong>. Jede Kontaktliste kann mit mehreren Anmeldeformularen verkn\u00fcpft werden. Es ist so einfach!<\/p>\n\n<p>Der fertige Code kann direkt auf Ihrer Webseite eingebettet werden. Wir empfehlen, dies an einer <strong>prominenten Stelle<\/strong> zu tu, um die Chancen zu erh\u00f6hen, dass aus Besuchern Abonnenten werden.<\/p>\t\t\t\t\t\t\t\t<\/div>\n\t\t\t\t<\/div>\n\t\t\t\t\t<\/div>\n\t\t<\/div>\n\t\t\t\t\t<\/div>\n\t\t<\/section>\n\t\t\t\t<\/div>\n\t\t","protected":false},"excerpt":{"rendered":"<p>Der beste Weg, um neue interessierte Kontakte f\u00fcr Ihren Newsletter zu sammeln, ist immer die Bereitstellung eines guten Abonnementformulars auf Ihrer Webseite. Darum bietet Emailchef einen Drag-and-drop-Editor zum sekundenschnellen Erstellen und Einbetten von Formularen mit Opt-in oder doppeltem Opt-in. Alles, was Sie tun m\u00fcssen, ist, eine vorgefertigte Vorlage entsprechend Ihren Bed\u00fcrfnissen zu w\u00e4hlen und diese [&hellip;]<\/p>\n","protected":false},"author":1,"featured_media":0,"parent":3335,"menu_order":4,"comment_status":"closed","ping_status":"closed","template":"","meta":{"_acf_changed":false,"inline_featured_image":false,"footnotes":""},"g1_relation_tag":[],"class_list":["post-3339","page","type-page","status-publish","hentry"],"acf":[],"yoast_head":"<!-- This site is optimized with the Yoast SEO plugin v24.8.1 - https:\/\/yoast.com\/wordpress\/plugins\/seo\/ -->\n<title>Abonnementformular-Editor - Emailchef<\/title>\n<meta name=\"description\" content=\"Der beste Weg, um neue interessierte Kontakte f\u00fcr Ihren Newsletter zu sammeln, ist immer die Bereitstellung eines guten Abonnementformulars auf Ihrer Webseite\" \/>\n<meta name=\"robots\" content=\"index, follow, max-snippet:-1, max-image-preview:large, max-video-preview:-1\" \/>\n<link rel=\"canonical\" href=\"https:\/\/emailchef.com\/de\/funktionen\/abonnementformular-editor\/\" \/>\n<meta name=\"twitter:label1\" content=\"Gesch\u00e4tzte Lesezeit\" \/>\n\t<meta name=\"twitter:data1\" content=\"1\u00a0Minute\" \/>\n<!-- \/ Yoast SEO plugin. -->","yoast_head_json":{"title":"Abonnementformular-Editor - Emailchef","description":"Der beste Weg, um neue interessierte Kontakte f\u00fcr Ihren Newsletter zu sammeln, ist immer die Bereitstellung eines guten Abonnementformulars auf Ihrer Webseite","robots":{"index":"index","follow":"follow","max-snippet":"max-snippet:-1","max-image-preview":"max-image-preview:large","max-video-preview":"max-video-preview:-1"},"canonical":"https:\/\/emailchef.com\/de\/funktionen\/abonnementformular-editor\/","twitter_misc":{"Gesch\u00e4tzte Lesezeit":"1\u00a0Minute"},"schema":{"@context":"https:\/\/schema.org","@graph":[{"@type":"WebPage","@id":"https:\/\/emailchef.com\/de\/funktionen\/abonnementformular-editor\/","url":"https:\/\/emailchef.com\/de\/funktionen\/abonnementformular-editor\/","name":"Abonnementformular-Editor - Emailchef","isPartOf":{"@id":"https:\/\/emailchef.com\/de\/#website"},"primaryImageOfPage":{"@id":"https:\/\/emailchef.com\/de\/funktionen\/abonnementformular-editor\/#primaryimage"},"image":{"@id":"https:\/\/emailchef.com\/de\/funktionen\/abonnementformular-editor\/#primaryimage"},"thumbnailUrl":"https:\/\/emailchef.com\/wp-content\/uploads\/2022\/06\/form-editor.png","datePublished":"2014-09-04T10:26:34+00:00","dateModified":"2022-07-05T08:30:02+00:00","description":"Der beste Weg, um neue interessierte Kontakte f\u00fcr Ihren Newsletter zu sammeln, ist immer die Bereitstellung eines guten Abonnementformulars auf Ihrer Webseite","breadcrumb":{"@id":"https:\/\/emailchef.com\/de\/funktionen\/abonnementformular-editor\/#breadcrumb"},"inLanguage":"de","potentialAction":[{"@type":"ReadAction","target":["https:\/\/emailchef.com\/de\/funktionen\/abonnementformular-editor\/"]}]},{"@type":"ImageObject","inLanguage":"de","@id":"https:\/\/emailchef.com\/de\/funktionen\/abonnementformular-editor\/#primaryimage","url":"https:\/\/emailchef.com\/wp-content\/uploads\/2022\/06\/form-editor.png","contentUrl":"https:\/\/emailchef.com\/wp-content\/uploads\/2022\/06\/form-editor.png"},{"@type":"BreadcrumbList","@id":"https:\/\/emailchef.com\/de\/funktionen\/abonnementformular-editor\/#breadcrumb","itemListElement":[{"@type":"ListItem","position":1,"name":"Home","item":"https:\/\/emailchef.com\/de\/emailchef-e-mail-marketing-service\/"},{"@type":"ListItem","position":2,"name":"Funktionen","item":"https:\/\/emailchef.com\/de\/funktionen\/"},{"@type":"ListItem","position":3,"name":"Abonnementformular-Editor"}]},{"@type":"WebSite","@id":"https:\/\/emailchef.com\/de\/#website","url":"https:\/\/emailchef.com\/de\/","name":"Emailchef","description":"K\u00f6stliche Rezepte f\u00fcr E-Mail-Marketing","publisher":{"@id":"https:\/\/emailchef.com\/de\/#organization"},"potentialAction":[{"@type":"SearchAction","target":{"@type":"EntryPoint","urlTemplate":"https:\/\/emailchef.com\/de\/?s={search_term_string}"},"query-input":{"@type":"PropertyValueSpecification","valueRequired":true,"valueName":"search_term_string"}}],"inLanguage":"de"},{"@type":"Organization","@id":"https:\/\/emailchef.com\/de\/#organization","name":"Delivery Tech Corp.","url":"https:\/\/emailchef.com\/de\/","logo":{"@type":"ImageObject","inLanguage":"de","@id":"https:\/\/emailchef.com\/de\/#\/schema\/logo\/image\/","url":"https:\/\/emailchef.com\/wp-content\/uploads\/2022\/04\/logo-sama.png","contentUrl":"https:\/\/emailchef.com\/wp-content\/uploads\/2022\/04\/logo-sama.png","width":237,"height":80,"caption":"Delivery Tech Corp."},"image":{"@id":"https:\/\/emailchef.com\/de\/#\/schema\/logo\/image\/"}}]}},"_links":{"self":[{"href":"https:\/\/emailchef.com\/de\/wp-json\/wp\/v2\/pages\/3339"}],"collection":[{"href":"https:\/\/emailchef.com\/de\/wp-json\/wp\/v2\/pages"}],"about":[{"href":"https:\/\/emailchef.com\/de\/wp-json\/wp\/v2\/types\/page"}],"author":[{"embeddable":true,"href":"https:\/\/emailchef.com\/de\/wp-json\/wp\/v2\/users\/1"}],"replies":[{"embeddable":true,"href":"https:\/\/emailchef.com\/de\/wp-json\/wp\/v2\/comments?post=3339"}],"version-history":[{"count":5,"href":"https:\/\/emailchef.com\/de\/wp-json\/wp\/v2\/pages\/3339\/revisions"}],"predecessor-version":[{"id":57934,"href":"https:\/\/emailchef.com\/de\/wp-json\/wp\/v2\/pages\/3339\/revisions\/57934"}],"up":[{"embeddable":true,"href":"https:\/\/emailchef.com\/de\/wp-json\/wp\/v2\/pages\/3335"}],"wp:attachment":[{"href":"https:\/\/emailchef.com\/de\/wp-json\/wp\/v2\/media?parent=3339"}],"wp:term":[{"taxonomy":"g1_relation_tag","embeddable":true,"href":"https:\/\/emailchef.com\/de\/wp-json\/wp\/v2\/g1_relation_tag?post=3339"}],"curies":[{"name":"wp","href":"https:\/\/api.w.org\/{rel}","templated":true}]}}