{"id":3337,"date":"2014-09-04T09:55:03","date_gmt":"2014-09-04T09:55:03","guid":{"rendered":"http:\/\/emailchef.com\/de\/?page_id=3337"},"modified":"2022-07-05T08:05:50","modified_gmt":"2022-07-05T08:05:50","slug":"einfaches-kontakt-management","status":"publish","type":"page","link":"https:\/\/emailchef.com\/de\/funktionen\/einfaches-kontakt-management\/","title":{"rendered":"Einfaches Kontakt-Management"},"content":{"rendered":"\t\t<div data-elementor-type=\"wp-page\" data-elementor-id=\"3337\" class=\"elementor elementor-3337 elementor-117\" data-elementor-post-type=\"page\">\n\t\t\t\t\t\t<section class=\"elementor-section elementor-top-section elementor-element elementor-element-128d309 elementor-section-boxed elementor-section-height-default elementor-section-height-default\" data-id=\"128d309\" data-element_type=\"section\">\n\t\t\t\t\t\t<div class=\"elementor-container elementor-column-gap-default\">\n\t\t\t\t\t<div class=\"elementor-column elementor-col-100 elementor-top-column elementor-element elementor-element-97bc6f5\" data-id=\"97bc6f5\" data-element_type=\"column\">\n\t\t\t<div class=\"elementor-widget-wrap elementor-element-populated\">\n\t\t\t\t\t\t<div class=\"elementor-element elementor-element-0f1314f elementor-widget elementor-widget-image\" data-id=\"0f1314f\" data-element_type=\"widget\" data-widget_type=\"image.default\">\n\t\t\t\t<div class=\"elementor-widget-container\">\n\t\t\t\t\t\t\t\t\t\t\t\t\t\t\t<img fetchpriority=\"high\" decoding=\"async\" width=\"670\" height=\"600\" src=\"https:\/\/emailchef.com\/wp-content\/uploads\/2022\/06\/contacts-managment.png\" class=\"attachment-full size-full wp-image-57048\" alt=\"Einfaches Kontakt-Management\" \/>\t\t\t\t\t\t\t\t\t\t\t\t\t\t\t<\/div>\n\t\t\t\t<\/div>\n\t\t\t\t\t<\/div>\n\t\t<\/div>\n\t\t\t\t\t<\/div>\n\t\t<\/section>\n\t\t\t\t<section class=\"elementor-section elementor-top-section elementor-element elementor-element-6ce465ce elementor-section-boxed elementor-section-height-default elementor-section-height-default\" data-id=\"6ce465ce\" data-element_type=\"section\">\n\t\t\t\t\t\t<div class=\"elementor-container elementor-column-gap-default\">\n\t\t\t\t\t<div class=\"elementor-column elementor-col-100 elementor-top-column elementor-element elementor-element-2ef5c858\" data-id=\"2ef5c858\" data-element_type=\"column\">\n\t\t\t<div class=\"elementor-widget-wrap elementor-element-populated\">\n\t\t\t\t\t\t<div class=\"elementor-element elementor-element-495c99b4 elementor-widget elementor-widget-text-editor\" data-id=\"495c99b4\" data-element_type=\"widget\" data-widget_type=\"text-editor.default\">\n\t\t\t\t<div class=\"elementor-widget-container\">\n\t\t\t\t\t\t\t\t\t<p>Eine erfolgreiche E-Mail-Kampagne h\u00e4ngt stark von der <strong>Qualit\u00e4t ihrer E-Mail-Kontaktlisten<\/strong> ab. Die erste Aufgabe f\u00fcr jeden E-Mail-Marketer besteht daher darin, eine Gruppe von berechtigten Adressen zu erstellen und zu verwalten. Emailchef hilft Ihnen mit einer Reihe von Tools dabei, neue Abonnenten zu gewinnen, unbegrenzte E-Mail-Listen zu erstellen, diese nach Belieben zu segmentieren, benutzerdefinierte Felder hinzuzuf\u00fcgen und vieles mehr.<\/p>\n<div class=\"g1-space\" style=\"height: 25px;\"><\/div>\n\n<h3>Neue Liste erstellen<\/h3>\n<p>Das Erstellen einer <strong>neuen Kontaktliste<\/strong> ist ganz einfach mit Emailchef. Sie k\u00f6nnen:<\/p>\n\n<div class=\"g1-space\" style=\"height: 20px;\"><\/div>\n\n\n<ul id=\"\" class=\"g1-list g1-list--icon g1-list--simple \">\n<li><i class=\"fa fa-arrow-right g1-list__icon\"><\/i>Kontakte aus XLS-, TXT-, CSV- oder ODS-Dateien importieren und sie nach JSON oder CSV exportieren<\/li>\n<li><i class=\"fa fa-arrow-right g1-list__icon\"><\/i>Ein Adressbuch aus Google Mail, Hotmail usw. importieren<\/li>\n<li><i class=\"fa fa-arrow-right g1-list__icon\"><\/i>Einzelne Adressen manuell hinzuf\u00fcgen<\/li>\n<li><i class=\"fa fa-arrow-right g1-list__icon\"><\/i>Eine bereits vorhandene Liste kopieren und einf\u00fcgen<\/li>\n<\/ul>\n\n\n<div class=\"g1-space\" style=\"height: 20px;\"><\/div>\n\n<p>So einfach ist es wirklich, und Sie k\u00f6nnen unbegrenzt viele Listen erstellen. Bitte denken Sie aber daran, nur <strong>Opt-In-Kontakte hinzuzuf\u00fcgen<\/strong>! Gekaufte und gemietete Listen sind in Emailchef nicht zul\u00e4ssig und beeintr\u00e4chtigen lediglich Ihre Zustellrate und das Image Ihrer Marke.<\/p>\n\n<div class=\"g1-space\" style=\"height: 25px;\"><\/div>\n<div style=\"text-align: center;\"><div class=\"lyte-wrapper\" title=\"[EN] How to create a list and add or import contacts\" style=\"width:640px;max-width:100%;margin:5px;\"><div class=\"lyMe\" id=\"WYL_iJR4YCwXHH0\"><div id=\"lyte_iJR4YCwXHH0\" data-src=\"https:\/\/emailchef.com\/wp-content\/plugins\/wp-youtube-lyte\/lyteCache.php?origThumbUrl=https%3A%2F%2Fi.ytimg.com%2Fvi%2FiJR4YCwXHH0%2Fhqdefault.jpg\" class=\"pL\"><div class=\"tC\"><div class=\"tT\">[EN] How to create a list and add or import contacts<\/div><\/div><div class=\"play\"><\/div><div class=\"ctrl\"><div class=\"Lctrl\"><\/div><div class=\"Rctrl\"><\/div><\/div><\/div><noscript><a href=\"https:\/\/youtu.be\/iJR4YCwXHH0\" rel=\"nofollow\"><img decoding=\"async\" src=\"https:\/\/emailchef.com\/wp-content\/plugins\/wp-youtube-lyte\/lyteCache.php?origThumbUrl=https%3A%2F%2Fi.ytimg.com%2Fvi%2FiJR4YCwXHH0%2F0.jpg\" alt=\"[EN] How to create a list and add or import contacts\" width=\"640\" height=\"340\" \/><br \/>Dieses Video auf YouTube ansehen<\/a><\/noscript><\/div><\/div><div class=\"lL\" style=\"max-width:100%;width:640px;margin:5px;\"><\/div>\n<div class=\"ec-video-button hide centered\">\n\t<a href=\"https:\/\/youtu.be\/iJR4YCwXHH0\" rel=\"prettyPhoto\" title=\"Video abspielen\">Video abspielen <i class=\"fa fa-play-circle fa-2x\"><\/i><\/a>\n<\/div><\/div>\n<div class=\"g1-space\" style=\"height: 25px;\"><\/div>\n\n<h3>Kontakte aktualisieren und verwalten<\/h3>\n<p>Kontaktlistenverwaltung ist unerl\u00e4sslich, um <strong>die Qualit\u00e4t Ihrer Marketingstrategien zu verbessern<\/strong> und das Wissen \u00fcber Ihren Kundenstamm zu vertiefen.<\/p>\n\n<p>Aus diesem Grund k\u00f6nnen Sie in Emailchef <strong>benutzerdefinierte Felde<\/strong>r zu Ihrer Datenbank hinzuf\u00fcgen (z. B. das Land, den Beruf oder das Alter jedes Kontakts &#8211; mit unterschiedlichen Datentypen). Sie k\u00f6nnen klar visualisieren wer <strong>sich abgemeldet<\/strong> hat oder welche Adressen bouncen, die jeweiligen Informationen jedes Abonnenten bearbeiten und aktualisieren (und ihn \/ sie auch direkt abmelden). Weiter k\u00f6nnen Sie eine <strong>globale Black List einrichten<\/strong> (Adressen, die unabh\u00e4ngig von ihrem Abonnementstatus in jeder Liste keinerlei E-Mails erhalten; hier k\u00f6nnen einzelne Kontakte oder sogar ganze DNS-Dom\u00e4nen hinzugef\u00fcgt werden).<\/p>\n\n<p><strong>Die Black List ist besonders wichtig<\/strong>. Tats\u00e4chlich m\u00fcssen Sie bei vielen Softwareprogrammen einige Zeit damit verbringen, die Kontaktlisten regelm\u00e4\u00dfig manuell zu reinigen. Wenn Sie das nicht tun, besteht ein gr\u00f6\u00dferes Bounce-Risiko, was zu Reputationsproblemen Ihres Kontos f\u00fchren kann. <strong>Emailchef erledigt die Reinigung f\u00fcr Sie<\/strong> und Sie k\u00f6nnen sicher sein, dass alle Kontakte, die auf der Blacklist landen, Ihre Nachrichten nicht mehr erhalten.<\/p>\n\n<div class=\"g1-space\" style=\"height: 25px;\"><\/div>\n<div style=\"text-align: center;\"><div class=\"lyte-wrapper\" title=\"[EN] How to add contacts to your global blacklist\" style=\"width:640px;max-width:100%;margin:5px;\"><div class=\"lyMe\" id=\"WYL_YWN9DH8nXWU\"><div id=\"lyte_YWN9DH8nXWU\" data-src=\"https:\/\/emailchef.com\/wp-content\/plugins\/wp-youtube-lyte\/lyteCache.php?origThumbUrl=https%3A%2F%2Fi.ytimg.com%2Fvi%2FYWN9DH8nXWU%2Fhqdefault.jpg\" class=\"pL\"><div class=\"tC\"><div class=\"tT\">[EN] How to add contacts to your global blacklist<\/div><\/div><div class=\"play\"><\/div><div class=\"ctrl\"><div class=\"Lctrl\"><\/div><div class=\"Rctrl\"><\/div><\/div><\/div><noscript><a href=\"https:\/\/youtu.be\/YWN9DH8nXWU\" rel=\"nofollow\"><img decoding=\"async\" src=\"https:\/\/emailchef.com\/wp-content\/plugins\/wp-youtube-lyte\/lyteCache.php?origThumbUrl=https%3A%2F%2Fi.ytimg.com%2Fvi%2FYWN9DH8nXWU%2F0.jpg\" alt=\"[EN] How to add contacts to your global blacklist\" width=\"640\" height=\"340\" \/><br \/>Dieses Video auf YouTube ansehen<\/a><\/noscript><\/div><\/div><div class=\"lL\" style=\"max-width:100%;width:640px;margin:5px;\"><\/div>\n<div class=\"ec-video-button hide centered\">\n\t<a href=\"https:\/\/youtu.be\/YWN9DH8nXWU\" rel=\"prettyPhoto\" title=\"Video abspielen\">Video abspielen <i class=\"fa fa-play-circle fa-2x\"><\/i><\/a>\n<\/div><\/div>\n<div class=\"g1-space\" style=\"height: 25px;\"><\/div>\n\n<p>Emailchef enth\u00e4lt einen Assistenten zum <strong>direkten Import von Kontakten aus Google Sheets oder Google Contacts<\/strong>. In diesen beiden F\u00e4llen k\u00f6nnen Sie das Kopieren und Einf\u00fcgen von Daten in eine Tabelle \u00fcberspringen.<\/p>\n<div class=\"g1-space\" style=\"height: 25px;\"><\/div>\n\n<h3>Datenbank segmentieren<\/h3>\n<p>E-Mail-Marketing ist besser, wenn es <strong>individualisiert<\/strong> ist: der richtige Newsletter f\u00fcr die richtigen Leute. Daher empfehlen wir Ihnen, Ihre Liste in verschiedene Segmente zu unterteilen, an die Sie genau abgestimmte Angebote senden k\u00f6nnen.<\/p>\n\n<p>Mit Emailchef k\u00f6nnen Sie <strong>Unterlisten<\/strong> nach verschiedenen Bedingungen und Optionen erstellen, beispielsweise eine Feldkategorie isolieren (z. B. alle Kontakte mit demselben Beruf) oder das Abonnementdatum; oder das Datum des letzten Newsletters, das Datum des letzten \u00d6ffnens und Klicks und auch ob die letzte E-Mail ge\u00f6ffnet oder geklickt wurde.<\/p>\n\n<p>Und nat\u00fcrlich k\u00f6nnen Sie neue Kontakte sammeln, indem Sie <a href=\"https:\/\/emailchef.com\/de\/funktionen\/abonnementformular-editor\/\">ein Anmeldeformular entwerfen<\/a> und es an einer gut sichtbaren Stelle auf Ihrer Website platzieren.<\/p>\n\n<div class=\"g1-space\" style=\"height: 25px;\"><\/div>\n<div style=\"text-align: center;\"><div class=\"lyte-wrapper\" title=\"[EN] Create segments from lists with custom fields\" style=\"width:640px;max-width:100%;margin:5px;\"><div class=\"lyMe\" id=\"WYL_KD8oSmesHWg\"><div id=\"lyte_KD8oSmesHWg\" data-src=\"https:\/\/emailchef.com\/wp-content\/plugins\/wp-youtube-lyte\/lyteCache.php?origThumbUrl=https%3A%2F%2Fi.ytimg.com%2Fvi%2FKD8oSmesHWg%2Fhqdefault.jpg\" class=\"pL\"><div class=\"tC\"><div class=\"tT\">[EN] Create segments from lists with custom fields<\/div><\/div><div class=\"play\"><\/div><div class=\"ctrl\"><div class=\"Lctrl\"><\/div><div class=\"Rctrl\"><\/div><\/div><\/div><noscript><a href=\"https:\/\/youtu.be\/KD8oSmesHWg\" rel=\"nofollow\"><img loading=\"lazy\" decoding=\"async\" src=\"https:\/\/emailchef.com\/wp-content\/plugins\/wp-youtube-lyte\/lyteCache.php?origThumbUrl=https%3A%2F%2Fi.ytimg.com%2Fvi%2FKD8oSmesHWg%2F0.jpg\" alt=\"[EN] Create segments from lists with custom fields\" width=\"640\" height=\"340\" \/><br \/>Dieses Video auf YouTube ansehen<\/a><\/noscript><\/div><\/div><div class=\"lL\" style=\"max-width:100%;width:640px;margin:5px;\"><\/div>\n<div class=\"ec-video-button hide centered\">\n\t<a href=\"https:\/\/youtu.be\/KD8oSmesHWg\" rel=\"prettyPhoto\" title=\"Video abspielen\">Video abspielen <i class=\"fa fa-play-circle fa-2x\"><\/i><\/a>\n<\/div><\/div>\t\t\t\t\t\t\t\t<\/div>\n\t\t\t\t<\/div>\n\t\t\t\t\t<\/div>\n\t\t<\/div>\n\t\t\t\t\t<\/div>\n\t\t<\/section>\n\t\t\t\t<\/div>\n\t\t","protected":false},"excerpt":{"rendered":"<p>Eine erfolgreiche E-Mail-Kampagne h\u00e4ngt stark von der Qualit\u00e4t ihrer E-Mail-Kontaktlisten ab. Die erste Aufgabe f\u00fcr jeden E-Mail-Marketer besteht daher darin, eine Gruppe von berechtigten Adressen zu erstellen und zu verwalten. Emailchef hilft Ihnen mit einer Reihe von Tools dabei, neue Abonnenten zu gewinnen, unbegrenzte E-Mail-Listen zu erstellen, diese nach Belieben zu segmentieren, benutzerdefinierte Felder hinzuzuf\u00fcgen [&hellip;]<\/p>\n","protected":false},"author":1,"featured_media":0,"parent":3335,"menu_order":1,"comment_status":"closed","ping_status":"closed","template":"","meta":{"_acf_changed":false,"inline_featured_image":false,"footnotes":""},"g1_relation_tag":[],"class_list":["post-3337","page","type-page","status-publish","hentry"],"acf":[],"yoast_head":"<!-- This site is optimized with the Yoast SEO plugin v24.8.1 - https:\/\/yoast.com\/wordpress\/plugins\/seo\/ -->\n<title>Einfaches Kontakt-Management - Emailchef<\/title>\n<meta name=\"description\" content=\"Eine erfolgreiche E-Mail-Kampagne h\u00e4ngt strikt von der Qualit\u00e4t seiner E-Mail-Listen ab, so dass die erste Aufgabe f\u00fcr jeden E-Mail.\" \/>\n<meta name=\"robots\" content=\"index, follow, max-snippet:-1, max-image-preview:large, max-video-preview:-1\" \/>\n<link rel=\"canonical\" href=\"https:\/\/emailchef.com\/de\/funktionen\/einfaches-kontakt-management\/\" \/>\n<meta name=\"twitter:label1\" content=\"Gesch\u00e4tzte Lesezeit\" \/>\n\t<meta name=\"twitter:data1\" content=\"3\u00a0Minuten\" \/>\n<!-- \/ Yoast SEO plugin. -->","yoast_head_json":{"title":"Einfaches Kontakt-Management - Emailchef","description":"Eine erfolgreiche E-Mail-Kampagne h\u00e4ngt strikt von der Qualit\u00e4t seiner E-Mail-Listen ab, so dass die erste Aufgabe f\u00fcr jeden E-Mail.","robots":{"index":"index","follow":"follow","max-snippet":"max-snippet:-1","max-image-preview":"max-image-preview:large","max-video-preview":"max-video-preview:-1"},"canonical":"https:\/\/emailchef.com\/de\/funktionen\/einfaches-kontakt-management\/","twitter_misc":{"Gesch\u00e4tzte Lesezeit":"3\u00a0Minuten"},"schema":{"@context":"https:\/\/schema.org","@graph":[{"@type":"WebPage","@id":"https:\/\/emailchef.com\/de\/funktionen\/einfaches-kontakt-management\/","url":"https:\/\/emailchef.com\/de\/funktionen\/einfaches-kontakt-management\/","name":"Einfaches Kontakt-Management - Emailchef","isPartOf":{"@id":"https:\/\/emailchef.com\/de\/#website"},"primaryImageOfPage":{"@id":"https:\/\/emailchef.com\/de\/funktionen\/einfaches-kontakt-management\/#primaryimage"},"image":{"@id":"https:\/\/emailchef.com\/de\/funktionen\/einfaches-kontakt-management\/#primaryimage"},"thumbnailUrl":"https:\/\/emailchef.com\/wp-content\/uploads\/2022\/06\/contacts-managment.png","datePublished":"2014-09-04T09:55:03+00:00","dateModified":"2022-07-05T08:05:50+00:00","description":"Eine erfolgreiche E-Mail-Kampagne h\u00e4ngt strikt von der Qualit\u00e4t seiner E-Mail-Listen ab, so dass die erste Aufgabe f\u00fcr jeden E-Mail.","breadcrumb":{"@id":"https:\/\/emailchef.com\/de\/funktionen\/einfaches-kontakt-management\/#breadcrumb"},"inLanguage":"de","potentialAction":[{"@type":"ReadAction","target":["https:\/\/emailchef.com\/de\/funktionen\/einfaches-kontakt-management\/"]}]},{"@type":"ImageObject","inLanguage":"de","@id":"https:\/\/emailchef.com\/de\/funktionen\/einfaches-kontakt-management\/#primaryimage","url":"https:\/\/emailchef.com\/wp-content\/uploads\/2022\/06\/contacts-managment.png","contentUrl":"https:\/\/emailchef.com\/wp-content\/uploads\/2022\/06\/contacts-managment.png"},{"@type":"BreadcrumbList","@id":"https:\/\/emailchef.com\/de\/funktionen\/einfaches-kontakt-management\/#breadcrumb","itemListElement":[{"@type":"ListItem","position":1,"name":"Home","item":"https:\/\/emailchef.com\/de\/emailchef-e-mail-marketing-service\/"},{"@type":"ListItem","position":2,"name":"Funktionen","item":"https:\/\/emailchef.com\/de\/funktionen\/"},{"@type":"ListItem","position":3,"name":"Einfaches Kontakt-Management"}]},{"@type":"WebSite","@id":"https:\/\/emailchef.com\/de\/#website","url":"https:\/\/emailchef.com\/de\/","name":"Emailchef","description":"K\u00f6stliche Rezepte f\u00fcr E-Mail-Marketing","publisher":{"@id":"https:\/\/emailchef.com\/de\/#organization"},"potentialAction":[{"@type":"SearchAction","target":{"@type":"EntryPoint","urlTemplate":"https:\/\/emailchef.com\/de\/?s={search_term_string}"},"query-input":{"@type":"PropertyValueSpecification","valueRequired":true,"valueName":"search_term_string"}}],"inLanguage":"de"},{"@type":"Organization","@id":"https:\/\/emailchef.com\/de\/#organization","name":"Delivery Tech Corp.","url":"https:\/\/emailchef.com\/de\/","logo":{"@type":"ImageObject","inLanguage":"de","@id":"https:\/\/emailchef.com\/de\/#\/schema\/logo\/image\/","url":"https:\/\/emailchef.com\/wp-content\/uploads\/2022\/04\/logo-sama.png","contentUrl":"https:\/\/emailchef.com\/wp-content\/uploads\/2022\/04\/logo-sama.png","width":237,"height":80,"caption":"Delivery Tech Corp."},"image":{"@id":"https:\/\/emailchef.com\/de\/#\/schema\/logo\/image\/"}}]}},"_links":{"self":[{"href":"https:\/\/emailchef.com\/de\/wp-json\/wp\/v2\/pages\/3337"}],"collection":[{"href":"https:\/\/emailchef.com\/de\/wp-json\/wp\/v2\/pages"}],"about":[{"href":"https:\/\/emailchef.com\/de\/wp-json\/wp\/v2\/types\/page"}],"author":[{"embeddable":true,"href":"https:\/\/emailchef.com\/de\/wp-json\/wp\/v2\/users\/1"}],"replies":[{"embeddable":true,"href":"https:\/\/emailchef.com\/de\/wp-json\/wp\/v2\/comments?post=3337"}],"version-history":[{"count":9,"href":"https:\/\/emailchef.com\/de\/wp-json\/wp\/v2\/pages\/3337\/revisions"}],"predecessor-version":[{"id":57906,"href":"https:\/\/emailchef.com\/de\/wp-json\/wp\/v2\/pages\/3337\/revisions\/57906"}],"up":[{"embeddable":true,"href":"https:\/\/emailchef.com\/de\/wp-json\/wp\/v2\/pages\/3335"}],"wp:attachment":[{"href":"https:\/\/emailchef.com\/de\/wp-json\/wp\/v2\/media?parent=3337"}],"wp:term":[{"taxonomy":"g1_relation_tag","embeddable":true,"href":"https:\/\/emailchef.com\/de\/wp-json\/wp\/v2\/g1_relation_tag?post=3337"}],"curies":[{"name":"wp","href":"https:\/\/api.w.org\/{rel}","templated":true}]}}