{"id":23566,"date":"2020-07-27T07:58:19","date_gmt":"2020-07-27T07:58:19","guid":{"rendered":"https:\/\/emailchef.com\/?page_id=23566"},"modified":"2022-07-05T09:15:41","modified_gmt":"2022-07-05T09:15:41","slug":"emailchef-agentur","status":"publish","type":"page","link":"https:\/\/emailchef.com\/de\/funktionen\/emailchef-agentur\/","title":{"rendered":"Emailchef Agentur"},"content":{"rendered":"\t\t<div data-elementor-type=\"wp-page\" data-elementor-id=\"23566\" class=\"elementor elementor-23566 elementor-22416\" data-elementor-post-type=\"page\">\n\t\t\t\t\t\t<section class=\"elementor-section elementor-top-section elementor-element elementor-element-f4b0123 elementor-section-boxed elementor-section-height-default elementor-section-height-default\" data-id=\"f4b0123\" data-element_type=\"section\">\n\t\t\t\t\t\t<div class=\"elementor-container elementor-column-gap-default\">\n\t\t\t\t\t<div class=\"elementor-column elementor-col-100 elementor-top-column elementor-element elementor-element-46bbf2e\" data-id=\"46bbf2e\" data-element_type=\"column\">\n\t\t\t<div class=\"elementor-widget-wrap elementor-element-populated\">\n\t\t\t\t\t\t<div class=\"elementor-element elementor-element-ad77f92 elementor-widget elementor-widget-image\" data-id=\"ad77f92\" data-element_type=\"widget\" data-widget_type=\"image.default\">\n\t\t\t\t\t\t\t\t\t\t\t\t\t\t\t<img fetchpriority=\"high\" decoding=\"async\" width=\"1215\" height=\"600\" src=\"https:\/\/emailchef.com\/wp-content\/uploads\/2022\/06\/email-agency.png\" class=\"attachment-full size-full wp-image-57350\" alt=\"Emailchef Agentur\" \/>\t\t\t\t\t\t\t\t\t\t\t\t\t\t\t<\/div>\n\t\t\t\t\t<\/div>\n\t\t<\/div>\n\t\t\t\t\t<\/div>\n\t\t<\/section>\n\t\t\t\t<section class=\"elementor-section elementor-top-section elementor-element elementor-element-612fbfd4 elementor-section-boxed elementor-section-height-default elementor-section-height-default\" data-id=\"612fbfd4\" data-element_type=\"section\">\n\t\t\t\t\t\t<div class=\"elementor-container elementor-column-gap-default\">\n\t\t\t\t\t<div class=\"elementor-column elementor-col-100 elementor-top-column elementor-element elementor-element-3354ca6b\" data-id=\"3354ca6b\" data-element_type=\"column\">\n\t\t\t<div class=\"elementor-widget-wrap elementor-element-populated\">\n\t\t\t\t\t\t<div class=\"elementor-element elementor-element-4aefa4d2 elementor-widget elementor-widget-text-editor\" data-id=\"4aefa4d2\" data-element_type=\"widget\" data-widget_type=\"text-editor.default\">\n\t\t\t\t\t\t\t\t\t<p>F\u00fcr die Verwaltung mehrer E-Mail Marketing Kampagnen unterschiedlichster Kunden ist der Agentur-Zugang die ideale L\u00f6sung f\u00fcr Agenturen.<\/p>\n<div class=\"g1-space\" style=\"height: 25px;\"><\/div>\n\n<h3>Ein Zugang f\u00fcr alles<\/h3>\n<p>F\u00fcr Agenturen und Online Marketing Unternehmen entwickelt, lassen sich ganz einfach neue Kampagnen aufsetzen oder bearbeiten. Statistiken einsehen oder Einstellungen ver\u00e4ndern.<\/p>\n\n<p>Teilen Sie unter den Kunden Tarife auf oder weisen Sie Credits den einzelnen Kunden zu.<\/p>\n\n<p>Hierf\u00fcr m\u00fcssen Sie sich nicht immer wieder in die Konten der Kunden einzeln einloggen, denn alle diese Funktionen finden Sie \u00fcbersichtlich mittels weniger Klicks in Ihrem Agentur-Dashboard.<\/p>\n<div class=\"g1-space\" style=\"height: 25px;\"><\/div>\n\n<h3>Ihre personalisierte E-Mail Marketing Plattform<\/h3>\n<p>Emailchef Agentur ist die ideale L\u00f6sung f\u00fcr <b>Web-Agenturen<\/b> und <b>Online Marketing Unternehmen<\/b>.<\/p>\n\n<p>Mit unserer <b>\u201cWhite-Label\u201d-L\u00f6sung<\/b> haben Sie die M\u00f6glichkeit die Software umfangreich auf Ihr Erscheinungsbild zu individualisieren.<\/p>\n\n<p>Mit Ihrer eigenen Domain, Ihrem Logo und individualisierbaren Farben passen Sie das Erscheinungsbild der Software ganz Ihren W\u00fcnschen an. Passen Sie die Gestaltung Ihrem Markenerscheinungsbild an. Mit Emailchef \u201cAgentur\u201d erstellen Sie somit Ihre eigene E-Mail Marketing Plattform.<\/p>\n<div class=\"g1-space\" style=\"height: 25px;\"><\/div>\n\n<h3>Unterschiedliche Aufgabenbereiche, Unterschiedliche Profile<\/h3>\n<p>F\u00fcgen Sie die <a href=\"https:\/\/emailchef.com\/de\/wissensdatenbank\/verwalten-sie-verschiedene-benutzerrollen-in-ihrem-account\/\">Benutzerverwaltung dem Agentur-Zugang hinzu<\/a>, sind Sie in der Lage 5 unterschiedliche Benutzerrollen festzulegen. Jede Benutzerrolle hat seine eigenen Berechtigungen, so k\u00f6nnen Sie ganz einfach die Rechte jedes Benutzers definieren.<\/p>\n\n<div class=\"g1-space\" style=\"height: 20px;\"><\/div>\n\n\n<ul id=\"\" class=\"g1-list g1-list--icon g1-list--simple \">\n \t<li><i class=\"fa fa-arrow-right g1-list__icon\"><\/i>Eigent\u00fcmer<\/li>\n \t<li><i class=\"fa fa-arrow-right g1-list__icon\"><\/i>Administrator<\/li>\n \t<li><i class=\"fa fa-arrow-right g1-list__icon\"><\/i>Manager<\/li>\n \t<li><i class=\"fa fa-arrow-right g1-list__icon\"><\/i>Autor<\/li>\n \t<li><i class=\"fa fa-arrow-right g1-list__icon\"><\/i>Betrachter<\/li>\n<\/ul>\n\n\n<div class=\"g1-space\" style=\"height: 20px;\"><\/div>\n\n<p>Emailchef Agentur is ein hilfreiches Tool f\u00fcr Agenturen um Workflows bzgl. der Verwaltung unterschiedlicher Kunden deutlich zu vereinfachen.<\/p>\t\t\t\t\t\t\t\t<\/div>\n\t\t\t\t\t<\/div>\n\t\t<\/div>\n\t\t\t\t\t<\/div>\n\t\t<\/section>\n\t\t\t\t<\/div>\n\t\t","protected":false},"excerpt":{"rendered":"<p>F\u00fcr die Verwaltung mehrer E-Mail Marketing Kampagnen unterschiedlichster Kunden ist der Agentur-Zugang die ideale L\u00f6sung f\u00fcr Agenturen. Ein Zugang f\u00fcr alles F\u00fcr Agenturen und Online Marketing Unternehmen entwickelt, lassen sich ganz einfach neue Kampagnen aufsetzen oder bearbeiten. Statistiken einsehen oder Einstellungen ver\u00e4ndern. Teilen Sie unter den Kunden Tarife auf oder weisen Sie Credits den einzelnen [&hellip;]<\/p>\n","protected":false},"author":5,"featured_media":0,"parent":3335,"menu_order":0,"comment_status":"closed","ping_status":"closed","template":"","meta":{"_acf_changed":false,"inline_featured_image":false,"footnotes":""},"g1_relation_tag":[],"class_list":["post-23566","page","type-page","status-publish","hentry"],"acf":[],"yoast_head":"<!-- This site is optimized with the Yoast SEO plugin v24.8.1 - https:\/\/yoast.com\/wordpress\/plugins\/seo\/ -->\n<title>Emailchef Agentur - Emailchef<\/title>\n<meta name=\"robots\" content=\"index, follow, max-snippet:-1, max-image-preview:large, max-video-preview:-1\" \/>\n<link rel=\"canonical\" href=\"https:\/\/emailchef.com\/de\/funktionen\/emailchef-agentur\/\" \/>\n<meta name=\"twitter:label1\" content=\"Gesch\u00e4tzte Lesezeit\" \/>\n\t<meta name=\"twitter:data1\" content=\"2\u00a0Minuten\" \/>\n<!-- \/ Yoast SEO plugin. -->","yoast_head_json":{"title":"Emailchef Agentur - Emailchef","robots":{"index":"index","follow":"follow","max-snippet":"max-snippet:-1","max-image-preview":"max-image-preview:large","max-video-preview":"max-video-preview:-1"},"canonical":"https:\/\/emailchef.com\/de\/funktionen\/emailchef-agentur\/","twitter_misc":{"Gesch\u00e4tzte Lesezeit":"2\u00a0Minuten"},"schema":{"@context":"https:\/\/schema.org","@graph":[{"@type":"WebPage","@id":"https:\/\/emailchef.com\/de\/funktionen\/emailchef-agentur\/","url":"https:\/\/emailchef.com\/de\/funktionen\/emailchef-agentur\/","name":"Emailchef Agentur - Emailchef","isPartOf":{"@id":"https:\/\/emailchef.com\/de\/#website"},"primaryImageOfPage":{"@id":"https:\/\/emailchef.com\/de\/funktionen\/emailchef-agentur\/#primaryimage"},"image":{"@id":"https:\/\/emailchef.com\/de\/funktionen\/emailchef-agentur\/#primaryimage"},"thumbnailUrl":"https:\/\/emailchef.com\/wp-content\/uploads\/2022\/06\/email-agency.png","datePublished":"2020-07-27T07:58:19+00:00","dateModified":"2022-07-05T09:15:41+00:00","breadcrumb":{"@id":"https:\/\/emailchef.com\/de\/funktionen\/emailchef-agentur\/#breadcrumb"},"inLanguage":"de","potentialAction":[{"@type":"ReadAction","target":["https:\/\/emailchef.com\/de\/funktionen\/emailchef-agentur\/"]}]},{"@type":"ImageObject","inLanguage":"de","@id":"https:\/\/emailchef.com\/de\/funktionen\/emailchef-agentur\/#primaryimage","url":"https:\/\/emailchef.com\/wp-content\/uploads\/2022\/06\/email-agency.png","contentUrl":"https:\/\/emailchef.com\/wp-content\/uploads\/2022\/06\/email-agency.png"},{"@type":"BreadcrumbList","@id":"https:\/\/emailchef.com\/de\/funktionen\/emailchef-agentur\/#breadcrumb","itemListElement":[{"@type":"ListItem","position":1,"name":"Home","item":"https:\/\/emailchef.com\/de\/emailchef-e-mail-marketing-service\/"},{"@type":"ListItem","position":2,"name":"Funktionen","item":"https:\/\/emailchef.com\/de\/funktionen\/"},{"@type":"ListItem","position":3,"name":"Emailchef Agentur"}]},{"@type":"WebSite","@id":"https:\/\/emailchef.com\/de\/#website","url":"https:\/\/emailchef.com\/de\/","name":"Emailchef","description":"K\u00f6stliche Rezepte f\u00fcr E-Mail-Marketing","publisher":{"@id":"https:\/\/emailchef.com\/de\/#organization"},"potentialAction":[{"@type":"SearchAction","target":{"@type":"EntryPoint","urlTemplate":"https:\/\/emailchef.com\/de\/?s={search_term_string}"},"query-input":{"@type":"PropertyValueSpecification","valueRequired":true,"valueName":"search_term_string"}}],"inLanguage":"de"},{"@type":"Organization","@id":"https:\/\/emailchef.com\/de\/#organization","name":"Delivery Tech Corp.","url":"https:\/\/emailchef.com\/de\/","logo":{"@type":"ImageObject","inLanguage":"de","@id":"https:\/\/emailchef.com\/de\/#\/schema\/logo\/image\/","url":"https:\/\/emailchef.com\/wp-content\/uploads\/2022\/04\/logo-sama.png","contentUrl":"https:\/\/emailchef.com\/wp-content\/uploads\/2022\/04\/logo-sama.png","width":237,"height":80,"caption":"Delivery Tech Corp."},"image":{"@id":"https:\/\/emailchef.com\/de\/#\/schema\/logo\/image\/"}}]}},"_links":{"self":[{"href":"https:\/\/emailchef.com\/de\/wp-json\/wp\/v2\/pages\/23566"}],"collection":[{"href":"https:\/\/emailchef.com\/de\/wp-json\/wp\/v2\/pages"}],"about":[{"href":"https:\/\/emailchef.com\/de\/wp-json\/wp\/v2\/types\/page"}],"author":[{"embeddable":true,"href":"https:\/\/emailchef.com\/de\/wp-json\/wp\/v2\/users\/5"}],"replies":[{"embeddable":true,"href":"https:\/\/emailchef.com\/de\/wp-json\/wp\/v2\/comments?post=23566"}],"version-history":[{"count":5,"href":"https:\/\/emailchef.com\/de\/wp-json\/wp\/v2\/pages\/23566\/revisions"}],"predecessor-version":[{"id":57976,"href":"https:\/\/emailchef.com\/de\/wp-json\/wp\/v2\/pages\/23566\/revisions\/57976"}],"up":[{"embeddable":true,"href":"https:\/\/emailchef.com\/de\/wp-json\/wp\/v2\/pages\/3335"}],"wp:attachment":[{"href":"https:\/\/emailchef.com\/de\/wp-json\/wp\/v2\/media?parent=23566"}],"wp:term":[{"taxonomy":"g1_relation_tag","embeddable":true,"href":"https:\/\/emailchef.com\/de\/wp-json\/wp\/v2\/g1_relation_tag?post=23566"}],"curies":[{"name":"wp","href":"https:\/\/api.w.org\/{rel}","templated":true}]}}