{"id":21944,"date":"2020-07-20T13:42:41","date_gmt":"2020-07-20T13:42:41","guid":{"rendered":"https:\/\/emailchef.com\/?page_id=21944"},"modified":"2020-08-19T12:24:50","modified_gmt":"2020-08-19T12:24:50","slug":"ueber-kontaktbewertungen-und-listenaktivitaet","status":"publish","type":"page","link":"https:\/\/emailchef.com\/de\/wissensdatenbank\/ueber-kontaktbewertungen-und-listenaktivitaet\/","title":{"rendered":"\u00dcber Kontaktbewertungen und Listenaktivit\u00e4t"},"content":{"rendered":"<p><img fetchpriority=\"high\" decoding=\"async\" class=\"alignnone size-full wp-image-22374\" src=\"https:\/\/emailchef.com\/wp-content\/uploads\/2020\/07\/Rating-short.png\" alt=\"\" width=\"604\" height=\"180\" srcset=\"https:\/\/emailchef.com\/wp-content\/uploads\/2020\/07\/Rating-short.png 604w, https:\/\/emailchef.com\/wp-content\/uploads\/2020\/07\/Rating-short-300x89.png 300w, https:\/\/emailchef.com\/wp-content\/uploads\/2020\/07\/Rating-short-320x95.png 320w, https:\/\/emailchef.com\/wp-content\/uploads\/2020\/07\/Rating-short-239x71.png 239w\" sizes=\"(max-width: 604px) 100vw, 604px\" \/><\/p>\n<p>Zu verstehen, wie Ihre Abonnenten mit Ihren E-Mails und Newslettern interagieren ist essentiell im E-Mail Marketing.<br \/>\nEmailchef bewertet jeden Ihrer E-Mail Kontakte auf einer Skala von null bis f\u00fcnf. Sie k\u00f6nnen diese Bewertung nutzen, um gezielt Kampagnen an Ihre aktivsten Kontakte zu versenden. Oder Sie k\u00f6nnen Wiedergewinnungskampagnen f\u00fcr Abonnenten, die Ihre Nachrichten eine ganze Weile nicht mehr ge\u00f6ffnet oder angeklickt haben, gestalten.<br \/>\nDie Kontaktbewertung wird neben jeder Kontaktadresse angezeigt. Die Listenaktivit\u00e4t zeigt Ihnen den Status der Aktivit\u00e4t f\u00fcr alle Kontakte in einer Liste.<\/p>\n<h3>Wie funktionieren die Kontaktbewertungen?<\/h3>\n<p>Kontaktbewertungen werden auf Basis der k\u00fcrzlichen Aktivit\u00e4t ein jeden Kontakts im Verh\u00e4ltnis zu Ihrer Versandfrequenz berechnet. Es werden sowohl \u201epositive\u201c Aktionen wie die \u00d6ffnungs- und Klickraten, als auch \u201enegative\u201c Aktionen wie etwa Abmeldungen, Spam-Meldungen, Bounces und Kontakte, welche gar nicht auf Ihre Mailings reagieren, bewertet.<br \/>\nUm die Bewertung eines Abonnenten sofort im Vergleich zu anderen zu erkennen, geben wir die Berechnung in Form einer Sterne-Bewertung wieder.<br \/>\nSo bekommen beispielsweise Empf\u00e4nger, die sich von Ihrer Kampagne abmelden, eine Null-Sterne-Bewertung. Empf\u00e4nger, die dagegen regelm\u00e4\u00dfig Ihre Kampagnen lesen und die Links darin anklicken, sind f\u00fcnf Sterne wert.<br \/>\nDie Kontaktbewertungen werden jedes Mal neu berechnet, sobald Sie eine neue Kampagne versenden oder ein Empf\u00e4nger eine Aktion in einer gesendeten Nachricht t\u00e4tigt.<br \/>\nDie Abonnentenbewertung ist ein \u00fcbergeordneter Wert, der die Aktivit\u00e4t aller Abonnenten in Ihrem Account anzeigt.<br \/>\nHier ist eine \u00dcbersicht der Sterne-Bewertungen:<\/p>\n<div id=\"\" class=\"g1-table g1-table--solid \">\n<table>\n<thead>\n<tr>\n<th>Bewertung<\/th>\n<th>Kontaktaktivit\u00e4t<\/th>\n<\/tr>\n<\/thead>\n<tbody>\n<tr>\n<td><img decoding=\"async\" class=\"size-full noBorders wp-image-21660 aligncenter\" src=\"https:\/\/emailchef.com\/wp-content\/uploads\/2020\/07\/star-0.png\" alt=\"\" width=\"90\" height=\"30\" border=\"0\" \/><\/td>\n<td>Dieser Empf\u00e4nger hat sich wom\u00f6glich abgemeldet, Ihre Mailings als Spam markiert oder die Mailadresse ist ung\u00fcltig.<\/td>\n<\/tr>\n<tr>\n<td><img decoding=\"async\" class=\"size-full noBorders wp-image-21676 aligncenter\" src=\"https:\/\/emailchef.com\/wp-content\/uploads\/2020\/07\/star-1.png\" alt=\"\" width=\"90\" height=\"30\" \/><\/td>\n<td>Dieser Empf\u00e4nger hat sich erneut f\u00fcr Ihren Newsletter angemeldet oder es gab bei der Adresse bereits mindestens einen Soft-Bounce.<\/td>\n<\/tr>\n<tr>\n<td><img loading=\"lazy\" decoding=\"async\" class=\"size-full noBorders wp-image-21692 aligncenter\" src=\"https:\/\/emailchef.com\/wp-content\/uploads\/2020\/07\/star-2.png\" alt=\"\" width=\"90\" height=\"30\" \/><\/td>\n<td>Keine Aktivit\u00e4t. Dieser vorher aktive Kontakt wurde inaktiv.<\/td>\n<\/tr>\n<tr>\n<td><img loading=\"lazy\" decoding=\"async\" class=\"size-full noBorders wp-image-21708 aligncenter\" src=\"https:\/\/emailchef.com\/wp-content\/uploads\/2020\/07\/star-3.png\" alt=\"\" width=\"90\" height=\"30\" \/><\/td>\n<td>Wenig Aktivit\u00e4t. Dieser Empf\u00e4nger ist wahrscheinlich ein neuer Kontakt oder ist noch nicht lange genug in der Liste, um eine h\u00f6here Bewertung zu erhalten.<\/td>\n<\/tr>\n<tr>\n<td><img loading=\"lazy\" decoding=\"async\" class=\"size-full noBorders wp-image-21724 aligncenter\" src=\"https:\/\/emailchef.com\/wp-content\/uploads\/2020\/07\/star-4.png\" alt=\"\" width=\"90\" height=\"30\" \/><\/td>\n<td>Mittlere Aktivit\u00e4t. Dieser Empf\u00e4nger \u00f6ffnet oder klickt Ihre Kampagnen oft.<\/td>\n<\/tr>\n<tr>\n<td><img loading=\"lazy\" decoding=\"async\" class=\"size-full noBorders wp-image-21740 aligncenter\" src=\"https:\/\/emailchef.com\/wp-content\/uploads\/2020\/07\/star-5.png\" alt=\"\" width=\"90\" height=\"30\" \/><\/td>\n<td>Hohe Aktivit\u00e4t. Dieser Empf\u00e4nger \u00f6ffnet oder klickt Ihre Kampagnen regelm\u00e4\u00dfig<\/td>\n<\/tr>\n<\/tbody>\n<\/table>\n<\/div>\n<ul>\n<li><strong>Wer ist ein neuer Kontakt?<\/strong><br \/>\nEin neuer Kontakt ist ein k\u00fcrzlich angemeldeter oder neu hinzugef\u00fcgter Kontakt auf Ihrer Liste. Ein neuer Kontakt hat bisher noch nicht ausreichend Daten vorliegen, um eine verl\u00e4ssliche Bewertung zu erzeugen. Alle neuen Abonnenten starten mit drei Sternen, was Sie als neutralen Wert oder Wert mit wenig Aktivit\u00e4t ansehen k\u00f6nnen.<br \/>\nDie Interaktion in zuk\u00fcnftigen E-Mails wird deren Bewertung bestimmen. Das \u00d6ffnen oder Klicken einer URL in der E-Mail wird ihnen einen besseren Wert geben (wie etwa 4 aus 5 Sternen). Wenn eine Beschwerde gegen Sie abgegeben wird, die Adresse bounced oder der Kontakt nicht auf die E-Mails reagiert, ist dies eine schlechte Aktivit\u00e4t und der Wert sinkt.<\/li>\n<li><strong>Der Effekt der Bounces auf die Kontaktbewertung<\/strong><br \/>\nAdressen, die bouncen bekommen normalerweise eine geringe Kontaktbewertung. Allerdings sind Bounces nicht immer zu 100% genau. Die Aussagekraft oder Reputation einer E-Mail Adresse kann sich schnell \u00e4ndern und tempor\u00e4re Serverprobleme k\u00f6nnen die Zustellung beeinflussen. Zum Beispiel kann auch ein vorher hoch bewerteter Kontakt einen Soft- oder sogar Hard-Bounce erleiden. Wenn das passiert, wird deren Bewertung auf einen geringeren Wert, manchmal sogar auf null Sterne, herabgestuft. Dennoch bleibt der Kontakt in Ihrer Liste und in Ihrem Account erhalten. Im Allgemeinen werden Kontakte mit einer Null-Sterne-Bewertung von weiteren Mailings ausgeschlossen.<\/li>\n<li><strong>Inaktive Kontakte<\/strong><br \/>\nInaktive Kontakte sind Empf\u00e4nger, die seit Kurzen oder noch nie mit Ihren Mails interagiert haben. Diese Kontakte erhalten eine Zwei-Sterne-Bewertung.<\/li>\n<li><strong>Kontakte mit positiven Aktivit\u00e4ten<\/strong><br \/>\nKontakte mit positiven Aktivit\u00e4ten sind diejenigen, die regelm\u00e4\u00dfig mit Ihren Mailings interagieren. Diese Kontakte verdienen eine Vier-Sterne Bewertung und k\u00f6nnen sogar den h\u00f6chsten Wert von f\u00fcnf Sternen erreichen.<\/li>\n<\/ul>\n<h3>Listenaktivit\u00e4t und Funktion<\/h3>\n<p><img loading=\"lazy\" decoding=\"async\" class=\"alignnone wp-image-22524 size-full\" src=\"https:\/\/emailchef.com\/wp-content\/uploads\/2020\/08\/stern-1.png\" alt=\"\" width=\"363\" height=\"252\" srcset=\"https:\/\/emailchef.com\/wp-content\/uploads\/2020\/08\/stern-1.png 363w, https:\/\/emailchef.com\/wp-content\/uploads\/2020\/08\/stern-1-300x208.png 300w, https:\/\/emailchef.com\/wp-content\/uploads\/2020\/08\/stern-1-320x222.png 320w, https:\/\/emailchef.com\/wp-content\/uploads\/2020\/08\/stern-1-239x166.png 239w\" sizes=\"(max-width: 363px) 100vw, 363px\" \/><\/p>\n<p>Die Listenaktivit\u00e4t verwendet Prozentangaben, um die Anzahl der jeweiligen Bewertungen von null bis f\u00fcnf anzuzeigen. Die Zahlen k\u00f6nnen sich mit der Auf- oder Abwertung eines einzigen Kontaktes \u00e4ndern.<br \/>\nJe positiver Ihre Kontakte mit den Mailings interagieren, desto besser wird die Listenaktivit\u00e4t sein. Und, nat\u00fcrlich, je negativer Ihre Kontakte interagieren, wenn sie sich abmelden oder die Mails als Spam markieren, desto schlechter wird die Listenaktivit\u00e4t.<br \/>\nDie Tabelle der globalen Listenaktivit\u00e4ten gibt den Status all Ihrer Listen wieder.<br \/>\nUm die Ansicht zwischen globaler und einzelner Listenaktivit\u00e4t zu \u00e4ndern, klicken Sie diesen Button:<\/p>\n<p><img loading=\"lazy\" decoding=\"async\" class=\"size-full noBorders aligncenter\" src=\"https:\/\/emailchef.com\/wp-content\/uploads\/2020\/07\/global_list.png\" alt=\"\" width=\"67\" height=\"36\" \/><\/p>\n<h3>Was Sie mit den Kontaktbewertungen tun k\u00f6nnen<\/h3>\n<p>Kontaktbewertungen funktionieren wie alle anderen Abonnenten-Daten in Ihrer Liste. Sie k\u00f6nnen diese einfach ansehen und daf\u00fcr nutzen, um Segmente nach geringer, mittlerer oder hoher Aktivit\u00e4t zu bilden. Abh\u00e4ngig davon, wen Sie erreichen m\u00f6chten.<\/p>\n<p><img loading=\"lazy\" decoding=\"async\" class=\"alignnone wp-image-22132 size-full\" src=\"https:\/\/emailchef.com\/wp-content\/uploads\/2020\/07\/rating_segment_de.png\" alt=\"\" width=\"885\" height=\"146\" srcset=\"https:\/\/emailchef.com\/wp-content\/uploads\/2020\/07\/rating_segment_de.png 885w, https:\/\/emailchef.com\/wp-content\/uploads\/2020\/07\/rating_segment_de-300x49.png 300w, https:\/\/emailchef.com\/wp-content\/uploads\/2020\/07\/rating_segment_de-768x127.png 768w, https:\/\/emailchef.com\/wp-content\/uploads\/2020\/07\/rating_segment_de-636x105.png 636w, https:\/\/emailchef.com\/wp-content\/uploads\/2020\/07\/rating_segment_de-320x53.png 320w, https:\/\/emailchef.com\/wp-content\/uploads\/2020\/07\/rating_segment_de-239x39.png 239w\" sizes=\"(max-width: 885px) 100vw, 885px\" \/><\/p>\n<p>Benutzen Sie die Kontaktbewertung als Bedingung, um ein Segment f\u00fcr Ihre aktivsten oder inaktivsten Abonnenten einzurichten.<\/p>\n<div id=\"\" class=\"g1-table g1-table--solid \">\n<table>\n<thead>\n<tr>\n<th>Bedingung Name<\/th>\n<th>Operators Available<\/th>\n<th>Choosing the Value<\/th>\n<\/tr>\n<\/thead>\n<tbody>\n<tr>\n<td>Kontaktbewertung<\/td>\n<td>\n<ul>\n<li>Ist gleich<\/li>\n<li>Ist ungleich<\/li>\n<li>Ist gleich oder gr\u00f6\u00dfer als<\/li>\n<li>Ist gleich oder kleiner als<\/li>\n<\/ul>\n<\/td>\n<td>\n<ul>\n<li>Bewegen Sie die Maus und klicken auf die gew\u00fcnschte Bewertung.<\/li>\n<li>Sie k\u00f6nnen zwischen 1, 2, 3, 4 oder 5 Sternen w\u00e4hlen.<\/li>\n<li>Hinweis: Der Wert der Sterne ist immer ganzheitlich.<\/li>\n<\/ul>\n<\/td>\n<\/tr>\n<\/tbody>\n<\/table>\n<\/div>\n","protected":false},"excerpt":{"rendered":"<p>Zu verstehen, wie Ihre Abonnenten mit Ihren E-Mails und Newslettern interagieren ist essentiell im E-Mail Marketing. Emailchef bewertet jeden Ihrer E-Mail Kontakte auf einer Skala von null bis f\u00fcnf. Sie k\u00f6nnen diese Bewertung nutzen, um gezielt Kampagnen an Ihre aktivsten Kontakte zu versenden. Oder Sie k\u00f6nnen Wiedergewinnungskampagnen f\u00fcr Abonnenten, die Ihre Nachrichten eine ganze Weile [&hellip;]<\/p>\n","protected":false},"author":5,"featured_media":0,"parent":3479,"menu_order":0,"comment_status":"closed","ping_status":"closed","template":"","meta":{"_acf_changed":false,"inline_featured_image":false,"footnotes":""},"g1_relation_tag":[],"class_list":["post-21944","page","type-page","status-publish","hentry"],"acf":[],"yoast_head":"<!-- This site is optimized with the Yoast SEO plugin v24.8.1 - https:\/\/yoast.com\/wordpress\/plugins\/seo\/ -->\n<title>\u00dcber Kontaktbewertungen und Listenaktivit\u00e4t - Emailchef<\/title>\n<meta name=\"robots\" content=\"index, follow, max-snippet:-1, max-image-preview:large, max-video-preview:-1\" \/>\n<link rel=\"canonical\" href=\"https:\/\/emailchef.com\/de\/wissensdatenbank\/ueber-kontaktbewertungen-und-listenaktivitaet\/\" \/>\n<meta name=\"twitter:label1\" content=\"Gesch\u00e4tzte Lesezeit\" \/>\n\t<meta name=\"twitter:data1\" content=\"4\u00a0Minuten\" \/>\n<!-- \/ Yoast SEO plugin. -->","yoast_head_json":{"title":"\u00dcber Kontaktbewertungen und Listenaktivit\u00e4t - Emailchef","robots":{"index":"index","follow":"follow","max-snippet":"max-snippet:-1","max-image-preview":"max-image-preview:large","max-video-preview":"max-video-preview:-1"},"canonical":"https:\/\/emailchef.com\/de\/wissensdatenbank\/ueber-kontaktbewertungen-und-listenaktivitaet\/","twitter_misc":{"Gesch\u00e4tzte Lesezeit":"4\u00a0Minuten"},"schema":{"@context":"https:\/\/schema.org","@graph":[{"@type":"WebPage","@id":"https:\/\/emailchef.com\/de\/wissensdatenbank\/ueber-kontaktbewertungen-und-listenaktivitaet\/","url":"https:\/\/emailchef.com\/de\/wissensdatenbank\/ueber-kontaktbewertungen-und-listenaktivitaet\/","name":"\u00dcber Kontaktbewertungen und Listenaktivit\u00e4t - Emailchef","isPartOf":{"@id":"https:\/\/emailchef.com\/de\/#website"},"primaryImageOfPage":{"@id":"https:\/\/emailchef.com\/de\/wissensdatenbank\/ueber-kontaktbewertungen-und-listenaktivitaet\/#primaryimage"},"image":{"@id":"https:\/\/emailchef.com\/de\/wissensdatenbank\/ueber-kontaktbewertungen-und-listenaktivitaet\/#primaryimage"},"thumbnailUrl":"https:\/\/emailchef.com\/wp-content\/uploads\/2020\/07\/Rating-short.png","datePublished":"2020-07-20T13:42:41+00:00","dateModified":"2020-08-19T12:24:50+00:00","breadcrumb":{"@id":"https:\/\/emailchef.com\/de\/wissensdatenbank\/ueber-kontaktbewertungen-und-listenaktivitaet\/#breadcrumb"},"inLanguage":"de","potentialAction":[{"@type":"ReadAction","target":["https:\/\/emailchef.com\/de\/wissensdatenbank\/ueber-kontaktbewertungen-und-listenaktivitaet\/"]}]},{"@type":"ImageObject","inLanguage":"de","@id":"https:\/\/emailchef.com\/de\/wissensdatenbank\/ueber-kontaktbewertungen-und-listenaktivitaet\/#primaryimage","url":"https:\/\/emailchef.com\/wp-content\/uploads\/2020\/07\/Rating-short.png","contentUrl":"https:\/\/emailchef.com\/wp-content\/uploads\/2020\/07\/Rating-short.png"},{"@type":"BreadcrumbList","@id":"https:\/\/emailchef.com\/de\/wissensdatenbank\/ueber-kontaktbewertungen-und-listenaktivitaet\/#breadcrumb","itemListElement":[{"@type":"ListItem","position":1,"name":"Home","item":"https:\/\/emailchef.com\/de\/emailchef-e-mail-marketing-service\/"},{"@type":"ListItem","position":2,"name":"Wissensdatenbank","item":"https:\/\/emailchef.com\/de\/wissensdatenbank\/"},{"@type":"ListItem","position":3,"name":"\u00dcber Kontaktbewertungen und Listenaktivit\u00e4t"}]},{"@type":"WebSite","@id":"https:\/\/emailchef.com\/de\/#website","url":"https:\/\/emailchef.com\/de\/","name":"Emailchef","description":"K\u00f6stliche Rezepte f\u00fcr E-Mail-Marketing","publisher":{"@id":"https:\/\/emailchef.com\/de\/#organization"},"potentialAction":[{"@type":"SearchAction","target":{"@type":"EntryPoint","urlTemplate":"https:\/\/emailchef.com\/de\/?s={search_term_string}"},"query-input":{"@type":"PropertyValueSpecification","valueRequired":true,"valueName":"search_term_string"}}],"inLanguage":"de"},{"@type":"Organization","@id":"https:\/\/emailchef.com\/de\/#organization","name":"Delivery Tech Corp.","url":"https:\/\/emailchef.com\/de\/","logo":{"@type":"ImageObject","inLanguage":"de","@id":"https:\/\/emailchef.com\/de\/#\/schema\/logo\/image\/","url":"https:\/\/emailchef.com\/wp-content\/uploads\/2022\/04\/logo-sama.png","contentUrl":"https:\/\/emailchef.com\/wp-content\/uploads\/2022\/04\/logo-sama.png","width":237,"height":80,"caption":"Delivery Tech Corp."},"image":{"@id":"https:\/\/emailchef.com\/de\/#\/schema\/logo\/image\/"}}]}},"_links":{"self":[{"href":"https:\/\/emailchef.com\/de\/wp-json\/wp\/v2\/pages\/21944"}],"collection":[{"href":"https:\/\/emailchef.com\/de\/wp-json\/wp\/v2\/pages"}],"about":[{"href":"https:\/\/emailchef.com\/de\/wp-json\/wp\/v2\/types\/page"}],"author":[{"embeddable":true,"href":"https:\/\/emailchef.com\/de\/wp-json\/wp\/v2\/users\/5"}],"replies":[{"embeddable":true,"href":"https:\/\/emailchef.com\/de\/wp-json\/wp\/v2\/comments?post=21944"}],"version-history":[{"count":5,"href":"https:\/\/emailchef.com\/de\/wp-json\/wp\/v2\/pages\/21944\/revisions"}],"predecessor-version":[{"id":22542,"href":"https:\/\/emailchef.com\/de\/wp-json\/wp\/v2\/pages\/21944\/revisions\/22542"}],"up":[{"embeddable":true,"href":"https:\/\/emailchef.com\/de\/wp-json\/wp\/v2\/pages\/3479"}],"wp:attachment":[{"href":"https:\/\/emailchef.com\/de\/wp-json\/wp\/v2\/media?parent=21944"}],"wp:term":[{"taxonomy":"g1_relation_tag","embeddable":true,"href":"https:\/\/emailchef.com\/de\/wp-json\/wp\/v2\/g1_relation_tag?post=21944"}],"curies":[{"name":"wp","href":"https:\/\/api.w.org\/{rel}","templated":true}]}}