{"id":10799,"date":"2019-07-16T08:33:32","date_gmt":"2019-07-16T08:33:32","guid":{"rendered":"https:\/\/emailchef.com\/?page_id=10799"},"modified":"2019-07-16T12:23:12","modified_gmt":"2019-07-16T12:23:12","slug":"nachrichten-updates","status":"publish","type":"page","link":"https:\/\/emailchef.com\/de\/nachrichten-updates\/","title":{"rendered":"Nachrichten &#038; Updates"},"content":{"rendered":"<div id=\"g1-box-counter-1\" class=\"g1-box g1-box--simple  g1-box--noicon\"><div class=\"g1-box__inner\">\n\t<ul class=\"g1-grid\"><li class=\"g1-column g1-two-fifth g1-valign-middle\"><img decoding=\"async\" src=\"https:\/\/emailchef.com\/wp-content\/uploads\/2026\/02\/pagino-email-ai.png\" style=\"margin-bottom: 16px;\"><\/li>\n\t<li class=\"g1-column g1-three-fifth g1-valign-top\">\n\t<h3 style=\"margin-bottom: 12px;\">Entdecke Pagino und beginne, komplette E-Mails mit k\u00fcnstlicher Intelligenz zu erstellen!<\/h3>\n\t<!--p style=\"margin-top: 2px; margin-bottom: 6px; color: #999; font-size: 10px;\">Februar 11, 2026<\/p-->\n\t<p>Pagino ist das neueste KI-Tool der Entwickler von Emailchef und TurboSMTP, mit dem du deine E-Mails aus nur wenigen einfachen Textanweisungen erstellen kannst. Beschreibe einfach in klaren Worten, was du mitteilen m\u00f6chtest, und Pagino verwandelt deine Idee in fertigen Text, Layout und Design, das du nach deinem Brand und Stil anpassen kannst.\r\n\r\nDie generierten E-Mails k\u00f6nnen direkt in Emailchef importiert und mit wenigen Klicks an deine Kontakte gesendet werden \u2013 der Erstellungs- und Versandprozess war noch nie so einfach und schnell.\r\n\r\n<a href=\"https:\/\/pagino.ai\/\" target=\"_blank\" rel=\"noopener\">Probier es jetzt aus und entdecke, wie leicht es ist, eine Idee in eine E-Mail zu verwandeln!<\/a>\r\n<\/p><\/li><\/ul>\n\t<\/div><\/div><div id=\"g1-box-counter-2\" class=\"g1-box g1-box--simple  g1-box--noicon\"><div class=\"g1-box__inner\">\n\t<ul class=\"g1-grid\"><li class=\"g1-column g1-two-fifth g1-valign-middle\"><img decoding=\"async\" src=\"https:\/\/emailchef.com\/wp-content\/uploads\/2025\/09\/zapier-news.png\" style=\"margin-bottom: 16px;\"><\/li>\n\t<li class=\"g1-column g1-three-fifth g1-valign-top\">\n\t<h3 style=\"margin-bottom: 12px;\">Emailchef and Zapier: the integration for unlimited automations has arrived<\/h3>\n\t<!--p style=\"margin-top: 2px; margin-bottom: 6px; color: #999; font-size: 10px;\">Oktober 1, 2025<\/p-->\n\t<p>Starting today, Emailchef integrates with Zapier, allowing you to connect your email campaigns to thousands of apps and services with just one click. Thanks to this integration, you can automatically manage all marketing and contact management activities: update contacts, sync data, trigger email campaigns based on external events or subscriber actions, and much more. All in a simple way and without technical skills.\r\n\r\nWith Emailchef and Zapier, all the apps you use, such as CRMs, social media, forms, or data management tools, can automatically interact with your campaigns. This way, you can centralize information, send targeted messages, and make your automations faster and more effective.\r\n\r\n<a href=\"https:\/\/emailchef.com\/emailchef-zapier-power-up-your-email-automations\/\" target=\"_blank\" rel=\"noopener\">\u26a1Discover now how to integrate Emailchef with Zapier \u26a1<\/a><\/p><\/li><\/ul>\n\t<\/div><\/div><div id=\"g1-box-counter-3\" class=\"g1-box g1-box--simple  g1-box--noicon\"><div class=\"g1-box__inner\">\n\t<ul class=\"g1-grid\"><li class=\"g1-column g1-two-fifth g1-valign-middle\"><img decoding=\"async\" src=\"https:\/\/emailchef.com\/wp-content\/uploads\/2025\/07\/app-new-spoki.jpg\" style=\"margin-bottom: 16px;\"><\/li>\n\t<li class=\"g1-column g1-three-fifth g1-valign-top\">\n\t<h3 style=\"margin-bottom: 12px;\">Emailchef + Spoki: integrate email and WhatsApp for even more powerful automations<\/h3>\n\t<!--p style=\"margin-top: 2px; margin-bottom: 6px; color: #999; font-size: 10px;\">Juli 16, 2025<\/p-->\n\t<p>Starting today, Emailchef integrates with Spoki to take your marketing to the next level by combining the power of email with the immediacy of WhatsApp. You can create automated multichannel flows to boost sales, engagement, and loyalty easily, with no technical skills required.\r\n\r\nThis integration lets you automate sending both emails and WhatsApp messages, guiding your customers throughout the entire sales funnel. Thanks to WhatsApp\u2019s speed, you can increase open and conversion rates by personalizing communications with urgent notifications, flash offers, and support messages. \r\n\r\n<a href=\"https:\/\/emailchef.com\/emailchef-spoki-the-integration-that-brings-together-email-and-whatsapp\/\" target=\"_blank\" rel=\"noopener\">Discover more about the Emailchef and Spoki integration!<\/a><\/p><\/li><\/ul>\n\t<\/div><\/div><div id=\"g1-box-counter-4\" class=\"g1-box g1-box--simple  g1-box--noicon\"><div class=\"g1-box__inner\">\n\t<ul class=\"g1-grid\"><li class=\"g1-column g1-two-fifth g1-valign-middle\"><img decoding=\"async\" src=\"https:\/\/emailchef.com\/wp-content\/uploads\/2025\/02\/templates-management.png\" style=\"margin-bottom: 16px;\"><\/li>\n\t<li class=\"g1-column g1-three-fifth g1-valign-top\">\n\t<h3 style=\"margin-bottom: 12px;\">Advanced template management: simplicity and control with Emailchef<\/h3>\n\t<!--p style=\"margin-top: 2px; margin-bottom: 6px; color: #999; font-size: 10px;\">Februar 24, 2025<\/p-->\n\t<p>Thanks to the new dedicated features, you can create custom folders and subfolders to keep everything organized and rename templates in just a few clicks for a more intuitive management experience. Additionally, you can quickly find your templates using name or keyword search and preview them on both mobile and desktop.\r\n\r\nThese tools ensure your archive stays organized, even with a large number of templates. Access the Template section now and start simplifying your email management!\r\n\r\n<a href=\"https:\/\/emailchef.com\/knowledge-base\/template-management-in-emailchef\/\" target=\"_blank\" rel=\"noopener\">Discover more about template management with Emailchef.<\/a><\/p><\/li><\/ul>\n\t<\/div><\/div><div id=\"g1-box-counter-5\" class=\"g1-box g1-box--simple  g1-box--noicon\"><div class=\"g1-box__inner\">\n\t<ul class=\"g1-grid\"><li class=\"g1-column g1-two-fifth g1-valign-middle\"><img decoding=\"async\" src=\"https:\/\/emailchef.com\/wp-content\/uploads\/2024\/11\/exclude-contacts.jpg\" style=\"margin-bottom: 16px;\"><\/li>\n\t<li class=\"g1-column g1-three-fifth g1-valign-top\">\n\t<h3 style=\"margin-bottom: 12px;\">Simplify your sends: easily exclude irrelevant recipients<\/h3>\n\t<!--p style=\"margin-top: 2px; margin-bottom: 6px; color: #999; font-size: 10px;\">November 25, 2024<\/p-->\n\t<p>With Emailchef, you can now create even more targeted and personalized email campaigns. When selecting your recipients, you can easily exclude specific contacts by choosing the lists or segments to which you don\u2019t want to send your campaign.  \r\n\r\nThis new feature gives you total control over your target, ensuring that your messages reach only the right audience, with a greater impact and more effective results.  \r\n\r\nTry this new feature directly from your dashboard and optimize your marketing strategy with Emailchef!\r\n\r\n<a href=\"https:\/\/emailchef.com\/knowledge-base\/select-recipients\/\" rel=\"noopener\" target=\"_blank\">Learn more about the contact exclusion feature.<\/a>\r\n<\/p><\/li><\/ul>\n\t<\/div><\/div><div id=\"g1-box-counter-6\" class=\"g1-box g1-box--simple  g1-box--noicon\"><div class=\"g1-box__inner\">\n\t<ul class=\"g1-grid\"><li class=\"g1-column g1-two-fifth g1-valign-middle\"><img decoding=\"async\" src=\"https:\/\/emailchef.com\/wp-content\/uploads\/2024\/10\/subject-ai.jpg\" style=\"margin-bottom: 16px;\"><\/li>\n\t<li class=\"g1-column g1-three-fifth g1-valign-top\">\n\t<h3 style=\"margin-bottom: 12px;\">Create effective subject lines and preheaders with Emailchef\u2019s AI.<\/h3>\n\t<!--p style=\"margin-top: 2px; margin-bottom: 6px; color: #999; font-size: 10px;\">Oktober 28, 2024<\/p-->\n\t<p>Starting today, Emailchef offers you a new tool for your email marketing!\r\n\r\nWith the AI integrated into your Emailchef account, you can automatically generate tailored subject lines and preheaders. This makes capturing subscribers' attention and boosting your open rates even easier.\r\n\r\nSimply provide some guidelines on your email content and let Emailchef's AI create optimized texts for your needs, helping you achieve better results in less time.\r\n\r\nTry the new feature from your dashboard now and improve your email marketing results right away.\r\n\r\n<a href=\"https:\/\/emailchef.com\/knowledge-base\/customize-details-campaign\/\" rel=\"noopener\" target=\"_blank\">Learn more about how to use Emailchef's AI to enhance your email campaigns.<\/a>\r\n<\/p><\/li><\/ul>\n\t<\/div><\/div><div id=\"g1-box-counter-7\" class=\"g1-box g1-box--simple  g1-box--noicon\"><div class=\"g1-box__inner\">\n\t<ul class=\"g1-grid\"><li class=\"g1-column g1-two-fifth g1-valign-middle\"><img decoding=\"async\" src=\"https:\/\/emailchef.com\/wp-content\/uploads\/2024\/09\/Flows_img_1.png\" style=\"margin-bottom: 16px;\"><\/li>\n\t<li class=\"g1-column g1-three-fifth g1-valign-top\">\n\t<h3 style=\"margin-bottom: 12px;\">Discover Emailchef Flow: the new automations from Emailchef are now available!<\/h3>\n\t<!--p style=\"margin-top: 2px; margin-bottom: 6px; color: #999; font-size: 10px;\">September 27, 2024<\/p-->\n\t<p>Starting today, creating and customizing automated email journeys is even easier with Emailchef Flow.\r\n  \r\nThanks to the latest email marketing automation technology, you can build powerful and customizable email flows.\r\n  \r\nIn other words, you can create true automated email pathways based on your contacts' actions, their preferences, and conditions you choose.\r\n  \r\nAnd no technical skills are required.\r\n  \r\nEmailchef Flow gives you maximum control and flexibility to grow your business. You can try it out today within your dashboard!\r\n  \r\n<a href=\"https:\/\/emailchef.com\/email-marketing-automation\/\" rel=\"noopener\" target=\"_blank\">Learn more about Emailchef Flow.<\/a>\r\n<\/p><\/li><\/ul>\n\t<\/div><\/div><div id=\"g1-box-counter-8\" class=\"g1-box g1-box--simple  g1-box--noicon\"><div class=\"g1-box__inner\">\n\t<ul class=\"g1-grid\"><li class=\"g1-column g1-two-fifth g1-valign-middle\"><img decoding=\"async\" src=\"https:\/\/emailchef.com\/wp-content\/uploads\/2024\/02\/gmail-yahoo-email-news-2024.png\" style=\"margin-bottom: 16px;\"><\/li>\n\t<li class=\"g1-column g1-three-fifth g1-valign-top\">\n\t<h3 style=\"margin-bottom: 12px;\">Gmail and Yahoo: New Requirements for Email Marketing in 2024<\/h3>\n\t<!--p style=\"margin-top: 2px; margin-bottom: 6px; color: #999; font-size: 10px;\">Februar 12, 2024<\/p-->\n\t<p>Starting from February 2024, Gmail and Yahoo have made mandatory what was already one of the best practices for sending marketing emails: domain authentication.\r\n\r\nIn short, anyone sending 5000 or more messages per day to Gmail or Yahoo users must necessarily configure SPF, DKIM, and DMARC records, under penalty of messages not being delivered to the inbox.\r\n\r\nBut what is meant by domain configuration? What are SPF, DKIM, and DMARC records for? And why will it become necessary to configure them?\r\n\r\n<a href=\"https:\/\/emailchef.com\/knowledge-base\/yahoo-and-gmail-here-are-the-new-requirements-for-email-marketing-in-2024\/\" rel=\"noopener\" target=\"_blank\" tile=\"Learn more in the guide about the latest developments in Gmail and Yahoo\">Learn more in the guide about the latest developments in Gmail and Yahoo.<\/a>\r\n<\/p><\/li><\/ul>\n\t<\/div><\/div><div id=\"g1-box-counter-9\" class=\"g1-box g1-box--simple  g1-box--noicon\"><div class=\"g1-box__inner\">\n\t<ul class=\"g1-grid\"><li class=\"g1-column g1-two-fifth g1-valign-middle\"><img decoding=\"async\" src=\"https:\/\/emailchef.com\/wp-content\/uploads\/2024\/01\/segments-1.png\" style=\"margin-bottom: 16px;\"><\/li>\n\t<li class=\"g1-column g1-three-fifth g1-valign-top\">\n\t<h3 style=\"margin-bottom: 12px;\">What\u2019s new: Create a segment on the fly before sending your campaigns.<\/h3>\n\t<!--p style=\"margin-top: 2px; margin-bottom: 6px; color: #999; font-size: 10px;\">Januar 30, 2024<\/p-->\n\t<p>With Emailchef, it is now possible to create a new segment directly during the process of creating your campaign, including autoresponders and drip campaigns.\r\n\r\nHow?\r\n\r\nWhen choosing your recipients, simply click on the 'Create segment' option, and you can quickly generate a segment that meets your requirements on the fly.\r\n\r\nIf you forget to create your segment, it will no longer be necessary to interrupt the campaign creation to go back to 'Lists and Segments.' \r\n\r\nInstead, you can create it directly during the sending phase.\r\n\r\n<a href=\"https:\/\/emailchef.com\/knowledge-base\/select-recipients\/\" rel=\"noopener\" target=\"_blank\">Discover now how to use this new feature!<\/a>\r\n<\/p><\/li><\/ul>\n\t<\/div><\/div><div id=\"g1-box-counter-10\" class=\"g1-box g1-box--simple  g1-box--noicon\"><div class=\"g1-box__inner\">\n\t<ul class=\"g1-grid\"><li class=\"g1-column g1-two-fifth g1-valign-middle\"><img decoding=\"async\" src=\"https:\/\/emailchef.com\/wp-content\/uploads\/2021\/12\/Labels.png\" style=\"margin-bottom: 16px;\"><\/li>\n\t<li class=\"g1-column g1-three-fifth g1-valign-top\">\n\t<h3 style=\"margin-bottom: 12px;\">Was ist neu: Labels \u2013 So organisieren Sie Kampagnen und Automationen<\/h3>\n\t<!--p style=\"margin-top: 2px; margin-bottom: 6px; color: #999; font-size: 10px;\">Dezember 28, 2021<\/p-->\n\t<p>Mit Hilfe der Labels lassen sich Ihre Kampagnen und Automationen in Emailchef einfach organisieren. Sie lassen Sie auch Ihre Kampagnen und Automationen in der Suchfunktion filtern.\r\n\r\nEs gibt unterschiedliche Wege Labels f\u00fcr Kampagnen und Automationen zu erstellen. Es ist ebenfalls jederzeit m\u00f6glich die Labels zu erstellen oder zu l\u00f6schen.\r\n\r\nDie erstellten Labels bleiben unabh\u00e4ngig vom Status der Kampagne (Entwurf, verschickt oder archiviert) bestehen. Auch inaktive Automationen behalten diese weiterhin.\r\n\r\nNutzen Sie jetzt unsere Labels. <a href=\"https:\/\/www.emailchef.de\/wiki\/labels-so-organisieren-sie-kampagnen-und-automationen\/\" target=\"_blank\" rel=\"noopener\">Weiterlesen<\/a><\/p><\/li><\/ul>\n\t<\/div><\/div>\n","protected":false},"excerpt":{"rendered":"","protected":false},"author":1,"featured_media":0,"parent":0,"menu_order":0,"comment_status":"closed","ping_status":"closed","template":"","meta":{"_acf_changed":false,"inline_featured_image":false,"footnotes":""},"g1_relation_tag":[],"class_list":["post-10799","page","type-page","status-publish","hentry"],"acf":[],"yoast_head":"<!-- This site is optimized with the Yoast SEO plugin v24.8.1 - https:\/\/yoast.com\/wordpress\/plugins\/seo\/ -->\n<title>Nachrichten &amp; Updates - Emailchef<\/title>\n<meta name=\"description\" content=\"Entdecken Sie die neuesten Nachrichten und Updates aus der Emailchef-Welt\" \/>\n<meta name=\"robots\" content=\"index, follow, max-snippet:-1, max-image-preview:large, max-video-preview:-1\" \/>\n<link rel=\"canonical\" href=\"https:\/\/emailchef.com\/de\/nachrichten-updates\/\" \/>\n<!-- \/ Yoast SEO plugin. -->","yoast_head_json":{"title":"Nachrichten & Updates - Emailchef","description":"Entdecken Sie die neuesten Nachrichten und Updates aus der Emailchef-Welt","robots":{"index":"index","follow":"follow","max-snippet":"max-snippet:-1","max-image-preview":"max-image-preview:large","max-video-preview":"max-video-preview:-1"},"canonical":"https:\/\/emailchef.com\/de\/nachrichten-updates\/","schema":{"@context":"https:\/\/schema.org","@graph":[{"@type":"WebPage","@id":"https:\/\/emailchef.com\/de\/nachrichten-updates\/","url":"https:\/\/emailchef.com\/de\/nachrichten-updates\/","name":"Nachrichten & Updates - Emailchef","isPartOf":{"@id":"https:\/\/emailchef.com\/de\/#website"},"datePublished":"2019-07-16T08:33:32+00:00","dateModified":"2019-07-16T12:23:12+00:00","description":"Entdecken Sie die neuesten Nachrichten und Updates aus der Emailchef-Welt","breadcrumb":{"@id":"https:\/\/emailchef.com\/de\/nachrichten-updates\/#breadcrumb"},"inLanguage":"de","potentialAction":[{"@type":"ReadAction","target":["https:\/\/emailchef.com\/de\/nachrichten-updates\/"]}]},{"@type":"BreadcrumbList","@id":"https:\/\/emailchef.com\/de\/nachrichten-updates\/#breadcrumb","itemListElement":[{"@type":"ListItem","position":1,"name":"Home","item":"https:\/\/emailchef.com\/de\/emailchef-e-mail-marketing-service\/"},{"@type":"ListItem","position":2,"name":"Nachrichten &#038; Updates"}]},{"@type":"WebSite","@id":"https:\/\/emailchef.com\/de\/#website","url":"https:\/\/emailchef.com\/de\/","name":"Emailchef","description":"K\u00f6stliche Rezepte f\u00fcr E-Mail-Marketing","publisher":{"@id":"https:\/\/emailchef.com\/de\/#organization"},"potentialAction":[{"@type":"SearchAction","target":{"@type":"EntryPoint","urlTemplate":"https:\/\/emailchef.com\/de\/?s={search_term_string}"},"query-input":{"@type":"PropertyValueSpecification","valueRequired":true,"valueName":"search_term_string"}}],"inLanguage":"de"},{"@type":"Organization","@id":"https:\/\/emailchef.com\/de\/#organization","name":"Delivery Tech Corp.","url":"https:\/\/emailchef.com\/de\/","logo":{"@type":"ImageObject","inLanguage":"de","@id":"https:\/\/emailchef.com\/de\/#\/schema\/logo\/image\/","url":"https:\/\/emailchef.com\/wp-content\/uploads\/2022\/04\/logo-sama.png","contentUrl":"https:\/\/emailchef.com\/wp-content\/uploads\/2022\/04\/logo-sama.png","width":237,"height":80,"caption":"Delivery Tech Corp."},"image":{"@id":"https:\/\/emailchef.com\/de\/#\/schema\/logo\/image\/"}}]}},"_links":{"self":[{"href":"https:\/\/emailchef.com\/de\/wp-json\/wp\/v2\/pages\/10799"}],"collection":[{"href":"https:\/\/emailchef.com\/de\/wp-json\/wp\/v2\/pages"}],"about":[{"href":"https:\/\/emailchef.com\/de\/wp-json\/wp\/v2\/types\/page"}],"author":[{"embeddable":true,"href":"https:\/\/emailchef.com\/de\/wp-json\/wp\/v2\/users\/1"}],"replies":[{"embeddable":true,"href":"https:\/\/emailchef.com\/de\/wp-json\/wp\/v2\/comments?post=10799"}],"version-history":[{"count":1,"href":"https:\/\/emailchef.com\/de\/wp-json\/wp\/v2\/pages\/10799\/revisions"}],"predecessor-version":[{"id":10801,"href":"https:\/\/emailchef.com\/de\/wp-json\/wp\/v2\/pages\/10799\/revisions\/10801"}],"wp:attachment":[{"href":"https:\/\/emailchef.com\/de\/wp-json\/wp\/v2\/media?parent=10799"}],"wp:term":[{"taxonomy":"g1_relation_tag","embeddable":true,"href":"https:\/\/emailchef.com\/de\/wp-json\/wp\/v2\/g1_relation_tag?post=10799"}],"curies":[{"name":"wp","href":"https:\/\/api.w.org\/{rel}","templated":true}]}}