{"id":6885,"date":"2018-05-09T14:43:26","date_gmt":"2018-05-09T14:43:26","guid":{"rendered":"https:\/\/emailchef.com\/?page_id=6885"},"modified":"2018-07-13T13:31:22","modified_gmt":"2018-07-13T13:31:22","slug":"regulation-eu-2016-679-gdpr","status":"publish","type":"page","link":"https:\/\/emailchef.com\/cs\/regulation-eu-2016-679-gdpr\/","title":{"rendered":"Regulation (EU) 2016\/679 &#8211; GDPR"},"content":{"rendered":"\n<p><strong>Protecting our users\u2019 privacy is a priority for us<\/strong>, that\u2019s why we take the utmost measures and the best practices for data protection. Our work is based on Privacy by Design.<\/p>\n<p>Our company has already raised our standards, in compliance with the <strong>GDPR<\/strong> (General Data Protection Regulation). For us it is an important step ensuring <strong>greater safety to your data<\/strong>.<\/p>\n<p>We want to share with you <strong>what we did to ensure more security<\/strong>, furthermore, we want to help you <strong>to be in compliance with the GDPR<\/strong>.<\/p>\n<p>If you want to review the GDPR basic concepts, you can take a look at <a href=\"\/cs\/gdpr-basic-concepts\/\"><strong>our guide<\/strong><\/a>, written just for you.<\/p>\n<div class=\"g1-space\" style=\"height: 30px;\"><\/div>\n<h2>Your Data Is Safe With Us<\/h2>\n<p>Time ago, our team has implemented some improvements to protect your data and privacy. Therefore, we are already perfectly in line with GDPR.<\/p>\n<p><strong>Our commitment is continuous<\/strong>, indeed, we regularly verify the efficiency and the adequacy of adopted and executed measures, in respect and in order to guarantee protection of database, rights and fundamental freedoms of people, and the application of data processing by those who use our services.<\/p>\n<p>In the table below, you will find all the details about the work done that permits you to use our products and services safely.<\/p>\n<div id=\"\" class=\"g1-table g1-table--solid \">\n<table width=\"100%\">\n<tbody>\n<tr>\n<td align=\"left\" valign=\"center\">We have nominated a Data Protection Officer<\/td>\n<td align=\"center\" valign=\"top\" width=\"100px\"><i id=\"\" class=\"fa fa-check-square g1-icon g1-icon--none g1-icon--medium g1-icon--inherit \"  style=\"color: #f47200;\"><\/i><\/td>\n<\/tr>\n<tr>\n<td align=\"left\" valign=\"center\">We have trained a team involved in data processing and related control activities<\/td>\n<td align=\"center\" valign=\"top\" width=\"100px\"><i id=\"\" class=\"fa fa-check-square g1-icon g1-icon--none g1-icon--medium g1-icon--inherit \"  style=\"color: #f47200;\"><\/i><\/td>\n<\/tr>\n<tr>\n<td align=\"left\" valign=\"center\">Our policy on the rights of Data Subject and the procedures for the proof of consent to process the data have been updated<\/td>\n<td align=\"center\" valign=\"top\" width=\"100px\"><i id=\"\" class=\"fa fa-check-square g1-icon g1-icon--none g1-icon--medium g1-icon--inherit \"  style=\"color: #f47200;\"><\/i><\/td>\n<\/tr>\n<tr>\n<td align=\"left\" valign=\"center\">We have created a detailed and adequate disclosure to the GDPR, easy to understand, in order to let Data Subjects know how to exercise their rights<\/td>\n<td align=\"center\" valign=\"top\" width=\"100px\"><i id=\"\" class=\"fa fa-check-square g1-icon g1-icon--none g1-icon--medium g1-icon--inherit \"  style=\"color: #f47200;\"><\/i><\/td>\n<\/tr>\n<tr>\n<td align=\"left\" valign=\"center\">In case of violation of personal data our response procedures are quick, and take place without any delay after the anomaly has been detected<\/td>\n<td align=\"center\" valign=\"top\" width=\"100px\"><i id=\"\" class=\"fa fa-check-square g1-icon g1-icon--none g1-icon--medium g1-icon--inherit \"  style=\"color: #f47200;\"><\/i><\/td>\n<\/tr>\n<tr>\n<td align=\"left\" valign=\"center\">We have performed the DPIA, which is the evaluation of the impact on data protection<\/td>\n<td align=\"center\" valign=\"top\" width=\"100px\"><i id=\"\" class=\"fa fa-check-square g1-icon g1-icon--none g1-icon--medium g1-icon--inherit \"  style=\"color: #f47200;\"><\/i><\/td>\n<\/tr>\n<tr>\n<td align=\"left\" valign=\"center\">We have applied GDPR principles on various aspects of data processing: activities, objectives, description of the categories of recipients and eventual data transfers<\/td>\n<td align=\"center\" valign=\"top\" width=\"100px\"><i id=\"\" class=\"fa fa-check-square g1-icon g1-icon--none g1-icon--medium g1-icon--inherit \"  style=\"color: #f47200;\"><\/i><\/td>\n<\/tr>\n<tr>\n<td align=\"left\" valign=\"center\">Our technical and organisational measures were consolidated<\/td>\n<td align=\"center\" valign=\"top\" width=\"100px\"><i id=\"\" class=\"fa fa-check-square g1-icon g1-icon--none g1-icon--medium g1-icon--inherit \"  style=\"color: #f47200;\"><\/i><\/td>\n<\/tr>\n<tr>\n<td align=\"left\" valign=\"center\">We guarantee the data portability right of the subject from and to third party systems<\/td>\n<td align=\"center\" valign=\"top\" width=\"100px\"><i id=\"\" class=\"fa fa-check-square g1-icon g1-icon--none g1-icon--medium g1-icon--inherit \"  style=\"color: #f47200;\"><\/i><\/td>\n<\/tr>\n<tr>\n<td align=\"left\" valign=\"center\">The protection level for the data transfer to non EU countries has been reinforced with adequate protocols<\/td>\n<td align=\"center\" valign=\"top\" width=\"100px\"><i id=\"\" class=\"fa fa-check-square g1-icon g1-icon--none g1-icon--medium g1-icon--inherit \"  style=\"color: #f47200;\"><\/i><\/td>\n<\/tr>\n<tr>\n<td align=\"left\" valign=\"center\">Time ago we adopted Privacy by design, to implement efficiently the principles of GDPR in data protection and data processing<\/td>\n<td align=\"center\" valign=\"top\" width=\"100px\"><i id=\"\" class=\"fa fa-check-square g1-icon g1-icon--none g1-icon--medium g1-icon--inherit \"  style=\"color: #f47200;\"><\/i><\/td>\n<\/tr>\n<tr>\n<td align=\"left\" valign=\"center\">On 24 may 2018 we will publish the new disclosure<\/td>\n<td align=\"center\" valign=\"top\" width=\"100px\"><i id=\"\" class=\"fa fa-check-square g1-icon g1-icon--none g1-icon--medium g1-icon--inherit \"  style=\"color: #f47200;\"><\/i><\/td>\n<\/tr>\n<\/tbody>\n<\/table>\n<\/div>\n<p><span style=\"font-weight: 400;\">We are also working on signup forms to your lists that help you adhere to the GDPR.<\/span><\/p>\n<div class=\"g1-space\" style=\"height: 30px;\"><\/div>\n<h2>How To Be In Compliance With GDPR<\/h2>\n<p><strong>You are the controller of your personal data<\/strong> and Emailchef processes personal data on your behalf.<\/p>\n<p>To help in your activities, we offer you the safest and most reliable tools, which are compliant to GDPR.<\/p>\n<p>We invite you to take a look at the following advices so that you learn what to do to comply with the new privacy provisions and how to correctly use Emailchef:<\/p>\n\n<ul id=\"\" class=\"g1-list g1-list--icon g1-list--simple \">\n<li><i class=\"fa fa-arrow-right g1-list__icon\"><\/i><strong>Protect Your PC with a Password and antivirus<\/strong>: nobody else can have access to your data<\/li>\n<li><i class=\"fa fa-arrow-right g1-list__icon\"><\/i>We suggest you to <strong>change regularly your login password<\/strong><\/li>\n<li><i class=\"fa fa-arrow-right g1-list__icon\"><\/i><strong>Your email lists must contain only verified contacts<\/strong> of those who gave the <strong>informed consent of the data<\/strong><\/li>\n<li><i class=\"fa fa-arrow-right g1-list__icon\"><\/i>You will have to <strong>pay attention to our new conditions of data processing<\/strong>, updated to comply with the GDPR<\/li>\n<li><i class=\"fa fa-arrow-right g1-list__icon\"><\/i>You have to provide to your customers and\/or users the adequate updated <strong>informative in compliance with GDPR<\/strong><\/li>\n<li><i class=\"fa fa-arrow-right g1-list__icon\"><\/i>When you export your data from Emailchef, <strong>make sure<\/strong> your data is protected!<\/li>\n<li><i class=\"fa fa-arrow-right g1-list__icon\"><\/i><strong>If you use a third party API to import your data<\/strong>, make sure you have an update contract about data processing comply with the GDPR<\/li>\n<li><i class=\"fa fa-arrow-right g1-list__icon\"><\/i><strong>Do not send confidential information<\/strong> through email campaign<\/li>\n<\/ul>\n\n","protected":false},"excerpt":{"rendered":"<p>Protecting our users\u2019 privacy is a priority for us, that\u2019s why we take the utmost measures and the best practices for data protection. Our work is based on Privacy by Design. Our company has already raised our standards, in compliance with the GDPR (General Data Protection Regulation). For us it is an important step ensuring [&hellip;]<\/p>\n","protected":false},"author":2,"featured_media":0,"parent":0,"menu_order":0,"comment_status":"closed","ping_status":"closed","template":"","meta":{"_acf_changed":false,"inline_featured_image":false,"footnotes":""},"g1_relation_tag":[],"class_list":["post-6885","page","type-page","status-publish","hentry"],"acf":[],"yoast_head":"<!-- This site is optimized with the Yoast SEO plugin v24.8.1 - https:\/\/yoast.com\/wordpress\/plugins\/seo\/ -->\n<title>Regulation (EU) 2016\/679 - GDPR - Emailchef<\/title>\n<meta name=\"robots\" content=\"index, follow, max-snippet:-1, max-image-preview:large, max-video-preview:-1\" \/>\n<link rel=\"canonical\" href=\"https:\/\/emailchef.com\/cs\/regulation-eu-2016-679-gdpr\/\" \/>\n<meta name=\"twitter:label1\" content=\"Odhadovan\u00e1 doba \u010dten\u00ed\" \/>\n\t<meta name=\"twitter:data1\" content=\"4 minuty\" \/>\n<!-- \/ Yoast SEO plugin. -->","yoast_head_json":{"title":"Regulation (EU) 2016\/679 - GDPR - Emailchef","robots":{"index":"index","follow":"follow","max-snippet":"max-snippet:-1","max-image-preview":"max-image-preview:large","max-video-preview":"max-video-preview:-1"},"canonical":"https:\/\/emailchef.com\/cs\/regulation-eu-2016-679-gdpr\/","twitter_misc":{"Odhadovan\u00e1 doba \u010dten\u00ed":"4 minuty"},"schema":{"@context":"https:\/\/schema.org","@graph":[{"@type":"WebPage","@id":"https:\/\/emailchef.com\/cs\/regulation-eu-2016-679-gdpr\/","url":"https:\/\/emailchef.com\/cs\/regulation-eu-2016-679-gdpr\/","name":"Regulation (EU) 2016\/679 - GDPR - Emailchef","isPartOf":{"@id":"https:\/\/emailchef.com\/cs\/#website"},"datePublished":"2018-05-09T14:43:26+00:00","dateModified":"2018-07-13T13:31:22+00:00","breadcrumb":{"@id":"https:\/\/emailchef.com\/cs\/regulation-eu-2016-679-gdpr\/#breadcrumb"},"inLanguage":"cs","potentialAction":[{"@type":"ReadAction","target":["https:\/\/emailchef.com\/cs\/regulation-eu-2016-679-gdpr\/"]}]},{"@type":"BreadcrumbList","@id":"https:\/\/emailchef.com\/cs\/regulation-eu-2016-679-gdpr\/#breadcrumb","itemListElement":[{"@type":"ListItem","position":1,"name":"Home","item":"https:\/\/emailchef.com\/cs\/emailchef-sluzby-email-marketingu\/"},{"@type":"ListItem","position":2,"name":"Regulation (EU) 2016\/679 &#8211; GDPR"}]},{"@type":"WebSite","@id":"https:\/\/emailchef.com\/cs\/#website","url":"https:\/\/emailchef.com\/cs\/","name":"Emailchef","description":"Chutn\u00e9 recepty pro email marketing","publisher":{"@id":"https:\/\/emailchef.com\/cs\/#organization"},"potentialAction":[{"@type":"SearchAction","target":{"@type":"EntryPoint","urlTemplate":"https:\/\/emailchef.com\/cs\/?s={search_term_string}"},"query-input":{"@type":"PropertyValueSpecification","valueRequired":true,"valueName":"search_term_string"}}],"inLanguage":"cs"},{"@type":"Organization","@id":"https:\/\/emailchef.com\/cs\/#organization","name":"Delivery Tech Corp.","url":"https:\/\/emailchef.com\/cs\/","logo":{"@type":"ImageObject","inLanguage":"cs","@id":"https:\/\/emailchef.com\/cs\/#\/schema\/logo\/image\/","url":"https:\/\/emailchef.com\/wp-content\/uploads\/2022\/04\/logo-sama.png","contentUrl":"https:\/\/emailchef.com\/wp-content\/uploads\/2022\/04\/logo-sama.png","width":237,"height":80,"caption":"Delivery Tech Corp."},"image":{"@id":"https:\/\/emailchef.com\/cs\/#\/schema\/logo\/image\/"}}]}},"_links":{"self":[{"href":"https:\/\/emailchef.com\/cs\/wp-json\/wp\/v2\/pages\/6885"}],"collection":[{"href":"https:\/\/emailchef.com\/cs\/wp-json\/wp\/v2\/pages"}],"about":[{"href":"https:\/\/emailchef.com\/cs\/wp-json\/wp\/v2\/types\/page"}],"author":[{"embeddable":true,"href":"https:\/\/emailchef.com\/cs\/wp-json\/wp\/v2\/users\/2"}],"replies":[{"embeddable":true,"href":"https:\/\/emailchef.com\/cs\/wp-json\/wp\/v2\/comments?post=6885"}],"version-history":[{"count":4,"href":"https:\/\/emailchef.com\/cs\/wp-json\/wp\/v2\/pages\/6885\/revisions"}],"predecessor-version":[{"id":7351,"href":"https:\/\/emailchef.com\/cs\/wp-json\/wp\/v2\/pages\/6885\/revisions\/7351"}],"wp:attachment":[{"href":"https:\/\/emailchef.com\/cs\/wp-json\/wp\/v2\/media?parent=6885"}],"wp:term":[{"taxonomy":"g1_relation_tag","embeddable":true,"href":"https:\/\/emailchef.com\/cs\/wp-json\/wp\/v2\/g1_relation_tag?post=6885"}],"curies":[{"name":"wp","href":"https:\/\/api.w.org\/{rel}","templated":true}]}}