{"id":6642,"date":"2017-07-14T15:43:54","date_gmt":"2017-07-14T15:43:54","guid":{"rendered":"http:\/\/emailchef.com\/?page_id=6642"},"modified":"2019-10-14T09:34:57","modified_gmt":"2019-10-14T09:34:57","slug":"emailchef-app-facebook","status":"publish","type":"page","link":"https:\/\/emailchef.com\/cs\/emailchef-app-facebook\/","title":{"rendered":"Emailchef App for Facebook"},"content":{"rendered":"<p><img fetchpriority=\"high\" decoding=\"async\" class=\"noBorders alignnone wp-image-6161\" src=\"https:\/\/emailchef.com\/wp-content\/uploads\/2017\/06\/facebook-logo-reduced.svg\" alt=\"\" width=\"450\" height=\"402\" \/><\/p>\n<div id=\"\" class=\"g1-lead  \" >\n<p>The Emailchef application for Facebook lets you add subscription forms to your Facebook pages.<\/p>\n<\/div>\n<p><span style=\"font-weight: 400;\">The app lets you:<\/span><\/p>\n\n<ul id=\"\" class=\"g1-list g1-list--icon g1-list--simple \">\n<li><i class=\"fa fa-arrow-right g1-list__icon\" style=\"color: #f47200\"><\/i>easily add email subscription forms to your Facebook pages;<\/li>\n<li><i class=\"fa fa-arrow-right g1-list__icon\" style=\"color: #f47200\"><\/i>select which fields to show on the form, choose a default value and use custom fields;<\/li>\n<li><i class=\"fa fa-arrow-right g1-list__icon\" style=\"color: #f47200\"><\/i>add subscribers to a list of your choice;<\/li>\n<li><i class=\"fa fa-arrow-right g1-list__icon\" style=\"color: #f47200\"><\/i>Adjust the form&#8217;s main display settings such as the initial image and background.<\/li>\n<\/ul>\n\n<p><a id=\"\" class=\"g1-button g1-button--medium g1-button--solid g1-button--standard facebook-app-button\" href=\"https:\/\/www.facebook.com\/dialog\/pagetab?app_id=554373874749644&next=https:\/\/www.emailchef.com\/fbtab.php\" title=\"Go to Facebook App\" ><i class=\"fas fa-facebook\"><\/i> Go to Facebook App<\/a><br \/>\n<a href=\"\/utils\/download\/plugins\/facebook\/docs\/Emailchef-app-for-Facebook-user-guide.pdf\">Download user guide<\/a><\/p>\n","protected":false},"excerpt":{"rendered":"<p>The app lets you: Download user guide<\/p>\n","protected":false},"author":2,"featured_media":0,"parent":0,"menu_order":0,"comment_status":"closed","ping_status":"closed","template":"","meta":{"_acf_changed":false,"inline_featured_image":false,"footnotes":""},"g1_relation_tag":[],"class_list":["post-6642","page","type-page","status-publish","hentry"],"acf":[],"yoast_head":"<!-- This site is optimized with the Yoast SEO plugin v24.8.1 - https:\/\/yoast.com\/wordpress\/plugins\/seo\/ -->\n<title>Emailchef App for Facebook - Emailchef<\/title>\n<meta name=\"robots\" content=\"index, follow, max-snippet:-1, max-image-preview:large, max-video-preview:-1\" \/>\n<link rel=\"canonical\" href=\"https:\/\/emailchef.com\/cs\/emailchef-app-facebook\/\" \/>\n<meta name=\"twitter:label1\" content=\"Odhadovan\u00e1 doba \u010dten\u00ed\" \/>\n\t<meta name=\"twitter:data1\" content=\"1 minuta\" \/>\n<!-- \/ Yoast SEO plugin. -->","yoast_head_json":{"title":"Emailchef App for Facebook - Emailchef","robots":{"index":"index","follow":"follow","max-snippet":"max-snippet:-1","max-image-preview":"max-image-preview:large","max-video-preview":"max-video-preview:-1"},"canonical":"https:\/\/emailchef.com\/cs\/emailchef-app-facebook\/","twitter_misc":{"Odhadovan\u00e1 doba \u010dten\u00ed":"1 minuta"},"schema":{"@context":"https:\/\/schema.org","@graph":[{"@type":"WebPage","@id":"https:\/\/emailchef.com\/cs\/emailchef-app-facebook\/","url":"https:\/\/emailchef.com\/cs\/emailchef-app-facebook\/","name":"Emailchef App for Facebook - Emailchef","isPartOf":{"@id":"https:\/\/emailchef.com\/cs\/#website"},"primaryImageOfPage":{"@id":"https:\/\/emailchef.com\/cs\/emailchef-app-facebook\/#primaryimage"},"image":{"@id":"https:\/\/emailchef.com\/cs\/emailchef-app-facebook\/#primaryimage"},"thumbnailUrl":"https:\/\/emailchef.com\/wp-content\/uploads\/2017\/06\/facebook-logo-reduced.svg","datePublished":"2017-07-14T15:43:54+00:00","dateModified":"2019-10-14T09:34:57+00:00","breadcrumb":{"@id":"https:\/\/emailchef.com\/cs\/emailchef-app-facebook\/#breadcrumb"},"inLanguage":"cs","potentialAction":[{"@type":"ReadAction","target":["https:\/\/emailchef.com\/cs\/emailchef-app-facebook\/"]}]},{"@type":"ImageObject","inLanguage":"cs","@id":"https:\/\/emailchef.com\/cs\/emailchef-app-facebook\/#primaryimage","url":"https:\/\/emailchef.com\/wp-content\/uploads\/2017\/06\/facebook-logo-reduced.svg","contentUrl":"https:\/\/emailchef.com\/wp-content\/uploads\/2017\/06\/facebook-logo-reduced.svg"},{"@type":"BreadcrumbList","@id":"https:\/\/emailchef.com\/cs\/emailchef-app-facebook\/#breadcrumb","itemListElement":[{"@type":"ListItem","position":1,"name":"Home","item":"https:\/\/emailchef.com\/cs\/emailchef-sluzby-email-marketingu\/"},{"@type":"ListItem","position":2,"name":"Emailchef App for Facebook"}]},{"@type":"WebSite","@id":"https:\/\/emailchef.com\/cs\/#website","url":"https:\/\/emailchef.com\/cs\/","name":"Emailchef","description":"Chutn\u00e9 recepty pro email marketing","publisher":{"@id":"https:\/\/emailchef.com\/cs\/#organization"},"potentialAction":[{"@type":"SearchAction","target":{"@type":"EntryPoint","urlTemplate":"https:\/\/emailchef.com\/cs\/?s={search_term_string}"},"query-input":{"@type":"PropertyValueSpecification","valueRequired":true,"valueName":"search_term_string"}}],"inLanguage":"cs"},{"@type":"Organization","@id":"https:\/\/emailchef.com\/cs\/#organization","name":"Delivery Tech Corp.","url":"https:\/\/emailchef.com\/cs\/","logo":{"@type":"ImageObject","inLanguage":"cs","@id":"https:\/\/emailchef.com\/cs\/#\/schema\/logo\/image\/","url":"https:\/\/emailchef.com\/wp-content\/uploads\/2022\/04\/logo-sama.png","contentUrl":"https:\/\/emailchef.com\/wp-content\/uploads\/2022\/04\/logo-sama.png","width":237,"height":80,"caption":"Delivery Tech Corp."},"image":{"@id":"https:\/\/emailchef.com\/cs\/#\/schema\/logo\/image\/"}}]}},"_links":{"self":[{"href":"https:\/\/emailchef.com\/cs\/wp-json\/wp\/v2\/pages\/6642"}],"collection":[{"href":"https:\/\/emailchef.com\/cs\/wp-json\/wp\/v2\/pages"}],"about":[{"href":"https:\/\/emailchef.com\/cs\/wp-json\/wp\/v2\/types\/page"}],"author":[{"embeddable":true,"href":"https:\/\/emailchef.com\/cs\/wp-json\/wp\/v2\/users\/2"}],"replies":[{"embeddable":true,"href":"https:\/\/emailchef.com\/cs\/wp-json\/wp\/v2\/comments?post=6642"}],"version-history":[{"count":4,"href":"https:\/\/emailchef.com\/cs\/wp-json\/wp\/v2\/pages\/6642\/revisions"}],"predecessor-version":[{"id":13516,"href":"https:\/\/emailchef.com\/cs\/wp-json\/wp\/v2\/pages\/6642\/revisions\/13516"}],"wp:attachment":[{"href":"https:\/\/emailchef.com\/cs\/wp-json\/wp\/v2\/media?parent=6642"}],"wp:term":[{"taxonomy":"g1_relation_tag","embeddable":true,"href":"https:\/\/emailchef.com\/cs\/wp-json\/wp\/v2\/g1_relation_tag?post=6642"}],"curies":[{"name":"wp","href":"https:\/\/api.w.org\/{rel}","templated":true}]}}