{"id":5873,"date":"2016-11-21T09:43:57","date_gmt":"2016-11-21T09:43:57","guid":{"rendered":"http:\/\/emailchef.com\/?page_id=5873\/"},"modified":"2024-02-13T14:34:29","modified_gmt":"2024-02-13T14:34:29","slug":"emailchef-prestashop-spickovy-e-mailovy-marketing","status":"publish","type":"page","link":"https:\/\/emailchef.com\/cs\/emailchef-prestashop-spickovy-e-mailovy-marketing\/","title":{"rendered":"Emailchef + Prestashop: \u0161pi\u010dkov\u00fd e-mailov\u00fd marketing"},"content":{"rendered":"\t\t<div data-elementor-type=\"wp-page\" data-elementor-id=\"5873\" class=\"elementor elementor-5873 elementor-5132\" data-elementor-post-type=\"page\">\n\t\t\t\t\t\t<section class=\"elementor-section elementor-top-section elementor-element elementor-element-1a3c7f42 elementor-section-boxed elementor-section-height-default elementor-section-height-default\" data-id=\"1a3c7f42\" data-element_type=\"section\">\n\t\t\t\t\t\t<div class=\"elementor-container elementor-column-gap-default\">\n\t\t\t\t\t<div class=\"elementor-column elementor-col-100 elementor-top-column elementor-element elementor-element-68a188db\" data-id=\"68a188db\" data-element_type=\"column\">\n\t\t\t<div class=\"elementor-widget-wrap elementor-element-populated\">\n\t\t\t\t\t\t<div class=\"elementor-element elementor-element-388b8e40 elementor-widget elementor-widget-text-editor\" data-id=\"388b8e40\" data-element_type=\"widget\" data-widget_type=\"text-editor.default\">\n\t\t\t\t<div class=\"elementor-widget-container\">\n\t\t\t\t\t\t\t\t\t<img fetchpriority=\"high\" decoding=\"async\" class=\"noBorders alignnone wp-image-7511 size-full\" src=\"https:\/\/emailchef.com\/wp-content\/uploads\/2024\/02\/logo-prestashop-release-8.png\" alt=\"\" width=\"594\" height=\"128\" \/>\n\n<div id=\"\" class=\"g1-lead  \" >\n\nPokud vlastn\u00edte webovou str\u00e1nku pro e-commerce, nepochybn\u011b je pro v\u00e1s e-mailov\u00fd marketing jedn\u00edm z nejsiln\u011bj\u0161\u00edch a nejefektivn\u011bj\u0161\u00edch zp\u016fsob\u016f, jak nav\u00fd\u0161it prodeje a z\u00edskat loaj\u00e1ln\u00ed z\u00e1kazn\u00edky.\n\n<\/div>\n\n<div id=\"\" class=\"g1-message g1-message--success \" ><div class=\"g1-inner\">Modul je kompatibiln\u00ed s <strong>PrestaShop 1.6.X -> 8.1.X<\/strong><\/div><\/div>\n\nD\u00edky modulu PrestaShop m\u016f\u017ee Emailchef komunikovat s va\u0161\u00edm online obchodem a vytv\u00e1\u0159et snadn\u00e9 a automatick\u00e9 c\u00edlen\u00e9 kampan\u011b.\n\nModul PrestaShop pro Emailchef v\u00e1m umo\u017en\u00ed:\n\n\n<ul id=\"\" class=\"g1-list g1-list--icon g1-list--simple \">\n \t<li><i class=\"fa fa-arrow-right g1-list__icon\" style=\"color: #f47200\"><\/i>p\u0159ev\u00e1d\u011bt informace o va\u0161ich z\u00e1kazn\u00edc\u00edch a jejich objedn\u00e1vk\u00e1ch do Emailchef \u00fa\u010dtu;<\/li>\n \t<li><i class=\"fa fa-arrow-right g1-list__icon\" style=\"color: #f47200\"><\/i>vytv\u00e1\u0159et u\u017eivatelsk\u00e1 pole a p\u0159ev\u00e1d\u011bt data do Emailchef &#8211; m\u016f\u017eete tedy t\u0159\u00eddit z\u00e1kazn\u00edky podle objedn\u00e1vek, nedokon\u010den\u00fdch n\u00e1kup\u016f, datumu p\u0159edplatn\u00e9ho atd.;<\/li>\n \t<li><i class=\"fa fa-arrow-right g1-list__icon\" style=\"color: #f47200\"><\/i>synchronizovat p\u0159edplatn\u00e9 mezi Prestashop a Emailchef;<\/li>\n \t<li><i class=\"fa fa-arrow-right g1-list__icon\" style=\"color: #f47200\"><\/i>u\u0161et\u0159it pen\u00edze odes\u00edl\u00e1n\u00edm automatick\u00fdch newslette\u016f, kter\u00e9 v\u00e1m pomohou zachovat st\u00e1vaj\u00edc\u00ed z\u00e1kazn\u00edky;<\/li>\n \t<li><i class=\"fa fa-arrow-right g1-list__icon\" style=\"color: #f47200\"><\/i>vytv\u00e1\u0159et c\u00edlen\u00e9 marketingov\u00e9 kampan\u011b k z\u00e1chran\u011b nedokon\u010den\u00fdch n\u00e1kup, odm\u011bny pro opakuj\u00edc\u00ed se objedn\u00e1vky a mnoh\u00e9 dal\u0161\u00ed mo\u017enosti.<\/li>\n<\/ul>\n\n\n<a id=\"\" class=\"g1-button g1-button--medium g1-button--solid g1-button--standard \" href=\"\/utils\/download\/plugins\/prestashop\/plugin-prestashop-emailchef.zip?v=20240214\" title=\"Modul na prevzatie\" ><i class=\"fas fa-download\"><\/i> Modul na prevzatie<\/a>\n\n<p>&nbsp;<\/a>\n\n<div id='gallery-1' class='gallery galleryid-5873 gallery-columns-3 gallery-size-full'><figure class='gallery-item'>\n\t\t\t<div class='gallery-icon landscape'>\n\t\t\t\t<a href='https:\/\/emailchef.com\/wp-content\/uploads\/2017\/02\/Prestashop16-new_list.png'><img decoding=\"async\" width=\"1658\" height=\"894\" src=\"https:\/\/emailchef.com\/wp-content\/uploads\/2017\/02\/Prestashop16-new_list.png\" class=\"attachment-full size-full\" alt=\"\" srcset=\"https:\/\/emailchef.com\/wp-content\/uploads\/2017\/02\/Prestashop16-new_list.png 1658w, https:\/\/emailchef.com\/wp-content\/uploads\/2017\/02\/Prestashop16-new_list-300x162.png 300w, https:\/\/emailchef.com\/wp-content\/uploads\/2017\/02\/Prestashop16-new_list-768x414.png 768w, https:\/\/emailchef.com\/wp-content\/uploads\/2017\/02\/Prestashop16-new_list-1024x552.png 1024w, https:\/\/emailchef.com\/wp-content\/uploads\/2017\/02\/Prestashop16-new_list-968x522.png 968w, https:\/\/emailchef.com\/wp-content\/uploads\/2017\/02\/Prestashop16-new_list-636x343.png 636w, https:\/\/emailchef.com\/wp-content\/uploads\/2017\/02\/Prestashop16-new_list-320x173.png 320w, https:\/\/emailchef.com\/wp-content\/uploads\/2017\/02\/Prestashop16-new_list-239x129.png 239w\" sizes=\"(max-width: 1658px) 100vw, 1658px\" \/><\/a>\n\t\t\t<\/div><\/figure><figure class='gallery-item'>\n\t\t\t<div class='gallery-icon landscape'>\n\t\t\t\t<a href='https:\/\/emailchef.com\/wp-content\/uploads\/2017\/02\/Prestashop16-new_Custom_fealds_creation.png'><img decoding=\"async\" width=\"1679\" height=\"765\" src=\"https:\/\/emailchef.com\/wp-content\/uploads\/2017\/02\/Prestashop16-new_Custom_fealds_creation.png\" class=\"attachment-full size-full\" alt=\"\" srcset=\"https:\/\/emailchef.com\/wp-content\/uploads\/2017\/02\/Prestashop16-new_Custom_fealds_creation.png 1679w, https:\/\/emailchef.com\/wp-content\/uploads\/2017\/02\/Prestashop16-new_Custom_fealds_creation-300x137.png 300w, https:\/\/emailchef.com\/wp-content\/uploads\/2017\/02\/Prestashop16-new_Custom_fealds_creation-768x350.png 768w, https:\/\/emailchef.com\/wp-content\/uploads\/2017\/02\/Prestashop16-new_Custom_fealds_creation-1024x467.png 1024w, https:\/\/emailchef.com\/wp-content\/uploads\/2017\/02\/Prestashop16-new_Custom_fealds_creation-968x441.png 968w, https:\/\/emailchef.com\/wp-content\/uploads\/2017\/02\/Prestashop16-new_Custom_fealds_creation-636x290.png 636w, https:\/\/emailchef.com\/wp-content\/uploads\/2017\/02\/Prestashop16-new_Custom_fealds_creation-320x146.png 320w, https:\/\/emailchef.com\/wp-content\/uploads\/2017\/02\/Prestashop16-new_Custom_fealds_creation-239x109.png 239w\" sizes=\"(max-width: 1679px) 100vw, 1679px\" \/><\/a>\n\t\t\t<\/div><\/figure><figure class='gallery-item'>\n\t\t\t<div class='gallery-icon landscape'>\n\t\t\t\t<a href='https:\/\/emailchef.com\/wp-content\/uploads\/2017\/02\/Prestashop16-emailchef_list-eng.png'><img loading=\"lazy\" decoding=\"async\" width=\"1194\" height=\"483\" src=\"https:\/\/emailchef.com\/wp-content\/uploads\/2017\/02\/Prestashop16-emailchef_list-eng.png\" class=\"attachment-full size-full\" alt=\"\" srcset=\"https:\/\/emailchef.com\/wp-content\/uploads\/2017\/02\/Prestashop16-emailchef_list-eng.png 1194w, https:\/\/emailchef.com\/wp-content\/uploads\/2017\/02\/Prestashop16-emailchef_list-eng-300x121.png 300w, https:\/\/emailchef.com\/wp-content\/uploads\/2017\/02\/Prestashop16-emailchef_list-eng-768x311.png 768w, https:\/\/emailchef.com\/wp-content\/uploads\/2017\/02\/Prestashop16-emailchef_list-eng-1024x414.png 1024w, https:\/\/emailchef.com\/wp-content\/uploads\/2017\/02\/Prestashop16-emailchef_list-eng-968x392.png 968w, https:\/\/emailchef.com\/wp-content\/uploads\/2017\/02\/Prestashop16-emailchef_list-eng-636x257.png 636w, https:\/\/emailchef.com\/wp-content\/uploads\/2017\/02\/Prestashop16-emailchef_list-eng-320x129.png 320w, https:\/\/emailchef.com\/wp-content\/uploads\/2017\/02\/Prestashop16-emailchef_list-eng-239x97.png 239w\" sizes=\"(max-width: 1194px) 100vw, 1194px\" \/><\/a>\n\t\t\t<\/div><\/figure>\n\t\t<\/div>\n\n\n<div  class=\"g1-divider g1-divider--none g1-divider--noicon \"><\/div>\n<h2>Pot\u0159ebujete v\u00edce informac\u00ed?<\/h2>\nVypl\u0148te sv\u00e9 \u00fadaje a my v\u00e1s budeme co nejd\u0159\u00edve kontaktovat.\n\n\n<div class=\"wpcf7 no-js\" id=\"wpcf7-f5821-o1\" lang=\"en-US\" dir=\"ltr\" data-wpcf7-id=\"5821\">\n<div class=\"screen-reader-response\"><p role=\"status\" aria-live=\"polite\" aria-atomic=\"true\"><\/p> <ul><\/ul><\/div>\n<form action=\"\/cs\/wp-json\/wp\/v2\/pages\/5873#wpcf7-f5821-o1\" method=\"post\" class=\"wpcf7-form init\" aria-label=\"Contact form\" novalidate=\"novalidate\" data-status=\"init\">\n<div style=\"display: none;\">\n<input type=\"hidden\" name=\"_wpcf7\" value=\"5821\" \/>\n<input type=\"hidden\" name=\"_wpcf7_version\" value=\"6.0.6\" \/>\n<input type=\"hidden\" name=\"_wpcf7_locale\" value=\"en_US\" \/>\n<input type=\"hidden\" name=\"_wpcf7_unit_tag\" value=\"wpcf7-f5821-o1\" \/>\n<input type=\"hidden\" name=\"_wpcf7_container_post\" value=\"0\" \/>\n<input type=\"hidden\" name=\"_wpcf7_posted_data_hash\" value=\"\" \/>\n<input type=\"hidden\" name=\"_wpcf7_recaptcha_response\" value=\"\" \/>\n<\/div>\n<p><label> Name and surname <sub>(required)<\/sub><span class=\"wpcf7-form-control-wrap\" data-name=\"fullname\"><input size=\"40\" maxlength=\"400\" class=\"wpcf7-form-control wpcf7-text wpcf7-validates-as-required\" aria-required=\"true\" aria-invalid=\"false\" value=\"\" type=\"text\" name=\"fullname\" \/><\/span> <\/label><br \/>\n<label> Email <sub>(required)<\/sub><span class=\"wpcf7-form-control-wrap\" data-name=\"email\"><input size=\"40\" maxlength=\"400\" class=\"wpcf7-form-control wpcf7-email wpcf7-validates-as-required wpcf7-text wpcf7-validates-as-email\" aria-required=\"true\" aria-invalid=\"false\" value=\"\" type=\"email\" name=\"email\" \/><\/span> <\/label><br \/>\n<label> Phone <sub>(required)<\/sub><span class=\"wpcf7-form-control-wrap\" data-name=\"phone\"><input size=\"40\" maxlength=\"400\" class=\"wpcf7-form-control wpcf7-text wpcf7-validates-as-required\" aria-required=\"true\" aria-invalid=\"false\" value=\"\" type=\"text\" name=\"phone\" \/><\/span> <\/label><br \/>\n<input class=\"wpcf7-form-control wpcf7-submit has-spinner\" type=\"submit\" value=\"Please contact me...\" \/>\n<\/p><div class=\"wpcf7-response-output\" aria-hidden=\"true\"><\/div>\n<\/form>\n<\/div>\n\t\t\t\t\t\t\t\t<\/div>\n\t\t\t\t<\/div>\n\t\t\t\t\t<\/div>\n\t\t<\/div>\n\t\t\t\t\t<\/div>\n\t\t<\/section>\n\t\t\t\t<\/div>\n\t\t","protected":false},"excerpt":{"rendered":"<p>D\u00edky modulu PrestaShop m\u016f\u017ee Emailchef komunikovat s va\u0161\u00edm online obchodem a vytv\u00e1\u0159et snadn\u00e9 a automatick\u00e9 c\u00edlen\u00e9 kampan\u011b. Modul PrestaShop pro Emailchef v\u00e1m umo\u017en\u00ed: &nbsp; Pot\u0159ebujete v\u00edce informac\u00ed? Vypl\u0148te sv\u00e9 \u00fadaje a my v\u00e1s budeme co nejd\u0159\u00edve kontaktovat.<\/p>\n","protected":false},"author":5,"featured_media":0,"parent":0,"menu_order":18,"comment_status":"closed","ping_status":"closed","template":"","meta":{"_acf_changed":false,"inline_featured_image":false,"footnotes":""},"g1_relation_tag":[],"class_list":["post-5873","page","type-page","status-publish","hentry"],"acf":[],"yoast_head":"<!-- This site is optimized with the Yoast SEO plugin v24.8.1 - https:\/\/yoast.com\/wordpress\/plugins\/seo\/ -->\n<title>Emailchef + Prestashop: \u0161pi\u010dkov\u00fd e-mailov\u00fd marketing - Emailchef<\/title>\n<meta name=\"robots\" content=\"index, follow, max-snippet:-1, max-image-preview:large, max-video-preview:-1\" \/>\n<link rel=\"canonical\" href=\"https:\/\/emailchef.com\/cs\/emailchef-prestashop-spickovy-e-mailovy-marketing\/\" \/>\n<meta name=\"twitter:label1\" content=\"Odhadovan\u00e1 doba \u010dten\u00ed\" \/>\n\t<meta name=\"twitter:data1\" content=\"2 minuty\" \/>\n<!-- \/ Yoast SEO plugin. -->","yoast_head_json":{"title":"Emailchef + Prestashop: \u0161pi\u010dkov\u00fd e-mailov\u00fd marketing - Emailchef","robots":{"index":"index","follow":"follow","max-snippet":"max-snippet:-1","max-image-preview":"max-image-preview:large","max-video-preview":"max-video-preview:-1"},"canonical":"https:\/\/emailchef.com\/cs\/emailchef-prestashop-spickovy-e-mailovy-marketing\/","twitter_misc":{"Odhadovan\u00e1 doba \u010dten\u00ed":"2 minuty"},"schema":{"@context":"https:\/\/schema.org","@graph":[{"@type":"WebPage","@id":"https:\/\/emailchef.com\/cs\/emailchef-prestashop-spickovy-e-mailovy-marketing\/","url":"https:\/\/emailchef.com\/cs\/emailchef-prestashop-spickovy-e-mailovy-marketing\/","name":"Emailchef + Prestashop: \u0161pi\u010dkov\u00fd e-mailov\u00fd marketing - Emailchef","isPartOf":{"@id":"https:\/\/emailchef.com\/cs\/#website"},"primaryImageOfPage":{"@id":"https:\/\/emailchef.com\/cs\/emailchef-prestashop-spickovy-e-mailovy-marketing\/#primaryimage"},"image":{"@id":"https:\/\/emailchef.com\/cs\/emailchef-prestashop-spickovy-e-mailovy-marketing\/#primaryimage"},"thumbnailUrl":"https:\/\/emailchef.com\/wp-content\/uploads\/2024\/02\/logo-prestashop-release-8.png","datePublished":"2016-11-21T09:43:57+00:00","dateModified":"2024-02-13T14:34:29+00:00","breadcrumb":{"@id":"https:\/\/emailchef.com\/cs\/emailchef-prestashop-spickovy-e-mailovy-marketing\/#breadcrumb"},"inLanguage":"cs","potentialAction":[{"@type":"ReadAction","target":["https:\/\/emailchef.com\/cs\/emailchef-prestashop-spickovy-e-mailovy-marketing\/"]}]},{"@type":"ImageObject","inLanguage":"cs","@id":"https:\/\/emailchef.com\/cs\/emailchef-prestashop-spickovy-e-mailovy-marketing\/#primaryimage","url":"https:\/\/emailchef.com\/wp-content\/uploads\/2024\/02\/logo-prestashop-release-8.png","contentUrl":"https:\/\/emailchef.com\/wp-content\/uploads\/2024\/02\/logo-prestashop-release-8.png"},{"@type":"BreadcrumbList","@id":"https:\/\/emailchef.com\/cs\/emailchef-prestashop-spickovy-e-mailovy-marketing\/#breadcrumb","itemListElement":[{"@type":"ListItem","position":1,"name":"Home","item":"https:\/\/emailchef.com\/cs\/emailchef-sluzby-email-marketingu\/"},{"@type":"ListItem","position":2,"name":"Emailchef + Prestashop: \u0161pi\u010dkov\u00fd e-mailov\u00fd marketing"}]},{"@type":"WebSite","@id":"https:\/\/emailchef.com\/cs\/#website","url":"https:\/\/emailchef.com\/cs\/","name":"Emailchef","description":"Chutn\u00e9 recepty pro email marketing","publisher":{"@id":"https:\/\/emailchef.com\/cs\/#organization"},"potentialAction":[{"@type":"SearchAction","target":{"@type":"EntryPoint","urlTemplate":"https:\/\/emailchef.com\/cs\/?s={search_term_string}"},"query-input":{"@type":"PropertyValueSpecification","valueRequired":true,"valueName":"search_term_string"}}],"inLanguage":"cs"},{"@type":"Organization","@id":"https:\/\/emailchef.com\/cs\/#organization","name":"Delivery Tech Corp.","url":"https:\/\/emailchef.com\/cs\/","logo":{"@type":"ImageObject","inLanguage":"cs","@id":"https:\/\/emailchef.com\/cs\/#\/schema\/logo\/image\/","url":"https:\/\/emailchef.com\/wp-content\/uploads\/2022\/04\/logo-sama.png","contentUrl":"https:\/\/emailchef.com\/wp-content\/uploads\/2022\/04\/logo-sama.png","width":237,"height":80,"caption":"Delivery Tech Corp."},"image":{"@id":"https:\/\/emailchef.com\/cs\/#\/schema\/logo\/image\/"}}]}},"_links":{"self":[{"href":"https:\/\/emailchef.com\/cs\/wp-json\/wp\/v2\/pages\/5873"}],"collection":[{"href":"https:\/\/emailchef.com\/cs\/wp-json\/wp\/v2\/pages"}],"about":[{"href":"https:\/\/emailchef.com\/cs\/wp-json\/wp\/v2\/types\/page"}],"author":[{"embeddable":true,"href":"https:\/\/emailchef.com\/cs\/wp-json\/wp\/v2\/users\/5"}],"replies":[{"embeddable":true,"href":"https:\/\/emailchef.com\/cs\/wp-json\/wp\/v2\/comments?post=5873"}],"version-history":[{"count":12,"href":"https:\/\/emailchef.com\/cs\/wp-json\/wp\/v2\/pages\/5873\/revisions"}],"predecessor-version":[{"id":70483,"href":"https:\/\/emailchef.com\/cs\/wp-json\/wp\/v2\/pages\/5873\/revisions\/70483"}],"wp:attachment":[{"href":"https:\/\/emailchef.com\/cs\/wp-json\/wp\/v2\/media?parent=5873"}],"wp:term":[{"taxonomy":"g1_relation_tag","embeddable":true,"href":"https:\/\/emailchef.com\/cs\/wp-json\/wp\/v2\/g1_relation_tag?post=5873"}],"curies":[{"name":"wp","href":"https:\/\/api.w.org\/{rel}","templated":true}]}}