{"id":5866,"date":"2016-07-11T09:53:48","date_gmt":"2016-07-11T09:53:48","guid":{"rendered":"http:\/\/emailchef.com\/?page_id=5866\/"},"modified":"2025-01-27T14:22:26","modified_gmt":"2025-01-27T14:22:26","slug":"e-mailovy-marketing-s-wordpress-emailchef","status":"publish","type":"page","link":"https:\/\/emailchef.com\/cs\/e-mailovy-marketing-s-wordpress-emailchef\/","title":{"rendered":"E-mailov\u00fd marketing s WordPress a Emailchef"},"content":{"rendered":"\t\t<div data-elementor-type=\"wp-page\" data-elementor-id=\"5866\" class=\"elementor elementor-5866 elementor-4828\" data-elementor-post-type=\"page\">\n\t\t\t\t\t\t<section class=\"elementor-section elementor-top-section elementor-element elementor-element-74e34edf elementor-section-boxed elementor-section-height-default elementor-section-height-default\" data-id=\"74e34edf\" data-element_type=\"section\">\n\t\t\t\t\t\t<div class=\"elementor-container elementor-column-gap-default\">\n\t\t\t\t\t<div class=\"elementor-column elementor-col-100 elementor-top-column elementor-element elementor-element-691e61ae\" data-id=\"691e61ae\" data-element_type=\"column\">\n\t\t\t<div class=\"elementor-widget-wrap elementor-element-populated\">\n\t\t\t\t\t\t<div class=\"elementor-element elementor-element-67d839c1 elementor-widget elementor-widget-text-editor\" data-id=\"67d839c1\" data-element_type=\"widget\" data-widget_type=\"text-editor.default\">\n\t\t\t\t<div class=\"elementor-widget-container\">\n\t\t\t\t\t\t\t\t\t<p><img decoding=\"async\" class=\"alignnone noBorders wp-image-4831 size-full\" title=\" Email marketing with WordPress \" src=\"https:\/\/emailchef.com\/wp-content\/uploads\/2016\/07\/WordPress_logo-1.png\" alt=\"WordPress\" width=\"300\" height=\"68\" \/><\/p><p><div id=\"\" class=\"g1-lead  \" ><br \/>Shroma\u017e\u010fujte jednodu\u0161e odeslan\u00e9 kontaktn\u00ed formul\u00e1\u0159e a automaticky je synchronizujte s e-mailov\u00fdmi seznamy Emailchef.<br \/><\/div><\/p><p>Tento plugin p\u0159id\u00e1v\u00e1 \u017e\u00e1dosti z Contact Form 7 do konkr\u00e9tn\u00edch seznam\u016f v Emailchef, v\u010detn\u011b vlastn\u00edch pol\u00ed. Contact Form 7 je bezplatn\u00fd, flexibiln\u00ed a snadno pou\u017eiteln\u00fd modul pro kontaktn\u00ed formul\u00e1\u0159, kter\u00fd umo\u017e\u0148uje spravovat v\u00edce kontaktn\u00edch formul\u00e1\u0159\u016f a p\u0159izp\u016fsobit je va\u0161im po\u017eadavk\u016fm.<\/p><p>Nemus\u00edte um\u011bt k\u00f3dovat!<br \/>V\u0161echny \u017e\u00e1dosti budou automaticky synchronizov\u00e1ny s va\u0161\u00edm Emailchef seznamem.<\/p><p>M\u016f\u017eete pou\u017e\u00edt odli\u0161n\u00fd seznam e-mail\u016f pro ka\u017ed\u00fd kontaktn\u00ed formul\u00e1\u0159. M\u016f\u017eete nap\u0159\u00edklad vytvo\u0159it formul\u00e1\u0159 pro typ z\u00e1kazn\u00edka (z\u00e1kazn\u00edci, prodejci, dodavatel\u00e9&#8230;) a ulo\u017eit informace o jejich \u017e\u00e1dostech v r\u016fzn\u00fdch seznamech Emailchef, na\u010de\u017e jim m\u016f\u017eete poslat newsletter na m\u00edru a ulo\u017eit si jejich registra\u010dn\u00ed \u00fadaje.<\/p><p>Nastaven\u00ed pluginu je z\u00e1le\u017eitost\u00ed n\u011bkolika sekund. Sta\u010d\u00ed postupovat dle n\u00e1sleduj\u00edc\u00edch instrukc\u00ed:<\/p><p><ol id=\"\" class=\"g1-list g1-list--icon g1-list--simple \"><li><i class=\"fa fa-arrow-right g1-list__icon\" style=\"color: #f47200\"><\/i>\u00a0Aktivujte plugin pomoc\u00ed nab\u00eddky \u201aPluginy&#8217; v menu WordPress<\/li><li><i class=\"fa fa-arrow-right g1-list__icon\" style=\"color: #f47200\"><\/i>P\u0159ejd\u011bte na EmailChef &gt; Nastaven\u00ed v postrann\u00edm panelu WordPress<\/li><li><i class=\"fa fa-arrow-right g1-list__icon\" style=\"color: #f47200\"><\/i>Zadejte svoje p\u0159ihla\u0161ovac\u00ed \u00fadaje pro Emailchef<\/li><li><i class=\"fa fa-arrow-right g1-list__icon\" style=\"color: #f47200\"><\/i>Vyzna\u010dte pole formul\u00e1\u0159e s poli seznam\u016f Emailchef<\/li><\/ol><\/p><p class=\"western\">Po\u017eadavky:<\/p><p><ul id=\"\" class=\"g1-list g1-list--icon g1-list--simple \"><li><i class=\"fa fa-arrow-right g1-list__icon\" style=\"color: #f47200\"><\/i>Instalace WordPress.org s vlastn\u00edm hostingem (verze 5.0 nebo vy\u0161\u0161\u00ed)<\/li><li><i class=\"fa fa-arrow-right g1-list__icon\" style=\"color: #f47200\"><\/i>WPForms, Contact Form 7, Elementor, Fast Secure Contact Form (FSCF), Jetpack;<\/li><li><i class=\"fa fa-arrow-right g1-list__icon\" style=\"color: #f47200\"><\/i>\u00da\u010det Emailchef<\/li><\/ul><\/p><p style=\"text-align: center;\"><a id=\"\" class=\"g1-button g1-button--big g1-button--solid g1-button--standard \" href=\"https:\/\/it.wordpress.org\/plugins\/emailchef\/\" title=\"Z\u00edskat plugin WordPress\" ><i class=\"fas fa-download\"><\/i> Z\u00edskat plugin WordPress<\/a><br \/><a href=\"https:\/\/wordpress.org\/\" target=\"_blank\" rel=\"noopener\">WordPress<\/a><\/p><h2>Uk\u00e1\u017eky<\/h2><p><div id='gallery-1' class='gallery galleryid-5866 gallery-columns-3 gallery-size-full'><figure class='gallery-item'>\n\t\t\t<div class='gallery-icon landscape'>\n\t\t\t\t<a href='https:\/\/emailchef.com\/wp-content\/uploads\/2025\/01\/image_2025_01_22T08_52_26_450Z.png'><img fetchpriority=\"high\" decoding=\"async\" width=\"1065\" height=\"472\" src=\"https:\/\/emailchef.com\/wp-content\/uploads\/2025\/01\/image_2025_01_22T08_52_26_450Z.png\" class=\"attachment-full size-full\" alt=\"\" srcset=\"https:\/\/emailchef.com\/wp-content\/uploads\/2025\/01\/image_2025_01_22T08_52_26_450Z.png 1065w, https:\/\/emailchef.com\/wp-content\/uploads\/2025\/01\/image_2025_01_22T08_52_26_450Z-300x133.png 300w, https:\/\/emailchef.com\/wp-content\/uploads\/2025\/01\/image_2025_01_22T08_52_26_450Z-1024x454.png 1024w, https:\/\/emailchef.com\/wp-content\/uploads\/2025\/01\/image_2025_01_22T08_52_26_450Z-768x340.png 768w\" sizes=\"(max-width: 1065px) 100vw, 1065px\" \/><\/a>\n\t\t\t<\/div><\/figure><figure class='gallery-item'>\n\t\t\t<div class='gallery-icon landscape'>\n\t\t\t\t<a href='https:\/\/emailchef.com\/wp-content\/uploads\/2025\/01\/image_2025_01_22T08_52_26_455Z.png'><img decoding=\"async\" width=\"1310\" height=\"756\" src=\"https:\/\/emailchef.com\/wp-content\/uploads\/2025\/01\/image_2025_01_22T08_52_26_455Z.png\" class=\"attachment-full size-full\" alt=\"\" srcset=\"https:\/\/emailchef.com\/wp-content\/uploads\/2025\/01\/image_2025_01_22T08_52_26_455Z.png 1310w, https:\/\/emailchef.com\/wp-content\/uploads\/2025\/01\/image_2025_01_22T08_52_26_455Z-300x173.png 300w, https:\/\/emailchef.com\/wp-content\/uploads\/2025\/01\/image_2025_01_22T08_52_26_455Z-1024x591.png 1024w, https:\/\/emailchef.com\/wp-content\/uploads\/2025\/01\/image_2025_01_22T08_52_26_455Z-768x443.png 768w\" sizes=\"(max-width: 1310px) 100vw, 1310px\" \/><\/a>\n\t\t\t<\/div><\/figure>\n\t\t<\/div>\n<\/p><p style=\"text-align: center;\">\u00a0<\/p>\t\t\t\t\t\t\t\t<\/div>\n\t\t\t\t<\/div>\n\t\t\t\t\t<\/div>\n\t\t<\/div>\n\t\t\t\t\t<\/div>\n\t\t<\/section>\n\t\t\t\t<\/div>\n\t\t","protected":false},"excerpt":{"rendered":"<p>Tento plugin p\u0159id\u00e1v\u00e1 \u017e\u00e1dosti z Contact Form 7 do konkr\u00e9tn\u00edch seznam\u016f v Emailchef, v\u010detn\u011b vlastn\u00edch pol\u00ed. Contact Form 7 je bezplatn\u00fd, flexibiln\u00ed a snadno pou\u017eiteln\u00fd modul pro kontaktn\u00ed formul\u00e1\u0159, kter\u00fd umo\u017e\u0148uje spravovat v\u00edce kontaktn\u00edch formul\u00e1\u0159\u016f a p\u0159izp\u016fsobit je va\u0161im po\u017eadavk\u016fm. Nemus\u00edte um\u011bt k\u00f3dovat!V\u0161echny \u017e\u00e1dosti budou automaticky synchronizov\u00e1ny s va\u0161\u00edm Emailchef seznamem. M\u016f\u017eete pou\u017e\u00edt odli\u0161n\u00fd seznam [&hellip;]<\/p>\n","protected":false},"author":5,"featured_media":0,"parent":0,"menu_order":14,"comment_status":"closed","ping_status":"closed","template":"","meta":{"_acf_changed":false,"inline_featured_image":false,"footnotes":""},"g1_relation_tag":[],"class_list":["post-5866","page","type-page","status-publish","hentry"],"acf":[],"yoast_head":"<!-- This site is optimized with the Yoast SEO plugin v24.8.1 - https:\/\/yoast.com\/wordpress\/plugins\/seo\/ -->\n<title>E-mailov\u00fd marketing s WordPress a Emailchef - Emailchef<\/title>\n<meta name=\"robots\" content=\"index, follow, max-snippet:-1, max-image-preview:large, max-video-preview:-1\" \/>\n<link rel=\"canonical\" href=\"https:\/\/emailchef.com\/cs\/e-mailovy-marketing-s-wordpress-emailchef\/\" \/>\n<meta name=\"twitter:label1\" content=\"Odhadovan\u00e1 doba \u010dten\u00ed\" \/>\n\t<meta name=\"twitter:data1\" content=\"2 minuty\" \/>\n<!-- \/ Yoast SEO plugin. -->","yoast_head_json":{"title":"E-mailov\u00fd marketing s WordPress a Emailchef - Emailchef","robots":{"index":"index","follow":"follow","max-snippet":"max-snippet:-1","max-image-preview":"max-image-preview:large","max-video-preview":"max-video-preview:-1"},"canonical":"https:\/\/emailchef.com\/cs\/e-mailovy-marketing-s-wordpress-emailchef\/","twitter_misc":{"Odhadovan\u00e1 doba \u010dten\u00ed":"2 minuty"},"schema":{"@context":"https:\/\/schema.org","@graph":[{"@type":"WebPage","@id":"https:\/\/emailchef.com\/cs\/e-mailovy-marketing-s-wordpress-emailchef\/","url":"https:\/\/emailchef.com\/cs\/e-mailovy-marketing-s-wordpress-emailchef\/","name":"E-mailov\u00fd marketing s WordPress a Emailchef - Emailchef","isPartOf":{"@id":"https:\/\/emailchef.com\/cs\/#website"},"primaryImageOfPage":{"@id":"https:\/\/emailchef.com\/cs\/e-mailovy-marketing-s-wordpress-emailchef\/#primaryimage"},"image":{"@id":"https:\/\/emailchef.com\/cs\/e-mailovy-marketing-s-wordpress-emailchef\/#primaryimage"},"thumbnailUrl":"https:\/\/emailchef.com\/wp-content\/uploads\/2016\/07\/WordPress_logo-1.png","datePublished":"2016-07-11T09:53:48+00:00","dateModified":"2025-01-27T14:22:26+00:00","breadcrumb":{"@id":"https:\/\/emailchef.com\/cs\/e-mailovy-marketing-s-wordpress-emailchef\/#breadcrumb"},"inLanguage":"cs","potentialAction":[{"@type":"ReadAction","target":["https:\/\/emailchef.com\/cs\/e-mailovy-marketing-s-wordpress-emailchef\/"]}]},{"@type":"ImageObject","inLanguage":"cs","@id":"https:\/\/emailchef.com\/cs\/e-mailovy-marketing-s-wordpress-emailchef\/#primaryimage","url":"https:\/\/emailchef.com\/wp-content\/uploads\/2016\/07\/WordPress_logo-1.png","contentUrl":"https:\/\/emailchef.com\/wp-content\/uploads\/2016\/07\/WordPress_logo-1.png"},{"@type":"BreadcrumbList","@id":"https:\/\/emailchef.com\/cs\/e-mailovy-marketing-s-wordpress-emailchef\/#breadcrumb","itemListElement":[{"@type":"ListItem","position":1,"name":"Home","item":"https:\/\/emailchef.com\/cs\/emailchef-sluzby-email-marketingu\/"},{"@type":"ListItem","position":2,"name":"E-mailov\u00fd marketing s WordPress a Emailchef"}]},{"@type":"WebSite","@id":"https:\/\/emailchef.com\/cs\/#website","url":"https:\/\/emailchef.com\/cs\/","name":"Emailchef","description":"Chutn\u00e9 recepty pro email marketing","publisher":{"@id":"https:\/\/emailchef.com\/cs\/#organization"},"potentialAction":[{"@type":"SearchAction","target":{"@type":"EntryPoint","urlTemplate":"https:\/\/emailchef.com\/cs\/?s={search_term_string}"},"query-input":{"@type":"PropertyValueSpecification","valueRequired":true,"valueName":"search_term_string"}}],"inLanguage":"cs"},{"@type":"Organization","@id":"https:\/\/emailchef.com\/cs\/#organization","name":"Delivery Tech Corp.","url":"https:\/\/emailchef.com\/cs\/","logo":{"@type":"ImageObject","inLanguage":"cs","@id":"https:\/\/emailchef.com\/cs\/#\/schema\/logo\/image\/","url":"https:\/\/emailchef.com\/wp-content\/uploads\/2022\/04\/logo-sama.png","contentUrl":"https:\/\/emailchef.com\/wp-content\/uploads\/2022\/04\/logo-sama.png","width":237,"height":80,"caption":"Delivery Tech Corp."},"image":{"@id":"https:\/\/emailchef.com\/cs\/#\/schema\/logo\/image\/"}}]}},"_links":{"self":[{"href":"https:\/\/emailchef.com\/cs\/wp-json\/wp\/v2\/pages\/5866"}],"collection":[{"href":"https:\/\/emailchef.com\/cs\/wp-json\/wp\/v2\/pages"}],"about":[{"href":"https:\/\/emailchef.com\/cs\/wp-json\/wp\/v2\/types\/page"}],"author":[{"embeddable":true,"href":"https:\/\/emailchef.com\/cs\/wp-json\/wp\/v2\/users\/5"}],"replies":[{"embeddable":true,"href":"https:\/\/emailchef.com\/cs\/wp-json\/wp\/v2\/comments?post=5866"}],"version-history":[{"count":11,"href":"https:\/\/emailchef.com\/cs\/wp-json\/wp\/v2\/pages\/5866\/revisions"}],"predecessor-version":[{"id":78894,"href":"https:\/\/emailchef.com\/cs\/wp-json\/wp\/v2\/pages\/5866\/revisions\/78894"}],"wp:attachment":[{"href":"https:\/\/emailchef.com\/cs\/wp-json\/wp\/v2\/media?parent=5866"}],"wp:term":[{"taxonomy":"g1_relation_tag","embeddable":true,"href":"https:\/\/emailchef.com\/cs\/wp-json\/wp\/v2\/g1_relation_tag?post=5866"}],"curies":[{"name":"wp","href":"https:\/\/api.w.org\/{rel}","templated":true}]}}