{"id":4481,"date":"2014-09-22T08:39:23","date_gmt":"2014-09-22T08:39:23","guid":{"rendered":"http:\/\/emailchef.com\/cs\/?page_id=4481"},"modified":"2016-03-31T07:42:48","modified_gmt":"2016-03-31T07:42:48","slug":"detaily-mereni","status":"publish","type":"page","link":"https:\/\/emailchef.com\/cs\/centrum-znalosti\/detaily-mereni\/","title":{"rendered":"Detaily m\u011b\u0159en\u00ed"},"content":{"rendered":"<p>V ka\u017ed\u00e9m p\u0159ehledu reportu v\u00e1m uk\u00e1\u017eeme, jak si va\u0161e kampa\u0148 vede ve v\u0161ech d\u016fle\u017eit\u00fdch datech, kter\u00e1 jsou:  <\/p>\n<ul>\n<li><strong>Celkov\u00fd po\u010det p\u0159\u00edjemc\u016f<\/strong>: po\u010det kontakt\u016f v seznamu, na kter\u00e9 byla kampa\u0148 posl\u00e1na.<\/li>\n<li><strong>Celkov\u00fd po\u010det odeslan\u00fdch<\/strong>: Po\u010det email\u016f \u00fasp\u011b\u0161n\u011b odeslan\u00fdch platformou Emailchef .<\/li>\n<li><strong>Jedine\u010dn\u00e9 otev\u0159en\u00ed<\/strong>: Kolik lid\u00ed otev\u0159elo v\u00e1\u0161 email po doru\u010den\u00ed. N\u011bkolikan\u00e1sobn\u00e1 otev\u0159en\u00ed se nepo\u010d\u00edtaj\u00ed. <\/li>\n<li><strong>Jedine\u010dn\u00e9 neotev\u0159en\u00e9<\/strong>: Kolik lid\u00ed neotev\u0159elo v\u00e1\u0161 email po doru\u010den\u00ed. <\/li>\n<li><strong>Jedine\u010dn\u00e1 kliknut\u00ed<\/strong>: kolikr\u00e1t bylo kliknuto na jednotliv\u00e9 odkazy v emailu. N\u011bkolikan\u00e1sobn\u00e1 kliknut\u00ed se nepo\u010d\u00edtaj\u00ed. <\/li>\n<li><strong>Po\u010det odhl\u00e1\u0161en\u00ed<\/strong>: Kolik lid\u00ed po\u017e\u00e1dalo, aby ji\u017e nedost\u00e1vali va\u0161e emaily.<\/li>\n<li><strong>St\u00ed\u017enosti<\/strong>: St\u00ed\u017enost se objev\u00ed poka\u017ed\u00e9, kdy\u017e n\u011bkdo z va\u0161ich p\u0159\u00edjemc\u016f ozna\u010d\u00ed v\u00e1\u0161 email jako spam (p\u0159esune jej do spamov\u00e9ho ko\u0161e). <\/li>\n<li><strong>Do\u010dasn\u011b zpo\u017ed\u011bn\u00e9<\/strong>: celkov\u00fd po\u010det email\u016f, kter\u00e9 nemohli b\u00fdt do\u010dasn\u011b doru\u010deny zam\u00fd\u0161len\u00fdm p\u0159\u00edjemc\u016fm (nap\u0159. kv\u016fli automatick\u00e9 odpov\u011bdi Mimo kancel\u00e1\u0159, nebo kv\u016fli do\u010dasn\u00fdm probl\u00e9m\u016fm serveru). Syst\u00e9m se pokou\u0161\u00ed takov\u00e9 zpr\u00e1vy pos\u00edlat n\u011bkolik dn\u00ed; a pot\u00e9, pokud nemohli b\u00fdt opravdu doru\u010den\u00e9, pak jsou p\u0159esunuty do slo\u017eky nedoru\u010den\u00e9. Proto je to st\u00e1le \u017eiv\u00fd a aktu\u00e1ln\u00ed report.<\/li>\n<li><strong>Nedoru\u010den\u00e9<\/strong>: Celkov\u00fd po\u010det zpr\u00e1v, kter\u00e9 nemohli b\u00fdt doru\u010deny zam\u00fd\u0161len\u00fdm p\u0159\u00edjemc\u016fm. Syst\u00e9m rozli\u0161uje mezi m\u011bkk\u00fdmi nedoru\u010den\u00edmi (podobn\u00e9 adres\u00e1m p\u0159ich\u00e1zej\u00edc\u00edm z do\u010dasn\u011b zpo\u017ed\u011bn\u00e9 datab\u00e1ze, a nyn\u00ed trvale nedoru\u010den\u00fdch) a tvrd\u00fdch nedoru\u010den\u00ed (zp\u016fsoben\u00fdch trvalou chybou, jako nap\u0159. chybou v adrese nebo neexistuj\u00edc\u00ed adresou). V\u0161imn\u011bte si pros\u00edm, \u017ee Emailchef bude pokra\u010dovat v odes\u00edl\u00e1n\u00ed kampan\u011b na tyto adresy n\u011bkolik dn\u00ed; pot\u00e9 jakmile nemohou b\u00fdt doru\u010den\u00e9, tento po\u010det kontakt\u016f se uk\u00e1\u017ee v celkov\u00e9m sou\u010dtu slo\u017eky \u201eNedoru\u010den\u00e9\u201c.<\/li>\n<\/ul>\n<p>Zde je p\u0159\u00edklad vzhledu graf\u016f:<\/p>\n<p><a href=\"http:\/\/emailchef.com\/wp-content\/uploads\/2014\/09\/report_1.jpg\"><img fetchpriority=\"high\" decoding=\"async\" class=\"alignnone wp-image-4010 size-full\" src=\"http:\/\/emailchef.com\/wp-content\/uploads\/2014\/09\/report_1.jpg\" alt=\"Detaily m\u011b\u0159en\u00ed\" width=\"1186\" height=\"740\" \/><\/a><\/p>\n<p>A zde je kampa\u0148 v detailu: <\/p>\n<p><a href=\"http:\/\/emailchef.com\/wp-content\/uploads\/2014\/09\/report_2.jpg\"><img decoding=\"async\" class=\"alignnone wp-image-4011 size-full\" src=\"http:\/\/emailchef.com\/wp-content\/uploads\/2014\/09\/report_2.jpg\" alt=\"Detaily m\u011b\u0159en\u00ed\" width=\"1181\" height=\"653\" \/><\/a><\/p>\n","protected":false},"excerpt":{"rendered":"<p>V ka\u017ed\u00e9m p\u0159ehledu reportu v\u00e1m uk\u00e1\u017eeme, jak si va\u0161e kampa\u0148 vede ve v\u0161ech d\u016fle\u017eit\u00fdch datech, kter\u00e1 jsou: Celkov\u00fd po\u010det p\u0159\u00edjemc\u016f: po\u010det kontakt\u016f v seznamu, na kter\u00e9 byla kampa\u0148 posl\u00e1na. Celkov\u00fd po\u010det odeslan\u00fdch: Po\u010det email\u016f \u00fasp\u011b\u0161n\u011b odeslan\u00fdch platformou Emailchef . Jedine\u010dn\u00e9 otev\u0159en\u00ed: Kolik lid\u00ed otev\u0159elo v\u00e1\u0161 email po doru\u010den\u00ed. N\u011bkolikan\u00e1sobn\u00e1 otev\u0159en\u00ed se nepo\u010d\u00edtaj\u00ed. Jedine\u010dn\u00e9 neotev\u0159en\u00e9: Kolik [&hellip;]<\/p>\n","protected":false},"author":1,"featured_media":0,"parent":4385,"menu_order":0,"comment_status":"closed","ping_status":"closed","template":"","meta":{"_acf_changed":false,"inline_featured_image":false,"footnotes":""},"g1_relation_tag":[],"class_list":["post-4481","page","type-page","status-publish","hentry"],"acf":[],"yoast_head":"<!-- This site is optimized with the Yoast SEO plugin v24.8.1 - https:\/\/yoast.com\/wordpress\/plugins\/seo\/ -->\n<title>Detaily m\u011b\u0159en\u00ed - Emailchef<\/title>\n<meta name=\"robots\" content=\"index, follow, max-snippet:-1, max-image-preview:large, max-video-preview:-1\" \/>\n<link rel=\"canonical\" href=\"https:\/\/emailchef.com\/cs\/centrum-znalosti\/detaily-mereni\/\" \/>\n<meta name=\"twitter:label1\" content=\"Odhadovan\u00e1 doba \u010dten\u00ed\" \/>\n\t<meta name=\"twitter:data1\" content=\"2 minuty\" \/>\n<!-- \/ Yoast SEO plugin. -->","yoast_head_json":{"title":"Detaily m\u011b\u0159en\u00ed - Emailchef","robots":{"index":"index","follow":"follow","max-snippet":"max-snippet:-1","max-image-preview":"max-image-preview:large","max-video-preview":"max-video-preview:-1"},"canonical":"https:\/\/emailchef.com\/cs\/centrum-znalosti\/detaily-mereni\/","twitter_misc":{"Odhadovan\u00e1 doba \u010dten\u00ed":"2 minuty"},"schema":{"@context":"https:\/\/schema.org","@graph":[{"@type":"WebPage","@id":"https:\/\/emailchef.com\/cs\/centrum-znalosti\/detaily-mereni\/","url":"https:\/\/emailchef.com\/cs\/centrum-znalosti\/detaily-mereni\/","name":"Detaily m\u011b\u0159en\u00ed - Emailchef","isPartOf":{"@id":"https:\/\/emailchef.com\/cs\/#website"},"primaryImageOfPage":{"@id":"https:\/\/emailchef.com\/cs\/centrum-znalosti\/detaily-mereni\/#primaryimage"},"image":{"@id":"https:\/\/emailchef.com\/cs\/centrum-znalosti\/detaily-mereni\/#primaryimage"},"thumbnailUrl":"http:\/\/emailchef.com\/wp-content\/uploads\/2014\/09\/report_1.jpg","datePublished":"2014-09-22T08:39:23+00:00","dateModified":"2016-03-31T07:42:48+00:00","breadcrumb":{"@id":"https:\/\/emailchef.com\/cs\/centrum-znalosti\/detaily-mereni\/#breadcrumb"},"inLanguage":"cs","potentialAction":[{"@type":"ReadAction","target":["https:\/\/emailchef.com\/cs\/centrum-znalosti\/detaily-mereni\/"]}]},{"@type":"ImageObject","inLanguage":"cs","@id":"https:\/\/emailchef.com\/cs\/centrum-znalosti\/detaily-mereni\/#primaryimage","url":"http:\/\/emailchef.com\/wp-content\/uploads\/2014\/09\/report_1.jpg","contentUrl":"http:\/\/emailchef.com\/wp-content\/uploads\/2014\/09\/report_1.jpg"},{"@type":"BreadcrumbList","@id":"https:\/\/emailchef.com\/cs\/centrum-znalosti\/detaily-mereni\/#breadcrumb","itemListElement":[{"@type":"ListItem","position":1,"name":"Home","item":"https:\/\/emailchef.com\/cs\/emailchef-sluzby-email-marketingu\/"},{"@type":"ListItem","position":2,"name":"Centrum znalost\u00ed","item":"https:\/\/emailchef.com\/cs\/centrum-znalosti\/"},{"@type":"ListItem","position":3,"name":"Detaily m\u011b\u0159en\u00ed"}]},{"@type":"WebSite","@id":"https:\/\/emailchef.com\/cs\/#website","url":"https:\/\/emailchef.com\/cs\/","name":"Emailchef","description":"Chutn\u00e9 recepty pro email marketing","publisher":{"@id":"https:\/\/emailchef.com\/cs\/#organization"},"potentialAction":[{"@type":"SearchAction","target":{"@type":"EntryPoint","urlTemplate":"https:\/\/emailchef.com\/cs\/?s={search_term_string}"},"query-input":{"@type":"PropertyValueSpecification","valueRequired":true,"valueName":"search_term_string"}}],"inLanguage":"cs"},{"@type":"Organization","@id":"https:\/\/emailchef.com\/cs\/#organization","name":"Delivery Tech Corp.","url":"https:\/\/emailchef.com\/cs\/","logo":{"@type":"ImageObject","inLanguage":"cs","@id":"https:\/\/emailchef.com\/cs\/#\/schema\/logo\/image\/","url":"https:\/\/emailchef.com\/wp-content\/uploads\/2022\/04\/logo-sama.png","contentUrl":"https:\/\/emailchef.com\/wp-content\/uploads\/2022\/04\/logo-sama.png","width":237,"height":80,"caption":"Delivery Tech Corp."},"image":{"@id":"https:\/\/emailchef.com\/cs\/#\/schema\/logo\/image\/"}}]}},"_links":{"self":[{"href":"https:\/\/emailchef.com\/cs\/wp-json\/wp\/v2\/pages\/4481"}],"collection":[{"href":"https:\/\/emailchef.com\/cs\/wp-json\/wp\/v2\/pages"}],"about":[{"href":"https:\/\/emailchef.com\/cs\/wp-json\/wp\/v2\/types\/page"}],"author":[{"embeddable":true,"href":"https:\/\/emailchef.com\/cs\/wp-json\/wp\/v2\/users\/1"}],"replies":[{"embeddable":true,"href":"https:\/\/emailchef.com\/cs\/wp-json\/wp\/v2\/comments?post=4481"}],"version-history":[{"count":1,"href":"https:\/\/emailchef.com\/cs\/wp-json\/wp\/v2\/pages\/4481\/revisions"}],"predecessor-version":[{"id":4482,"href":"https:\/\/emailchef.com\/cs\/wp-json\/wp\/v2\/pages\/4481\/revisions\/4482"}],"up":[{"embeddable":true,"href":"https:\/\/emailchef.com\/cs\/wp-json\/wp\/v2\/pages\/4385"}],"wp:attachment":[{"href":"https:\/\/emailchef.com\/cs\/wp-json\/wp\/v2\/media?parent=4481"}],"wp:term":[{"taxonomy":"g1_relation_tag","embeddable":true,"href":"https:\/\/emailchef.com\/cs\/wp-json\/wp\/v2\/g1_relation_tag?post=4481"}],"curies":[{"name":"wp","href":"https:\/\/api.w.org\/{rel}","templated":true}]}}