{"id":4479,"date":"2014-09-22T08:38:49","date_gmt":"2014-09-22T08:38:49","guid":{"rendered":"http:\/\/emailchef.com\/cs\/?page_id=4479"},"modified":"2016-03-31T07:39:06","modified_gmt":"2016-03-31T07:39:06","slug":"jak-se-zobrazuji-data","status":"publish","type":"page","link":"https:\/\/emailchef.com\/cs\/centrum-znalosti\/jak-se-zobrazuji-data\/","title":{"rendered":"Jak se zobrazuj\u00ed data"},"content":{"rendered":"<p>Emailchef v\u00e1m monitoring emailov\u00fdch kampan\u00ed sv\u00fdm robustn\u00edm reportovac\u00edm n\u00e1strojem a reporty v re\u00e1ln\u00e9m \u010dase. S platformou Emailchef m\u016f\u017eete vid\u011bt otev\u0159en\u00ed, m\u00edru prokliku, odm\u00edtnut\u00ed, a dal\u0161\u00ed cenn\u00e9 metriky p\u0159esn\u011b ve chv\u00edli, kdy se vyskytnou. Tak\u00e9 m\u016f\u017eete zvolit u\u017eite\u010dn\u00e9 grafy a st\u00e1hnout reporty v mnoha r\u016fzn\u00fdch form\u00e1tech.  <\/p>\n<p><a href=\"http:\/\/emailchef.com\/wp-content\/uploads\/2014\/09\/reports.jpg\"><img fetchpriority=\"high\" decoding=\"async\" class=\"alignnone wp-image-4007 size-full\" src=\"http:\/\/emailchef.com\/wp-content\/uploads\/2014\/09\/reports.jpg\" alt=\"Jak se zobrazuj\u00ed data\" width=\"1183\" height=\"589\" \/><\/a><\/p>\n<p>Pro zhl\u00e9dnut\u00ed report\u016f Emailchef emailov\u00fdch kampan\u00ed, klikn\u011bte na \u201eReporty\u201c v menu.<\/p>\n<p>Uvid\u00edte seznam v\u0161ech sv\u00fdch emailov\u00fdch kampan\u00ed, spole\u010dn\u011b s n\u011bkolika \u00fadaji, kter\u00e9 se obnovuj\u00ed v re\u00e1ln\u00e9m \u010dase. <\/p>\n<p>K zobrazen\u00ed dat ka\u017ed\u00e9 kampan\u011b, klikn\u011bte na jm\u00e9no kampan\u011b. Budete tak m\u00edt p\u0159\u00edstup k p\u0159ehledu kampan\u011b, kde m\u016f\u017eete vstoupit do detailn\u00edch report\u016f a interaktivn\u00edch graf\u016f. <\/p>\n","protected":false},"excerpt":{"rendered":"<p>Emailchef v\u00e1m monitoring emailov\u00fdch kampan\u00ed sv\u00fdm robustn\u00edm reportovac\u00edm n\u00e1strojem a reporty v re\u00e1ln\u00e9m \u010dase. S platformou Emailchef m\u016f\u017eete vid\u011bt otev\u0159en\u00ed, m\u00edru prokliku, odm\u00edtnut\u00ed, a dal\u0161\u00ed cenn\u00e9 metriky p\u0159esn\u011b ve chv\u00edli, kdy se vyskytnou. Tak\u00e9 m\u016f\u017eete zvolit u\u017eite\u010dn\u00e9 grafy a st\u00e1hnout reporty v mnoha r\u016fzn\u00fdch form\u00e1tech. Pro zhl\u00e9dnut\u00ed report\u016f Emailchef emailov\u00fdch kampan\u00ed, klikn\u011bte na \u201eReporty\u201c v [&hellip;]<\/p>\n","protected":false},"author":1,"featured_media":0,"parent":4385,"menu_order":0,"comment_status":"closed","ping_status":"closed","template":"","meta":{"_acf_changed":false,"inline_featured_image":false,"footnotes":""},"g1_relation_tag":[],"class_list":["post-4479","page","type-page","status-publish","hentry"],"acf":[],"yoast_head":"<!-- This site is optimized with the Yoast SEO plugin v24.8.1 - https:\/\/yoast.com\/wordpress\/plugins\/seo\/ -->\n<title>Jak se zobrazuj\u00ed data - Emailchef<\/title>\n<meta name=\"robots\" content=\"index, follow, max-snippet:-1, max-image-preview:large, max-video-preview:-1\" \/>\n<link rel=\"canonical\" href=\"https:\/\/emailchef.com\/cs\/centrum-znalosti\/jak-se-zobrazuji-data\/\" \/>\n<meta name=\"twitter:label1\" content=\"Odhadovan\u00e1 doba \u010dten\u00ed\" \/>\n\t<meta name=\"twitter:data1\" content=\"1 minuta\" \/>\n<!-- \/ Yoast SEO plugin. -->","yoast_head_json":{"title":"Jak se zobrazuj\u00ed data - Emailchef","robots":{"index":"index","follow":"follow","max-snippet":"max-snippet:-1","max-image-preview":"max-image-preview:large","max-video-preview":"max-video-preview:-1"},"canonical":"https:\/\/emailchef.com\/cs\/centrum-znalosti\/jak-se-zobrazuji-data\/","twitter_misc":{"Odhadovan\u00e1 doba \u010dten\u00ed":"1 minuta"},"schema":{"@context":"https:\/\/schema.org","@graph":[{"@type":"WebPage","@id":"https:\/\/emailchef.com\/cs\/centrum-znalosti\/jak-se-zobrazuji-data\/","url":"https:\/\/emailchef.com\/cs\/centrum-znalosti\/jak-se-zobrazuji-data\/","name":"Jak se zobrazuj\u00ed data - Emailchef","isPartOf":{"@id":"https:\/\/emailchef.com\/cs\/#website"},"primaryImageOfPage":{"@id":"https:\/\/emailchef.com\/cs\/centrum-znalosti\/jak-se-zobrazuji-data\/#primaryimage"},"image":{"@id":"https:\/\/emailchef.com\/cs\/centrum-znalosti\/jak-se-zobrazuji-data\/#primaryimage"},"thumbnailUrl":"http:\/\/emailchef.com\/wp-content\/uploads\/2014\/09\/reports.jpg","datePublished":"2014-09-22T08:38:49+00:00","dateModified":"2016-03-31T07:39:06+00:00","breadcrumb":{"@id":"https:\/\/emailchef.com\/cs\/centrum-znalosti\/jak-se-zobrazuji-data\/#breadcrumb"},"inLanguage":"cs","potentialAction":[{"@type":"ReadAction","target":["https:\/\/emailchef.com\/cs\/centrum-znalosti\/jak-se-zobrazuji-data\/"]}]},{"@type":"ImageObject","inLanguage":"cs","@id":"https:\/\/emailchef.com\/cs\/centrum-znalosti\/jak-se-zobrazuji-data\/#primaryimage","url":"http:\/\/emailchef.com\/wp-content\/uploads\/2014\/09\/reports.jpg","contentUrl":"http:\/\/emailchef.com\/wp-content\/uploads\/2014\/09\/reports.jpg"},{"@type":"BreadcrumbList","@id":"https:\/\/emailchef.com\/cs\/centrum-znalosti\/jak-se-zobrazuji-data\/#breadcrumb","itemListElement":[{"@type":"ListItem","position":1,"name":"Home","item":"https:\/\/emailchef.com\/cs\/emailchef-sluzby-email-marketingu\/"},{"@type":"ListItem","position":2,"name":"Centrum znalost\u00ed","item":"https:\/\/emailchef.com\/cs\/centrum-znalosti\/"},{"@type":"ListItem","position":3,"name":"Jak se zobrazuj\u00ed data"}]},{"@type":"WebSite","@id":"https:\/\/emailchef.com\/cs\/#website","url":"https:\/\/emailchef.com\/cs\/","name":"Emailchef","description":"Chutn\u00e9 recepty pro email marketing","publisher":{"@id":"https:\/\/emailchef.com\/cs\/#organization"},"potentialAction":[{"@type":"SearchAction","target":{"@type":"EntryPoint","urlTemplate":"https:\/\/emailchef.com\/cs\/?s={search_term_string}"},"query-input":{"@type":"PropertyValueSpecification","valueRequired":true,"valueName":"search_term_string"}}],"inLanguage":"cs"},{"@type":"Organization","@id":"https:\/\/emailchef.com\/cs\/#organization","name":"Delivery Tech Corp.","url":"https:\/\/emailchef.com\/cs\/","logo":{"@type":"ImageObject","inLanguage":"cs","@id":"https:\/\/emailchef.com\/cs\/#\/schema\/logo\/image\/","url":"https:\/\/emailchef.com\/wp-content\/uploads\/2022\/04\/logo-sama.png","contentUrl":"https:\/\/emailchef.com\/wp-content\/uploads\/2022\/04\/logo-sama.png","width":237,"height":80,"caption":"Delivery Tech Corp."},"image":{"@id":"https:\/\/emailchef.com\/cs\/#\/schema\/logo\/image\/"}}]}},"_links":{"self":[{"href":"https:\/\/emailchef.com\/cs\/wp-json\/wp\/v2\/pages\/4479"}],"collection":[{"href":"https:\/\/emailchef.com\/cs\/wp-json\/wp\/v2\/pages"}],"about":[{"href":"https:\/\/emailchef.com\/cs\/wp-json\/wp\/v2\/types\/page"}],"author":[{"embeddable":true,"href":"https:\/\/emailchef.com\/cs\/wp-json\/wp\/v2\/users\/1"}],"replies":[{"embeddable":true,"href":"https:\/\/emailchef.com\/cs\/wp-json\/wp\/v2\/comments?post=4479"}],"version-history":[{"count":1,"href":"https:\/\/emailchef.com\/cs\/wp-json\/wp\/v2\/pages\/4479\/revisions"}],"predecessor-version":[{"id":4480,"href":"https:\/\/emailchef.com\/cs\/wp-json\/wp\/v2\/pages\/4479\/revisions\/4480"}],"up":[{"embeddable":true,"href":"https:\/\/emailchef.com\/cs\/wp-json\/wp\/v2\/pages\/4385"}],"wp:attachment":[{"href":"https:\/\/emailchef.com\/cs\/wp-json\/wp\/v2\/media?parent=4479"}],"wp:term":[{"taxonomy":"g1_relation_tag","embeddable":true,"href":"https:\/\/emailchef.com\/cs\/wp-json\/wp\/v2\/g1_relation_tag?post=4479"}],"curies":[{"name":"wp","href":"https:\/\/api.w.org\/{rel}","templated":true}]}}